{"id":10365,"date":"2020-10-08T14:53:31","date_gmt":"2020-10-08T20:53:31","guid":{"rendered":"http:\/\/www.cajacgv.com.mx\/?page_id=10365"},"modified":"2026-04-16T15:13:33","modified_gmt":"2026-04-16T21:13:33","slug":"costosycomisiones","status":"publish","type":"page","link":"https:\/\/www.cajacgv.com.mx\/index.php\/costosycomisiones\/","title":{"rendered":"Costos y Comisiones"},"content":{"rendered":"<p><div  class=\"fusion-fullwidth fullwidth-box hundred-percent-fullwidth\"  style='background-color: rgba(255,255,255,0);background-position: center center;background-repeat: no-repeat;padding-top:0px;padding-right:0px;padding-bottom:0px;padding-left:0px;margin-top: -60px;'><div class=\"fusion-builder-row fusion-row \"><div  class=\"fusion-layout-column fusion_builder_column fusion_builder_column_1_1  fusion-one-full fusion-column-first fusion-column-last 1_1\"  style='margin-top:0px;margin-bottom:20px;'>\n\t\t\t<div class=\"fusion-column-wrapper\"  style=\"padding: 0px 0px 0px 0px;background-position:left top;background-repeat:no-repeat;-webkit-background-size:cover;-moz-background-size:cover;-o-background-size:cover;background-size:cover;\"  data-bg-url=\"\">\n\t\t\t\t<div class=\"imageframe-align-center\"><span class=\"fusion-imageframe imageframe-none imageframe-1 hover-type-none\"><img loading=\"lazy\" decoding=\"async\" src=\"https:\/\/www.cajacgv.com.mx\/wp-content\/uploads\/2022\/04\/costo-comisiones-1.png\" width=\"1606\" height=\"604\" alt=\"costos cgv\" title=\"costo-comisiones-1\" class=\"img-responsive wp-image-13722\" srcset=\"https:\/\/www.cajacgv.com.mx\/wp-content\/uploads\/2022\/04\/costo-comisiones-1-200x75.png 200w, https:\/\/www.cajacgv.com.mx\/wp-content\/uploads\/2022\/04\/costo-comisiones-1-400x150.png 400w, https:\/\/www.cajacgv.com.mx\/wp-content\/uploads\/2022\/04\/costo-comisiones-1-600x226.png 600w, https:\/\/www.cajacgv.com.mx\/wp-content\/uploads\/2022\/04\/costo-comisiones-1-800x301.png 800w, https:\/\/www.cajacgv.com.mx\/wp-content\/uploads\/2022\/04\/costo-comisiones-1-1200x451.png 1200w, https:\/\/www.cajacgv.com.mx\/wp-content\/uploads\/2022\/04\/costo-comisiones-1.png 1606w\" sizes=\"auto, (max-width: 800px) 100vw, 1100px\" \/><\/span><\/div><style>\n .fusion-accordian .panel-heading {\n    padding: 0px 0px 0px 10px;\n    background: 0 0;\n    background-color: #D9D9D9;\n    background-position-x: 0px;\n    background-position-y: 0px;\n    background-repeat: repeat;\n    background-attachment: scroll;\n    background-image: none;\n    background-size: auto;\n    background-origin: padding-box;\n    background-clip: border-box;\n    border-radius: 5px;\n    border-bottom: 2px solid #A61919;\n }\n h4{\n  color: #333333;\n }\n .fusion-accordian .panel-title a {\n   color: #333333;\n }\n .fusion-accordian .panel-title a:hover{\n   color: #333333;\n }\n\n <\/style><div class=\"fusion-clearfix\"><\/div>\n\t\t\t<\/div>\n\t\t<\/div><\/div><\/div><div  class=\"fusion-fullwidth fullwidth-box nonhundred-percent-fullwidth\"  style='background-color: rgba(255,255,255,0);background-position: center center;background-repeat: no-repeat;padding-top:20px;padding-right:0px;padding-bottom:20px;padding-left:0px;'><div class=\"fusion-builder-row fusion-row \"><div  class=\"fusion-layout-column fusion_builder_column fusion_builder_column_1_1  fusion-one-full fusion-column-first fusion-column-last 1_1\"  style='margin-top:0px;margin-bottom:20px;'>\n\t\t\t<div class=\"fusion-column-wrapper\"  style=\"background-position:left top;background-repeat:no-repeat;-webkit-background-size:cover;-moz-background-size:cover;-o-background-size:cover;background-size:cover;\"  data-bg-url=\"\">\n\t\t\t\t<h1 style=\"font-size: 1.4rem; color: #666666; text-align: left;\">Caja Gonzalo Vega, S.C. de A.P. de R.L. de C.V., conoce los costos y comisiones de nuestros productos.<\/h1>\n<div class=\"fusion-title title sep-underline sep-solid fusion-title-size-one\" style=\"border-bottom-color:#b21e26;margin-top:0px;margin-bottom:31px;\"><h1 class=\"title-heading-left\">PR\u00c9STAMOS<\/h1><\/div><div class=\"table-2\">\n<table width=\"100%\">\n\t<thead>\n\t\t<tr>\n\t\t\t<th align=\"left\" style=\"width: 17%;\">Nombre comercial del Producto<\/th>\n\t\t\t<th align=\"left\" style=\"width: 17%;\">Concepto<\/th>\n\t\t\t<th align=\"left\">Monto<\/th>\n\t\t\t<th align=\"left\">Periodicidad<\/th>\n\t\t\t<th align=\"left\">Tasa de inter\u00e9s anual fija<\/th>\n\t\t\t<th align=\"left\">*CAT Promedio<\/th>\n\t\t\t<th align=\"left\">Fecha de c\u00e1lculo<\/th>\n\t\t<\/tr>\n\t<\/thead>\n\t<tbody>\n\t\t<tr>\n\t\t\t<td align=\"left\">PROMOFIN<\/td>\t\n\t\t\t<td align=\"left\">No genera ning\u00fan cobro de comisi\u00f3n<\/td>\n\t\t\t<td align=\"left\">0.00<\/td>\n\t\t\t<td align=\"left\">No aplica<\/td>\n\t\t\t<td align=\"left\"><strong>32.4%<\/strong><\/td>\n\t\t\t<td align=\"left\"><strong>41.1% sin IVA<\/strong><\/td>\n\t\t\t<td align=\"left\">14\/04\/2026<\/td> \n\t\t<\/tr>\n\t\t<tr>\n\t\t\t<td align=\"left\">PROMOSALUD<\/td>\t\n\t\t\t<td align=\"left\">No genera ning\u00fan cobro de comisi\u00f3n<\/td>\n\t\t\t<td align=\"left\">0.00<\/td>\n\t\t\t<td align=\"left\">No aplica<\/td>\n\t\t\t<td align=\"left\"><strong>18.0%<\/strong><\/td>\n\t\t\t<td align=\"left\"><strong>20.8% sin IVA<\/strong><\/td>\n\t\t\t<td align=\"left\">09\/12\/2025<\/td> \n\t\t<\/tr>\n\t\t<tr>\n\t\t\t<td align=\"left\">HAZLO TUYO<\/td>\t\n\t\t\t<td align=\"left\">No genera ning\u00fan cobro de comisi\u00f3n<\/td>\n\t\t\t<td align=\"left\">0.00<\/td>\n\t\t\t<td align=\"left\">No aplica<\/td>\n\t\t\t<td align=\"left\"><strong>34.8%<\/strong><\/td>\n\t\t\t<td align=\"left\"><strong>46.5% sin IVA<\/strong><\/td>\n\t\t\t<td align=\"left\">09\/12\/2025<\/td>\n\t\t<\/tr>\n\t\t<tr>\n\t\t\t<td align=\"left\">LUZ VERDE<\/td>\t\n\t\t\t<td align=\"left\">No genera ning\u00fan cobro de comisi\u00f3n<\/td>\n\t\t\t<td align=\"left\">0.00<\/td>\n\t\t\t<td align=\"left\">No aplica<\/td>\n\t\t\t<td align=\"left\"><strong>19.8%<\/strong><\/td>\n\t\t\t<td align=\"left\"><strong>23.0% sin IVA<\/strong><\/td>\n\t\t\t<td align=\"left\">09\/12\/2025<\/td> \n\t\t<\/tr>\n\t\t<tr>\n\t\t\t<td align=\"left\">V\u00cdA N\u00d3MINA<\/td>\t\n\t\t\t<td align=\"left\">No genera ning\u00fan cobro de comisi\u00f3n<\/td>\n\t\t\t<td align=\"left\">0.00<\/td>\n\t\t\t<td align=\"left\">No aplica<\/td>\n\t\t\t<td align=\"left\"><strong>13.8%<\/strong><\/td>\n\t\t\t<td align=\"left\"><strong>15.8% sin IVA<\/strong><\/td>\n\t\t\t<td align=\"left\">09\/12\/2025<\/td> \n\t\t<\/tr>\n\t\t<tr>\n\t\t\t<td align=\"left\">L\u00cdNEA DE CR\u00c9DITO<\/td>\t\n\t\t\t<td align=\"left\">No genera ning\u00fan cobro de comisi\u00f3n<\/td>\n\t\t\t<td align=\"left\">0.00<\/td>\n\t\t\t<td align=\"left\">No aplica<\/td>\n\t\t\t<td align=\"left\"><strong>30.0%<\/strong><\/td>\n\t\t\t<td align=\"left\"><strong>35.9% sin IVA<\/strong><\/td>\n\t\t\t<td align=\"left\">07\/11\/2025<\/td> \n\t\t<\/tr>\n\t\t<tr>\n\t\t\t<td align=\"left\">HIPOTECARIO<\/td>\t\n\t\t\t<td align=\"left\">No genera ning\u00fan cobro de comisi\u00f3n<\/td>\n\t\t\t<td align=\"left\">0.00<\/td>\n\t\t\t<td align=\"left\">No aplica<\/td>\n\t\t\t<td align=\"left\"><strong>18.0%<\/strong><\/td>\n\t\t\t<td align=\"left\"><strong>20.8% sin IVA<\/strong><\/td>\n\t\t\t<td align=\"left\">09\/12\/2025<\/td> \n\t\t<\/tr>\n\t\t<tr>\n\t\t\t<td align=\"left\">AUTOM\u00c1TICO<\/td>\t\n\t\t\t<td align=\"left\">No genera ning\u00fan cobro de comisi\u00f3n<\/td>\n\t\t\t<td align=\"left\">0.00<\/td>\n\t\t\t<td align=\"left\">No aplica<\/td>\n\t\t\t<td align=\"left\"><strong>12.0%<\/strong><\/td>\n\t\t\t<td align=\"left\"><strong>14.6% sin IVA<\/strong><\/td>\n\t\t\t<td align=\"left\">09\/12\/2025<\/td> \n\t\t<\/tr>\n\t\t<tr>\n\t\t\t<td align=\"left\">CREDIRECTO<\/td>\t\n\t\t\t<td align=\"left\">No genera ning\u00fan cobro de comisi\u00f3n<\/td>\n\t\t\t<td align=\"left\">0.00<\/td>\n\t\t\t<td align=\"left\">No aplica<\/td>\n\t\t\t<td align=\"left\"><strong>36.0%<\/strong><\/td>\n\t\t\t<td align=\"left\"><strong>45.6% sin IVA<\/strong><\/td>\n\t\t\t<td align=\"left\">07\/11\/2025<\/td> \n\t\t<\/tr>\n\t\t<tr>\n\t\t\t<td align=\"left\">CREDIRECTO AGUINALDO<\/td>\t\n\t\t\t<td align=\"left\">No genera ning\u00fan cobro de comisi\u00f3n<\/td>\n\t\t\t<td align=\"left\">0.00<\/td>\n\t\t\t<td align=\"left\">No aplica<\/td>\n\t\t\t<td align=\"left\"><strong>21.0%<\/strong><\/td>\n\t\t\t<td align=\"left\"><strong>22.10% sin IVA<\/strong><\/td>\n\t\t\t<td align=\"left\">27\/06\/2025<\/td> \n\t\t<\/tr>\n\t\t<tr>\n\t\t\t<td align=\"left\">DINAMI CGV<\/td>\t\n\t\t\t<td align=\"left\">No genera ning\u00fan cobro de comisi\u00f3n<\/td>\n\t\t\t<td align=\"left\">0.00<\/td>\n\t\t\t<td align=\"left\">No aplica<\/td>\n\t\t\t<td align=\"left\"><strong>32.4%<\/strong><\/td>\n\t\t\t<td align=\"left\"><strong>39.3% sin IVA<\/strong><\/td>\n\t\t\t<td align=\"left\">09\/12\/2025<\/td> \n\t\t<\/tr>\n    <tr>\n\t\t\t<td align=\"left\">MEJORAGUA<\/td>\t\n\t\t\t<td align=\"left\">No genera ning\u00fan cobro de comisi\u00f3n<\/td>\n\t\t\t<td align=\"left\">0.00<\/td>\n\t\t\t<td align=\"left\">No aplica<\/td>\n\t\t\t<td align=\"left\"><strong>24.0%<\/strong><\/td>\n\t\t\t<td align=\"left\"><strong>29.6% sin IVA<\/strong><\/td>\n\t\t\t<td align=\"left\">09\/12\/2025<\/td> \n\t\t<\/tr>\n\t\t<tr>\n\t\t\t<td align=\"left\">N\u00d3MINA PAGOS FIJOS<\/td>\t\n\t\t\t<td align=\"left\">No genera ning\u00fan cobro de comisi\u00f3n<\/td>\n\t\t\t<td align=\"left\">0.00<\/td>\n\t\t\t<td align=\"left\">No aplica<\/td>\n\t\t\t<td align=\"left\"><strong>13.8%<\/strong><\/td>\n\t\t\t<td align=\"left\"><strong>15.8% sin IVA<\/strong><\/td>\n\t\t\t<td align=\"left\">09\/12\/2025<\/td> \n\t\t<\/tr>\n\t\t<tr>\n\t\t\t<td align=\"left\">ORDINARIO<\/td>\t\n\t\t\t<td align=\"left\">No genera ning\u00fan cobro de comisi\u00f3n<\/td>\n\t\t\t<td align=\"left\">0.00<\/td>\n\t\t\t<td align=\"left\">No aplica<\/td>\n\t\t\t<td align=\"left\"><strong>36.0%<\/strong><\/td>\n\t\t\t<td align=\"left\"><strong>46.2% sin IVA<\/strong><\/td>\n\t\t\t<td align=\"left\">14\/04\/2026<\/td> \n\t\t<\/tr>\n\t\t<tr>\n\t\t\t<td align=\"left\">SEGURO LUZ VERDE<\/td>\t\n\t\t\t<td align=\"left\">No genera ning\u00fan cobro de comisi\u00f3n<\/td>\n\t\t\t<td align=\"left\">0.00<\/td>\n\t\t\t<td align=\"left\">No aplica<\/td>\n\t\t\t<td align=\"left\"><strong>17.4%<\/strong><\/td>\n\t\t\t<td align=\"left\"><strong>20.0% sin IVA<\/strong><\/td>\n\t\t\t<td align=\"left\">09\/12\/2025<\/td>  \n\t\t<\/tr>\n\t\t<tr>\n\t\t\t<td align=\"left\">TUYO ESPECIAL<\/td>\t\n\t\t\t<td align=\"left\">No genera ning\u00fan cobro de comisi\u00f3n<\/td>\n\t\t\t<td align=\"left\">0.00<\/td>\n\t\t\t<td align=\"left\">No aplica<\/td>\n\t\t\t<td align=\"left\"><strong>18.2%<\/strong><\/td>\n\t\t\t<td align=\"left\"><strong>22.5% sin IVA<\/strong><\/td>\n\t\t\t<td align=\"left\">14\/04\/2026<\/td> \n\t\t<\/tr>\n\t\t<tr>\n\t\t\t<td align=\"left\">TUYO EXCELENTE<\/td>\t\n\t\t\t<td align=\"left\">No genera ning\u00fan cobro de comisi\u00f3n<\/td>\n\t\t\t<td align=\"left\">0.00<\/td>\n\t\t\t<td align=\"left\">No aplica<\/td>\n\t\t\t<td align=\"left\"><strong>21.0%<\/strong><\/td>\n\t\t\t<td align=\"left\"><strong>25.8% sin IVA<\/strong><\/td>\n\t\t\t<td align=\"left\">07\/11\/2025<\/td> \n\t\t<\/tr>\n\t\t<!--<tr>\n\t\t\t<td align=\"left\"> <\/td>\t\n\t\t\t<td align=\"left\">No genera ning\u00fan cobro de comisi\u00f3n<\/td>\n\t\t\t<td align=\"left\">0.00<\/td>\n\t\t\t<td align=\"left\">No aplica<\/td>\n\t\t\t<td align=\"left\"><strong> <\/strong><\/td>\n\t\t\t<td align=\"left\"><strong> <\/strong><\/td>\n\t\t\t<td align=\"left\">29\/04\/2022<\/td> \n\t\t<\/tr> -->\n\t<\/tbody>\n<\/table>\n<\/div><div class=\"fusion-separator fusion-full-width-sep sep-none\" style=\"margin-left: auto; margin-right: auto; margin-top: 15px;\"><\/div>\n<p><strong>*CAT:<\/strong> Al costo anual total de financiamiento expresado en t\u00e9rminos porcentuales anuales que, para fines informativos y de comparaci\u00f3n, incorpora la totalidad de los costos y gastos inherentes a los cr\u00e9ditos, pr\u00e9stamos o financiamientos que otorgan las Instituciones Financieras, de conformidad con las disposiciones que al efecto emita el Banco de M\u00e9xico.<\/p>\n<p>El pr\u00e9stamo otorgado es en moneda nacional.<br \/>\nDisponible en todas nuestras sucursales.<\/p>\n<div class=\"fusion-sep-clear\"><\/div><div class=\"fusion-separator fusion-full-width-sep sep-none\" style=\"margin-left: auto;margin-right: auto;margin-top:30px;\"><\/div><div class=\"fusion-title title sep-underline sep-solid fusion-title-size-one\" style=\"border-bottom-color:#b21e26;margin-top:0px;margin-bottom:31px;\"><h1 class=\"title-heading-left\">AHORROS<\/h1><\/div><div class=\"table-2\">\n<table width=\"100%\">\n\t<thead>\n\t\t<tr>\n\t\t\t<th align=\"left\">Nombre comercial del Producto<\/th>\n\t\t\t<th align=\"left\">Concepto<\/th>\n\t\t\t<th align=\"left\">Monto<\/th>\n\t\t\t<th align=\"left\">Periodicidad<\/th>\n\t\t\t<th align=\"left\">Tasa de inter\u00e9s anual fija<\/th>\n\t\t\t<th align=\"left\">*GAT nominal antes de impuestos<\/th>\n\t\t\t<th align=\"left\">**GAT real antes de impuestos<\/th>\n\t\t\t<th align=\"left\">Fecha de c\u00e1lculo<\/th>\n\t\t<\/tr>\n\t<\/thead>\n\t<tbody>\n\t\t<tr>\n\t\t\t<td align=\"left\">AHORRO A LA VISTA<\/td>\n\t\t\t<td align=\"left\">No genera ning\u00fan cobro de comisi\u00f3n<\/td>\n\t\t\t<td align=\"left\">0.00<\/td>\n\t\t\t<td align=\"left\">No aplica<\/td>\n\t\t\t<td align=\"left\"><strong>0.00%<\/strong><\/td>\n\t\t\t<td align=\"left\"><strong>0.00%<\/strong><\/td>\n\t\t\t<td align=\"left\"><strong>3.75%<\/strong><\/td>\n\t\t\t<td align=\"left\">16\/12\/2025<\/td>\n\t\t<\/tr>\n\t\t<tr>\n\t\t\t<td align=\"left\">AHORRO NORMAL<\/td>\n\t\t\t<td align=\"left\">No genera ning\u00fan cobro de comisi\u00f3n<\/td>\n\t\t\t<td align=\"left\">0.00<\/td>\n\t\t\t<td align=\"left\">No aplica<\/td>\n\t\t\t<td align=\"left\"><strong>2.50%<\/strong><\/td>\n\t\t\t<td align=\"left\"><strong>2.53%<\/strong><\/td>\n\t\t\t<td align=\"left\"><strong>-1.32%<\/strong><\/td>\n\t\t\t<td align=\"left\">16\/12\/2025<\/td>\n\t\t<\/tr>\n\t\t<tr>\n\t\t\t<td align=\"left\">AHORRO 180<\/td>\n\t\t\t<td align=\"left\">No genera ning\u00fan cobro de comisi\u00f3n<\/td>\n\t\t\t<td align=\"left\">0.00<\/td>\n\t\t\t<td align=\"left\">No aplica<\/td>\n\t\t\t<td align=\"left\"><strong>3.81%<\/strong><\/td>\n\t\t\t<td align=\"left\"><strong>3.81%<\/strong><\/td>\n\t\t\t<td align=\"left\"><strong>-0.03%<\/strong><\/td>\n\t\t\t<td align=\"left\">16\/12\/2025<\/td>\n\t\t<\/tr>\n\t\t<tr>\n\t\t\t<td align=\"left\">AHORRO 360<\/td>\n\t\t\t<td align=\"left\">No genera ning\u00fan cobro de comisi\u00f3n<\/td>\n\t\t\t<td align=\"left\">0.00<\/td>\n\t\t\t<td align=\"left\">No aplica<\/td>\n\t\t\t<td align=\"left\"><strong>4.32%<\/strong><\/td>\n\t\t\t<td align=\"left\"><strong>4.32%<\/strong><\/td>\n\t\t\t<td align=\"left\"><strong>.0.46%<\/strong><\/td>\n\t\t\t<td align=\"left\">16\/12\/2025<\/td>\n\t\t<\/tr>\n\t\t<tr>\n\t\t\t<td align=\"left\">AHORRADOR MENOR<\/td>\n\t\t\t<td align=\"left\">No genera ning\u00fan cobro de comisi\u00f3n<\/td>\n\t\t\t<td align=\"left\">0.00<\/td>\n\t\t\t<td align=\"left\">No aplica<\/td>\n\t\t\t<td align=\"left\"><strong>2.50%<\/strong><\/td>\n\t\t\t<td align=\"left\"><strong>2.53%<\/strong><\/td>\n\t\t\t<td align=\"left\"><strong>-1.32%<\/strong><\/td>\n\t\t\t<td align=\"left\">16\/12\/2025<\/td>\n\t\t<\/tr>\n\t\t<tr>\n\t\t\t<td align=\"left\">AHORRO BECA<\/td>\n\t\t\t<td align=\"left\">No genera ning\u00fan cobro de comisi\u00f3n<\/td>\n\t\t\t<td align=\"left\">0.00<\/td>\n\t\t\t<td align=\"left\">No aplica<\/td>\n\t\t\t<td align=\"left\"><strong>0.00%<\/strong><\/td>\n\t\t\t<td align=\"left\"><strong>0.00%<\/strong><\/td>\n\t\t\t<td align=\"left\"><strong>3.75%<\/strong><\/td>\n\t\t\t<td align=\"left\">16\/12\/2025<\/td>\n\t\t<\/tr>\n\t\t<tr>\n\t\t\t<td align=\"left\">AHORRO FUTURO<\/td>\n\t\t\t<td align=\"left\">No genera ning\u00fan cobro de comisi\u00f3n<\/td>\n\t\t\t<td align=\"left\">0.00<\/td>\n\t\t\t<td align=\"left\">No aplica<\/td>\n\t\t\t<td align=\"left\"><strong>0.00%<\/strong><\/td>\n\t\t\t<td align=\"left\"><strong>0.00%<\/strong><\/td>\n\t\t\t<td align=\"left\"><strong>3.75%<\/strong><\/td>\n\t\t\t<td align=\"left\">16\/12\/2025<\/td>\n\t\t<\/tr>\n\t\t<tr>\n\t\t\t<td align=\"left\">AHORRO RECUPERACI\u00d3N<\/td>\n\t\t\t<td align=\"left\">No genera ning\u00fan cobro de comisi\u00f3n<\/td>\n\t\t\t<td align=\"left\">0.00<\/td>\n\t\t\t<td align=\"left\">No aplica<\/td>\n      <td align=\"left\"><strong>0.00%<\/strong><\/td>\n\t\t\t<td align=\"left\"><strong>0.00%<\/strong><\/td>\n\t\t\t<td align=\"left\"><strong>3.75%<\/strong><\/td>\n\t\t\t<td align=\"left\">16\/12\/2025<\/td>\n\t\t<\/tr>\n\t\t<!-- <tr>\n\t\t\t<td align=\"left\"> <\/td>\n\t\t\t<td align=\"left\">No genera ning\u00fan cobro de comisi\u00f3n<\/td>\n\t\t\t<td align=\"left\">0.00<\/td>\n\t\t\t<td align=\"left\">No aplica<\/td>\n\t\t\t<td align=\"left\"><strong> <\/strong><\/td>\n\t\t\t<td align=\"left\"><strong> <\/strong><\/td>\n\t\t\t<td align=\"left\"><strong> <\/strong><\/td>\n\t\t\t<td align=\"left\">29\/04\/2022<\/td>\n\t\t<\/tr> -->\n\t<\/tbody>\n<\/table>\n<\/div><div class=\"fusion-sep-clear\"><\/div><div class=\"fusion-separator fusion-full-width-sep sep-none\" style=\"margin-left: auto;margin-right: auto;margin-top:30px;\"><\/div><p><strong>GAT:<\/strong> Ganancia Anual Total Neta, expresada en t\u00e9rminos porcentuales anuales, tanto nominales como reales, que, para fines informativos y de comparaci\u00f3n, incorpora los intereses que generen las operaciones pasivas de ahorro, inversi\u00f3n y otras an\u00e1logas indicadas en las presentes Disposiciones, que las Entidades celebren u ofrezcan celebrar con sus Clientes, menos los costos relacionados con la operaci\u00f3n, incluidos los de apertura.<\/p>\n<p><strong>*GAT nominal anual antes de impuestos:<\/strong> Para fines informativos y de comparaci\u00f3n.<br \/>\n<strong>**GAT real anual antes de impuestos:<\/strong> Para fines informativos y de comparaci\u00f3n. La GAT real es el rendimiento que obtendr\u00eda despu\u00e9s de descontar la inflaci\u00f3n estimada.<br \/>\nAhorro en moneda nacional.<br \/>\nDisponible en todas nuestras sucursales.<\/p>\n<p>Producto garantizado por el Fondo de Protecci\u00f3n hasta por 25 mil UDIS (Unidades de Inversi\u00f3n), por persona f\u00edsica o moral; te invitamos a conocer m\u00e1s acerca de este beneficio en el siguiente apartado <a href=\"https:\/\/www.cajacgv.com.mx\/\/index.php\/fondo-de-proteccion\/\"><u>Fondo de Protecci\u00f3n<\/u><\/a>.<\/p>\n<div class=\"fusion-sep-clear\"><\/div><div class=\"fusion-separator fusion-full-width-sep sep-none\" style=\"margin-left: auto;margin-right: auto;margin-top:30px;\"><\/div><div class=\"fusion-title title sep-underline sep-solid fusion-title-size-one\" style=\"border-bottom-color:#b21e26;margin-top:0px;margin-bottom:31px;\"><h1 class=\"title-heading-left\">INVERSI\u00d3N<\/h1><\/div><div class=\"table-2\">\n<table width=\"100%\">\n\t<thead>\n\t\t<tr>\n\t\t\t<th align=\"left\">Nombre comercial del Producto<\/th>\n\t\t\t<th align=\"left\">Concepto<\/th>\n\t\t\t<th align=\"left\">Monto<\/th>\n\t\t\t<th align=\"left\">Periodicidad<\/th>\n\t\t\t<th align=\"left\">Tasa de inter\u00e9s anual fija<\/th>\n\t\t\t<th align=\"left\">*GAT nominal antes de impuestos<\/th>\n\t\t\t<th align=\"left\">**GAT real antes de impuestos<\/th>\n\t\t\t<th align=\"left\">Fecha de c\u00e1lculo<\/th>\n\t\t<\/tr>\n\t<\/thead>\n\t<tbody>\n    <tr>\n\t\t\t<td align=\"left\">INVERSI\u00d3N PLUS 180 10%<\/td>\t\n\t\t\t<td align=\"left\">No genera ning\u00fan cobro de comisi\u00f3n<\/td>\n\t\t\t<td align=\"left\">0.00<\/td>\n\t\t\t<td align=\"left\">No aplica<\/td>\n\t\t\t<td align=\"left\"><strong>10%<\/strong><\/td>\n\t\t\t<td align=\"left\"><strong>10.25%<\/strong><\/td>\n\t\t\t<td align=\"left\"><strong>6.36%<\/strong><\/td>\n\t\t\t<td align=\"left\">07\/11\/2025<\/td> \n\t\t<\/tr>\n    <tr>\n\t\t\t<td align=\"left\">INVERSI\u00d3N PLUS 180 11%<\/td>\t\n\t\t\t<td align=\"left\">No genera ning\u00fan cobro de comisi\u00f3n<\/td>\n\t\t\t<td align=\"left\">0.00<\/td>\n\t\t\t<td align=\"left\">No aplica<\/td>\n\t\t\t<td align=\"left\"><strong>11%<\/strong><\/td>\n\t\t\t<td align=\"left\"><strong>11.30%<\/strong><\/td>\n\t\t\t<td align=\"left\"><strong>7.37%<\/strong><\/td>\n\t\t\t<td align=\"left\">07\/11\/2025<\/td> \n\t\t<\/tr>\n    <tr>\n\t\t\t<td align=\"left\">INVERSI\u00d3N PLUS 180 12%<\/td>\t\n\t\t\t<td align=\"left\">No genera ning\u00fan cobro de comisi\u00f3n<\/td>\n\t\t\t<td align=\"left\">0.00<\/td>\n\t\t\t<td align=\"left\">No aplica<\/td>\n\t\t\t<td align=\"left\"><strong>12%<\/strong><\/td>\n\t\t\t<td align=\"left\"><strong>12.36%<\/strong><\/td>\n\t\t\t<td align=\"left\"><strong>8.39%<\/strong><\/td>\n\t\t\t<td align=\"left\">07\/11\/2025<\/td> \n\t\t<\/tr>\n\t\t<tr>\n\t\t\t<td align=\"left\">INVERSI\u00d3N CRECIENTE 10%<\/td>\t\n\t\t\t<td align=\"left\">No genera ning\u00fan cobro de comisi\u00f3n<\/td>\n\t\t\t<td align=\"left\">0.00<\/td>\n\t\t\t<td align=\"left\">No aplica<\/td>\n\t\t\t<td align=\"left\"><strong>10%<\/strong><\/td>\n\t\t\t<td align=\"left\"><strong>6.90%<\/strong><\/td>\n\t\t\t<td align=\"left\"><strong>2.92%<\/strong><\/td>\n\t\t\t<td align=\"left\">07\/11\/2025<\/td> \n\t\t<\/tr>\n\t\t<tr>\n\t\t\t<td align=\"left\">INVERSI\u00d3N CRECIENTE 10.5%<\/td>\t\n\t\t\t<td align=\"left\">No genera ning\u00fan cobro de comisi\u00f3n<\/td>\n\t\t\t<td align=\"left\">0.00<\/td>\n\t\t\t<td align=\"left\">No aplica<\/td>\n\t\t\t<td align=\"left\"><strong>10.5%<\/strong><\/td>\n\t\t\t<td align=\"left\"><strong>9.23%<\/strong><\/td>\n\t\t\t<td align=\"left\"><strong>5.16%<\/strong><\/td>\n\t\t\t<td align=\"left\">07\/11\/2025<\/td> \n\t\t<\/tr>\n\t\t<tr>\n\t\t\t<td align=\"left\">INVERSI\u00d3N CRECIENTE 11 %<\/td>\t\n\t\t\t<td align=\"left\">No genera ning\u00fan cobro de comisi\u00f3n<\/td>\n\t\t\t<td align=\"left\">0.00<\/td>\n\t\t\t<td align=\"left\">No aplica<\/td>\n\t\t\t<td align=\"left\"><strong>11%<\/strong><\/td>\n\t\t\t<td align=\"left\"><strong>11.13%<\/strong><\/td>\n\t\t\t<td align=\"left\"><strong>6.36%<\/strong><\/td>\n\t\t\t<td align=\"left\">07\/11\/2025<\/td> \n\t\t<\/tr>\n\t\t<tr>\n\t\t\t<td align=\"left\">DEP\u00d3SITO A PLAZO FIJO<\/td>\t\n\t\t\t<td align=\"left\">No genera ning\u00fan cobro de comisi\u00f3n<\/td>\n\t\t\t<td align=\"left\">0.00<\/td>\n\t\t\t<td align=\"left\">No aplica<\/td>\n\t\t\t<td align=\"left\"><strong>2.55%%<\/strong><\/td>\n\t\t\t<td align=\"left\"><strong>2.58%<\/strong><\/td>\n\t\t\t<td align=\"left\"><strong>-1.27%<\/strong><\/td>\n\t\t\t<td align=\"left\">16\/12\/2025<\/td> \n\t\t<\/tr>\n\t\t<tr>\n\t\t\t<td align=\"left\">DEP\u00d3SITO GARANT\u00cdA L\u00cdQUIDA SIN INTER\u00c9S<\/td>\t\n\t\t\t<td align=\"left\">No genera ning\u00fan cobro de comisi\u00f3n<\/td>\n\t\t\t<td align=\"left\">0.00<\/td>\n\t\t\t<td align=\"left\">No aplica<\/td>\n\t\t\t<td align=\"left\"><strong>0.00%<\/strong><\/td>\n\t\t\t<td align=\"left\"><strong>0.00%<\/strong><\/td>\n\t\t\t<td align=\"left\"><strong>-3.75%<\/strong><\/td>\n\t\t\t<td align=\"left\">16\/12\/2025<\/td>  \n\t\t<\/tr>\n\t<\/tbody>\n<\/table>\n<\/div><div class=\"fusion-sep-clear\"><\/div><div class=\"fusion-separator fusion-full-width-sep sep-none\" style=\"margin-left: auto;margin-right: auto;margin-top:30px;\"><\/div><p><strong>GAT:<\/strong> Ganancia Anual Total Neta, expresada en t\u00e9rminos porcentuales anuales, tanto nominales como reales, que, para fines informativos y de comparaci\u00f3n, incorpora los intereses que generen las operaciones pasivas de ahorro, inversi\u00f3n y otras an\u00e1logas indicadas en las presentes Disposiciones, que las Entidades celebren u ofrezcan celebrar con sus Clientes, menos los costos relacionados con la operaci\u00f3n, incluidos los de apertura.<\/p>\n<p><strong>*GAT nominal anual antes de impuestos:<\/strong> Para fines informativos y de comparaci\u00f3n. <span style=\"font-size: 12px;\"><strong>**GAT real anual antes de impuestos:<\/strong> Para fines informativos y de comparaci\u00f3n. La GAT real es el rendimiento que obtendr\u00eda despu\u00e9s de descontar la inflaci\u00f3n estimada<br \/>\nAhorro en moneda nacional.<br \/>\nDisponible en todas nuestras sucursales.<\/span><\/p>\n<p>Producto garantizado por el Fondo de Protecci\u00f3n hasta por 25 mil UDIS (Unidades de Inversi\u00f3n), por persona f\u00edsica o moral; te invitamos a conocer m\u00e1s acerca de este beneficio en el siguiente apartado <a href=\"https:\/\/www.cajacgv.com.mx\/\/index.php\/fondo-de-proteccion\/\"><u>Fondo de Protecci\u00f3n<\/u><\/a>.<\/p>\n<div class=\"fusion-layout-column fusion_builder_column fusion-builder-column-31 fusion_builder_column_1_2 1_2 fusion-one-half fusion-column-last\" style=\"width:100%;margin-top:20px;margin-bottom:20px;\">\n\t<div class=\"fusion-column-wrapper fusion-column-has-shadow fusion-flex-column-wrapper-legacy\" style=\"background-position: left top; background-repeat: no-repeat; background-size: cover; background-color: rgb(255, 255, 255); border: 1px solid rgb(226, 226, 226); box-shadow: rgb(234, 234, 234) 7px 7px 0px 0px; padding: 30px; min-height: 250px; height: auto;\">\n\t\t<p>\u201cIncumplir tus obligaciones te puede generar comisiones e intereses moratorios\u201d<\/p>\n\t\t<p>\u201cContratar cr\u00e9ditos que excedan tu capacidad de pago afecta tu historial crediticio\u201d<\/p>\n\t\t<p>\u201cEl avalista, obligado solidario o coacreditado responder\u00e1 como obligado principal por el total del pago frente a la Instituci\u00f3n Financiera\u201d<\/p>\n\t\t<h3>Con la finalidad de atender sus aclaraciones y reclamaciones relacionadas con las operaciones y servicios que realice con nosotros Caja CGV pone a su disposici\u00f3n la <a href=\"https:\/\/www.cajacgv.com.mx\/\/index.php\/une\/\">Unidad Especializada de Atenci\u00f3n a Usuarios (UNE)<\/a><\/h3>\n        <p><strong>Comisi\u00f3n Nacional para la Protecci\u00f3n y Defensa de los Usuarios de Servicios Financieros (CONDUSEF)<\/strong>, al tel\u00e9fono <strong>55 5340 0999<\/strong>, p\u00e1gina de internet <a href=\"https:\/\/www.condusef.gob.mx\/\"><strong>www.condusef.gob.mx<\/strong><\/a> y al correo electr\u00f3nico <strong>asesoria@condusef.gob.mx<\/strong>\n <\/div>\n<\/div> <div class=\"fusion-clearfix\"><\/div>\n\t\t\t<\/div>\n\t\t<\/div><\/div><\/div><\/p>\n","protected":false},"excerpt":{"rendered":"","protected":false},"author":1,"featured_media":0,"parent":0,"menu_order":0,"comment_status":"closed","ping_status":"closed","template":"100-width.php","meta":{"footnotes":""},"class_list":["post-10365","page","type-page","status-publish","hentry"],"_links":{"self":[{"href":"https:\/\/www.cajacgv.com.mx\/index.php\/wp-json\/wp\/v2\/pages\/10365","targetHints":{"allow":["GET"]}}],"collection":[{"href":"https:\/\/www.cajacgv.com.mx\/index.php\/wp-json\/wp\/v2\/pages"}],"about":[{"href":"https:\/\/www.cajacgv.com.mx\/index.php\/wp-json\/wp\/v2\/types\/page"}],"author":[{"embeddable":true,"href":"https:\/\/www.cajacgv.com.mx\/index.php\/wp-json\/wp\/v2\/users\/1"}],"replies":[{"embeddable":true,"href":"https:\/\/www.cajacgv.com.mx\/index.php\/wp-json\/wp\/v2\/comments?post=10365"}],"version-history":[{"count":183,"href":"https:\/\/www.cajacgv.com.mx\/index.php\/wp-json\/wp\/v2\/pages\/10365\/revisions"}],"predecessor-version":[{"id":17942,"href":"https:\/\/www.cajacgv.com.mx\/index.php\/wp-json\/wp\/v2\/pages\/10365\/revisions\/17942"}],"wp:attachment":[{"href":"https:\/\/www.cajacgv.com.mx\/index.php\/wp-json\/wp\/v2\/media?parent=10365"}],"curies":[{"name":"wp","href":"https:\/\/api.w.org\/{rel}","templated":true}]}}