{"id":12149,"date":"2021-06-24T11:18:30","date_gmt":"2021-06-24T17:18:30","guid":{"rendered":"https:\/\/www.cajacgv.com.mx\/?page_id=12149"},"modified":"2023-07-13T16:19:26","modified_gmt":"2023-07-13T22:19:26","slug":"promo-becas-cgv-laptop","status":"publish","type":"page","link":"https:\/\/www.cajacgv.com.mx\/index.php\/promo-becas-cgv-laptop\/","title":{"rendered":"Promoci\u00f3n Beca CGV"},"content":{"rendered":"<p><div  class=\"fusion-fullwidth fullwidth-box hundred-percent-fullwidth\"  style='background-color: rgba(255,255,255,0);background-position: center center;background-repeat: no-repeat;padding-top:0px;padding-right:0px;padding-bottom:0px;padding-left:0px;margin-top: -60px;'><div class=\"fusion-builder-row fusion-row \"><div  class=\"fusion-layout-column fusion_builder_column fusion_builder_column_1_1  fusion-one-full fusion-column-first fusion-column-last 1_1\"  style='margin-top:0px;margin-bottom:20px;'>\n\t\t\t<div class=\"fusion-column-wrapper\"  style=\"padding: 0px 0px 0px 0px;background-position:left top;background-repeat:no-repeat;-webkit-background-size:cover;-moz-background-size:cover;-o-background-size:cover;background-size:cover;\"  data-bg-url=\"\">\n\t\t\t\t<div class=\"imageframe-align-center\"><span class=\"fusion-imageframe imageframe-none imageframe-1 hover-type-none\"><img loading=\"lazy\" decoding=\"async\" src=\"https:\/\/www.cajacgv.com.mx\/wp-content\/uploads\/2022\/02\/Banner-becas.jpg\" width=\"1921\" height=\"451\" alt=\"contacto cgv\" title=\"Banner-becas\" class=\"img-responsive wp-image-13223\" srcset=\"https:\/\/www.cajacgv.com.mx\/wp-content\/uploads\/2022\/02\/Banner-becas-200x47.jpg 200w, https:\/\/www.cajacgv.com.mx\/wp-content\/uploads\/2022\/02\/Banner-becas-400x94.jpg 400w, https:\/\/www.cajacgv.com.mx\/wp-content\/uploads\/2022\/02\/Banner-becas-600x141.jpg 600w, https:\/\/www.cajacgv.com.mx\/wp-content\/uploads\/2022\/02\/Banner-becas-800x188.jpg 800w, https:\/\/www.cajacgv.com.mx\/wp-content\/uploads\/2022\/02\/Banner-becas-1200x282.jpg 1200w, https:\/\/www.cajacgv.com.mx\/wp-content\/uploads\/2022\/02\/Banner-becas.jpg 1921w\" sizes=\"auto, (max-width: 800px) 100vw, 1100px\" \/><\/span><\/div><style>\n#main{\n  background: url(https:\/\/www.cajacgv.com.mx\/wp-content\/uploads\/2022\/02\/Fondo-becas.jpg) top;\n  background-position: center center;\t  \n  background-repeat: no-repeat;\n  background-attachment: fixed;\n  background-size: cover;\n  font-family: \"Montserrat\", sans-serif;\n}\n.text_form{\n  font-family: \"Montserrat\", sans-serif;\n  font-size: 18px;\n  color: #ffff;\n}\n.text_dt_reg{\n  font-family: \"Montserrat\", sans-serif;\n  font-size: 18px;\n  text-align: left; \n  line-height: 1.5;\n  top: 10px;\n}\n.aux-contact-form textarea, #commentform textarea, .c_form textarea, .wpcf7 textarea {\n    min-height: 140px;\n    height: auto;\n    max-width: 100%;\n    color: #242121;\n}\n#comment-input input, .wpcf7-form .wpcf7-text, input[type=\"email\"], input[type=\"text\"], .wpcf7-form .wpcf7-select {\n    height: 35px;\n    padding-top: 0;\n    padding-bottom: 0;\n    color: #242121;\n}\ninput[type=\"file\"], input[type=\"email\"], input[type=\"tel\"], input[type=\"password\"], input[type=\"text\"], textarea, .wpcf7-form .wpcf7-select {\n    -webkit-appearance: none;\n    -webkit-border-radius: 10px;\n}\ninput[type=checkbox]{\nfont-family: \"Montserrat\", sans-serif;\n  font-size: 15px;\n  \/* Doble-tama\u00f1o Checkboxes *\/\n  -ms-transform: scale(1.5); \/* IE *\/\n  -moz-transform: scale(1.5); \/* FF *\/\n  -webkit-transform: scale(1.5); \/* Safari y Chrome *\/\n  -o-transform: scale(1.5); \/* Opera *\/\n}\n<\/style><div class=\"fusion-clearfix\"><\/div>\n\t\t\t<\/div>\n\t\t<\/div><\/div><\/div><div  class=\"fusion-fullwidth fullwidth-box nonhundred-percent-fullwidth\"  style='background-color: rgba(255,255,255,0);background-position: center center;background-repeat: no-repeat;padding-top:20px;padding-right:0px;padding-bottom:20px;'><div class=\"fusion-builder-row fusion-row \"><div  class=\"fusion-layout-column fusion_builder_column fusion_builder_column_1_1  fusion-one-full fusion-column-first fusion-column-last 1_1\"  style='margin-top:0px;margin-bottom:20px;'>\n\t\t\t<div class=\"fusion-column-wrapper\"  style=\"background-position:left top;background-repeat:no-repeat;-webkit-background-size:cover;-moz-background-size:cover;-o-background-size:cover;background-size:cover;\"  data-bg-url=\"\">\n\t\t\t\t<div style=\"color: #fff; font-size: 20px;\">\n<p>En Caja CGV, nos preocupamos por impulsar la educaci\u00f3n, por eso a\u00f1o con a\u00f1o se abre la convocatoria de Becas que se otorgan a Socios CGV y AHORRADORES MENORES que cuentan con excelencia acad\u00e9mica.<\/p>\n<p>Te invitamos a participar en la convocatoria de Becas CGV, en donde podr\u00e1s ganar 1 de las 25 laptops que tenemos para ti.<\/p>\n<p>Consulta la convocatoria de Becas de JUNIO \u2013 JULIO PER\u00cdODO 2023 \u2013 2024 \/ 1, dando clic <strong><a href=\"https:\/\/www.cajacgv.com.mx\/index.php\/beneficio-cgv-becas-escolares\/\" target=\"_blank\" rel=\"noopener\">aqu\u00ed<\/a><\/strong>.<\/p>\n<\/div>\n<div class=\"fusion-layout-column fusion_builder_column fusion-builder-column-29 fusion_builder_column_1_2 1_2 fusion-one-half fusion-column-first\" style=\"width:48%; margin-right: 4%;margin-top:20px;margin-bottom:20px;\">\n\t<div class=\"fusion-column-wrapper fusion-column-has-shadow fusion-flex-column-wrapper-legacy\" style=\"background-position: left top; background-repeat: no-repeat; background-size: cover; background-color: rgb(255, 255, 255); border: 1px solid rgb(226, 226, 226); box-shadow: rgb(234, 234, 234) 7px 7px 0px 0px; padding: 30px; min-height: 995px; height: auto;\">\n\t\t<div class=\"fusion-title title fusion-title-26 fusion-sep-none fusion-title-text fusion-title-size-four fusion-border-below-title\" style=\"margin-top:0px;margin-bottom:30px;\">\n\t\t\t<h4 class=\"title-heading-left fusion-responsive-typography-calculated\" style=\"margin: 0px; --fontSize:24; line-height: 1.3; --minFontSize:24;\" data-fontsize=\"24\" data-lineheight=\"31.2px\">Mec\u00e1nica<\/h4>\n    <\/div>\n\t\t<ul class=\"fusion-checklist fusion-checklist-3\" style=\"font-size:20px;line-height:34px;\">\n\t\t\t<li class=\"fusion-li-item\"><span style=\"background-color:#780404;font-size:17.6px;height:34px;width:34px;margin-right:14px;\" class=\"icon-wrapper circle-yes\"><i class=\"fusion-li-icon fa fa-check fas\" style=\"color:#ffffff;\" aria-hidden=\"true\"><\/i><\/span>\n\t\t\t\t<div class=\"fusion-li-item-content\" style=\"margin-left:48px;\"><p><font style=\"vertical-align: inherit;\"><font style=\"vertical-align: inherit;\"><strong style=\"font-size:20px;\">1. <\/strong>Al concluir satisfactoriamente el proceso de solicitud de becas, el Socio o Tutor del Ahorrador Menor, recibir\u00e1 un boleto de participaci\u00f3n, el cual deber\u00e1 de llenar con todos sus datos, entregando el tal\u00f3n a su asesor financiero.<\/font><\/font><\/p><\/div>\n\t\t\t<\/li>\n\t\t\t<li class=\"fusion-li-item\"><span style=\"background-color:#780404;font-size:17.6px;height:34px;width:34px;margin-right:14px;\" class=\"icon-wrapper circle-yes\"><i class=\"fusion-li-icon fa fa-file-o fas\" style=\"color:#ffffff;\" aria-hidden=\"true\"><\/i><\/span>\n\t\t\t\t<div class=\"fusion-li-item-content\" style=\"margin-left:48px;\"><p><font style=\"vertical-align: inherit;\"><font style=\"vertical-align: inherit;\"><strong style=\"font-size:20px;\">2. <\/strong>El asesor financiero deber\u00e1 engrapar dicho tal\u00f3n al formato  de inscripci\u00f3n.<\/font><\/font><\/p><\/div>\n\t\t\t<\/li>\n\t\t\t<li class=\"fusion-li-item\"><span style=\"background-color:#780404;font-size:17.6px;height:34px;width:34px;margin-right:14px;\" class=\"icon-wrapper circle-yes\"><i class=\"fusion-li-icon fa fa-ticket fas\" style=\"color:#ffffff;\" aria-hidden=\"true\"><\/i><\/span>\n\t\t\t\t<div class=\"fusion-li-item-content\" style=\"margin-left:48px;\"><p><font style=\"vertical-align: inherit;\"><font style=\"vertical-align: inherit;\"><strong style=\"font-size:20px;\">3. <\/strong>Guarda tu boleto y \u00a1listo! ya estas participando por una laptop en el sorteo CGV.<\/font><\/font><\/p><\/div>\n\t\t\t<\/li>\n\t\t\t<li class=\"fusion-li-item\"><span style=\"background-color:#780404;font-size:17.6px;height:34px;width:34px;margin-right:14px;\" class=\"icon-wrapper circle-yes\"><i class=\"fusion-li-icon fa fa-bars fas\" style=\"color:#ffffff;\" aria-hidden=\"true\"><\/i><\/span>\n\t\t\t\t<div class=\"fusion-li-item-content\" style=\"margin-left:48px;\"><p><font style=\"vertical-align: inherit;\"><font style=\"vertical-align: inherit;\"><strong style=\"font-size:20px;\">4. <\/strong>Cumplir con los t\u00e9rminos y condiciones.<\/font><\/font><\/p><\/div>\n\t\t\t<\/li>\n\t\t<\/ul>\n\t<\/div>\n<\/div>\n\n<!-----------------------------\n\t\tTerminos y condiciones \n ------------------------------>\n\n<div class=\"fusion-layout-column fusion_builder_column fusion-builder-column-30 fusion_builder_column_1_2 1_2 fusion-one-half fusion-column-last\" style=\"width:48%;margin-top:20px;margin-bottom:20px;\">\n\t<div class=\"fusion-column-wrapper fusion-column-has-shadow fusion-flex-column-wrapper-legacy\" style=\"background-position: left top; background-repeat: no-repeat; background-size: cover; background-color: rgb(255, 255, 255); border: 1px solid rgb(226, 226, 226); box-shadow: rgb(234, 234, 234) 7px 7px 0px 0px; padding: 30px; min-height: 995px; height: auto;\">\n\t\t<div class=\"fusion-title title fusion-title-27 fusion-sep-none fusion-title-text fusion-title-size-four fusion-border-below-title\" style=\"margin-top:0px;margin-bottom:30px;\">\n\t\t\t<h4 class=\"title-heading-left fusion-responsive-typography-calculated\" style=\"margin: 0px; --fontSize:24; line-height: 1.3; --minFontSize:24;\" data-fontsize=\"24\" data-lineheight=\"31.2px\">T\u00e9rminos y condiciones<\/h4>\n\t\t<\/div>\n\t\t<ul class=\"fusion-checklist fusion-checklist-1\" style=\"font-size:16px;line-height:27.2px;\">\n\t\t\t<li class=\"fusion-li-item\"><span style=\"height:27.2px;width:27.2px;margin-right:11.2px;\" class=\"icon-wrapper circle-no\"><i class=\"fusion-li-icon fa fa-check fas\" style=\"color:#780404;\"><\/i><\/span>Realizar de forma satisfactoria el proceso de solicitud de Becas de JUNIO \u2013 JULIO PER\u00cdODO 2023 \u2013 2024\/1, el cual podr\u00e1s consultar en <a href=\"https:\/\/www.cajacgv.com.mx\/\" target=\"_blank\"><strong>www.cajacgv.com.mx<\/strong><\/a><\/li>\n\t\t\t<li class=\"fusion-li-item\"><span style=\"height:27.2px;width:27.2px;margin-right:11.2px;\" class=\"icon-wrapper circle-no\"><i class=\"fusion-li-icon fa fa-check fas\" style=\"color:#780404;\"><\/i><\/span>Vigencia de la promoci\u00f3n del lunes 12 de junio al s\u00e1bado 05 de agosto de 2023.<\/li>\n\t\t\t<li class=\"fusion-li-item\"><span style=\"height:27.2px;width:27.2px;margin-right:11.2px;\" class=\"icon-wrapper circle-no\"><i class=\"fusion-li-icon fa fa-check fas\" style=\"color:#780404;\"><\/i><\/span>Consulta nuestro aviso de privacidad en <a href=\"https:\/\/www.cajacgv.com.mx\/\" target=\"_blank\"><strong>www.cajacgv.com.mx<\/strong><\/a><\/li>\n      <li class=\"fusion-li-item\"><span style=\"height:27.2px;width:27.2px;margin-right:11.2px;\" class=\"icon-wrapper circle-no\"><i class=\"fusion-li-icon fa fa-check fas\" style=\"color:#780404;\"><\/i><\/span>S\u00f3lo se puede dar un m\u00e1ximo de un boleto por Socio o Ahorrador Menor.<\/li>\n\t\t\t<li class=\"fusion-li-item\"><span style=\"height:27.2px;width:27.2px;margin-right:11.2px;\" class=\"icon-wrapper circle-no\"><i class=\"fusion-li-icon fa fa-check fas\" style=\"color:#780404;\"><\/i><\/span>No participan hijos de colaboradores o colaboradores CGV.<\/li>\n\t\t\t<li class=\"fusion-li-item\"><span style=\"height:27.2px;width:27.2px;margin-right:11.2px;\" class=\"icon-wrapper circle-no\"><i class=\"fusion-li-icon fa fa-check fas\" style=\"color:#780404;\"><\/i><\/span>Se entregar\u00e1n un m\u00e1ximo de 1500 boletos o hasta agotar existencias.<\/li>\n\t\t\t<li class=\"fusion-li-item\"><span style=\"height:27.2px;width:27.2px;margin-right:11.2px;\" class=\"icon-wrapper circle-no\"><i class=\"fusion-li-icon fa fa-check fas\" style=\"color:#780404;\"><\/i><\/span>Se sortear\u00e1n un total de 25 laptops.<\/li>\n      <li class=\"fusion-li-item\"><span style=\"height:27.2px;width:27.2px;margin-right:11.2px;\" class=\"icon-wrapper circle-no\"><i class=\"fusion-li-icon fa fa-check fas\" style=\"color:#780404;\"><\/i><\/span>El sorteo se realizar\u00e1 v\u00eda facebook live el d\u00eda viernes 08 de septiembre del 2023 a las 04:00 p.m. en la p\u00e1gina oficial de facebook <a href=\"https:\/\/www.facebook.com\/CajaCGV\/\" target=\"_blank\"><strong>@CajaCGV.<\/strong><\/a><\/li>\n\t\t\t<li class=\"fusion-li-item\"><span style=\"height:27.2px;width:27.2px;margin-right:11.2px;\" class=\"icon-wrapper circle-no\"><i class=\"fusion-li-icon fa fa-check fas\" style=\"color:#780404;\"><\/i><\/span>Los ganadores se dar\u00e1n a conocer v\u00eda facebook y se contactaran con ellos v\u00eda telef\u00f3nica para darles m\u00e1s detalles de la entrega de su premio el d\u00eda lunes 11 de septiembre del 2023.<\/li>\n\t\t\t<li class=\"fusion-li-item\"><span style=\"height:27.2px;width:27.2px;margin-right:11.2px;\" class=\"icon-wrapper circle-no\"><i class=\"fusion-li-icon fa fa-check fas\" style=\"color:#780404;\"><\/i><\/span>CGV no se hace responsable si los datos proporcionados por el Socio CGV o Tutor del Ahorrador Menor no son correctos y esto impide contactarlos.<\/li>\n\t\t\t<li class=\"fusion-li-item\"><span style=\"height:27.2px;width:27.2px;margin-right:11.2px;\" class=\"icon-wrapper circle-no\"><i class=\"fusion-li-icon fa fa-check fas\" style=\"color:#780404;\"><\/i><\/span>Se realizar\u00e1n tres llamadas durante el d\u00eda lunes 11 de septiembre del 2023, si no se logra contactar al ganador, se elegir\u00e1 a otro socio CGV o ahorrador menor de forma aleatoria.<\/li>\n\t\t<\/ul>\n <\/div>\n<\/div><div class=\"share-box fusion-sharing-box boxed-icons\" style=\"background-color:#fff;\" data-title=\"Avada WordPress Theme\" data-description=\"Avada has been the #1 selling theme for more than 3 years, making it the most trusted and complete WordPress theme on the market. \" data-link=\"http:\/\/bit.ly\/2l3jd8A\">\n\t<h4 class=\"tagline fusion-responsive-typography-calculated\" style=\"color:#4a4e57;\" style=\"color: rgb(59, 59, 59); --fontSize:24; line-height: 1.3; --minFontSize:24;\" data-fontsize=\"24\" data-lineheight=\"31.2px\" >\u00a1S\u00edguenos en redes sociales y mantente al pendiente de esta y otras promociones!<\/h4>\n\t<div class=\"fusion-social-networks boxed-icons\">\n\t\t<a class=\"fusion-social-network-icon fusion-tooltip fusion-facebook fusion-icon-facebook\" href=\"https:\/\/www.facebook.com\/CajaCGV\/\" target=\"_blank\" rel=\"nofollow\" style=\"color:#ffffff;background-color:#3b5998;border-color:#3b5998;border-radius:5px;\" data-placement=\"top\" data-title=\"Facebook\" title=\"\" aria-label=\"Facebook\" data-toggle=\"tooltip\" data-original-title=\"@CajaCGV\"><\/a>\n\t<\/div>\n<\/div><div class=\"fusion-clearfix\"><\/div>\n\t\t\t<\/div>\n\t\t<\/div><\/div><\/div><\/p>\n","protected":false},"excerpt":{"rendered":"","protected":false},"author":1,"featured_media":0,"parent":0,"menu_order":0,"comment_status":"closed","ping_status":"closed","template":"100-width.php","meta":{"footnotes":""},"class_list":["post-12149","page","type-page","status-publish","hentry"],"_links":{"self":[{"href":"https:\/\/www.cajacgv.com.mx\/index.php\/wp-json\/wp\/v2\/pages\/12149","targetHints":{"allow":["GET"]}}],"collection":[{"href":"https:\/\/www.cajacgv.com.mx\/index.php\/wp-json\/wp\/v2\/pages"}],"about":[{"href":"https:\/\/www.cajacgv.com.mx\/index.php\/wp-json\/wp\/v2\/types\/page"}],"author":[{"embeddable":true,"href":"https:\/\/www.cajacgv.com.mx\/index.php\/wp-json\/wp\/v2\/users\/1"}],"replies":[{"embeddable":true,"href":"https:\/\/www.cajacgv.com.mx\/index.php\/wp-json\/wp\/v2\/comments?post=12149"}],"version-history":[{"count":41,"href":"https:\/\/www.cajacgv.com.mx\/index.php\/wp-json\/wp\/v2\/pages\/12149\/revisions"}],"predecessor-version":[{"id":15595,"href":"https:\/\/www.cajacgv.com.mx\/index.php\/wp-json\/wp\/v2\/pages\/12149\/revisions\/15595"}],"wp:attachment":[{"href":"https:\/\/www.cajacgv.com.mx\/index.php\/wp-json\/wp\/v2\/media?parent=12149"}],"curies":[{"name":"wp","href":"https:\/\/api.w.org\/{rel}","templated":true}]}}