{"id":12346,"date":"2021-08-20T12:43:48","date_gmt":"2021-08-20T18:43:48","guid":{"rendered":"https:\/\/www.cajacgv.com.mx\/?page_id=12346"},"modified":"2023-09-28T13:50:04","modified_gmt":"2023-09-28T19:50:04","slug":"pago-tarjeta-debito","status":"publish","type":"page","link":"https:\/\/www.cajacgv.com.mx\/index.php\/pago-tarjeta-debito\/","title":{"rendered":"Paga con tu Tarjeta de D\u00e9bito"},"content":{"rendered":"<div  class=\"fusion-fullwidth fullwidth-box nonhundred-percent-fullwidth\"  style='background-color: rgba(255,255,255,0);background-position: center center;background-repeat: no-repeat;padding-top:20px;padding-right:0px;padding-bottom:20px;padding-left:0px;'><div class=\"fusion-builder-row fusion-row \"><div  class=\"fusion-layout-column fusion_builder_column fusion_builder_column_3_4  fusion-three-fourth fusion-column-first 3_4\"  style='margin-top:0px;margin-bottom:20px;width:75%;width:calc(75% - ( ( 4% ) * 0.75 ) );margin-right: 4%;'>\n\t\t\t<div class=\"fusion-column-wrapper\"  style=\"background-position:left top;background-repeat:no-repeat;-webkit-background-size:cover;-moz-background-size:cover;-o-background-size:cover;background-size:cover;\"  data-bg-url=\"\">\n\t\t\t\t<style>\n .fusion-accordian .panel-heading {\n    padding: 0px 0px 0px 10px;\n    background: 0 0;\n    background-color: #D9D9D9;\n    background-position-x: 0px;\n    background-position-y: 0px;\n    background-repeat: repeat;\n    background-attachment: scroll;\n    background-image: none;\n    background-size: auto;\n    background-origin: padding-box;\n    background-clip: border-box;\n    border-radius: 5px;\n    border-bottom: 2px solid #A61919;\n }\n h4{\n  color: #333333;\n }\n .fusion-accordian .panel-title a {\n   color: #333333;\n }\n .fusion-accordian .panel-title a:hover{\n   color: #333333;\n }\n.fusion-checklist .fusion-li-item {\n    margin-bottom: 4px;\n    margin-left: 10px;\n\t}\n  .fusion-title-size-five, h5 {\n      margin-bottom: .3em;\n  }\n  .lint-dic{\n      margin-left: 25px;\n  }\n  .fusion-layout-column {\n      text-align: left;\n  }\n \n.video-responsive {\n\theight: 0;\n\toverflow: hidden;\n\tpadding-bottom: 56.25%;\n\tpadding-top: 30px;\n\tposition: relative;\n}\n.video-responsive iframe, .video-responsive object, .video-responsive embed {\n\theight: 100%;\n\tleft: 0;\n\tposition: absolute;\n\ttop: 0;\n\twidth: 100%;\n}\n<\/style>\n\n<div class=\"video-responsive\">\n<iframe src=\"https:\/\/www.youtube.com\/embed\/hDW5rnxAf7k\" title=\"YouTube video player\" frameborder=\"0\" allow=\"accelerometer; autoplay; clipboard-write; encrypted-media; gyroscope; picture-in-picture\" allowfullscreen><\/iframe>\n<\/div><div class=\"fusion-sep-clear\"><\/div><div class=\"fusion-separator fusion-full-width-sep sep-none\" style=\"margin-left: auto;margin-right: auto;margin-top:35px;\"><\/div><div class=\"fusion-title title sep-underline sep-solid fusion-title-size-one\" style=\"border-bottom-color:#b21e26;margin-top:0px;margin-bottom:31px;\"><h1 class=\"title-heading-left\">Ya puedes pagar con tu tarjeta de D\u00e9bito a trav\u00e9s de Terminal<\/h1><\/div><p>Caja CGV pone a tu disposici\u00f3n est\u00e1 nueva modalidad para realizar tus pagos en nuestras sucursales.<\/p>\n<p>1. Acude a tu sucursal CGV.<\/p>\n<p>2. Comunica al asesor que quieres realizar un pago y\/o dep\u00f3sito por medio de una tarjeta de d\u00e9bito en la TPV.<\/p>\n<p>3. Presenta identificaci\u00f3n Oficial vigente.<\/p>\n<p>4. Valida la informaci\u00f3n con tu asesor en sucursal, cuidando que esta sea correcta y pueda procesarse la transacci\u00f3n.<\/p>\n<p>5. Ingresa TDD a la terminal punto de venta y digita tu NIP en caso de ser necesario.<\/p>\n<p>6. El asesor, imprimir\u00e1 la ficha de movimiento, p\u00f3liza contable y comprobante de pago.<\/p>\n<p>7. Firma los documentos de esta operaci\u00f3n. <strong>\u00a1Listo!<\/strong><\/p>\n<p><strong>Nota: Para cualquier aclaraci\u00f3n es importante conservar tu voucher de pago.<\/strong><\/p>\n<div class=\"accordian fusion-accordian\"><div class=\"panel-group\" id=\"accordion-12346-1\"><div class=\"fusion-panel panel-default\"><div class=\"panel-heading\"><h4 class=\"panel-title toggle\"><a data-toggle=\"collapse\" data-parent=\"#accordion-12346-1\" data-target=\"#0b55e44ba68ceba1c\" href=\"#0b55e44ba68ceba1c\"><div class=\"fusion-toggle-icon-wrapper\"><i class=\"fa-fusion-box\"><\/i><\/div><div class=\"fusion-toggle-heading\">Preguntas frecuentes<\/div><\/a><\/h4><\/div><div id=\"0b55e44ba68ceba1c\" class=\"panel-collapse collapse \"><div class=\"panel-body toggle-content\">\n<p style=\"margin-left: 33px; color: #612314; font-weight: bold;\">1. \u00bfQu\u00e9 son los cobros con TPV?<\/p>\n<p style=\"margin-left: 60px;\">Se trata de un sistema de pagos online, que permite aceptar pagos mediante tarjetas de d\u00e9bito; los pagos o dep\u00f3sitos se reflejan de inmediato en la cuenta de cr\u00e9dito o d\u00e9bito del socio.<\/p>\n<p style=\"margin-left: 33px; color: #612314; font-weight: bold;\">2. \u00bfQu\u00e9 necesito para hacer uso de este servicio?<\/p>\n<p style=\"margin-left: 60px;\">Ser socio CGV y titular de la tarjeta con la que se va a realizar el pago del cr\u00e9dito y\/o dep\u00f3sito a cuenta de ahorro a la vista.<\/p>\n<p style=\"margin-left: 33px; color: #612314; font-weight: bold;\">3. \u00bfCu\u00e1l es el monto m\u00e1ximo que puedo pagar o depositar?<\/p>\n<p style=\"margin-left: 60px;\">$150,000.00 pesos mexicanos.<\/p>\n<p style=\"margin-left: 33px; color: #612314; font-weight: bold;\">4. \u00bfPuedo cancelar el pago a cr\u00e9dito o el dep\u00f3sito a cuenta de ahorro vista?<\/p>\n<p style=\"margin-left: 60px;\">No, no es posible. Una vez que se realiza el movimiento, ya no es posible realizar una cancelaci\u00f3n; por esa raz\u00f3n te invitamos a que siempre confirmes que los datos de tu dep\u00f3sito o pago sean correctos con el asesor en sucursal.<\/p>\n<p style=\"margin-left: 33px; color: #612314; font-weight: bold;\">5. \u00bfQu\u00e9 pasa si mi movimiento no se ve reflejado en la cuenta?<\/p>\n<p style=\"margin-left: 60px;\">Verificaremos el estatus de ese movimiento y si este fue cobrado por CGV y no fue aplicado de manera correcta, en un lapso de 24 horas, se realizar\u00e1 el ajuste necesario.<\/p>\n<p style=\"margin-left: 60px;\">Sin embargo, si el monto de la operaci\u00f3n no fue cobrado por CGV deber\u00e1s ingresar una aclaraci\u00f3n con el Banco emisor de la tarjeta con que realizaste el movimiento.<\/p>\n<\/div><\/div><\/div><\/div><\/div><div class=\"fusion-sep-clear\"><\/div><div class=\"fusion-separator fusion-full-width-sep sep-none\" style=\"margin-left: auto;margin-right: auto;margin-top:35px;\"><\/div><h3 style=\"font-size: 12px; line-height: 18px;\" data-inline-fontsize=\"true\" data-inline-lineheight=\"true\" data-fontsize=\"12\" data-lineheight=\"18\">Con la finalidad de atender sus aclaraciones y reclamaciones relacionadas con las operaciones y servicios que realice con nosotros Caja CGV pone a su disposici\u00f3n la <strong><a href=\"https:\/\/www.cajacgv.com.mx\/\/index.php\/une\/\">Unidad Especializada de Atenci\u00f3n a Usuarios (UNE)<\/a> <\/strong>unecgv@cajacgv.com.mx o al 442 2518400 y\/o 800 226 6844<\/h3>\n<div class=\"fusion-clearfix\"><\/div>\n\t\t\t<\/div>\n\t\t<\/div><div  class=\"fusion-layout-column fusion_builder_column fusion_builder_column_1_4  fusion-one-fourth fusion-column-last 1_4\"  style='margin-top:0px;margin-bottom:20px;width:25%;width:calc(25% - ( ( 4% ) * 0.25 ) );'>\n\t\t\t<div class=\"fusion-column-wrapper\"  style=\"background-position:left top;background-repeat:no-repeat;-webkit-background-size:cover;-moz-background-size:cover;-o-background-size:cover;background-size:cover;\"  data-bg-url=\"\">\n\t\t\t\t<div class=\"fusion-widget-area fusion-widget-area-1 fusion-content-widget-area\"><div id=\"block-2\" class=\"fusion-slidingbar-widget-column widget widget_block widget_media_image\"><div class=\"wp-block-image is-style-default\">\n<figure class=\"aligncenter size-full is-resized\"><a href=\"https:\/\/bit.ly\/EducaTuCarteraC\" target=\"_blank\" rel=\" noreferrer noopener\"><img loading=\"lazy\" decoding=\"async\" src=\"https:\/\/www.cajacgv.com.mx\/wp-content\/uploads\/2022\/11\/banner-educa_215X260.png\" alt=\"Educa tu cartera\" class=\"wp-image-14445\" width=\"214\" height=\"258\" srcset=\"https:\/\/www.cajacgv.com.mx\/wp-content\/uploads\/2022\/11\/banner-educa_215X260-200x242.png 200w, https:\/\/www.cajacgv.com.mx\/wp-content\/uploads\/2022\/11\/banner-educa_215X260.png 215w\" sizes=\"auto, (max-width: 214px) 100vw, 214px\" \/><\/a><figcaption class=\"wp-element-caption\"><strong>Si deseas conocer m\u00e1s sobre \"Educa tu Cartera\" , da clic en la imagen.<\/strong><\/figcaption><\/figure>\n<\/div><div style=\"clear:both;\"><\/div><\/div><div class=\"fusion-additional-widget-content\"><\/div><\/div><div class=\"fusion-clearfix\"><\/div>\n\t\t\t<\/div>\n\t\t<\/div><\/div><\/div>\n","protected":false},"excerpt":{"rendered":"","protected":false},"author":1,"featured_media":0,"parent":0,"menu_order":0,"comment_status":"closed","ping_status":"closed","template":"100-width.php","meta":{"footnotes":""},"class_list":["post-12346","page","type-page","status-publish","hentry"],"_links":{"self":[{"href":"https:\/\/www.cajacgv.com.mx\/index.php\/wp-json\/wp\/v2\/pages\/12346","targetHints":{"allow":["GET"]}}],"collection":[{"href":"https:\/\/www.cajacgv.com.mx\/index.php\/wp-json\/wp\/v2\/pages"}],"about":[{"href":"https:\/\/www.cajacgv.com.mx\/index.php\/wp-json\/wp\/v2\/types\/page"}],"author":[{"embeddable":true,"href":"https:\/\/www.cajacgv.com.mx\/index.php\/wp-json\/wp\/v2\/users\/1"}],"replies":[{"embeddable":true,"href":"https:\/\/www.cajacgv.com.mx\/index.php\/wp-json\/wp\/v2\/comments?post=12346"}],"version-history":[{"count":20,"href":"https:\/\/www.cajacgv.com.mx\/index.php\/wp-json\/wp\/v2\/pages\/12346\/revisions"}],"predecessor-version":[{"id":15950,"href":"https:\/\/www.cajacgv.com.mx\/index.php\/wp-json\/wp\/v2\/pages\/12346\/revisions\/15950"}],"wp:attachment":[{"href":"https:\/\/www.cajacgv.com.mx\/index.php\/wp-json\/wp\/v2\/media?parent=12346"}],"curies":[{"name":"wp","href":"https:\/\/api.w.org\/{rel}","templated":true}]}}