{"id":12413,"date":"2021-09-08T14:49:14","date_gmt":"2021-09-08T20:49:14","guid":{"rendered":"https:\/\/www.cajacgv.com.mx\/?page_id=12413"},"modified":"2023-01-20T12:17:11","modified_gmt":"2023-01-20T18:17:11","slug":"club-de-descuentos-cgv-red-dog","status":"publish","type":"page","link":"https:\/\/www.cajacgv.com.mx\/index.php\/club-de-descuentos-cgv-red-dog\/","title":{"rendered":"Club de descuentos &#8211; Red Dog"},"content":{"rendered":"<p><div  class=\"fusion-fullwidth fullwidth-box hundred-percent-fullwidth\"  style='background-color: rgba(255,255,255,0);background-position: center center;background-repeat: no-repeat;padding-top:0px;padding-right:0px;padding-bottom:0px;padding-left:0px;margin-top: -60px;'><div class=\"fusion-builder-row fusion-row \"><div  class=\"fusion-layout-column fusion_builder_column fusion_builder_column_1_1  fusion-one-full fusion-column-first fusion-column-last 1_1\"  style='margin-top:0px;margin-bottom:20px;'>\n\t\t\t<div class=\"fusion-column-wrapper\"  style=\"padding: 0px 0px 0px 0px;background-position:left top;background-repeat:no-repeat;-webkit-background-size:cover;-moz-background-size:cover;-o-background-size:cover;background-size:cover;\"  data-bg-url=\"\">\n\t\t\t\t<div class=\"imageframe-align-center\"><span class=\"fusion-imageframe imageframe-none imageframe-1 hover-type-none\"><img loading=\"lazy\" decoding=\"async\" src=\"https:\/\/www.cajacgv.com.mx\/wp-content\/uploads\/2022\/08\/BA-Web-Beneficios_ClubDesc-SoloBeneficio.png\" width=\"1920\" height=\"602\" alt=\"descuentos cgv\" title=\"BA-Web-Beneficios_ClubDesc-SoloBeneficio\" class=\"img-responsive wp-image-14138\" srcset=\"https:\/\/www.cajacgv.com.mx\/wp-content\/uploads\/2022\/08\/BA-Web-Beneficios_ClubDesc-SoloBeneficio-200x63.png 200w, https:\/\/www.cajacgv.com.mx\/wp-content\/uploads\/2022\/08\/BA-Web-Beneficios_ClubDesc-SoloBeneficio-400x125.png 400w, https:\/\/www.cajacgv.com.mx\/wp-content\/uploads\/2022\/08\/BA-Web-Beneficios_ClubDesc-SoloBeneficio-600x188.png 600w, https:\/\/www.cajacgv.com.mx\/wp-content\/uploads\/2022\/08\/BA-Web-Beneficios_ClubDesc-SoloBeneficio-800x251.png 800w, https:\/\/www.cajacgv.com.mx\/wp-content\/uploads\/2022\/08\/BA-Web-Beneficios_ClubDesc-SoloBeneficio-1200x376.png 1200w, https:\/\/www.cajacgv.com.mx\/wp-content\/uploads\/2022\/08\/BA-Web-Beneficios_ClubDesc-SoloBeneficio.png 1920w\" sizes=\"auto, (max-width: 800px) 100vw, 1100px\" \/><\/span><\/div><div class=\"fusion-clearfix\"><\/div>\n\t\t\t<\/div>\n\t\t<\/div><\/div><\/div><div  class=\"fusion-fullwidth fullwidth-box nonhundred-percent-fullwidth\"  style='background-color: rgba(255,255,255,0);background-position: center center;background-repeat: no-repeat;padding-top:20px;padding-right:0px;padding-bottom:20px;padding-left:0px;'><div class=\"fusion-builder-row fusion-row \"><div  class=\"fusion-layout-column fusion_builder_column fusion_builder_column_3_4  fusion-three-fourth fusion-column-first 3_4\"  style='margin-top:0px;margin-bottom:20px;width:75%;width:calc(75% - ( ( 4% ) * 0.75 ) );margin-right: 4%;'>\n\t\t\t<div class=\"fusion-column-wrapper\"  style=\"background-position:left top;background-repeat:no-repeat;-webkit-background-size:cover;-moz-background-size:cover;-o-background-size:cover;background-size:cover;\"  data-bg-url=\"\">\n\t\t\t\t<div class=\"fusion-title title sep-underline sep-solid fusion-title-size-one\" style=\"border-bottom-color:#b21e26;margin-top:0px;margin-bottom:31px;\"><h1 class=\"title-heading-left\">RED DOG<\/h1><\/div><div class=\"fusion-builder-row fusion-builder-row-inner fusion-row \"><div  class=\"fusion-layout-column fusion-builder-column fusion-builder-column-1_3  fusion-one-third fusion-column-first fusion-one-third fusion-column-first 1_3\"  style='margin-top: 0px;margin-bottom: 20px;width:33.33%;width:calc(33.33% - ( ( 4% ) * 0.3333 ) );margin-right:4%;'>\n\t\t\t<div class=\"fusion-column-wrapper\"  style=\"background-position: left top;background-repeat: no-repeat;-webkit-background-size:cover;-moz-background-size:cover;-o-background-size:cover;background-size:cover;\">\n\t\t\t\t<span class=\"fusion-imageframe imageframe-none imageframe-2 hover-type-none\"><img loading=\"lazy\" decoding=\"async\" src=\"https:\/\/www.cajacgv.com.mx\/wp-content\/uploads\/2022\/04\/logo-seccio\u0301n-2933x1300px_Mesa-de-trabajo-1-1-scaled.jpg\" width=\"2560\" height=\"1135\" alt=\"descuentos1 cgv\" title=\"logo-seccio\u0301n-2933x1300px_Mesa de trabajo 1\" class=\"img-responsive wp-image-13756\" srcset=\"https:\/\/www.cajacgv.com.mx\/wp-content\/uploads\/2022\/04\/logo-seccio\u0301n-2933x1300px_Mesa-de-trabajo-1-1-200x89.jpg 200w, https:\/\/www.cajacgv.com.mx\/wp-content\/uploads\/2022\/04\/logo-seccio\u0301n-2933x1300px_Mesa-de-trabajo-1-1-400x177.jpg 400w, https:\/\/www.cajacgv.com.mx\/wp-content\/uploads\/2022\/04\/logo-seccio\u0301n-2933x1300px_Mesa-de-trabajo-1-1-600x266.jpg 600w, https:\/\/www.cajacgv.com.mx\/wp-content\/uploads\/2022\/04\/logo-seccio\u0301n-2933x1300px_Mesa-de-trabajo-1-1-800x355.jpg 800w, https:\/\/www.cajacgv.com.mx\/wp-content\/uploads\/2022\/04\/logo-seccio\u0301n-2933x1300px_Mesa-de-trabajo-1-1-1200x532.jpg 1200w, https:\/\/www.cajacgv.com.mx\/wp-content\/uploads\/2022\/04\/logo-seccio\u0301n-2933x1300px_Mesa-de-trabajo-1-1-scaled.jpg 2560w\" sizes=\"auto, (max-width: 800px) 100vw, 1100px\" \/><\/span>\n\t\t\t<\/div>\n\t\t<\/div><div  class=\"fusion-layout-column fusion-builder-column fusion-builder-column-2_3  fusion-two-third fusion-column-last fusion-two-third fusion-column-last 2_3\"  style='margin-top: 0px;margin-bottom: 20px;width:66.66%;width:calc(66.66% - ( ( 4% ) * 0.6666 ) );'>\n\t\t\t<div class=\"fusion-column-wrapper\"  style=\"background-position: left top;background-repeat: no-repeat;-webkit-background-size:cover;-moz-background-size:cover;-o-background-size:cover;background-size:cover;\">\n\t\t\t\t<p><strong><em>\u00a1Red Dog es el internet m\u00e1s f\u00e1cil!<\/em><\/strong><\/p>\n<p>Contrata tu soluci\u00f3n de conectividad con la tecnolog\u00eda m\u00e1s nueva y accesible.<\/p>\n<p>Adem\u00e1s, al ser Socio, disfruta del 50% de descuento* al adquirir tu M\u00f3dem. Lo \u00fanico que tienes que hacer para gozar de este beneficio, es solicitar en tu Sucursal CGV, tu cup\u00f3n de descuento.<\/p>\n<p>Contrata este servicio de Internet en cualquiera de sus sucursales de manera presencial o a trav\u00e9s del sitio web de Red Dog.<\/p>\n<p><strong>Pasos a seguir por contrataci\u00f3n en l\u00ednea<\/strong><\/p>\n<ul>\n<li>Da clic en el bot\u00f3n \u201cingresar cup\u00f3n\u201d.<\/li>\n<li>Ingresa el c\u00f3digo proporcionado en tu Sucursal CGV.<\/li>\n<li>Una vez validado el c\u00f3digo, aparecer\u00e1 una leyenda \u201cTienes 50% de descuento en tu m\u00f3dem\u201d.<\/li>\n<li>\u00a1Listo!, ahora podr\u00e1s finalizar tu compra y disfrutar del internet m\u00e1s f\u00e1cil.<\/li>\n<\/ul>\n<p><strong><em>Recuerda que con tu Tarjeta de D\u00e9bito CGV, siempre tienes tu dinero disponible para realizar tus compras en l\u00ednea.<\/em><\/strong><\/p>\n<p><strong>Sucursales<\/strong><\/p>\n<ul>\n<li>Plaza Citadina, Paseo Constituyentes 1601, El Pueblito, Quer\u00e9taro.<\/li>\n<li>Plaza Las Brisas, Ni\u00f1os H\u00e9roes 42 L3, Tequisquiapan, Quer\u00e9taro.<\/li>\n<\/ul>\n<p><strong>Tel\u00e9fono<\/strong><\/p>\n<ul>\n<li>800 733 3641<\/li>\n<\/ul>\n<p><strong>\u00a0P\u00e1gina Web<br \/>\n<\/strong><\/p>\n<ul>\n<li><a href=\"http:\/\/www.reddog.si\">www.reddog.si<\/a><\/li>\n<\/ul>\n<p><strong> Facebook<\/strong><\/p>\n<ul>\n<li><a href=\"https:\/\/www.facebook.com\/reddogmx\">@reddogmx <\/a><\/li>\n<\/ul>\n\n\t\t\t<\/div>\n\t\t<\/div><\/div><div class=\"fusion-sep-clear\"><\/div><div class=\"fusion-separator fusion-full-width-sep sep-none\" style=\"margin-left: auto;margin-right: auto;margin-top:35px;\"><\/div><div class=\"fusion-sep-clear\"><\/div><div class=\"fusion-separator fusion-full-width-sep sep-none\" style=\"margin-left: auto;margin-right: auto;margin-top:35px;\"><\/div><div class=\"fusion-sep-clear\"><\/div><div class=\"fusion-separator fusion-full-width-sep sep-none\" style=\"margin-left: auto;margin-right: auto;margin-top:35px;\"><\/div><p><strong>Aplican restricciones<\/strong><\/p>\n<ul>\n<li>Los productos participantes pueden cambiar sin previo aviso.<\/li>\n<li>Promoci\u00f3n v\u00e1lida para Socios mayores de 18 a\u00f1os.<\/li>\n<li>Aplicable en el estado de Quer\u00e9taro, Aguascalientes y San Luis Potos\u00ed.<\/li>\n<li>M\u00e9todo de pago: efectivo, TDD y TDC.<\/li>\n<li>Vigencia del 01 de enero de 2023 al 31 de diciembre de 2023.<\/li>\n<li>Para m\u00e1s informaci\u00f3n visita: <a href=\"http:\/\/www.reddog.si\">www.reddog.si<\/a><\/li>\n<\/ul>\n<div class=\"fusion-sep-clear\"><\/div><div class=\"fusion-separator fusion-full-width-sep sep-none\" style=\"margin-left: auto;margin-right: auto;margin-top:35px;\"><\/div><div class=\"fusion-sep-clear\"><\/div><div class=\"fusion-separator fusion-full-width-sep sep-none\" style=\"margin-left: auto;margin-right: auto;margin-top:35px;\"><\/div><div class=\"fusion-clearfix\"><\/div>\n\t\t\t<\/div>\n\t\t<\/div><div  class=\"fusion-layout-column fusion_builder_column fusion_builder_column_1_4  fusion-one-fourth fusion-column-last 1_4\"  style='margin-top:0px;margin-bottom:20px;width:25%;width:calc(25% - ( ( 4% ) * 0.25 ) );'>\n\t\t\t<div class=\"fusion-column-wrapper\"  style=\"background-position:left top;background-repeat:no-repeat;-webkit-background-size:cover;-moz-background-size:cover;-o-background-size:cover;background-size:cover;\"  data-bg-url=\"\">\n\t\t\t\t<div class=\"fusion-widget-area fusion-widget-area-1 fusion-content-widget-area\"><div id=\"block-2\" class=\"fusion-slidingbar-widget-column widget widget_block widget_media_image\"><div class=\"wp-block-image is-style-default\">\n<figure class=\"aligncenter size-full is-resized\"><a href=\"https:\/\/bit.ly\/EducaTuCarteraC\" target=\"_blank\" rel=\" noreferrer noopener\"><img loading=\"lazy\" decoding=\"async\" src=\"https:\/\/www.cajacgv.com.mx\/wp-content\/uploads\/2022\/11\/banner-educa_215X260.png\" alt=\"Educa tu cartera\" class=\"wp-image-14445\" width=\"214\" height=\"258\" srcset=\"https:\/\/www.cajacgv.com.mx\/wp-content\/uploads\/2022\/11\/banner-educa_215X260-200x242.png 200w, https:\/\/www.cajacgv.com.mx\/wp-content\/uploads\/2022\/11\/banner-educa_215X260.png 215w\" sizes=\"auto, (max-width: 214px) 100vw, 214px\" \/><\/a><figcaption class=\"wp-element-caption\"><strong>Si deseas conocer m\u00e1s sobre \"Educa tu Cartera\" , da clic en la imagen.<\/strong><\/figcaption><\/figure>\n<\/div><div style=\"clear:both;\"><\/div><\/div><div class=\"fusion-additional-widget-content\"><\/div><\/div><div class=\"fusion-clearfix\"><\/div>\n\t\t\t<\/div>\n\t\t<\/div><\/div><\/div><\/p>\n","protected":false},"excerpt":{"rendered":"","protected":false},"author":1,"featured_media":0,"parent":0,"menu_order":0,"comment_status":"closed","ping_status":"closed","template":"100-width.php","meta":{"footnotes":""},"class_list":["post-12413","page","type-page","status-publish","hentry"],"_links":{"self":[{"href":"https:\/\/www.cajacgv.com.mx\/index.php\/wp-json\/wp\/v2\/pages\/12413","targetHints":{"allow":["GET"]}}],"collection":[{"href":"https:\/\/www.cajacgv.com.mx\/index.php\/wp-json\/wp\/v2\/pages"}],"about":[{"href":"https:\/\/www.cajacgv.com.mx\/index.php\/wp-json\/wp\/v2\/types\/page"}],"author":[{"embeddable":true,"href":"https:\/\/www.cajacgv.com.mx\/index.php\/wp-json\/wp\/v2\/users\/1"}],"replies":[{"embeddable":true,"href":"https:\/\/www.cajacgv.com.mx\/index.php\/wp-json\/wp\/v2\/comments?post=12413"}],"version-history":[{"count":17,"href":"https:\/\/www.cajacgv.com.mx\/index.php\/wp-json\/wp\/v2\/pages\/12413\/revisions"}],"predecessor-version":[{"id":14720,"href":"https:\/\/www.cajacgv.com.mx\/index.php\/wp-json\/wp\/v2\/pages\/12413\/revisions\/14720"}],"wp:attachment":[{"href":"https:\/\/www.cajacgv.com.mx\/index.php\/wp-json\/wp\/v2\/media?parent=12413"}],"curies":[{"name":"wp","href":"https:\/\/api.w.org\/{rel}","templated":true}]}}