{"id":13088,"date":"2022-02-08T16:46:44","date_gmt":"2022-02-08T22:46:44","guid":{"rendered":"https:\/\/www.cajacgv.com.mx\/?page_id=13088"},"modified":"2024-12-03T09:14:10","modified_gmt":"2024-12-03T15:14:10","slug":"navididad-promo-cgv","status":"publish","type":"page","link":"https:\/\/www.cajacgv.com.mx\/index.php\/navididad-promo-cgv\/","title":{"rendered":"Navidad CGV"},"content":{"rendered":"<p><div  class=\"fusion-fullwidth fullwidth-box hundred-percent-fullwidth\"  style='background-color: rgba(255,255,255,0);background-position: center center;background-repeat: no-repeat;padding-top:0px;padding-right:0px;padding-bottom:0px;padding-left:0px;margin-top: -60px;'><div class=\"fusion-builder-row fusion-row \"><div  class=\"fusion-layout-column fusion_builder_column fusion_builder_column_1_1  fusion-one-full fusion-column-first fusion-column-last 1_1\"  style='margin-top:0px;margin-bottom:20px;'>\n\t\t\t<div class=\"fusion-column-wrapper\"  style=\"padding: 0px 0px 0px 0px;background-position:left top;background-repeat:no-repeat;-webkit-background-size:cover;-moz-background-size:cover;-o-background-size:cover;background-size:cover;\"  data-bg-url=\"\">\n\t\t\t\t<div class=\"imageframe-align-center\"><span class=\"fusion-imageframe imageframe-none imageframe-1 hover-type-none\"><img loading=\"lazy\" decoding=\"async\" src=\"https:\/\/www.cajacgv.com.mx\/wp-content\/uploads\/2024\/12\/Interior.png\" width=\"1920\" height=\"605\" alt=\"hazlo-tuyo cgv\" title=\"Interior\" class=\"img-responsive wp-image-17098\" srcset=\"https:\/\/www.cajacgv.com.mx\/wp-content\/uploads\/2024\/12\/Interior-200x63.png 200w, https:\/\/www.cajacgv.com.mx\/wp-content\/uploads\/2024\/12\/Interior-400x126.png 400w, https:\/\/www.cajacgv.com.mx\/wp-content\/uploads\/2024\/12\/Interior-600x189.png 600w, https:\/\/www.cajacgv.com.mx\/wp-content\/uploads\/2024\/12\/Interior-800x252.png 800w, https:\/\/www.cajacgv.com.mx\/wp-content\/uploads\/2024\/12\/Interior-1200x378.png 1200w, https:\/\/www.cajacgv.com.mx\/wp-content\/uploads\/2024\/12\/Interior.png 1920w\" sizes=\"auto, (max-width: 800px) 100vw, 1100px\" \/><\/span><\/div><style>\n#main{\n  background: url(https:\/\/www.cajacgv.com.mx\/wp-content\/uploads\/2024\/12\/Fondo.png) top;\n  background-position: center center;\t  \n  background-repeat: no-repeat;\n  background-attachment: fixed;\n  background-size: cover;\n  font-family: \"Montserrat\", sans-serif;\n}\n.text_form{\n  font-family: \"Montserrat\", sans-serif;\n  font-size: 18px;\n  color: #fff;\n}\n.text_dt_reg{\n  font-family: \"Montserrat\", sans-serif;\n  font-size: 18px;\n  text-align: left; \n  line-height: 1.5;\n  top: 10px;\n}\n.aux-contact-form textarea, #commentform textarea, .c_form textarea, .wpcf7 textarea {\n    min-height: 240px;\n    height: auto;\n    max-width: 100%;\n    color: #242121;\n}\n#comment-input input, .wpcf7-form .wpcf7-text, input[type=\"email\"], input[type=\"text\"] {\n    height: 35px;\n    padding-top: 0;\n    padding-bottom: 0;\n    color: #242121;\n}\ninput[type=\"file\"], input[type=\"email\"], input[type=\"tel\"], input[type=\"password\"], input[type=\"text\"], textarea {\n    -webkit-appearance: none;\n    -webkit-border-radius: 10px;\n}\ninput[type=checkbox]{\nfont-family: \"Montserrat\", sans-serif;\n  font-size: 15px;\n  \/* Doble-tama\u00f1o Checkboxes *\/\n  -ms-transform: scale(1.5); \/* IE *\/\n  -moz-transform: scale(1.5); \/* FF *\/\n  -webkit-transform: scale(1.5); \/* Safari y Chrome *\/\n  -o-transform: scale(1.5); \/* Opera *\/\n}\n.button-blue {\n    background: #2a463f !important;\n}\n.fusion-checklist .fusion-li-item-content, ul.fusion-checklist .fusion-li-item-content {\n  color: var(--awb-textcolor);\n  margin-inline-start: var(--awb-content-margin);\n}\n.fusion-tabs .tab-pane {\n    padding: 40px;\n}\n<\/style><div class=\"fusion-clearfix\"><\/div>\n\t\t\t<\/div>\n\t\t<\/div><\/div><\/div><div  class=\"fusion-fullwidth fullwidth-box nonhundred-percent-fullwidth\"  style='background-color: rgba(255,255,255,0);background-position: center center;background-repeat: no-repeat;padding-top:20px;padding-right:0px;padding-bottom:20px;padding-left:0px;'><div class=\"fusion-builder-row fusion-row \"><div  class=\"fusion-layout-column fusion_builder_column fusion_builder_column_1_1  fusion-one-full fusion-column-first fusion-column-last 1_1\"  style='margin-top:0px;margin-bottom:20px;'>\n\t\t\t<div class=\"fusion-column-wrapper\"  style=\"background-position:left top;background-repeat:no-repeat;-webkit-background-size:cover;-moz-background-size:cover;-o-background-size:cover;background-size:cover;\"  data-bg-url=\"\">\n\t\t\t\t<div class=\"text_form\">\n<p style=\"text-align: center;\"><strong>\u00a1Ven a celebrar con nosotros estas fiestas decembrinas!<\/strong><br \/>Vis\u00edtanos en cualquiera de nuestras sucursales y celebra con Caja CGV estas fistas.<\/p>\n<\/div>\n<div class=\"share-box fusion-sharing-box boxed-icons\" style=\"background-color:#ffff;\" data-title=\"Avada WordPress Theme\" data-description=\"Avada has been the #1 selling theme for more than 3 years, making it the most trusted and complete WordPress theme on the market. \" data-link=\"http:\/\/bit.ly\/2l3jd8A\">\n  <h2><strong>\u00bfC\u00f3mo participo?<\/strong><\/h2>\n  <div class=\"fusion-column-wrapper fusion-flex-justify-content-flex-start fusion-content-layout-column\"><!-- Inicio lista-->\n    <ul style=\"--awb-size:20px;--awb-item-padding-top:16px;--awb-item-padding-right:16px;--awb-item-padding-bottom:16px;--awb-item-padding-left:16px;--awb-iconcolor:#f22972;--awb-textcolor:#1f2024;--awb-line-height:34px;--awb-icon-width:34px;--awb-icon-height:34px;--awb-icon-margin:14px;--awb-content-margin:48px;\"\n      class=\"fusion-checklist fusion-checklist-3 type-icons\">\n      <li class=\"fusion-li-item\" style=\"\"><span class=\"icon-wrapper circle-no\"><i class=\"fusion-li-icon fas\" aria-hidden=\"true\" style=\"color:#eda5a8;\">1. <\/i><\/span>\n        <div class=\"fusion-li-item-content\">Ser socio de CGV y acudir a la sucursal durante el mes de diciembre.<\/div>\n      <\/li>\n      <li class=\"fusion-li-item\" style=\"\"><span class=\"icon-wrapper circle-no\"><i class=\"fusion-li-icon fas\" aria-hidden=\"true\" style=\"color:#eda5a8;\">2. <\/i><\/span>\n        <div class=\"fusion-li-item-content\">Realizar un movimiento en su cuenta (pago o dep\u00f3sito), en cualquiera de nuestras 37 sucursales para poder participar.<\/div>\n      <\/li>\n      <li class=\"fusion-li-item\" style=\"\"><span class=\"icon-wrapper circle-no\"><i class=\"fusion-li-icon fas\" aria-hidden=\"true\" style=\"color:#eda5a8;\">3. <\/i><\/span>\n        <div class=\"fusion-li-item-content\">Verifica tu ficha en la parte inferior, para saber si fuiste el afortunado ganador de alguno de nuestros premios.<\/div>\n      <\/li>\n      <li class=\"fusion-li-item\" style=\"\"><span class=\"icon-wrapper circle-no\"><i class=\"fusion-li-icon fas\" aria-hidden=\"true\" style=\"color:#eda5a8;\">4. <\/i><\/span>\n        <div class=\"fusion-li-item-content\"><strong>\u00a1Listo!<\/strong> Si en tu ficha aparece la leyenda ganadora, deber\u00e1s de notificarle al asesor CGV para que te entregue tu regalo correspondiente.<\/div>\n      <\/li>\n    <\/ul>\n  <\/div><!-- End lista-->\n\n  <h2><strong>T\u00c9RMINOS Y CONDICIONES<\/strong><\/h2>\n  <div class=\"fusion-column-wrapper fusion-flex-justify-content-flex-start fusion-content-layout-column\"><!-- Inicio lista-->\n    <ul style=\"--awb-size:20px;--awb-item-padding-top:16px;--awb-item-padding-right:16px;--awb-item-padding-bottom:16px;--awb-item-padding-left:16px;--awb-iconcolor:#f22972;--awb-textcolor:#1f2024;--awb-line-height:34px;--awb-icon-width:34px;--awb-icon-height:34px;--awb-icon-margin:14px;--awb-content-margin:48px;\"\n      class=\"fusion-checklist fusion-checklist-3 type-icons\">\n      <li class=\"fusion-li-item\" style=\"\"><span class=\"icon-wrapper circle-no\"><i class=\"fusion-li-icon fa fa-circle fas\" aria-hidden=\"true\" style=\"color:#eda5a8;\"><\/i><\/span>\n        <div class=\"fusion-li-item-content\">Promoci\u00f3n v\u00e1lida \u00fanicamente para Socios CGV.<\/div>\n      <\/li>\n      <li class=\"fusion-li-item\" style=\"\"><span class=\"icon-wrapper circle-no\"><i class=\"fusion-li-icon fa fa-circle fas\" aria-hidden=\"true\" style=\"color:#eda5a8;\"><\/i><\/span>\n        <div class=\"fusion-li-item-content\">Vigencia del 02 al 31 de diciembre de 2024 o hasta agotar existencias.<\/div>\n      <\/li>\n      <li class=\"fusion-li-item\" style=\"\"><span class=\"icon-wrapper circle-no\"><i class=\"fusion-li-icon fa fa-circle fas\" aria-hidden=\"true\" style=\"color:#eda5a8;\"><\/i><\/span>\n        <div class=\"fusion-li-item-content\">Promoci\u00f3n v\u00e1lida en todas las sucursales de CGV.<\/div>\n      <\/li>\n      <li class=\"fusion-li-item\" style=\"\"><span class=\"icon-wrapper circle-no\"><i class=\"fusion-li-icon fa fa-circle fas\" aria-hidden=\"true\" style=\"color:#eda5a8;\"><\/i><\/span>\n        <div class=\"fusion-li-item-content\">No participan colaboradores, ni proveedores de CGV.<\/div>\n      <\/li>\n      <li class=\"fusion-li-item\" style=\"\"><span class=\"icon-wrapper circle-no\"><i class=\"fusion-li-icon fa fa-circle fas\" aria-hidden=\"true\" style=\"color:#eda5a8;\"><\/i><\/span>\n        <div class=\"fusion-li-item-content\">Participan \u00fanicamente socios mayores de edad, que cuenten con $100 pesos de ahorro m\u00ednimo en su cuenta de Ahorro Normal y en caso de contar con un pr\u00e9stamo en CGV, estar al corriente en sus pagos (no estar en cartera vencida, en mora o en proceso jur\u00eddico), as\u00ed como, no tener firmas activas en cartera vencida o mora.<\/div>\n      <\/li>\n      <li class=\"fusion-li-item\" style=\"\"><span class=\"icon-wrapper circle-no\"><i class=\"fusion-li-icon fa fa-circle fas\" aria-hidden=\"true\" style=\"color:#eda5a8;\"><\/i><\/span>\n        <div class=\"fusion-li-item-content\">Solo el titular de la cuenta puede reclamar el regalo.<\/div>\n      <\/li>\n      <li class=\"fusion-li-item\" style=\"\"><span class=\"icon-wrapper circle-no\"><i class=\"fusion-li-icon fa fa-circle fas\" aria-hidden=\"true\" style=\"color:#eda5a8;\"><\/i><\/span>\n        <div class=\"fusion-li-item-content\">Limitado a un movimiento por socio.<\/div>\n      <\/li>\n      <li class=\"fusion-li-item\" style=\"\"><span class=\"icon-wrapper circle-no\"><i class=\"fusion-li-icon fa fa-circle fas\" aria-hidden=\"true\" style=\"color:#eda5a8;\"><\/i><\/span>\n        <div class=\"fusion-li-item-content\">Limitado a un regalo por socio.<\/div>\n      <\/li>\n      <li class=\"fusion-li-item\" style=\"\"><span class=\"icon-wrapper circle-no\"><i class=\"fusion-li-icon fa fa-circle fas\" aria-hidden=\"true\" style=\"color:#eda5a8;\"><\/i><\/span>\n        <div class=\"fusion-li-item-content\">No se puede intercambiar el regalo por otro o dinero.<\/div>\n      <\/li>\n      <li class=\"fusion-li-item\" style=\"\"><span class=\"icon-wrapper circle-no\"><i class=\"fusion-li-icon fa fa-circle fas\" aria-hidden=\"true\" style=\"color:#eda5a8;\"><\/i><\/span>\n        <div class=\"fusion-li-item-content\">No se puede canjear y recoger el obsequio en otra sucursal.<\/div>\n      <\/li>\n      <li class=\"fusion-li-item\" style=\"\"><span class=\"icon-wrapper circle-no\"><i class=\"fusion-li-icon fa fa-circle fas\" aria-hidden=\"true\" style=\"color:#eda5a8;\"><\/i><\/span>\n        <div class=\"fusion-li-item-content\">Es necesario realizar un dep\u00f3sito o retiro para poder participar.<\/div>\n      <\/li>\n      <li class=\"fusion-li-item\" style=\"\"><span class=\"icon-wrapper circle-no\"><i class=\"fusion-li-icon fa fa-circle fas\" aria-hidden=\"true\" style=\"color:#eda5a8;\"><\/i><\/span>\n        <div class=\"fusion-li-item-content\">Los regalos se asignan de manera aleatoria por el sistema y saldr\u00e1 impreso en la ficha de dep\u00f3sito, en donde se indicar\u00e1 qu\u00e9 regalo gan\u00f3 o un Feliz Navidad en caso de no salir premiado.<\/div>\n      <\/li>\n      <li class=\"fusion-li-item\" style=\"\"><span class=\"icon-wrapper circle-no\"><i class=\"fusion-li-icon fa fa-circle fas\" aria-hidden=\"true\" style=\"color:#eda5a8;\"><\/i><\/span>\n        <div class=\"fusion-li-item-content\">La entrega del regalo se realizar\u00e1 de forma inmediata en la sucursal donde se expidi\u00f3 la ficha de dep\u00f3sito.<\/div>\n      <\/li>\n    <\/ul>\n  <\/div><!-- End lista-->\n<\/div><div class=\"share-box fusion-sharing-box boxed-icons\" style=\"background-color:#fff;\" data-title=\"Avada WordPress Theme\" data-description=\"Avada has been the #1 selling theme for more than 3 years, making it the most trusted and complete WordPress theme on the market. \" data-link=\"http:\/\/bit.ly\/2l3jd8A\">\n\t<h4 class=\"tagline fusion-responsive-typography-calculated\" style=\"color: rgb(59, 59, 59); --fontSize:24; line-height: 1.3; --minFontSize:24;\" data-fontsize=\"24\" data-lineheight=\"31.2px\">\u00a1S\u00edguenos en redes sociales y mantente al pendiente de esta y otras promociones!<\/h4>\n\t<div class=\"fusion-social-networks boxed-icons\">\n\t\t<a class=\"fusion-social-network-icon fusion-tooltip fusion-facebook fusion-icon-facebook\" href=\"https:\/\/www.facebook.com\/CajaCGV\/\" target=\"_blank\" rel=\"nofollow\" style=\"color:#ffffff;background-color:#3b5998;border-color:#3b5998;border-radius:5px;\" data-placement=\"top\" data-title=\"Facebook\" title=\"\" aria-label=\"Facebook\" data-toggle=\"tooltip\" data-original-title=\"Facebook\"><\/a>\n\t<\/div>\n<\/div><div class=\"fusion-sep-clear\"><\/div><div class=\"fusion-separator fusion-full-width-sep sep-none\" style=\"margin-left: auto;margin-right: auto;margin-top:80px;\" id=\"mecanica\"><\/div><script type=\"text\/javascript\">\n \njQuery(document).on(\"click\", \"#Enviar\", function(e) {\n\ndocument.getElementById('descargaLoteria').style.display = 'block';\n \n\/\/alert(\"hello\");\n});\n \n<\/script><div class=\"fusion-clearfix\"><\/div>\n\t\t\t<\/div>\n\t\t<\/div><\/div><\/div><\/p>\n","protected":false},"excerpt":{"rendered":"","protected":false},"author":1,"featured_media":0,"parent":0,"menu_order":0,"comment_status":"closed","ping_status":"closed","template":"100-width.php","meta":{"footnotes":""},"class_list":["post-13088","page","type-page","status-publish","hentry"],"_links":{"self":[{"href":"https:\/\/www.cajacgv.com.mx\/index.php\/wp-json\/wp\/v2\/pages\/13088","targetHints":{"allow":["GET"]}}],"collection":[{"href":"https:\/\/www.cajacgv.com.mx\/index.php\/wp-json\/wp\/v2\/pages"}],"about":[{"href":"https:\/\/www.cajacgv.com.mx\/index.php\/wp-json\/wp\/v2\/types\/page"}],"author":[{"embeddable":true,"href":"https:\/\/www.cajacgv.com.mx\/index.php\/wp-json\/wp\/v2\/users\/1"}],"replies":[{"embeddable":true,"href":"https:\/\/www.cajacgv.com.mx\/index.php\/wp-json\/wp\/v2\/comments?post=13088"}],"version-history":[{"count":32,"href":"https:\/\/www.cajacgv.com.mx\/index.php\/wp-json\/wp\/v2\/pages\/13088\/revisions"}],"predecessor-version":[{"id":17108,"href":"https:\/\/www.cajacgv.com.mx\/index.php\/wp-json\/wp\/v2\/pages\/13088\/revisions\/17108"}],"wp:attachment":[{"href":"https:\/\/www.cajacgv.com.mx\/index.php\/wp-json\/wp\/v2\/media?parent=13088"}],"curies":[{"name":"wp","href":"https:\/\/api.w.org\/{rel}","templated":true}]}}