{"id":13594,"date":"2022-03-18T13:45:07","date_gmt":"2022-03-18T19:45:07","guid":{"rendered":"https:\/\/www.cajacgv.com.mx\/?page_id=13594"},"modified":"2025-10-09T13:00:25","modified_gmt":"2025-10-09T19:00:25","slug":"promocion-cgv","status":"publish","type":"page","link":"https:\/\/www.cajacgv.com.mx\/index.php\/promocion-cgv\/","title":{"rendered":"Promoci\u00f3n CGV"},"content":{"rendered":"<p><div  class=\"fusion-fullwidth fullwidth-box hundred-percent-fullwidth\"  style='background-color: rgba(255,255,255,0);background-position: center center;background-repeat: no-repeat;padding-top:0px;padding-right:0px;padding-bottom:0px;padding-left:0px;margin-top: -60px;'><div class=\"fusion-builder-row fusion-row \"><div  class=\"fusion-layout-column fusion_builder_column fusion_builder_column_1_1  fusion-one-full fusion-column-first fusion-column-last 1_1\"  style='margin-top:0px;margin-bottom:20px;'>\n\t\t\t<div class=\"fusion-column-wrapper\"  style=\"padding: 0px 0px 0px 0px;background-position:left top;background-repeat:no-repeat;-webkit-background-size:cover;-moz-background-size:cover;-o-background-size:cover;background-size:cover;\"  data-bg-url=\"\">\n\t\t\t\t<div class=\"imageframe-align-center\"><span class=\"fusion-imageframe imageframe-none imageframe-1 hover-type-none\"><img loading=\"lazy\" decoding=\"async\" src=\"https:\/\/www.cajacgv.com.mx\/wp-content\/uploads\/2023\/11\/Tanda-CGV-BANNER-promo.jpg\" width=\"1920\" height=\"605\" alt=\"hazlo-tuyo cgv\" title=\"Tanda-CGV-BANNER-promo\" class=\"img-responsive wp-image-16207\" srcset=\"https:\/\/www.cajacgv.com.mx\/wp-content\/uploads\/2023\/11\/Tanda-CGV-BANNER-promo-200x63.jpg 200w, https:\/\/www.cajacgv.com.mx\/wp-content\/uploads\/2023\/11\/Tanda-CGV-BANNER-promo-400x126.jpg 400w, https:\/\/www.cajacgv.com.mx\/wp-content\/uploads\/2023\/11\/Tanda-CGV-BANNER-promo-600x189.jpg 600w, https:\/\/www.cajacgv.com.mx\/wp-content\/uploads\/2023\/11\/Tanda-CGV-BANNER-promo-800x252.jpg 800w, https:\/\/www.cajacgv.com.mx\/wp-content\/uploads\/2023\/11\/Tanda-CGV-BANNER-promo-1200x378.jpg 1200w, https:\/\/www.cajacgv.com.mx\/wp-content\/uploads\/2023\/11\/Tanda-CGV-BANNER-promo.jpg 1920w\" sizes=\"auto, (max-width: 800px) 100vw, 1100px\" \/><\/span><\/div><style>\n#main{\n  background: url(https:\/\/www.cajacgv.com.mx\/wp-content\/uploads\/2023\/11\/Tanda-CGV-fondo.jpg) top;\n  background-position: center center;\t  \n  background-repeat: no-repeat;\n  background-attachment: fixed;\n  background-size: cover;\n  font-family: \"Montserrat\", sans-serif;\n}\n.text_form{\n  font-family: \"Montserrat\", sans-serif;\n  font-size: 18px;\n  color: #fff;\n}\n.text_dt_reg{\n  font-family: \"Montserrat\", sans-serif;\n  font-size: 18px;\n  text-align: left; \n  line-height: 1.5;\n  top: 10px;\n}\n.aux-contact-form textarea, #commentform textarea, .c_form textarea, .wpcf7 textarea {\n    min-height: 240px;\n    height: auto;\n    max-width: 100%;\n    color: #242121;\n}\n#comment-input input, .wpcf7-form .wpcf7-text, input[type=\"email\"], input[type=\"text\"] {\n    height: 35px;\n    padding-top: 0;\n    padding-bottom: 0;\n    color: #242121;\n}\ninput[type=\"file\"], input[type=\"email\"], input[type=\"tel\"], input[type=\"password\"], input[type=\"text\"], textarea {\n    -webkit-appearance: none;\n    -webkit-border-radius: 10px;\n}\ninput[type=checkbox]{\nfont-family: \"Montserrat\", sans-serif;\n  font-size: 15px;\n  \/* Doble-tama\u00f1o Checkboxes *\/\n  -ms-transform: scale(1.5); \/* IE *\/\n  -moz-transform: scale(1.5); \/* FF *\/\n  -webkit-transform: scale(1.5); \/* Safari y Chrome *\/\n  -o-transform: scale(1.5); \/* Opera *\/\n}\n.button-blue {\n    background: #2a463f !important;\n}\n.fusion-checklist .fusion-li-item-content, ul.fusion-checklist .fusion-li-item-content {\n  color: var(--awb-textcolor);\n  margin-inline-start: var(--awb-content-margin);\n}\n.fusion-tabs .tab-pane {\n    padding: 40px;\n}\n<\/style><div class=\"fusion-clearfix\"><\/div>\n\t\t\t<\/div>\n\t\t<\/div><\/div><\/div><div  class=\"fusion-fullwidth fullwidth-box nonhundred-percent-fullwidth\"  style='background-color: rgba(255,255,255,0);background-position: center center;background-repeat: no-repeat;padding-top:20px;padding-right:0px;padding-bottom:20px;padding-left:0px;'><div class=\"fusion-builder-row fusion-row \"><div  class=\"fusion-layout-column fusion_builder_column fusion_builder_column_1_1  fusion-one-full fusion-column-first fusion-column-last 1_1\"  style='margin-top:0px;margin-bottom:20px;'>\n\t\t\t<div class=\"fusion-column-wrapper\"  style=\"background-position:left top;background-repeat:no-repeat;-webkit-background-size:cover;-moz-background-size:cover;-o-background-size:cover;background-size:cover;\"  data-bg-url=\"\">\n\t\t\t\t<p style=\"color: #ffffff; text-align: center;\"><strong>\u00a1Eres principiante y aun no sabes c\u00f3mo iniciar tu ahorro!<\/strong><\/p>\n<p style=\"color: #ffff;\">CGV te acompa\u00f1a en este camino de educaci\u00f3n financiera, apertura tu Tanda CGV desde $50 pesos semanales, quincenales o mensuales y obt\u00e9n grandes beneficios.<\/p>\n<div class=\"share-box fusion-sharing-box boxed-icons\" style=\"background-color:#ffff;\" data-title=\"Avada WordPress Theme\" data-description=\"Avada has been the #1 selling theme for more than 3 years, making it the most trusted and complete WordPress theme on the market. \" data-link=\"http:\/\/bit.ly\/2l3jd8A\">\n  <h2><strong>\u00bfC\u00f3mo participo?<\/strong><\/h2>\n  <div class=\"fusion-column-wrapper fusion-flex-justify-content-flex-start fusion-content-layout-column\"><!-- Inicio lista-->\n    <ul style=\"--awb-size:20px;--awb-item-padding-top:16px;--awb-item-padding-right:16px;--awb-item-padding-bottom:16px;--awb-item-padding-left:16px;--awb-iconcolor:#f22972;--awb-textcolor:#1f2024;--awb-line-height:34px;--awb-icon-width:34px;--awb-icon-height:34px;--awb-icon-margin:14px;--awb-content-margin:48px;\"\n      class=\"fusion-checklist fusion-checklist-3 type-icons\">\n      <li class=\"fusion-li-item\" style=\"\"><span class=\"icon-wrapper circle-no\"><i class=\"fusion-li-icon fas\" aria-hidden=\"true\" style=\"color:#eda5a8;\">1. <\/i><\/span>\n        <div class=\"fusion-li-item-content\">Ser Socio de Caja CGV.<\/div>\n      <\/li>\n      <li class=\"fusion-li-item\" style=\"\"><span class=\"icon-wrapper circle-no\"><i class=\"fusion-li-icon fas\" aria-hidden=\"true\" style=\"color:#eda5a8;\">2. <\/i><\/span>\n        <div class=\"fusion-li-item-content\">Acude a cualquier sucursal y pres\u00e9ntate en escritorio.<\/div>\n      <\/li>\n      <li class=\"fusion-li-item\" style=\"\"><span class=\"icon-wrapper circle-no\"><i class=\"fusion-li-icon fas\" aria-hidden=\"true\" style=\"color:#eda5a8;\">3. <\/i><\/span>\n        <div class=\"fusion-li-item-content\">Apertura tu Tanda CGV de un monto m\u00ednimo de $50.00 pesos semanales, quincenales o mensuales.<\/div>\n      <\/li>\n      <li class=\"fusion-li-item\" style=\"\"><span class=\"icon-wrapper circle-no\"><i class=\"fusion-li-icon fas\" aria-hidden=\"true\" style=\"color:#eda5a8;\">4. <\/i><\/span>\n        <div class=\"fusion-li-item-content\">Recuerda que la cantidad con la que desees aperturar tu Tanda, debe estar disponible en tu Ahorro a la Vista.<\/div>\n      <\/li>\n    <\/ul>\n\t\t<p><strong>\u00a1Listo!<\/strong> Al finalizar tu plazo obtendr\u00e1s un obsequio CGV.<\/p>\n    <p>Consulta m\u00e1s informaci\u00f3n sobre Tanda CGV <a href=\"https:\/\/www.cajacgv.com.mx\/index.php\/tanda-cgv\/\" target=\"_blank\">AQU\u00cd<\/a><\/p>\n  <\/div><!-- End lista-->\n\n  <h2><strong>T\u00c9RMINOS Y CONDICIONES<\/strong><\/h2>\n  <div class=\"fusion-column-wrapper fusion-flex-justify-content-flex-start fusion-content-layout-column\"><!-- Inicio lista-->\n    <ul style=\"--awb-size:20px;--awb-item-padding-top:16px;--awb-item-padding-right:16px;--awb-item-padding-bottom:16px;--awb-item-padding-left:16px;--awb-iconcolor:#f22972;--awb-textcolor:#1f2024;--awb-line-height:34px;--awb-icon-width:34px;--awb-icon-height:34px;--awb-icon-margin:14px;--awb-content-margin:48px;\"\n      class=\"fusion-checklist fusion-checklist-3 type-icons\">\n      <li class=\"fusion-li-item\" style=\"\"><span class=\"icon-wrapper circle-no\"><i class=\"fusion-li-icon fa fa-circle fas\" aria-hidden=\"true\" style=\"color:#eda5a8;\"><\/i><\/span>\n        <div class=\"fusion-li-item-content\">Promoci\u00f3n v\u00e1lida para Socios CGV y Ni\u00f1os CGV.<\/div>\n      <\/li>\n      <li class=\"fusion-li-item\" style=\"\"><span class=\"icon-wrapper circle-no\"><i class=\"fusion-li-icon fa fa-circle fas\" aria-hidden=\"true\" style=\"color:#eda5a8;\"><\/i><\/span>\n        <div class=\"fusion-li-item-content\">V\u00e1lida en todas las sucursales CGV.<\/div>\n      <\/li>\n      <li class=\"fusion-li-item\" style=\"\"><span class=\"icon-wrapper circle-no\"><i class=\"fusion-li-icon fa fa-circle fas\" aria-hidden=\"true\" style=\"color:#eda5a8;\"><\/i><\/span>\n        <div class=\"fusion-li-item-content\">Vigencia de la promoci\u00f3n del 9 de octubre al 31 de diciembre de 2025.<\/div>\n      <\/li>\n      <li class=\"fusion-li-item\" style=\"\"><span class=\"icon-wrapper circle-no\"><i class=\"fusion-li-icon fa fa-circle fas\" aria-hidden=\"true\" style=\"color:#eda5a8;\"><\/i><\/span>\n        <div class=\"fusion-li-item-content\">Promoci\u00f3n v\u00e1lida \u00fanicamente para aperturas nuevas de Plan de Ahorro 180 \u201cTanda CGV\u201d.<\/div>\n      <\/li>\n      <li class=\"fusion-li-item\" style=\"\"><span class=\"icon-wrapper circle-no\"><i class=\"fusion-li-icon fa fa-circle fas\" aria-hidden=\"true\" style=\"color:#eda5a8;\"><\/i><\/span>\n        <div class=\"fusion-li-item-content\">El obsequio es intransferible y no equivale a dinero en efectivo.<\/div>\n      <\/li>\n      <li class=\"fusion-li-item\" style=\"\"><span class=\"icon-wrapper circle-no\"><i class=\"fusion-li-icon fa fa-circle fas\" aria-hidden=\"true\" style=\"color:#eda5a8;\"><\/i><\/span>\n        <div class=\"fusion-li-item-content\">El obsequio s\u00e9 entregar una vez finalizado el plazo de su Plan de Ahorro 180 \u201cTanda CGV\u201d.<\/div>\n      <\/li>\n      <li class=\"fusion-li-item\" style=\"\"><span class=\"icon-wrapper circle-no\"><i class=\"fusion-li-icon fa fa-circle fas\" aria-hidden=\"true\" style=\"color:#eda5a8;\"><\/i><\/span>\n        <div class=\"fusion-li-item-content\">Los sellos se registrar\u00e1n en su tarjeta de manera mensual, sin importar si los abonos a su Plan de Ahorro \u201cTanda CGV\u201d son de manera semanal, quincenal o mensual.<\/div>\n      <\/li>\n      <li class=\"fusion-li-item\" style=\"\"><span class=\"icon-wrapper circle-no\"><i class=\"fusion-li-icon fa fa-circle fas\" aria-hidden=\"true\" style=\"color:#eda5a8;\"><\/i><\/span>\n        <div class=\"fusion-li-item-content\">Solicita al Asesor CGV de Caja que coloque el sello en su tarjeta cuando realices su abono.<\/div>\n      <\/li>\n      <li class=\"fusion-li-item\" style=\"\"><span class=\"icon-wrapper circle-no\"><i class=\"fusion-li-icon fa fa-circle fas\" aria-hidden=\"true\" style=\"color:#eda5a8;\"><\/i><\/span>\n        <div class=\"fusion-li-item-content\">Para que se pueda colocar el sello en su tarjeta deber\u00e1s cumplir con el monto total de su abono correspondiente del mes.<\/div>\n      <\/li>\n      <li class=\"fusion-li-item\" style=\"\"><span class=\"icon-wrapper circle-no\"><i class=\"fusion-li-icon fa fa-circle fas\" aria-hidden=\"true\" style=\"color:#eda5a8;\"><\/i><\/span>\n        <div class=\"fusion-li-item-content\">Para poder canjear su obsequio deber\u00e1n presentar su tarjeta con los 6, correspondientes a los 6 meses que dura el plazo de \u201cTanda CGV\u201d en la sucursal CGV donde aperturo su Plan de Ahorro.<\/div>\n      <\/li>\n    <\/ul>\n    <p><strong>Nota: No aplica para Plan de Ahorro 360.<\/strong><\/p>\n  <\/div><!-- End lista-->\n<\/div><div class=\"share-box fusion-sharing-box boxed-icons\" style=\"background-color:#ffff;\" data-title=\"Avada WordPress Theme\" data-description=\"Avada has been the #1 selling theme for more than 3 years, making it the most trusted and complete WordPress theme on the market. \" data-link=\"http:\/\/bit.ly\/2l3jd8A\">\n\t<h4 class=\"tagline fusion-responsive-typography-calculated\" style=\"color: rgb(59, 59, 59); --fontSize:24; line-height: 1.3; --minFontSize:24;\" data-fontsize=\"24\" data-lineheight=\"31.2px\">\u00a1S\u00edguenos en redes sociales y mantente al pendiente de esta y otras promociones!<\/h4>\n\t<div class=\"fusion-social-networks boxed-icons\">\n\t\t<a class=\"fusion-social-network-icon fusion-tooltip fusion-facebook fusion-icon-facebook\" href=\"https:\/\/www.facebook.com\/CajaCGV\/\" target=\"_blank\" rel=\"nofollow\" style=\"color:#ffffff;background-color:#3b5998;border-color:#3b5998;border-radius:5px;\" data-placement=\"top\" data-title=\"Facebook\" title=\"\" aria-label=\"Facebook\" data-toggle=\"tooltip\" data-original-title=\"Facebook\"><\/a>\n\t<\/div>\n<\/div><div class=\"fusion-sep-clear\"><\/div><div class=\"fusion-separator fusion-full-width-sep sep-none\" style=\"margin-left: auto;margin-right: auto;margin-top:80px;\" id=\"mecanica\"><\/div><div class=\"fusion-clearfix\"><\/div>\n\t\t\t<\/div>\n\t\t<\/div><\/div><\/div><\/p>\n","protected":false},"excerpt":{"rendered":"","protected":false},"author":1,"featured_media":0,"parent":0,"menu_order":0,"comment_status":"closed","ping_status":"closed","template":"100-width.php","meta":{"footnotes":""},"class_list":["post-13594","page","type-page","status-publish","hentry"],"_links":{"self":[{"href":"https:\/\/www.cajacgv.com.mx\/index.php\/wp-json\/wp\/v2\/pages\/13594","targetHints":{"allow":["GET"]}}],"collection":[{"href":"https:\/\/www.cajacgv.com.mx\/index.php\/wp-json\/wp\/v2\/pages"}],"about":[{"href":"https:\/\/www.cajacgv.com.mx\/index.php\/wp-json\/wp\/v2\/types\/page"}],"author":[{"embeddable":true,"href":"https:\/\/www.cajacgv.com.mx\/index.php\/wp-json\/wp\/v2\/users\/1"}],"replies":[{"embeddable":true,"href":"https:\/\/www.cajacgv.com.mx\/index.php\/wp-json\/wp\/v2\/comments?post=13594"}],"version-history":[{"count":52,"href":"https:\/\/www.cajacgv.com.mx\/index.php\/wp-json\/wp\/v2\/pages\/13594\/revisions"}],"predecessor-version":[{"id":17646,"href":"https:\/\/www.cajacgv.com.mx\/index.php\/wp-json\/wp\/v2\/pages\/13594\/revisions\/17646"}],"wp:attachment":[{"href":"https:\/\/www.cajacgv.com.mx\/index.php\/wp-json\/wp\/v2\/media?parent=13594"}],"curies":[{"name":"wp","href":"https:\/\/api.w.org\/{rel}","templated":true}]}}