{"id":13663,"date":"2022-04-20T14:35:34","date_gmt":"2022-04-20T20:35:34","guid":{"rendered":"https:\/\/www.cajacgv.com.mx\/?page_id=13663"},"modified":"2026-02-18T17:53:49","modified_gmt":"2026-02-18T23:53:49","slug":"buro-entidades-financieras-cgv","status":"publish","type":"page","link":"https:\/\/www.cajacgv.com.mx\/index.php\/buro-entidades-financieras-cgv\/","title":{"rendered":"Bur\u00f3 de Entidades Financieras"},"content":{"rendered":"<p><div  class=\"fusion-fullwidth fullwidth-box hundred-percent-fullwidth\"  style='background-color: rgba(255,255,255,0);background-position: center center;background-repeat: no-repeat;padding-top:0px;padding-right:0px;padding-bottom:0px;padding-left:0px;margin-top: -60px;'><div class=\"fusion-builder-row fusion-row \"><div  class=\"fusion-layout-column fusion_builder_column fusion_builder_column_1_1  fusion-one-full fusion-column-first fusion-column-last 1_1\"  style='margin-top:0px;margin-bottom:20px;'>\n\t\t\t<div class=\"fusion-column-wrapper\"  style=\"padding: 0px 0px 0px 0px;background-position:left top;background-repeat:no-repeat;-webkit-background-size:cover;-moz-background-size:cover;-o-background-size:cover;background-size:cover;\"  data-bg-url=\"\">\n\t\t\t\t<div class=\"imageframe-align-center\"><span class=\"fusion-imageframe imageframe-none imageframe-1 hover-type-none\"><img loading=\"lazy\" decoding=\"async\" src=\"https:\/\/www.cajacgv.com.mx\/wp-content\/uploads\/2022\/04\/banner-buro-identidades-1920x602px.jpg\" width=\"1920\" height=\"602\" alt=\"orgullo cgv\" title=\"banner-buro-identidades-1920x602px\" class=\"img-responsive wp-image-13700\" srcset=\"https:\/\/www.cajacgv.com.mx\/wp-content\/uploads\/2022\/04\/banner-buro-identidades-1920x602px-200x63.jpg 200w, https:\/\/www.cajacgv.com.mx\/wp-content\/uploads\/2022\/04\/banner-buro-identidades-1920x602px-400x125.jpg 400w, https:\/\/www.cajacgv.com.mx\/wp-content\/uploads\/2022\/04\/banner-buro-identidades-1920x602px-600x188.jpg 600w, https:\/\/www.cajacgv.com.mx\/wp-content\/uploads\/2022\/04\/banner-buro-identidades-1920x602px-800x251.jpg 800w, https:\/\/www.cajacgv.com.mx\/wp-content\/uploads\/2022\/04\/banner-buro-identidades-1920x602px-1200x376.jpg 1200w, https:\/\/www.cajacgv.com.mx\/wp-content\/uploads\/2022\/04\/banner-buro-identidades-1920x602px.jpg 1920w\" sizes=\"auto, (max-width: 800px) 100vw, 1100px\" \/><\/span><\/div><div class=\"fusion-clearfix\"><\/div>\n\t\t\t<\/div>\n\t\t<\/div><\/div><\/div><div  class=\"fusion-fullwidth fullwidth-box nonhundred-percent-fullwidth\"  style='background-color: rgba(255,255,255,0);background-position: center center;background-repeat: no-repeat;padding-top:20px;padding-right:0px;padding-bottom:20px;padding-left:0px;'><div class=\"fusion-builder-row fusion-row \"><div  class=\"fusion-layout-column fusion_builder_column fusion_builder_column_1_1  fusion-one-full fusion-column-first fusion-column-last 1_1\"  style='margin-top:0px;margin-bottom:20px;'>\n\t\t\t<div class=\"fusion-column-wrapper\"  style=\"background-position:left top;background-repeat:no-repeat;-webkit-background-size:cover;-moz-background-size:cover;-o-background-size:cover;background-size:cover;\"  data-bg-url=\"\">\n\t\t\t\t<div class=\"fusion-title title sep-underline sep-solid fusion-title-size-one\" style=\"border-bottom-color:#b21e26;margin-top:0px;margin-bottom:31px;\"><h1 class=\"title-heading-left\">\u00bfQu\u00e9 es el Bur\u00f3 de Entidades Financieras?<\/h1><\/div><p>Es una herramienta de consulta y difusi\u00f3n con la que podr\u00e1s conocer los productos que ofrecen las entidades financieras, sus comisiones y tasas, las reclamaciones de los usuarios, las pr\u00e1cticas no sanas en que incurren, las sanciones administrativas que les han impuesto, las cl\u00e1usulas abusivas de sus contratos y otra informaci\u00f3n que resulte relevante para informarte sobre su desempe\u00f1o.<\/p>\n<p>Con el Bur\u00f3 de Entidades Financieras, se lograr\u00e1 saber qui\u00e9n es qui\u00e9n en bancos, seguros, sociedades financieras de objeto m\u00faltiple, cajas de ahorro, afores, entre otras entidades.<\/p>\n<p>Con ello, podr\u00e1s comparar y evaluar a las entidades financieras, sus productos y servicios y tendr\u00e1s mayores elementos para elegir lo que m\u00e1s te convenga.<\/p>\n<p>Esta informaci\u00f3n te ser\u00e1 \u00fatil para elegir un producto financiero y tambi\u00e9n para conocer y usar mejor los que ya tienes.<\/p>\n<p>Este Bur\u00f3 de Entidades Financieras, es una herramienta que puede contribuir al crecimiento econ\u00f3mico del pa\u00eds, al promover la competencia entre las instituciones financieras; que impulsar\u00e1 la transparencia al revelar informaci\u00f3n a los usuarios sobre el desempe\u00f1o de \u00e9stas y los productos que ofrecen y que va a facilitar un manejo responsable de los productos y servicios financieros al conocer a detalle sus caracter\u00edsticas.<\/p>\n<p>Lo anterior, podr\u00e1 derivar en un mayor bienestar social, porque al conjuntar en un solo espacio tan diversa informaci\u00f3n del sistema financiero, el usuario tendr\u00e1 m\u00e1s elementos para optimizar su presupuesto, para mejorar sus finanzas personales, para utilizar correctamente los cr\u00e9ditos que fortalecer\u00e1n su econom\u00eda y obtener los seguros que la protejan, entre otros aspectos<\/p>\n<p>Accede al sitio del Comportamiento de Sociedades Cooperativas de Ahorro y Pr\u00e9stamo para conoce la informaci\u00f3n de Caja Gonzalo Vega, S.C. de A.P. de R.L. de C.V. sobre nuestro comportamiento frente a los usuarios, por la prestaci\u00f3n de productos y servicios.<\/p>\n<ul>\n<li><a href=\"https:\/\/www.buro.gob.mx\/general_gob.php?id_sector=29&#038;id_periodo=45\" target=\"_blank\" rel=\"noopener\">Comportamiento de Sociedades Cooperativas de Ahorro y Pr\u00e9stamo.<\/a><\/li>\n<li><a href=\"https:\/\/www.buro.gob.mx\/\" target=\"_blank\" rel=\"noopener\">Bur\u00f3 de Entidades Financieras.<\/a><\/li>\n<\/ul>\n<p>Para el uso del Bur\u00f3 de Entidades Financieras te invitamos a consultar la Gu\u00eda de Consulta para Usuarios del Bur\u00f3 de Entidades Financieras.<\/p>\n<ul>\n<li><a href=\"https:\/\/www.buro.gob.mx\/doctos\/Guia_usuario_buro.pdf\" target=\"_blank\" rel=\"noopener\">Gu\u00eda de Consulta para Usuarios del Bur\u00f3 de Entidades Financieras<\/a><\/li>\n<\/ul>\n<p><i>El Bur\u00f3 de Entidades Financieras contiene informaci\u00f3n de <b>Caja Gonzalo Vega S.C. de A.P. de R.L. de C.V.<\/b> sobre las caracter\u00edsticas de nuestros productos y nuestro desempe\u00f1o frente a los Usuarios en la prestaci\u00f3n de servicios.<\/i><\/p>\n<div class=\"fusion-sep-clear\"><\/div><div class=\"fusion-separator fusion-full-width-sep sep-none\" style=\"margin-left: auto;margin-right: auto;margin-top:35px;\"><\/div><p><strong><span class=\"TituloPeriodo\">Periodo: Enero &#8211; Septiembre 2025<\/span><\/strong><\/p>\n<img decoding=\"async\" class=\"alignnone size-medium wp-image-1286\" src=\"https:\/\/www.cajacgv.com.mx\/wp-content\/uploads\/2026\/02\/Captura-de-pantalla-2026-02-18-a-las-5.52.10-p.m.png\" alt=\"aviso la beata\" width=\"90%\"><div class=\"fusion-clearfix\"><\/div>\n\t\t\t<\/div>\n\t\t<\/div><\/div><\/div><\/p>\n","protected":false},"excerpt":{"rendered":"","protected":false},"author":1,"featured_media":0,"parent":0,"menu_order":0,"comment_status":"closed","ping_status":"closed","template":"100-width.php","meta":{"footnotes":""},"class_list":["post-13663","page","type-page","status-publish","hentry"],"_links":{"self":[{"href":"https:\/\/www.cajacgv.com.mx\/index.php\/wp-json\/wp\/v2\/pages\/13663","targetHints":{"allow":["GET"]}}],"collection":[{"href":"https:\/\/www.cajacgv.com.mx\/index.php\/wp-json\/wp\/v2\/pages"}],"about":[{"href":"https:\/\/www.cajacgv.com.mx\/index.php\/wp-json\/wp\/v2\/types\/page"}],"author":[{"embeddable":true,"href":"https:\/\/www.cajacgv.com.mx\/index.php\/wp-json\/wp\/v2\/users\/1"}],"replies":[{"embeddable":true,"href":"https:\/\/www.cajacgv.com.mx\/index.php\/wp-json\/wp\/v2\/comments?post=13663"}],"version-history":[{"count":19,"href":"https:\/\/www.cajacgv.com.mx\/index.php\/wp-json\/wp\/v2\/pages\/13663\/revisions"}],"predecessor-version":[{"id":17816,"href":"https:\/\/www.cajacgv.com.mx\/index.php\/wp-json\/wp\/v2\/pages\/13663\/revisions\/17816"}],"wp:attachment":[{"href":"https:\/\/www.cajacgv.com.mx\/index.php\/wp-json\/wp\/v2\/media?parent=13663"}],"curies":[{"name":"wp","href":"https:\/\/api.w.org\/{rel}","templated":true}]}}