{"id":15209,"date":"2023-04-24T12:27:17","date_gmt":"2023-04-24T18:27:17","guid":{"rendered":"https:\/\/www.cajacgv.com.mx\/?page_id=15209"},"modified":"2025-10-07T17:21:06","modified_gmt":"2025-10-07T23:21:06","slug":"promociones-cgv-2","status":"publish","type":"page","link":"https:\/\/www.cajacgv.com.mx\/index.php\/promociones-cgv-2\/","title":{"rendered":"Promociones CGV"},"content":{"rendered":"<p><div  class=\"fusion-fullwidth fullwidth-box hundred-percent-fullwidth\"  style='background-color: rgba(255,255,255,0);background-position: center center;background-repeat: no-repeat;padding-top:0px;padding-right:0px;padding-bottom:0px;padding-left:0px;margin-top: -60px;'><div class=\"fusion-builder-row fusion-row \"><div  class=\"fusion-layout-column fusion_builder_column fusion_builder_column_1_1  fusion-one-full fusion-column-first fusion-column-last 1_1\"  style='margin-top:0px;margin-bottom:20px;'>\n\t\t\t<div class=\"fusion-column-wrapper\"  style=\"padding: 0px 0px 0px 0px;background-position:left top;background-repeat:no-repeat;-webkit-background-size:cover;-moz-background-size:cover;-o-background-size:cover;background-size:cover;\"  data-bg-url=\"\">\n\t\t\t\t<div class=\"imageframe-align-center\"><span class=\"fusion-imageframe imageframe-none imageframe-1 hover-type-none\"><img loading=\"lazy\" decoding=\"async\" src=\"https:\/\/www.cajacgv.com.mx\/wp-content\/uploads\/2023\/12\/Navidad-Lealtad_BannerLanding_1920x605px.jpg\" width=\"1920\" height=\"605\" alt=\"hazlo-tuyo cgv\" title=\"Navidad-Lealtad_BannerLanding_1920x605px\" class=\"img-responsive wp-image-16390\" srcset=\"https:\/\/www.cajacgv.com.mx\/wp-content\/uploads\/2023\/12\/Navidad-Lealtad_BannerLanding_1920x605px-200x63.jpg 200w, https:\/\/www.cajacgv.com.mx\/wp-content\/uploads\/2023\/12\/Navidad-Lealtad_BannerLanding_1920x605px-400x126.jpg 400w, https:\/\/www.cajacgv.com.mx\/wp-content\/uploads\/2023\/12\/Navidad-Lealtad_BannerLanding_1920x605px-600x189.jpg 600w, https:\/\/www.cajacgv.com.mx\/wp-content\/uploads\/2023\/12\/Navidad-Lealtad_BannerLanding_1920x605px-800x252.jpg 800w, https:\/\/www.cajacgv.com.mx\/wp-content\/uploads\/2023\/12\/Navidad-Lealtad_BannerLanding_1920x605px-1200x378.jpg 1200w, https:\/\/www.cajacgv.com.mx\/wp-content\/uploads\/2023\/12\/Navidad-Lealtad_BannerLanding_1920x605px.jpg 1920w\" sizes=\"auto, (max-width: 800px) 100vw, 1100px\" \/><\/span><\/div><style>\n#main{\n  background: url(https:\/\/www.cajacgv.com.mx\/wp-content\/uploads\/2023\/12\/Navidad-Lealtad_FondoLanding_1920x1080px.jpg) top;\n  background-position: center center;\t  \n  background-repeat: no-repeat;\n  background-attachment: fixed;\n  background-size: cover;\n  font-family: \"Montserrat\", sans-serif;\n}\n.text_form{\n  font-family: \"Montserrat\", sans-serif;\n  font-size: 18px;\n  color: #fff;\n}\n.text_dt_reg{\n  font-family: \"Montserrat\", sans-serif;\n  font-size: 18px;\n  text-align: left; \n  line-height: 1.5;\n  top: 10px;\n}\n.aux-contact-form textarea, #commentform textarea, .c_form textarea, .wpcf7 textarea {\n    min-height: 240px;\n    height: auto;\n    max-width: 100%;\n    color: #242121;\n}\n#comment-input input, .wpcf7-form .wpcf7-text, input[type=\"email\"], input[type=\"text\"] {\n    height: 35px;\n    padding-top: 0;\n    padding-bottom: 0;\n    color: #242121;\n}\ninput[type=\"file\"], input[type=\"email\"], input[type=\"tel\"], input[type=\"password\"], input[type=\"text\"], textarea {\n    -webkit-appearance: none;\n    -webkit-border-radius: 10px;\n}\ninput[type=checkbox]{\nfont-family: \"Montserrat\", sans-serif;\n  font-size: 15px;\n  \/* Doble-tama\u00f1o Checkboxes *\/\n  -ms-transform: scale(1.5); \/* IE *\/\n  -moz-transform: scale(1.5); \/* FF *\/\n  -webkit-transform: scale(1.5); \/* Safari y Chrome *\/\n  -o-transform: scale(1.5); \/* Opera *\/\n}\n.button-blue {\n    background: #2a463f !important;\n}\n.fusion-checklist .fusion-li-item-content, ul.fusion-checklist .fusion-li-item-content {\n  color: var(--awb-textcolor);\n  margin-inline-start: var(--awb-content-margin);\n}\n.fusion-tabs .tab-pane {\n    padding: 40px;\n}\n<\/style><div class=\"fusion-clearfix\"><\/div>\n\t\t\t<\/div>\n\t\t<\/div><\/div><\/div><div  class=\"fusion-fullwidth fullwidth-box nonhundred-percent-fullwidth\"  style='background-color: rgba(255,255,255,0);background-position: center center;background-repeat: no-repeat;padding-top:20px;padding-right:0px;padding-bottom:20px;padding-left:0px;'><div class=\"fusion-builder-row fusion-row \"><div  class=\"fusion-layout-column fusion_builder_column fusion_builder_column_1_1  fusion-one-full fusion-column-first fusion-column-last 1_1\"  style='margin-top:0px;margin-bottom:20px;'>\n\t\t\t<div class=\"fusion-column-wrapper\"  style=\"background-position:left top;background-repeat:no-repeat;-webkit-background-size:cover;-moz-background-size:cover;-o-background-size:cover;background-size:cover;\"  data-bg-url=\"\">\n\t\t\t\t<div class=\"fusion-column-wrapper\" style=\"padding: 0px; background-position: left top; background-repeat: no-repeat; background-size: cover; height: auto;\" data-bg-url=\"\">\n\t<div class=\"fusion-tabs fusion-tabs-4 classic horizontal-tabs icon-position-left\">\n\t\t<style type=\"text\/css\">\n\t\t\t.fusion-tabs.fusion-tabs-4 .nav-tabs li a.tab-link{border-top-color:#f2f3f5;background-color:#f2f3f5;}\n\t\t\t.fusion-tabs.fusion-tabs-4 .nav-tabs{background-color:#ffffff;}\n\t\t\t.fusion-tabs.fusion-tabs-4 .nav-tabs li.active a.tab-link,.fusion-tabs.fusion-tabs-4 .nav-tabs li.active a.tab-link:hover,.fusion-tabs.fusion-tabs-4 .nav-tabs li.active a.tab-link:focus{border-right-color:#ffffff;}\n\t\t\t.fusion-tabs.fusion-tabs-4 .nav-tabs li.active a.tab-link,.fusion-tabs.fusion-tabs-4 .nav-tabs li.active a.tab-link:hover,.fusion-tabs.fusion-tabs-4 .nav-tabs li.active a.tab-link:focus{background-color:#ffffff;}\n\t\t\t.fusion-tabs.fusion-tabs-4 .nav-tabs li a:hover{background-color:#ffffff;border-top-color:#ffffff;}\n\t\t\t.fusion-tabs.fusion-tabs-4 .tab-pane{background-color:#ffffff;}\n\t\t\t.fusion-tabs.fusion-tabs-4 .nav,.fusion-tabs.fusion-tabs-4 .nav-tabs,.fusion-tabs.fusion-tabs-4 .tab-content .tab-pane{border-color:##4a4e57;}\n\t\t<\/style>\n\t\t<div class=\"nav\">\n\t\t\t<ul class=\"nav-tabs nav-justified\">\n\t\t\t\t<li class=\"active\">\n\t\t\t\t\t<a class=\"tab-link\" data-toggle=\"tab\" id=\"fusion-tab-service\" href=\"#tab-2b36e2513874209baa0\"><h4 class=\"fusion-tab-heading fusion-responsive-typography-calculated\" data-fontsize=\"24\" data-lineheight=\"31.2px\" style=\"--fontSize:24; line-height: 1.3; --minFontSize:24;\">NAVIDAD CGV<\/h4><\/a>\n\t\t\t\t<\/li>\n\t\t\t\t<li class=\"\">\n\t\t\t\t\t<a class=\"tab-link\" data-toggle=\"tab\" id=\"fusion-tab-process\" href=\"#tab-d28f90da7e7617b76c7\"><h4 class=\"fusion-tab-heading fusion-responsive-typography-calculated\" data-fontsize=\"24\" data-lineheight=\"31.2px\" style=\"--fontSize:24; line-height: 1.3; --minFontSize:24;\">NAVIDAD CGV Y LOS REYES MAGOS<\/h4><\/a>\n\t\t\t\t<\/li>\n\t\t\t<\/ul>\n\t\t<\/div>\n\t\t<div class=\"tab-content\">\n      <!-- Tab 1-->\n\t\t\t<div class=\"nav fusion-mobile-tab-nav\">\n\t\t\t\t<ul class=\"nav-tabs nav-justified\">\n\t\t\t\t\t<li class=\"active\">\n\t\t\t\t\t\t<a class=\"tab-link\" data-toggle=\"tab\" id=\"mobile-fusion-tab-service\" href=\"#tab-2b36e2513874209baa0\"><h4 class=\"fusion-tab-heading fusion-responsive-typography-calculated\" data-fontsize=\"24\" data-lineheight=\"31.2px\" style=\"--fontSize:24; line-height: 1.3; --minFontSize:24;\">NAVIDAD CGV<\/h4><\/a>\n\t\t\t\t\t<\/li>\n\t\t\t\t<\/ul>\n\t\t\t<\/div>\n\t\t\t<div class=\"tab-pane fade fusion-clearfix active in\" id=\"tab-2b36e2513874209baa0\"><!-- Contenido tab-->\n        <p><strong>\u00bfC\u00f3mo participo?<\/strong><\/p>\n        <div class=\"fusion-column-wrapper fusion-flex-justify-content-flex-start fusion-content-layout-column\"><!-- Inicio lista-->\n          <ul style=\"--awb-size:20px;--awb-item-padding-top:16px;--awb-item-padding-right:16px;--awb-item-padding-bottom:16px;--awb-item-padding-left:16px;--awb-iconcolor:#f22972;--awb-textcolor:#1f2024;--awb-line-height:34px;--awb-icon-width:34px;--awb-icon-height:34px;--awb-icon-margin:14px;--awb-content-margin:48px;\"\n            class=\"fusion-checklist fusion-checklist-3 type-icons\">\n            <li class=\"fusion-li-item\" style=\"\"><span class=\"icon-wrapper circle-no\"><i class=\"fusion-li-icon fas\" aria-hidden=\"true\" style=\"color:#B70E0C;\">1.<\/i><\/span>\n              <div class=\"fusion-li-item-content\">Ser socio de CGV y acudir a la sucursal durante el mes de diciembre.<\/div>\n            <\/li>\n            <li class=\"fusion-li-item\" style=\"\"><span class=\"icon-wrapper circle-no\"><i class=\"fusion-li-icon fas\" aria-hidden=\"true\" style=\"color:#B70E0C;\">2.<\/i><\/span>\n              <div class=\"fusion-li-item-content\">Realizar un movimiento en su cuenta (pago o dep\u00f3sito), en cualquiera de nuestras 35 sucursales para poder participar.<\/div>\n            <\/li>\n            <li class=\"fusion-li-item\" style=\"\"><span class=\"icon-wrapper circle-no\"><i class=\"fusion-li-icon fas\" aria-hidden=\"true\" style=\"color:#B70E0C;\">3.<\/i><\/span>\n              <div class=\"fusion-li-item-content\">Verifica tu ficha en la parte inferior, para saber si fuiste el afortunado ganador de alguno de nuestros premios.<\/div>\n            <\/li> \n            <li class=\"fusion-li-item\" style=\"\"><span class=\"icon-wrapper circle-no\"><i class=\"fusion-li-icon fas\" aria-hidden=\"true\" style=\"color:#B70E0C;\">4.<\/i><\/span>\n              <div class=\"fusion-li-item-content\"><strong>\u00a1Listo!<\/strong> Si en tu ficha aparece la leyenda ganadora, deber\u00e1s de notificarle al asesor CGV para que te entregue tu regalo correspondiente.<\/div>\n            <\/li>\n          <\/ul>\n        <\/div><!-- End lista-->\n        \n        <p><strong>T\u00c9RMINOS Y CONDICIONES<\/strong><\/p>       \n        <div class=\"fusion-column-wrapper fusion-flex-justify-content-flex-start fusion-content-layout-column\"><!-- Inicio lista-->\n          <ul style=\"--awb-size:20px;--awb-item-padding-top:16px;--awb-item-padding-right:16px;--awb-item-padding-bottom:16px;--awb-item-padding-left:16px;--awb-iconcolor:#f22972;--awb-textcolor:#1f2024;--awb-line-height:34px;--awb-icon-width:34px;--awb-icon-height:34px;--awb-icon-margin:14px;--awb-content-margin:48px;\"\n            class=\"fusion-checklist fusion-checklist-3 type-icons\">\n            <li class=\"fusion-li-item\" style=\"\"><span class=\"icon-wrapper circle-no\"><i class=\"fusion-li-icon fa fa-circle fas\" aria-hidden=\"true\" style=\"color:#B70E0C;\"><\/i><\/span>\n              <div class=\"fusion-li-item-content\">Vigencia del 04 al 31 de diciembre de 2023 o hasta agotar existencias.<\/div>\n            <\/li>\n            <li class=\"fusion-li-item\" style=\"\"><span class=\"icon-wrapper circle-no\"><i class=\"fusion-li-icon fa fa-circle fas\" aria-hidden=\"true\" style=\"color:#B70E0C;\"><\/i><\/span>\n              <div class=\"fusion-li-item-content\">No participan colaboradores, ni proveedores de CGV.<\/div>\n            <\/li>\n            <li class=\"fusion-li-item\" style=\"\"><span class=\"icon-wrapper circle-no\"><i class=\"fusion-li-icon fa fa-circle fas\" aria-hidden=\"true\" style=\"color:#B70E0C;\"><\/i><\/span>\n              <div class=\"fusion-li-item-content\">Participan \u00fanicamente socios mayores de edad, que cuenten con $100 pesos de ahorro m\u00ednimo en su cuenta de Ahorro Normal y en caso de contar con un pr\u00e9stamo en CGV, estar al corriente en sus pagos (no estar en cartera vencida, en mora o en proceso jur\u00eddico), as\u00ed como, no tener firmas activas en cartera vencida o mora.<\/div>\n            <\/li>\n            <li class=\"fusion-li-item\" style=\"\"><span class=\"icon-wrapper circle-no\"><i class=\"fusion-li-icon fa fa-circle fas\" aria-hidden=\"true\" style=\"color:#B70E0C;\"><\/i><\/span>\n              <div class=\"fusion-li-item-content\">Solo el titular de la cuenta puede reclamar el regalo.<\/div>\n            <\/li>\n            <li class=\"fusion-li-item\" style=\"\"><span class=\"icon-wrapper circle-no\"><i class=\"fusion-li-icon fa fa-circle fas\" aria-hidden=\"true\" style=\"color:#B70E0C;\"><\/i><\/span>\n              <div class=\"fusion-li-item-content\">Limitado a un movimiento por socio.<\/div>\n            <\/li>\n            <li class=\"fusion-li-item\" style=\"\"><span class=\"icon-wrapper circle-no\"><i class=\"fusion-li-icon fa fa-circle fas\" aria-hidden=\"true\" style=\"color:#B70E0C;\"><\/i><\/span>\n              <div class=\"fusion-li-item-content\">Limitado a un regalo por socio.<\/div>\n            <\/li>\n            <li class=\"fusion-li-item\" style=\"\"><span class=\"icon-wrapper circle-no\"><i class=\"fusion-li-icon fa fa-circle fas\" aria-hidden=\"true\" style=\"color:#B70E0C;\"><\/i><\/span>\n              <div class=\"fusion-li-item-content\">No se puede intercambiar el regalo por otro o dinero.<\/div>\n            <\/li>\n            <li class=\"fusion-li-item\" style=\"\"><span class=\"icon-wrapper circle-no\"><i class=\"fusion-li-icon fa fa-circle fas\" aria-hidden=\"true\" style=\"color:#B70E0C;\"><\/i><\/span>\n              <div class=\"fusion-li-item-content\">No se puede canjear y recoger el obsequio en otra sucursal.<\/div>\n            <\/li>\n            <li class=\"fusion-li-item\" style=\"\"><span class=\"icon-wrapper circle-no\"><i class=\"fusion-li-icon fa fa-circle fas\" aria-hidden=\"true\" style=\"color:#B70E0C;\"><\/i><\/span>\n              <div class=\"fusion-li-item-content\">Es necesario realizar un dep\u00f3sito o retiro para poder participar.<\/div>\n            <\/li> \n            <li class=\"fusion-li-item\" style=\"\"><span class=\"icon-wrapper circle-no\"><i class=\"fusion-li-icon fa fa-circle fas\" aria-hidden=\"true\" style=\"color:#B70E0C;\"><\/i><\/span>\n              <div class=\"fusion-li-item-content\">Los regalos se asignan de manera aleatoria por el sistema y saldr\u00e1 impreso en la ficha de dep\u00f3sito, en donde se indicar\u00e1 qu\u00e9 regalo gan\u00f3 o un Feliz Navidad en caso de no salir premiado.<\/div>\n            <\/li>\n            <li class=\"fusion-li-item\" style=\"\"><span class=\"icon-wrapper circle-no\"><i class=\"fusion-li-icon fa fa-circle fas\" aria-hidden=\"true\" style=\"color:#B70E0C;\"><\/i><\/span>\n              <div class=\"fusion-li-item-content\">La entrega del regalo se realizar\u00e1 de forma inmediata en la sucursal donde se expidi\u00f3 la ficha de dep\u00f3sito.<\/div>\n            <\/li>\n          <\/ul>\n        <\/div><!-- End lista-->\n      <\/div><!-- Contenido tab-->\n      \n      <!-- Tab 2-->\n\t\t\t<div class=\"nav fusion-mobile-tab-nav\">\n\t\t\t\t<ul class=\"nav-tabs nav-justified\">\n\t\t\t\t\t<li class=\"\">\n\t\t\t\t\t\t<a class=\"tab-link\" data-toggle=\"tab\" id=\"mobile-fusion-tab-process\" href=\"#tab-d28f90da7e7617b76c7\"><h4 class=\"fusion-tab-heading fusion-responsive-typography-calculated\" data-fontsize=\"24\" data-lineheight=\"31.2px\" style=\"--fontSize:24; line-height: 1.3; --minFontSize:24;\">NAVIDAD CGV Y LOS REYES MAGOS<\/h4><\/a>\n\t\t\t\t\t<\/li>\n\t\t\t\t<\/ul>\n\t\t\t<\/div>\n\t\t\t<div class=\"tab-pane fade fusion-clearfix\" id=\"tab-d28f90da7e7617b76c7\"><!-- Contenido tab-->\n        <p><strong>\u00bfC\u00f3mo participo?<\/strong><\/p>\n        <div class=\"fusion-column-wrapper fusion-flex-justify-content-flex-start fusion-content-layout-column\"><!-- Inicio lista-->\n          <ul style=\"--awb-size:20px;--awb-item-padding-top:16px;--awb-item-padding-right:16px;--awb-item-padding-bottom:16px;--awb-item-padding-left:16px;--awb-iconcolor:#f22972;--awb-textcolor:#1f2024;--awb-line-height:34px;--awb-icon-width:34px;--awb-icon-height:34px;--awb-icon-margin:14px;--awb-content-margin:48px;\"\n            class=\"fusion-checklist fusion-checklist-3 type-icons\">\n\t\t\t\t\t\t<li class=\"fusion-li-item\" style=\"\"><span class=\"icon-wrapper circle-no\"><i class=\"fusion-li-icon fas\" aria-hidden=\"true\" style=\"color:#B70E0C;\">1.<\/i><\/span>\n              <div class=\"fusion-li-item-content\">Ser socio de CGV y acudir a la sucursal del 4 al 24 de diciembre.<\/div>\n            <\/li>\n            <li class=\"fusion-li-item\" style=\"\"><span class=\"icon-wrapper circle-no\"><i class=\"fusion-li-icon fas\" aria-hidden=\"true\" style=\"color:#B70E0C;\">2.<\/i><\/span>\n              <div class=\"fusion-li-item-content\">Realizar un movimiento en su cuenta (dep\u00f3sito m\u00ednimo de $50 pesos o m\u00e1s), en cualquiera de nuestras 35 sucursales para poder participar.<\/div>\n            <\/li>\n            <li class=\"fusion-li-item\" style=\"\"><span class=\"icon-wrapper circle-no\"><i class=\"fusion-li-icon fas\" aria-hidden=\"true\" style=\"color:#B70E0C;\">3.<\/i><\/span>\n              <div class=\"fusion-li-item-content\">El Asesor de cajas le entregar\u00e1 una carta al socio que deber\u00e1 llenar junto con su ficha de dep\u00f3sito.<\/div>\n            <\/li> \n            <li class=\"fusion-li-item\" style=\"\"><span class=\"icon-wrapper circle-no\"><i class=\"fusion-li-icon fas\" aria-hidden=\"true\" style=\"color:#B70E0C;\">4.<\/i><\/span>\n              <div class=\"fusion-li-item-content\">El socio deber\u00e1 colocar su carta previamente llenada con sus datos en los buzones navide\u00f1os.<\/div>\n            <\/li>\n          <\/ul>\n        <\/div><!-- End lista-->\n\n        \n        <p><strong>T\u00c9RMINOS Y CONDICIONES<\/strong><\/p>\n        <div class=\"fusion-column-wrapper fusion-flex-justify-content-flex-start fusion-content-layout-column\"><!-- Inicio lista-->\n          <ul style=\"--awb-size:20px;--awb-item-padding-top:16px;--awb-item-padding-right:16px;--awb-item-padding-bottom:16px;--awb-item-padding-left:16px;--awb-iconcolor:#f22972;--awb-textcolor:#1f2024;--awb-line-height:34px;--awb-icon-width:34px;--awb-icon-height:34px;--awb-icon-margin:14px;--awb-content-margin:48px;\"\n            class=\"fusion-checklist fusion-checklist-3 type-icons\">\n            <li class=\"fusion-li-item\" style=\"\"><span class=\"icon-wrapper circle-no\"><i class=\"fusion-li-icon fa fa-circle fas\" aria-hidden=\"true\" style=\"color:#B70E0C;\"><\/i><\/span>\n              <div class=\"fusion-li-item-content\">Participan ahorrares menores, que su tutor (Socio CGV) cuenten con $100 pesos de ahorro m\u00ednimo en su cuenta de Ahorro Normal y en caso de contar con un pr\u00e9stamo en CGV, estar al corriente en sus pagos (no estar en cartera vencida, en mora o en proceso jur\u00eddico), as\u00ed como, no tener firmas activas en cartera vencida o mora.).<\/div>\n            <\/li>\n            <li class=\"fusion-li-item\" style=\"\"><span class=\"icon-wrapper circle-no\"><i class=\"fusion-li-icon fa fa-circle fas\" aria-hidden=\"true\" style=\"color:#B70E0C;\"><\/i><\/span>\n              <div class=\"fusion-li-item-content\">No participan Socios mayores.<\/div>\n            <\/li>\n            <li class=\"fusion-li-item\" style=\"\"><span class=\"icon-wrapper circle-no\"><i class=\"fusion-li-icon fa fa-circle fas\" aria-hidden=\"true\" style=\"color:#B70E0C;\"><\/i><\/span>\n              <div class=\"fusion-li-item-content\">Se entregar\u00e1 solo una carta por ahorrador menor.<\/div>\n            <\/li>\n            <li class=\"fusion-li-item\" style=\"\"><span class=\"icon-wrapper circle-no\"><i class=\"fusion-li-icon fa fa-circle fas\" aria-hidden=\"true\" style=\"color:#B70E0C;\"><\/i><\/span>\n              <div class=\"fusion-li-item-content\">El obsequi\u00f3 sorpresa se asignar\u00e1 mediante una t\u00f3mbola que se realizara durante la villa navide\u00f1a el 5 de enero de 2024, la cual ser\u00e1 trasmitida mediante un Facebook live.<\/div>\n            <\/li>\n            <li class=\"fusion-li-item\" style=\"\"><span class=\"icon-wrapper circle-no\"><i class=\"fusion-li-icon fa fa-circle fas\" aria-hidden=\"true\" style=\"color:#B70E0C;\"><\/i><\/span>\n              <div class=\"fusion-li-item-content\">El d\u00eda 8 de enero del 2024, se publicar\u00e1n el ganador en nuestro Facebook <a href=\"https:\/\/www.cajacgv.com.mx\/index.php\/promociones-cgv\/\" target=\"_blank\">@CajaCGV.<\/a><\/div>\n            <\/li>\n            <li class=\"fusion-li-item\" style=\"\"><span class=\"icon-wrapper circle-no\"><i class=\"fusion-li-icon fa fa-circle fas\" aria-hidden=\"true\" style=\"color:#B70E0C;\"><\/i><\/span>\n              <div class=\"fusion-li-item-content\">El obsequio es intransferible y no equivale a dinero en efectivo.<\/div>\n          <\/li>\n          <li class=\"fusion-li-item\" style=\"\"><span class=\"icon-wrapper circle-no\"><i class=\"fusion-li-icon fa fa-circle fas\" aria-hidden=\"true\" style=\"color:#B70E0C;\"><\/i><\/span>\n            <div class=\"fusion-li-item-content\">Promoci\u00f3n v\u00e1lida en todas las sucursales de CGV, en Quer\u00e9taro, San Luis Potos\u00ed y Aguascalientes.<\/div>\n          <\/li>\n          <li class=\"fusion-li-item\" style=\"\"><span class=\"icon-wrapper circle-no\"><i class=\"fusion-li-icon fa fa-circle fas\" aria-hidden=\"true\" style=\"color:#B70E0C;\"><\/i><\/span>\n            <div class=\"fusion-li-item-content\">Sujeto al sorteo de cinco tarjetas de regalo de Juguetr\u00f3n.<\/div>\n          <\/li>\n          <li class=\"fusion-li-item\" style=\"\"><span class=\"icon-wrapper circle-no\"><i class=\"fusion-li-icon fa fa-circle fas\" aria-hidden=\"true\" style=\"color:#B70E0C;\"><\/i><\/span>\n            <div class=\"fusion-li-item-content\">Los ganadores ser\u00e1n contactados v\u00eda telef\u00f3nica para brindar la informaci\u00f3n de cu\u00e1ndo y d\u00f3nde acudir a recoger su regalo.<\/div>\n          <\/li>\n          <li class=\"fusion-li-item\" style=\"\"><span class=\"icon-wrapper circle-no\"><i class=\"fusion-li-icon fa fa-circle fas\" aria-hidden=\"true\" style=\"color:#B70E0C;\"><\/i><\/span>\n            <div class=\"fusion-li-item-content\">Las fechas de sorteo y publicaci\u00f3n de resultados est\u00e1n sujetas a cambios sin previo aviso.<\/div>\n          <\/li>\n          <\/ul>\n        <\/div><!-- End lista-->\n\t\t\t<\/div><!-- End Contenido tab-->\n\t\t<\/div>\n\t<\/div>\n\t<div class=\"fusion-clearfix\"><\/div>\n<\/div><div class=\"share-box fusion-sharing-box boxed-icons\" style=\"background-color:#ffff;\" data-title=\"Avada WordPress Theme\" data-description=\"Avada has been the #1 selling theme for more than 3 years, making it the most trusted and complete WordPress theme on the market. \" data-link=\"http:\/\/bit.ly\/2l3jd8A\">\n\t<h4 class=\"tagline fusion-responsive-typography-calculated\" style=\"color: rgb(59, 59, 59); --fontSize:24; line-height: 1.3; --minFontSize:24;\" data-fontsize=\"24\" data-lineheight=\"31.2px\">\u00a1S\u00edguenos en redes sociales y mantente al pendiente de esta y otras promociones!<\/h4>\n\t<div class=\"fusion-social-networks boxed-icons\">\n\t\t<a class=\"fusion-social-network-icon fusion-tooltip fusion-facebook fusion-icon-facebook\" href=\"https:\/\/www.facebook.com\/CajaCGV\/\" target=\"_blank\" rel=\"nofollow\" style=\"color:#ffffff;background-color:#3b5998;border-color:#3b5998;border-radius:5px;\" data-placement=\"top\" data-title=\"Facebook\" title=\"\" aria-label=\"Facebook\" data-toggle=\"tooltip\" data-original-title=\"Facebook\"><\/a>\n\t<\/div>\n<\/div><div class=\"fusion-sep-clear\"><\/div><div class=\"fusion-separator fusion-full-width-sep sep-none\" style=\"margin-left: auto;margin-right: auto;margin-top:80px;\" id=\"mecanica\"><\/div><div class=\"fusion-clearfix\"><\/div>\n\t\t\t<\/div>\n\t\t<\/div><\/div><\/div><\/p>\n","protected":false},"excerpt":{"rendered":"","protected":false},"author":1,"featured_media":0,"parent":0,"menu_order":0,"comment_status":"closed","ping_status":"closed","template":"100-width.php","meta":{"footnotes":""},"class_list":["post-15209","page","type-page","status-publish","hentry"],"_links":{"self":[{"href":"https:\/\/www.cajacgv.com.mx\/index.php\/wp-json\/wp\/v2\/pages\/15209","targetHints":{"allow":["GET"]}}],"collection":[{"href":"https:\/\/www.cajacgv.com.mx\/index.php\/wp-json\/wp\/v2\/pages"}],"about":[{"href":"https:\/\/www.cajacgv.com.mx\/index.php\/wp-json\/wp\/v2\/types\/page"}],"author":[{"embeddable":true,"href":"https:\/\/www.cajacgv.com.mx\/index.php\/wp-json\/wp\/v2\/users\/1"}],"replies":[{"embeddable":true,"href":"https:\/\/www.cajacgv.com.mx\/index.php\/wp-json\/wp\/v2\/comments?post=15209"}],"version-history":[{"count":31,"href":"https:\/\/www.cajacgv.com.mx\/index.php\/wp-json\/wp\/v2\/pages\/15209\/revisions"}],"predecessor-version":[{"id":16406,"href":"https:\/\/www.cajacgv.com.mx\/index.php\/wp-json\/wp\/v2\/pages\/15209\/revisions\/16406"}],"wp:attachment":[{"href":"https:\/\/www.cajacgv.com.mx\/index.php\/wp-json\/wp\/v2\/media?parent=15209"}],"curies":[{"name":"wp","href":"https:\/\/api.w.org\/{rel}","templated":true}]}}