{"id":15310,"date":"2023-05-02T11:26:45","date_gmt":"2023-05-02T17:26:45","guid":{"rendered":"https:\/\/www.cajacgv.com.mx\/?page_id=15310"},"modified":"2023-05-02T11:39:13","modified_gmt":"2023-05-02T17:39:13","slug":"club-de-descuentos-cgv-suspiros","status":"publish","type":"page","link":"https:\/\/www.cajacgv.com.mx\/index.php\/club-de-descuentos-cgv-suspiros\/","title":{"rendered":"Club de descuentos &#8211; Florer\u00eda Suspiros"},"content":{"rendered":"<p><div  class=\"fusion-fullwidth fullwidth-box hundred-percent-fullwidth\"  style='background-color: rgba(255,255,255,0);background-position: center center;background-repeat: no-repeat;padding-top:0px;padding-right:0px;padding-bottom:0px;padding-left:0px;margin-top: -60px;'><div class=\"fusion-builder-row fusion-row \"><div  class=\"fusion-layout-column fusion_builder_column fusion_builder_column_1_1  fusion-one-full fusion-column-first fusion-column-last 1_1\"  style='margin-top:0px;margin-bottom:20px;'>\n\t\t\t<div class=\"fusion-column-wrapper\"  style=\"padding: 0px 0px 0px 0px;background-position:left top;background-repeat:no-repeat;-webkit-background-size:cover;-moz-background-size:cover;-o-background-size:cover;background-size:cover;\"  data-bg-url=\"\">\n\t\t\t\t<div class=\"imageframe-align-center\"><span class=\"fusion-imageframe imageframe-none imageframe-1 hover-type-none\"><img loading=\"lazy\" decoding=\"async\" src=\"https:\/\/www.cajacgv.com.mx\/wp-content\/uploads\/2022\/08\/BA-Web-Beneficios_ClubDesc-SoloBeneficio.png\" width=\"1920\" height=\"602\" alt=\"descuentos cgv\" title=\"BA-Web-Beneficios_ClubDesc-SoloBeneficio\" class=\"img-responsive wp-image-14138\" srcset=\"https:\/\/www.cajacgv.com.mx\/wp-content\/uploads\/2022\/08\/BA-Web-Beneficios_ClubDesc-SoloBeneficio-200x63.png 200w, https:\/\/www.cajacgv.com.mx\/wp-content\/uploads\/2022\/08\/BA-Web-Beneficios_ClubDesc-SoloBeneficio-400x125.png 400w, https:\/\/www.cajacgv.com.mx\/wp-content\/uploads\/2022\/08\/BA-Web-Beneficios_ClubDesc-SoloBeneficio-600x188.png 600w, https:\/\/www.cajacgv.com.mx\/wp-content\/uploads\/2022\/08\/BA-Web-Beneficios_ClubDesc-SoloBeneficio-800x251.png 800w, https:\/\/www.cajacgv.com.mx\/wp-content\/uploads\/2022\/08\/BA-Web-Beneficios_ClubDesc-SoloBeneficio-1200x376.png 1200w, https:\/\/www.cajacgv.com.mx\/wp-content\/uploads\/2022\/08\/BA-Web-Beneficios_ClubDesc-SoloBeneficio.png 1920w\" sizes=\"auto, (max-width: 800px) 100vw, 1100px\" \/><\/span><\/div><div class=\"fusion-clearfix\"><\/div>\n\t\t\t<\/div>\n\t\t<\/div><\/div><\/div><div  class=\"fusion-fullwidth fullwidth-box nonhundred-percent-fullwidth\"  style='background-color: rgba(255,255,255,0);background-position: center center;background-repeat: no-repeat;padding-top:20px;padding-right:0px;padding-bottom:20px;padding-left:0px;'><div class=\"fusion-builder-row fusion-row \"><div  class=\"fusion-layout-column fusion_builder_column fusion_builder_column_3_4  fusion-three-fourth fusion-column-first 3_4\"  style='margin-top:0px;margin-bottom:20px;width:75%;width:calc(75% - ( ( 4% ) * 0.75 ) );margin-right: 4%;'>\n\t\t\t<div class=\"fusion-column-wrapper\"  style=\"background-position:left top;background-repeat:no-repeat;-webkit-background-size:cover;-moz-background-size:cover;-o-background-size:cover;background-size:cover;\"  data-bg-url=\"\">\n\t\t\t\t<div class=\"fusion-title title sep-underline sep-solid fusion-title-size-one\" style=\"border-bottom-color:#b21e26;margin-top:0px;margin-bottom:31px;\"><h1 class=\"title-heading-left\">Florer\u00eda Suspiros<\/h1><\/div><div class=\"fusion-builder-row fusion-builder-row-inner fusion-row \"><div  class=\"fusion-layout-column fusion-builder-column fusion-builder-column-1_3  fusion-one-third fusion-column-first fusion-one-third fusion-column-first 1_3\"  style='margin-top: 0px;margin-bottom: 20px;width:33.33%;width:calc(33.33% - ( ( 4% ) * 0.3333 ) );margin-right:4%;'>\n\t\t\t<div class=\"fusion-column-wrapper\"  style=\"background-position: left top;background-repeat: no-repeat;-webkit-background-size:cover;-moz-background-size:cover;-o-background-size:cover;background-size:cover;\">\n\t\t\t\t<span class=\"fusion-imageframe imageframe-none imageframe-2 hover-type-none\"><img loading=\"lazy\" decoding=\"async\" src=\"https:\/\/www.cajacgv.com.mx\/wp-content\/uploads\/2023\/05\/brand-logo.png\" width=\"4500\" height=\"1350\" alt=\"descuentos1 cgv\" title=\"brand-logo\" class=\"img-responsive wp-image-15313\" srcset=\"https:\/\/www.cajacgv.com.mx\/wp-content\/uploads\/2023\/05\/brand-logo-200x60.png 200w, https:\/\/www.cajacgv.com.mx\/wp-content\/uploads\/2023\/05\/brand-logo-400x120.png 400w, https:\/\/www.cajacgv.com.mx\/wp-content\/uploads\/2023\/05\/brand-logo-600x180.png 600w, https:\/\/www.cajacgv.com.mx\/wp-content\/uploads\/2023\/05\/brand-logo-800x240.png 800w, https:\/\/www.cajacgv.com.mx\/wp-content\/uploads\/2023\/05\/brand-logo-1200x360.png 1200w, https:\/\/www.cajacgv.com.mx\/wp-content\/uploads\/2023\/05\/brand-logo.png 4500w\" sizes=\"auto, (max-width: 800px) 100vw, 1100px\" \/><\/span>\n\t\t\t<\/div>\n\t\t<\/div><div  class=\"fusion-layout-column fusion-builder-column fusion-builder-column-2_3  fusion-two-third fusion-column-last fusion-two-third fusion-column-last 2_3\"  style='margin-top: 0px;margin-bottom: 20px;width:66.66%;width:calc(66.66% - ( ( 4% ) * 0.6666 ) );'>\n\t\t\t<div class=\"fusion-column-wrapper\"  style=\"background-position: left top;background-repeat: no-repeat;-webkit-background-size:cover;-moz-background-size:cover;-o-background-size:cover;background-size:cover;\">\n\t\t\t\t<p>Obt\u00e9n 15% de descuento en tienda en l\u00ednea con el C\u00f3digo: CAJACGV<\/p>\n<p>En productos: Arreglos Florales, Plantas, Regalos y Postres.<\/p>\n<p><strong>Tel\u00e9fono<\/strong><\/p>\n<ul>\n<li>81 1454 5522<\/li>\n<\/ul>\n<p><strong>Sitio Web<\/strong><\/p>\n<ul>\n<li><a href=\"https:\/\/floreriasuspiros.com\/\" target=\"_blank\" rel=\"noopener\">floreriasuspiros.com<\/a><\/li>\n<\/ul>\n<p><strong>Instagram<\/strong><\/p>\n<ul>\n<li><a href=\"https:\/\/www.instagram.com\/floreriasuspiros\/\" target=\"_blank\" rel=\"noopener\">floreriasuspiros<\/a><\/li>\n<\/ul>\n<p><strong>Facebook<\/strong><\/p>\n<ul>\n<li><a href=\"https:\/\/www.facebook.com\/floreriasuspiros\" target=\"_blank\" rel=\"noopener\">@floreriasuspiros<\/a><\/li>\n<\/ul>\n\n\t\t\t<\/div>\n\t\t<\/div><\/div><div class=\"fusion-sep-clear\"><\/div><div class=\"fusion-separator fusion-full-width-sep sep-none\" style=\"margin-left: auto;margin-right: auto;margin-top:35px;\"><\/div><div class=\"fusion-sep-clear\"><\/div><div class=\"fusion-separator fusion-full-width-sep sep-none\" style=\"margin-left: auto;margin-right: auto;margin-top:35px;\"><\/div><div class=\"fusion-sep-clear\"><\/div><div class=\"fusion-separator fusion-full-width-sep sep-none\" style=\"margin-left: auto;margin-right: auto;margin-top:35px;\"><\/div><p><strong>Aplican restricciones<\/strong><\/p>\n<ul>\n<li>Los productos seleccionados y aplicables a descuentos pueden cambiar sin previo aviso.<\/li>\n<li>Comprobar que se es socio CGV realizando pago con tarjeta de d\u00e9bito CGV.<\/li>\n<li>Promoci\u00f3n V\u00e1lida a socios mayores de 18 a\u00f1o.<\/li>\n<li>Aplicable al estado de Quer\u00e9taro, Aguascalientes y San Luis Potos\u00ed.<\/li>\n<li>Aplicable en municipios mencionados en su p\u00e1gina web.<\/li>\n<li>S\u00f3lo venta en l\u00ednea.<\/li>\n<\/ul>\n<div class=\"fusion-sep-clear\"><\/div><div class=\"fusion-separator fusion-full-width-sep sep-none\" style=\"margin-left: auto;margin-right: auto;margin-top:35px;\"><\/div><div class=\"fusion-sep-clear\"><\/div><div class=\"fusion-separator fusion-full-width-sep sep-none\" style=\"margin-left: auto;margin-right: auto;margin-top:35px;\"><\/div><div class=\"fusion-clearfix\"><\/div>\n\t\t\t<\/div>\n\t\t<\/div><div  class=\"fusion-layout-column fusion_builder_column fusion_builder_column_1_4  fusion-one-fourth fusion-column-last 1_4\"  style='margin-top:0px;margin-bottom:20px;width:25%;width:calc(25% - ( ( 4% ) * 0.25 ) );'>\n\t\t\t<div class=\"fusion-column-wrapper\"  style=\"background-position:left top;background-repeat:no-repeat;-webkit-background-size:cover;-moz-background-size:cover;-o-background-size:cover;background-size:cover;\"  data-bg-url=\"\">\n\t\t\t\t<div class=\"fusion-widget-area fusion-widget-area-1 fusion-content-widget-area\"><div id=\"block-2\" class=\"fusion-slidingbar-widget-column widget widget_block widget_media_image\"><div class=\"wp-block-image is-style-default\">\n<figure class=\"aligncenter size-full is-resized\"><a href=\"https:\/\/bit.ly\/EducaTuCarteraC\" target=\"_blank\" rel=\" noreferrer noopener\"><img loading=\"lazy\" decoding=\"async\" src=\"https:\/\/www.cajacgv.com.mx\/wp-content\/uploads\/2022\/11\/banner-educa_215X260.png\" alt=\"Educa tu cartera\" class=\"wp-image-14445\" width=\"214\" height=\"258\" srcset=\"https:\/\/www.cajacgv.com.mx\/wp-content\/uploads\/2022\/11\/banner-educa_215X260-200x242.png 200w, https:\/\/www.cajacgv.com.mx\/wp-content\/uploads\/2022\/11\/banner-educa_215X260.png 215w\" sizes=\"auto, (max-width: 214px) 100vw, 214px\" \/><\/a><figcaption class=\"wp-element-caption\"><strong>Si deseas conocer m\u00e1s sobre \"Educa tu Cartera\" , da clic en la imagen.<\/strong><\/figcaption><\/figure>\n<\/div><div style=\"clear:both;\"><\/div><\/div><div class=\"fusion-additional-widget-content\"><\/div><\/div><div class=\"fusion-clearfix\"><\/div>\n\t\t\t<\/div>\n\t\t<\/div><\/div><\/div><\/p>\n","protected":false},"excerpt":{"rendered":"","protected":false},"author":1,"featured_media":0,"parent":0,"menu_order":0,"comment_status":"closed","ping_status":"closed","template":"100-width.php","meta":{"footnotes":""},"class_list":["post-15310","page","type-page","status-publish","hentry"],"_links":{"self":[{"href":"https:\/\/www.cajacgv.com.mx\/index.php\/wp-json\/wp\/v2\/pages\/15310","targetHints":{"allow":["GET"]}}],"collection":[{"href":"https:\/\/www.cajacgv.com.mx\/index.php\/wp-json\/wp\/v2\/pages"}],"about":[{"href":"https:\/\/www.cajacgv.com.mx\/index.php\/wp-json\/wp\/v2\/types\/page"}],"author":[{"embeddable":true,"href":"https:\/\/www.cajacgv.com.mx\/index.php\/wp-json\/wp\/v2\/users\/1"}],"replies":[{"embeddable":true,"href":"https:\/\/www.cajacgv.com.mx\/index.php\/wp-json\/wp\/v2\/comments?post=15310"}],"version-history":[{"count":6,"href":"https:\/\/www.cajacgv.com.mx\/index.php\/wp-json\/wp\/v2\/pages\/15310\/revisions"}],"predecessor-version":[{"id":15317,"href":"https:\/\/www.cajacgv.com.mx\/index.php\/wp-json\/wp\/v2\/pages\/15310\/revisions\/15317"}],"wp:attachment":[{"href":"https:\/\/www.cajacgv.com.mx\/index.php\/wp-json\/wp\/v2\/media?parent=15310"}],"curies":[{"name":"wp","href":"https:\/\/api.w.org\/{rel}","templated":true}]}}