{"id":15583,"date":"2023-07-08T09:53:11","date_gmt":"2023-07-08T15:53:11","guid":{"rendered":"https:\/\/www.cajacgv.com.mx\/?page_id=15583"},"modified":"2023-09-26T17:06:07","modified_gmt":"2023-09-26T23:06:07","slug":"club-de-descuentos-cgv-englobate","status":"publish","type":"page","link":"https:\/\/www.cajacgv.com.mx\/index.php\/club-de-descuentos-cgv-englobate\/","title":{"rendered":"Club de descuentos &#8211; Englobate"},"content":{"rendered":"<p><div  class=\"fusion-fullwidth fullwidth-box hundred-percent-fullwidth\"  style='background-color: rgba(255,255,255,0);background-position: center center;background-repeat: no-repeat;padding-top:0px;padding-right:0px;padding-bottom:0px;padding-left:0px;margin-top: -60px;'><div class=\"fusion-builder-row fusion-row \"><div  class=\"fusion-layout-column fusion_builder_column fusion_builder_column_1_1  fusion-one-full fusion-column-first fusion-column-last 1_1\"  style='margin-top:0px;margin-bottom:20px;'>\n\t\t\t<div class=\"fusion-column-wrapper\"  style=\"padding: 0px 0px 0px 0px;background-position:left top;background-repeat:no-repeat;-webkit-background-size:cover;-moz-background-size:cover;-o-background-size:cover;background-size:cover;\"  data-bg-url=\"\">\n\t\t\t\t<div class=\"imageframe-align-center\"><span class=\"fusion-imageframe imageframe-none imageframe-1 hover-type-none\"><img loading=\"lazy\" decoding=\"async\" src=\"https:\/\/www.cajacgv.com.mx\/wp-content\/uploads\/2022\/08\/BA-Web-Beneficios_ClubDesc-SoloBeneficio.png\" width=\"1920\" height=\"602\" alt=\"descuentos cgv\" title=\"BA-Web-Beneficios_ClubDesc-SoloBeneficio\" class=\"img-responsive wp-image-14138\" srcset=\"https:\/\/www.cajacgv.com.mx\/wp-content\/uploads\/2022\/08\/BA-Web-Beneficios_ClubDesc-SoloBeneficio-200x63.png 200w, https:\/\/www.cajacgv.com.mx\/wp-content\/uploads\/2022\/08\/BA-Web-Beneficios_ClubDesc-SoloBeneficio-400x125.png 400w, https:\/\/www.cajacgv.com.mx\/wp-content\/uploads\/2022\/08\/BA-Web-Beneficios_ClubDesc-SoloBeneficio-600x188.png 600w, https:\/\/www.cajacgv.com.mx\/wp-content\/uploads\/2022\/08\/BA-Web-Beneficios_ClubDesc-SoloBeneficio-800x251.png 800w, https:\/\/www.cajacgv.com.mx\/wp-content\/uploads\/2022\/08\/BA-Web-Beneficios_ClubDesc-SoloBeneficio-1200x376.png 1200w, https:\/\/www.cajacgv.com.mx\/wp-content\/uploads\/2022\/08\/BA-Web-Beneficios_ClubDesc-SoloBeneficio.png 1920w\" sizes=\"auto, (max-width: 800px) 100vw, 1100px\" \/><\/span><\/div><div class=\"fusion-clearfix\"><\/div>\n\t\t\t<\/div>\n\t\t<\/div><\/div><\/div><div  class=\"fusion-fullwidth fullwidth-box nonhundred-percent-fullwidth\"  style='background-color: rgba(255,255,255,0);background-position: center center;background-repeat: no-repeat;padding-top:20px;padding-right:0px;padding-bottom:20px;padding-left:0px;'><div class=\"fusion-builder-row fusion-row \"><div  class=\"fusion-layout-column fusion_builder_column fusion_builder_column_3_4  fusion-three-fourth fusion-column-first 3_4\"  style='margin-top:0px;margin-bottom:20px;width:75%;width:calc(75% - ( ( 4% ) * 0.75 ) );margin-right: 4%;'>\n\t\t\t<div class=\"fusion-column-wrapper\"  style=\"background-position:left top;background-repeat:no-repeat;-webkit-background-size:cover;-moz-background-size:cover;-o-background-size:cover;background-size:cover;\"  data-bg-url=\"\">\n\t\t\t\t<div class=\"fusion-title title sep-underline sep-solid fusion-title-size-one\" style=\"border-bottom-color:#b21e26;margin-top:0px;margin-bottom:31px;\"><h1 class=\"title-heading-left\">ENGLOBATE<\/h1><\/div><div class=\"fusion-builder-row fusion-builder-row-inner fusion-row \"><div  class=\"fusion-layout-column fusion-builder-column fusion-builder-column-1_3  fusion-one-third fusion-column-first fusion-one-third fusion-column-first 1_3\"  style='margin-top: 0px;margin-bottom: 20px;width:33.33%;width:calc(33.33% - ( ( 4% ) * 0.3333 ) );margin-right:4%;'>\n\t\t\t<div class=\"fusion-column-wrapper\"  style=\"background-position: left top;background-repeat: no-repeat;-webkit-background-size:cover;-moz-background-size:cover;-o-background-size:cover;background-size:cover;\">\n\t\t\t\t<span class=\"fusion-imageframe imageframe-none imageframe-2 hover-type-none\"><img loading=\"lazy\" decoding=\"async\" src=\"https:\/\/www.cajacgv.com.mx\/wp-content\/uploads\/2023\/07\/ClubDeDesc_Logo_Engl\u00a2bate.jpg\" width=\"800\" height=\"600\" alt=\"descuentos1 cgv\" title=\"ClubDeDesc_Logo_Engl\u00a2bate\" class=\"img-responsive wp-image-15586\" srcset=\"https:\/\/www.cajacgv.com.mx\/wp-content\/uploads\/2023\/07\/ClubDeDesc_Logo_Engl\u00a2bate-200x150.jpg 200w, https:\/\/www.cajacgv.com.mx\/wp-content\/uploads\/2023\/07\/ClubDeDesc_Logo_Engl\u00a2bate-400x300.jpg 400w, https:\/\/www.cajacgv.com.mx\/wp-content\/uploads\/2023\/07\/ClubDeDesc_Logo_Engl\u00a2bate-600x450.jpg 600w, https:\/\/www.cajacgv.com.mx\/wp-content\/uploads\/2023\/07\/ClubDeDesc_Logo_Engl\u00a2bate.jpg 800w\" sizes=\"auto, (max-width: 800px) 100vw, 1100px\" \/><\/span>\n\t\t\t<\/div>\n\t\t<\/div><div  class=\"fusion-layout-column fusion-builder-column fusion-builder-column-2_3  fusion-two-third fusion-column-last fusion-two-third fusion-column-last 2_3\"  style='margin-top: 0px;margin-bottom: 20px;width:66.66%;width:calc(66.66% - ( ( 4% ) * 0.6666 ) );'>\n\t\t\t<div class=\"fusion-column-wrapper\"  style=\"background-position: left top;background-repeat: no-repeat;-webkit-background-size:cover;-moz-background-size:cover;-o-background-size:cover;background-size:cover;\">\n\t\t\t\t<p>Socio CGV, Englobate se une a nuestros Club de Descuento.<br \/>\n&#8211; Obt\u00e9n 15% de descuento en traspasos y pago en efectivo o un 5% de descuento pago con tarjeta d\u00e9bito o cr\u00e9dito sobre servicios participantes.<\/p>\n<p><strong>Sucursal<\/strong><\/p>\n<ul>\n<li>Av. Tecnol\u00f3gico #1 Local 3 esquina Calle Madero<\/li>\n<\/ul>\n<p><strong>Tel\u00e9fono<\/strong><\/p>\n<ul>\n<li>442 214 1020<\/li>\n<\/ul>\n<p>Celular<\/p>\n<ul>\n<li>442 128 1822<\/li>\n<\/ul>\n<p><strong>Sitio Web<\/strong><\/p>\n<ul>\n<li><a href=\"https:\/\/englobate.com\/\" target=\"_blank\" rel=\"noopener\">www.englobate.com<\/a><\/li>\n<\/ul>\n<p><strong>Instagram<\/strong><\/p>\n<ul>\n<li><a href=\"https:\/\/www.instagram.com\/englobate\/?hl=es\" target=\"_blank\" rel=\"noopener\">englobate<\/a><\/li>\n<\/ul>\n<p><strong>Facebook<\/strong><\/p>\n<ul>\n<li><a href=\"https:\/\/www.facebook.com\/EnglobateDecoracionConGlobos\" target=\"_blank\" rel=\"noopener\">Englobate Quer\u00e9taro<\/a><\/li>\n<\/ul>\n\n\t\t\t<\/div>\n\t\t<\/div><\/div><div class=\"fusion-sep-clear\"><\/div><div class=\"fusion-separator fusion-full-width-sep sep-none\" style=\"margin-left: auto;margin-right: auto;margin-top:35px;\"><\/div><div class=\"fusion-sep-clear\"><\/div><div class=\"fusion-separator fusion-full-width-sep sep-none\" style=\"margin-left: auto;margin-right: auto;margin-top:35px;\"><\/div><div class=\"fusion-sep-clear\"><\/div><div class=\"fusion-separator fusion-full-width-sep sep-none\" style=\"margin-left: auto;margin-right: auto;margin-top:35px;\"><\/div><p><strong>Aplican restricciones<\/strong><\/p>\n<ul>\n<li>No v\u00e1lido con otras promociones u ofertas.<\/li>\n<li>V\u00e1lido s\u00f3lo en sucursales participantes.<\/li>\n<li>Sujetos a cambio sin previo aviso<\/li>\n<li>V\u00e1lido con pago con tarjeta o en efectivo identific\u00e1ndote como socio CGV<\/li>\n<li>Vigencia \u00fanicamente hasta 1 de junio de 2024<\/li>\n<\/ul>\n<div class=\"fusion-sep-clear\"><\/div><div class=\"fusion-separator fusion-full-width-sep sep-none\" style=\"margin-left: auto;margin-right: auto;margin-top:35px;\"><\/div><div class=\"fusion-sep-clear\"><\/div><div class=\"fusion-separator fusion-full-width-sep sep-none\" style=\"margin-left: auto;margin-right: auto;margin-top:35px;\"><\/div><div class=\"fusion-clearfix\"><\/div>\n\t\t\t<\/div>\n\t\t<\/div><div  class=\"fusion-layout-column fusion_builder_column fusion_builder_column_1_4  fusion-one-fourth fusion-column-last 1_4\"  style='margin-top:0px;margin-bottom:20px;width:25%;width:calc(25% - ( ( 4% ) * 0.25 ) );'>\n\t\t\t<div class=\"fusion-column-wrapper\"  style=\"background-position:left top;background-repeat:no-repeat;-webkit-background-size:cover;-moz-background-size:cover;-o-background-size:cover;background-size:cover;\"  data-bg-url=\"\">\n\t\t\t\t<div class=\"fusion-widget-area fusion-widget-area-1 fusion-content-widget-area\"><div id=\"block-2\" class=\"fusion-slidingbar-widget-column widget widget_block widget_media_image\"><div class=\"wp-block-image is-style-default\">\n<figure class=\"aligncenter size-full is-resized\"><a href=\"https:\/\/bit.ly\/EducaTuCarteraC\" target=\"_blank\" rel=\" noreferrer noopener\"><img loading=\"lazy\" decoding=\"async\" src=\"https:\/\/www.cajacgv.com.mx\/wp-content\/uploads\/2022\/11\/banner-educa_215X260.png\" alt=\"Educa tu cartera\" class=\"wp-image-14445\" width=\"214\" height=\"258\" srcset=\"https:\/\/www.cajacgv.com.mx\/wp-content\/uploads\/2022\/11\/banner-educa_215X260-200x242.png 200w, https:\/\/www.cajacgv.com.mx\/wp-content\/uploads\/2022\/11\/banner-educa_215X260.png 215w\" sizes=\"auto, (max-width: 214px) 100vw, 214px\" \/><\/a><figcaption class=\"wp-element-caption\"><strong>Si deseas conocer m\u00e1s sobre \"Educa tu Cartera\" , da clic en la imagen.<\/strong><\/figcaption><\/figure>\n<\/div><div style=\"clear:both;\"><\/div><\/div><div class=\"fusion-additional-widget-content\"><\/div><\/div><div class=\"fusion-clearfix\"><\/div>\n\t\t\t<\/div>\n\t\t<\/div><\/div><\/div><\/p>\n","protected":false},"excerpt":{"rendered":"","protected":false},"author":1,"featured_media":0,"parent":0,"menu_order":0,"comment_status":"closed","ping_status":"closed","template":"100-width.php","meta":{"footnotes":""},"class_list":["post-15583","page","type-page","status-publish","hentry"],"_links":{"self":[{"href":"https:\/\/www.cajacgv.com.mx\/index.php\/wp-json\/wp\/v2\/pages\/15583","targetHints":{"allow":["GET"]}}],"collection":[{"href":"https:\/\/www.cajacgv.com.mx\/index.php\/wp-json\/wp\/v2\/pages"}],"about":[{"href":"https:\/\/www.cajacgv.com.mx\/index.php\/wp-json\/wp\/v2\/types\/page"}],"author":[{"embeddable":true,"href":"https:\/\/www.cajacgv.com.mx\/index.php\/wp-json\/wp\/v2\/users\/1"}],"replies":[{"embeddable":true,"href":"https:\/\/www.cajacgv.com.mx\/index.php\/wp-json\/wp\/v2\/comments?post=15583"}],"version-history":[{"count":3,"href":"https:\/\/www.cajacgv.com.mx\/index.php\/wp-json\/wp\/v2\/pages\/15583\/revisions"}],"predecessor-version":[{"id":15936,"href":"https:\/\/www.cajacgv.com.mx\/index.php\/wp-json\/wp\/v2\/pages\/15583\/revisions\/15936"}],"wp:attachment":[{"href":"https:\/\/www.cajacgv.com.mx\/index.php\/wp-json\/wp\/v2\/media?parent=15583"}],"curies":[{"name":"wp","href":"https:\/\/api.w.org\/{rel}","templated":true}]}}