{"id":16670,"date":"2024-03-11T17:12:43","date_gmt":"2024-03-11T23:12:43","guid":{"rendered":"https:\/\/www.cajacgv.com.mx\/?page_id=16670"},"modified":"2024-09-24T17:59:16","modified_gmt":"2024-09-24T23:59:16","slug":"prestamo-promocion-24","status":"publish","type":"page","link":"https:\/\/www.cajacgv.com.mx\/index.php\/prestamo-promocion-24\/","title":{"rendered":"Pr\u00e9stamo 24"},"content":{"rendered":"<p><div  class=\"fusion-fullwidth fullwidth-box hundred-percent-fullwidth\"  style='background-color: rgba(255,255,255,0);background-position: center center;background-repeat: no-repeat;padding-top:20px;padding-right:-30px;padding-bottom:20px;padding-left:-30px;margin-top: -75px;'><div class=\"fusion-builder-row fusion-row \"><div  class=\"fusion-layout-column fusion_builder_column fusion_builder_column_1_1  fusion-one-full fusion-column-first fusion-column-last 1_1\"  style='margin-top:0px;margin-bottom:20px;'>\n\t\t\t<div class=\"fusion-column-wrapper\"  style=\"background-position:left top;background-repeat:no-repeat;-webkit-background-size:cover;-moz-background-size:cover;-o-background-size:cover;background-size:cover;\"  data-bg-url=\"\">\n\t\t\t\t<div class=\"imageframe-align-center\"><span class=\"fusion-imageframe imageframe-none imageframe-1 hover-type-none\"><img loading=\"lazy\" decoding=\"async\" src=\"https:\/\/www.cajacgv.com.mx\/wp-content\/uploads\/2024\/03\/Banner-inicio-landing-1920x605px-gral-prestamo.jpg\" width=\"1920\" height=\"605\" alt=\"costos cgv\" title=\"Banner-inicio-landing-1920x605px-gral-prestamo\" class=\"img-responsive wp-image-16687\" srcset=\"https:\/\/www.cajacgv.com.mx\/wp-content\/uploads\/2024\/03\/Banner-inicio-landing-1920x605px-gral-prestamo-200x63.jpg 200w, https:\/\/www.cajacgv.com.mx\/wp-content\/uploads\/2024\/03\/Banner-inicio-landing-1920x605px-gral-prestamo-400x126.jpg 400w, https:\/\/www.cajacgv.com.mx\/wp-content\/uploads\/2024\/03\/Banner-inicio-landing-1920x605px-gral-prestamo-600x189.jpg 600w, https:\/\/www.cajacgv.com.mx\/wp-content\/uploads\/2024\/03\/Banner-inicio-landing-1920x605px-gral-prestamo-800x252.jpg 800w, https:\/\/www.cajacgv.com.mx\/wp-content\/uploads\/2024\/03\/Banner-inicio-landing-1920x605px-gral-prestamo-1200x378.jpg 1200w, https:\/\/www.cajacgv.com.mx\/wp-content\/uploads\/2024\/03\/Banner-inicio-landing-1920x605px-gral-prestamo.jpg 1920w\" sizes=\"auto, (max-width: 800px) 100vw, 1100px\" \/><\/span><\/div><style>\n.con-inf{\n  background-color: #ffff;\n  background-position: left top;\n  background-repeat: no-repeat;\n  -webkit-background-size: cover;\n  -moz-background-size: cover;\n  -o-background-size: cover;\n  background-size: cover;\n  min-height: 580px;\n}\n\n.tooltip_dos {\n  position: relative;\n  display: inline-block;\n  border-bottom: 1px dotted black;\n}\n\n.tooltip_dos .tooltiptext_dos {\n  visibility: hidden;\n  width: 250px;\n  background-color: #555;\n  color: #fff;\n  text-align: left;\n  border-radius: 6px;\n  padding: 5px 0;\n  position: absolute;\n  z-index: 1;\n  bottom: 125%;\n  left: 50%;\n  margin-left: -60px;\n  opacity: 0;\n  transition: opacity 0.3s;\n  padding-left: 5px;\n  font-size:12px;\n}\n\n.tooltip_dos .tooltiptext_dos::after {\n  content: \"\";\n  position: absolute;\n  top: 100%;\n  left: 50%;\n  margin-left: -5px;\n  border-width: 5px;\n  border-style: solid;\n  border-color: #555 transparent transparent transparent;\n}\n\n.tooltip_dos:hover .tooltiptext_dos {\n  visibility: visible;\n  opacity: 1;\n}\n.tooltip_dos:active .tooltiptext_dos {\n  visibility: visible;\n  opacity: 1;\n}\n\n#comment-input input, .wpcf7-form .wpcf7-text, input[type=\"email\"], input[type=\"text\"], .wpcf7-form .wpcf7-select {\n    height: 35px;\n    padding-top: 0;\n    padding-bottom: 0;\n    color: #242121;\n}\ninput[type=\"file\"], input[type=\"email\"], input[type=\"tel\"], input[type=\"password\"], input[type=\"text\"], textarea, .wpcf7-form .wpcf7-select {\n    -webkit-appearance: none;\n    -webkit-border-radius: 10px;\n}\ninput[type=checkbox]{\nfont-family: \"Montserrat\", sans-serif;\n  font-size: 15px;\n  \/* Doble-tama\u00f1o Checkboxes *\/\n  -ms-transform: scale(1.5); \/* IE *\/\n  -moz-transform: scale(1.5); \/* FF *\/\n  -webkit-transform: scale(1.5); \/* Safari y Chrome *\/\n  -o-transform: scale(1.5); \/* Opera *\/\n}\n\n.fusion-button.button-7{\n  border-radius: 10px;\n}\n\nfieldset {\n    display: block;\n    margin-inline-start: 2px;\n    margin-inline-end: 2px;\n    padding-block-start: 0.35em;\n    padding-inline-start: 0.75em;\n    padding-inline-end: 0.75em;\n    padding-block-end: 0.625em;\n    min-inline-size: min-content;\n    border-width: 2px;\n    border-style: groove;\n    border-color: threedface;\n    border-image: initial;\n}\n\nlegend {\n    display: block;\n    padding-inline-start: 2px;\n    padding-inline-end: 2px;\n    border-width: initial;\n    border-style: none;\n    border-color: initial;\n    border-image: initial;\n    font-weight: bold;\n}\n#inter-line{\npadding: 15px;\n}\n.align-center {\n  text-align: center;\n}\n.wpcf7-form textarea {\n    height: 100px;\n}\n\n<\/style><div class=\"fusion-clearfix\"><\/div>\n\t\t\t<\/div>\n\t\t<\/div><\/div><\/div><div  class=\"fusion-fullwidth fullwidth-box nonhundred-percent-fullwidth\"  style='background-color: rgba(255,255,255,0);background-position: center center;background-repeat: no-repeat;padding-top:20px;padding-right:0px;padding-bottom:20px;padding-left:0px;'><div class=\"fusion-builder-row fusion-row \"><div  class=\"fusion-layout-column fusion_builder_column fusion_builder_column_1_1  fusion-one-full fusion-column-first fusion-column-last 1_1\"  style='margin-top:0px;margin-bottom:20px;'>\n\t\t\t<div class=\"fusion-column-wrapper\"  style=\"background-position:left top;background-repeat:no-repeat;-webkit-background-size:cover;-moz-background-size:cover;-o-background-size:cover;background-size:cover;\"  data-bg-url=\"\">\n\t\t\t\t<div class=\"fusion-title title sep-underline sep-solid fusion-title-center fusion-title-size-one\" style=\"border-bottom-color:#612314;margin-top:0px;margin-bottom:31px;\"><h1 class=\"title-heading-center\">Para ti que sabes lo que quieres\u2026<\/h1><\/div><p>En CGV ponemos a tu disposici\u00f3n m\u00faltiples productos financieros con tasas preferenciales, c\u00f3modos plazos y grandes beneficios, para que concretes todos tus sue\u00f1os, metas y proyectos.<\/p>\n<p>\u00a1Con\u00f3celos!<\/p>\n<div class=\"fusion-clearfix\"><\/div>\n\t\t\t<\/div>\n\t\t<\/div><\/div><\/div><div  class=\"fusion-fullwidth fullwidth-box nonhundred-percent-fullwidth\"  style='background-color: #D9D9D9;background-position: center center;background-repeat: no-repeat;padding-top:20px;padding-right:0px;padding-bottom:20px;padding-left:0px;'><div class=\"fusion-builder-row fusion-row \"><div  class=\"fusion-layout-column fusion_builder_column fusion_builder_column_1_3  fusion-one-third fusion-column-first con-inf 1_3\"  style='margin-top:0px;margin-bottom:20px;width:33.33%;width:calc(33.33% - ( ( 4% + 4% ) * 0.3333 ) );margin-right: 4%;'>\n\t\t\t<div class=\"fusion-column-wrapper\"  style=\"background-color:#ffff;padding: 20px;background-position:left top;background-repeat:no-repeat;-webkit-background-size:cover;-moz-background-size:cover;-o-background-size:cover;background-size:cover;\"  data-bg-url=\"\">\n\t\t\t\t<div class=\"imageframe-align-center\"><span style=\"border:1px solid #ffffff;\" class=\"fusion-imageframe imageframe-none imageframe-2 hover-type-none\"><img loading=\"lazy\" decoding=\"async\" src=\"https:\/\/www.cajacgv.com.mx\/wp-content\/uploads\/2024\/03\/Quiero_Todos_Miniaturas_832x540px_Promofin.jpg\" width=\"832\" height=\"540\" alt=\"caja cgv\" title=\"Quiero_Todos_Miniaturas_832x540px_Promofin\" class=\"img-responsive wp-image-16678\" srcset=\"https:\/\/www.cajacgv.com.mx\/wp-content\/uploads\/2024\/03\/Quiero_Todos_Miniaturas_832x540px_Promofin-200x130.jpg 200w, https:\/\/www.cajacgv.com.mx\/wp-content\/uploads\/2024\/03\/Quiero_Todos_Miniaturas_832x540px_Promofin-400x260.jpg 400w, https:\/\/www.cajacgv.com.mx\/wp-content\/uploads\/2024\/03\/Quiero_Todos_Miniaturas_832x540px_Promofin-600x389.jpg 600w, https:\/\/www.cajacgv.com.mx\/wp-content\/uploads\/2024\/03\/Quiero_Todos_Miniaturas_832x540px_Promofin-800x519.jpg 800w, https:\/\/www.cajacgv.com.mx\/wp-content\/uploads\/2024\/03\/Quiero_Todos_Miniaturas_832x540px_Promofin.jpg 832w\" sizes=\"auto, (max-width: 800px) 100vw, 1100px\" \/><\/span><\/div><div class=\"fusion-sep-clear\"><\/div><div class=\"fusion-separator fusion-full-width-sep sep-none\" style=\"margin-left: auto;margin-right: auto;margin-top:20px;\"><\/div><h2 style=\"text-align: left;\"><strong>Quiero un pr\u00e9stamo sin aval y sin garant\u00eda<\/strong><\/h2>\n<p>Obt\u00e9n desde <strong>5 mil<\/strong> hasta <strong>55 mil<\/strong> pesos sin aval ni garant\u00eda. C\u00f3modos pagos tasa de inter\u00e9s competitiva.<\/p>\n<div class=\"fusion-sep-clear\"><\/div><div class=\"fusion-separator fusion-full-width-sep sep-none\" style=\"margin-left: auto;margin-right: auto;margin-top:20px;\"><\/div><div class=\"fusion-aligncenter\">\n  <style type=\"text\/css\">.fusion-button.button-7 {border-radius:2px;}<\/style>\n  <a class=\"fusion-button button-flat button-large button-default button-7 fusion-button-default-spanppo\" target=\"_blank\" rel=\"noopener noreferrer\" href=\"https:\/\/www.cajacgv.com.mx\/index.php\/prestamo-promofin\/\"><span class=\"fusion-button-text\">M\u00e1s Informaci\u00f3n<\/span><\/a>\n<\/div><div class=\"fusion-clearfix\"><\/div>\n\t\t\t<\/div>\n\t\t<\/div><div  class=\"fusion-layout-column fusion_builder_column fusion_builder_column_1_3  fusion-one-third con-inf 1_3\"  style='margin-top:0px;margin-bottom:20px;width:33.33%;width:calc(33.33% - ( ( 4% + 4% ) * 0.3333 ) );margin-right: 4%;'>\n\t\t\t<div class=\"fusion-column-wrapper\"  style=\"background-color:#ffff;padding: 20px;background-position:left top;background-repeat:no-repeat;-webkit-background-size:cover;-moz-background-size:cover;-o-background-size:cover;background-size:cover;\"  data-bg-url=\"\">\n\t\t\t\t<div class=\"imageframe-align-center\"><span style=\"border:1px solid #ffffff;\" class=\"fusion-imageframe imageframe-none imageframe-3 hover-type-none\"><img loading=\"lazy\" decoding=\"async\" src=\"https:\/\/www.cajacgv.com.mx\/wp-content\/uploads\/2024\/03\/Quiero_Todos_Miniaturas_832x540px_Dinamicgv.jpg\" width=\"832\" height=\"540\" alt=\"caja cgv\" title=\"Quiero_Todos_Miniaturas_832x540px_Dinamicgv\" class=\"img-responsive wp-image-16676\" srcset=\"https:\/\/www.cajacgv.com.mx\/wp-content\/uploads\/2024\/03\/Quiero_Todos_Miniaturas_832x540px_Dinamicgv-200x130.jpg 200w, https:\/\/www.cajacgv.com.mx\/wp-content\/uploads\/2024\/03\/Quiero_Todos_Miniaturas_832x540px_Dinamicgv-400x260.jpg 400w, https:\/\/www.cajacgv.com.mx\/wp-content\/uploads\/2024\/03\/Quiero_Todos_Miniaturas_832x540px_Dinamicgv-600x389.jpg 600w, https:\/\/www.cajacgv.com.mx\/wp-content\/uploads\/2024\/03\/Quiero_Todos_Miniaturas_832x540px_Dinamicgv-800x519.jpg 800w, https:\/\/www.cajacgv.com.mx\/wp-content\/uploads\/2024\/03\/Quiero_Todos_Miniaturas_832x540px_Dinamicgv.jpg 832w\" sizes=\"auto, (max-width: 800px) 100vw, 1100px\" \/><\/span><\/div><div class=\"fusion-sep-clear\"><\/div><div class=\"fusion-separator fusion-full-width-sep sep-none\" style=\"margin-left: auto;margin-right: auto;margin-top:20px;\"><\/div><h2 style=\"text-align: left;\"><strong>Quiero elegir mis fechas de pago<\/strong><\/h2>\n<p>Obt\u00e9n desde <strong>$15,000<\/strong> hasta <strong>$300,000<\/strong> pesos, para lo que t\u00fa necesites eligiendo tus d\u00edas para pagar<\/p>\n<div class=\"fusion-sep-clear\"><\/div><div class=\"fusion-separator fusion-full-width-sep sep-none\" style=\"margin-left: auto;margin-right: auto;margin-top:20px;\"><\/div><div class=\"fusion-aligncenter\">\n  <style type=\"text\/css\">.fusion-button.button-7 {border-radius:2px;}<\/style>\n  <a class=\"fusion-button button-flat button-large button-default button-7 fusion-button-default-spanppo\" target=\"_blank\" rel=\"noopener noreferrer\" href=\"https:\/\/www.cajacgv.com.mx\/index.php\/prestamo-dinamicgv\/\"><span class=\"fusion-button-text\">M\u00e1s Informaci\u00f3n<\/span><\/a>\n<\/div><div class=\"fusion-clearfix\"><\/div>\n\t\t\t<\/div>\n\t\t<\/div><div  class=\"fusion-layout-column fusion_builder_column fusion_builder_column_1_3  fusion-one-third fusion-column-last con-inf 1_3\"  style='margin-top:0px;margin-bottom:20px;width:33.33%;width:calc(33.33% - ( ( 4% + 4% ) * 0.3333 ) );'>\n\t\t\t<div class=\"fusion-column-wrapper\"  style=\"background-color:#ffff;padding: 20px;background-position:left top;background-repeat:no-repeat;-webkit-background-size:cover;-moz-background-size:cover;-o-background-size:cover;background-size:cover;\"  data-bg-url=\"\">\n\t\t\t\t<div class=\"imageframe-align-center\"><span style=\"border:1px solid #ffffff;\" class=\"fusion-imageframe imageframe-none imageframe-4 hover-type-none\"><img loading=\"lazy\" decoding=\"async\" src=\"https:\/\/www.cajacgv.com.mx\/wp-content\/uploads\/2024\/03\/Quiero_Todos_Miniaturas_832x540px_ViaNomina.jpg\" width=\"832\" height=\"540\" alt=\"caja cgv\" title=\"Quiero_Todos_Miniaturas_832x540px_Vi\u0301aNo\u0301mina\" class=\"img-responsive wp-image-16681\" srcset=\"https:\/\/www.cajacgv.com.mx\/wp-content\/uploads\/2024\/03\/Quiero_Todos_Miniaturas_832x540px_ViaNomina-200x130.jpg 200w, https:\/\/www.cajacgv.com.mx\/wp-content\/uploads\/2024\/03\/Quiero_Todos_Miniaturas_832x540px_ViaNomina-400x260.jpg 400w, https:\/\/www.cajacgv.com.mx\/wp-content\/uploads\/2024\/03\/Quiero_Todos_Miniaturas_832x540px_ViaNomina-600x389.jpg 600w, https:\/\/www.cajacgv.com.mx\/wp-content\/uploads\/2024\/03\/Quiero_Todos_Miniaturas_832x540px_ViaNomina-800x519.jpg 800w, https:\/\/www.cajacgv.com.mx\/wp-content\/uploads\/2024\/03\/Quiero_Todos_Miniaturas_832x540px_ViaNomina.jpg 832w\" sizes=\"auto, (max-width: 800px) 100vw, 1100px\" \/><\/span><\/div><div class=\"fusion-sep-clear\"><\/div><div class=\"fusion-separator fusion-full-width-sep sep-none\" style=\"margin-left: auto;margin-right: auto;margin-top:20px;\"><\/div><h2 style=\"text-align: left;\"><strong>Quiero un pr\u00e9stamo v\u00eda n\u00f3mina<\/strong><\/h2>\n<p>Obt\u00e9n hasta <strong>$200,000<\/strong> pesos de forma r\u00e1pida y sencilla con descuentos a trav\u00e9s de tu n\u00f3mina.<\/p>\n<div class=\"fusion-sep-clear\"><\/div><div class=\"fusion-separator fusion-full-width-sep sep-none\" style=\"margin-left: auto;margin-right: auto;margin-top:20px;\"><\/div><div class=\"fusion-aligncenter\">\n  <style type=\"text\/css\">.fusion-button.button-7 {border-radius:2px;}<\/style>\n  <a class=\"fusion-button button-flat button-large button-default button-7 fusion-button-default-spanppo\" target=\"_blank\" rel=\"noopener noreferrer\" href=\"https:\/\/www.cajacgv.com.mx\/index.php\/prestamonomina\/\"><span class=\"fusion-button-text\">M\u00e1s Informaci\u00f3n<\/span><\/a>\n<\/div><div class=\"fusion-clearfix\"><\/div>\n\t\t\t<\/div>\n\t\t<\/div><\/div><\/div><div  class=\"fusion-fullwidth fullwidth-box nonhundred-percent-fullwidth\"  style='background-color: rgba(255,255,255,0);background-position: center center;background-repeat: no-repeat;padding-top:20px;padding-right:0px;padding-bottom:20px;padding-left:0px;'><div class=\"fusion-builder-row fusion-row \"><div  class=\"fusion-layout-column fusion_builder_column fusion_builder_column_1_1  fusion-one-full fusion-column-first fusion-column-last 1_1\"  style='margin-top:0px;margin-bottom:20px;'>\n\t\t\t<div class=\"fusion-column-wrapper\"  style=\"background-position:left top;background-repeat:no-repeat;-webkit-background-size:cover;-moz-background-size:cover;-o-background-size:cover;background-size:cover;\"  data-bg-url=\"\">\n\t\t\t\t<div class=\"fusion-sep-clear\"><\/div><div class=\"fusion-separator fusion-full-width-sep sep-none\" style=\"margin-left: auto;margin-right: auto;margin-top:20px;\"><\/div><div style=\"background-color:#612314;color: #FFF;font-size: 23px;text-align: center;padding: 15px 15px 15px 15px; \"><span> \u00a1EST\u00c1S A UN PASO!<BR> D\u00e9janos tus datos y comienza tu tr\u00e1mite ahora mismo.<\/span> <\/div>\n<div style=\"background-color: #FAFAFA; padding: 10px;\">\n\n<div class=\"wpcf7 no-js\" id=\"wpcf7-f14869-o1\" lang=\"es-ES\" dir=\"ltr\" data-wpcf7-id=\"14869\">\n<div class=\"screen-reader-response\"><p role=\"status\" aria-live=\"polite\" aria-atomic=\"true\"><\/p> <ul><\/ul><\/div>\n<form action=\"\/index.php\/wp-json\/wp\/v2\/pages\/16670#wpcf7-f14869-o1\" method=\"post\" class=\"wpcf7-form init\" aria-label=\"Formulario de contacto\" novalidate=\"novalidate\" data-status=\"init\">\n<div style=\"display: none;\">\n<input type=\"hidden\" name=\"_wpcf7\" value=\"14869\" \/>\n<input type=\"hidden\" name=\"_wpcf7_version\" value=\"6.0.6\" \/>\n<input type=\"hidden\" name=\"_wpcf7_locale\" value=\"es_ES\" \/>\n<input type=\"hidden\" name=\"_wpcf7_unit_tag\" value=\"wpcf7-f14869-o1\" \/>\n<input type=\"hidden\" name=\"_wpcf7_container_post\" value=\"0\" \/>\n<input type=\"hidden\" name=\"_wpcf7_posted_data_hash\" value=\"\" \/>\n<input type=\"hidden\" name=\"_wpcf7dtx_version\" value=\"5.0.3\" \/>\n<\/div>\n<p>[honeypot spam timecheck_value:83]<br \/>\n<div class='content-column one_third'><\/p>\n<div style=\"margin-right: 20px; margin-left: 20px; margin-top: 20px; text-align: left;\">\n\t<p>Nombre Completo*<br \/>\n<span class=\"wpcf7-form-control-wrap\" data-name=\"your-name\"><input size=\"40\" maxlength=\"400\" class=\"wpcf7-form-control wpcf7-text wpcf7-validates-as-required\" aria-required=\"true\" aria-invalid=\"false\" value=\"\" type=\"text\" name=\"your-name\" \/><\/span>\n\t<\/p>\n<\/div><\/div>\n<\/p>\n<p><div class='content-column one_third'><\/p>\n<div style=\"margin-right: 20px; margin-left: 20px; margin-top: 20px; text-align: left;\">\n\t<p>Correo electr\u00f3nico*<br \/>\n<span class=\"wpcf7-form-control-wrap\" data-name=\"your-email\"><input size=\"40\" maxlength=\"400\" class=\"wpcf7-form-control wpcf7-email wpcf7-validates-as-required wpcf7-text wpcf7-validates-as-email\" aria-required=\"true\" aria-invalid=\"false\" value=\"\" type=\"email\" name=\"your-email\" \/><\/span>\n\t<\/p>\n<\/div><\/div>\n<\/p>\n<p><div class='content-column one_third'><\/p>\n<div style=\"margin-right: 20px; margin-left: 20px; margin-top: 20px; text-align: left;\">\n\t<p>Tel\u00e9fono*<br \/>\n<span class=\"wpcf7-form-control-wrap\" data-name=\"tel-718\"><input size=\"40\" maxlength=\"400\" class=\"wpcf7-form-control wpcf7-tel wpcf7-validates-as-required wpcf7-text wpcf7-validates-as-tel\" aria-required=\"true\" aria-invalid=\"false\" value=\"\" type=\"tel\" name=\"tel-718\" \/><\/span>\n\t<\/p>\n<\/div><\/div>\n<\/p>\n<p><div class='content-column one_third'><\/p>\n<div style=\"margin-right: 20px; margin-left: 20px; margin-top: 20px; text-align: left;\">\n\t<p>\u00bfEres socio CGV?* <span class=\"wpcf7-form-control-wrap\" data-name=\"socio\"><select class=\"wpcf7-form-control wpcf7-select wpcf7-validates-as-required\" aria-required=\"true\" aria-invalid=\"false\" name=\"socio\"><option value=\"\">&#8212;Por favor, elige una opci\u00f3n&#8212;<\/option><option value=\"Si\">Si<\/option><option value=\"No\">No<\/option><\/select><\/span>\n\t<\/p>\n<\/div><\/div>\n<\/p>\n<p><div class='content-column one_third'><\/p>\n<div style=\"margin-right: 20px; margin-left: 20px; margin-top: 20px; text-align: left;\">\n\t<p>Estado* <span class=\"wpcf7-form-control-wrap\" data-name=\"menu-353\"><select class=\"wpcf7-form-control wpcf7-select wpcf7-validates-as-required\" id=\"estado\" aria-required=\"true\" aria-invalid=\"false\" name=\"menu-353\"><option value=\"\">&#8212;Por favor, elige una opci\u00f3n&#8212;<\/option><option value=\"Aguascalientes\">Aguascalientes<\/option><option value=\"Quer\u00e9taro\">Quer\u00e9taro<\/option><option value=\"San Luis Potos\u00ed\">San Luis Potos\u00ed<\/option><\/select><\/span>\n\t<\/p>\n<\/div><\/div>\n<\/p>\n<p><div class='content-column one_third'><\/p>\n<div style=\"margin-right: 20px; margin-left: 20px; margin-top: 20px; text-align: left;\">\n\t<p>Producto*<br \/>\n<span class=\"wpcf7-form-control-wrap\" data-name=\"producto\"><select class=\"wpcf7-form-control wpcf7-select wpcf7-validates-as-required\" aria-required=\"true\" aria-invalid=\"false\" name=\"producto\"><option value=\"\">&#8212;Por favor, elige una opci\u00f3n&#8212;<\/option><option value=\"PROMOFIN\">PROMOFIN<\/option><option value=\"MEJORAGUA\">MEJORAGUA<\/option><option value=\"HAZLO TUYO\">HAZLO TUYO<\/option><option value=\"DINAMICGV\">DINAMICGV<\/option><option value=\"LUZ VERDE\">LUZ VERDE<\/option><option value=\"HIPOTECARIO\">HIPOTECARIO<\/option><option value=\"PYME\">PYME<\/option><\/select><\/span>\n\t<\/p>\n<\/div><\/div>\n<\/p>\n<p><div class='content-column full_width'><\/p>\n<div style=\"margin-right: 20px; margin-left: 20px; margin-top: 20px; text-align: left;\">\n\t<p>Mensaje <span class=\"wpcf7-form-control-wrap\" data-name=\"mensaje\"><textarea cols=\"40\" rows=\"10\" maxlength=\"2000\" class=\"wpcf7-form-control wpcf7-textarea\" aria-invalid=\"false\" name=\"mensaje\"><\/textarea><\/span>\n\t<\/p>\n<\/div><\/div>\n<\/p>\n<div style=\"display: flex;width: 100%;flex-wrap: wrap; margin-bottom:15px;\">\n<\/div>\n<div class=\"text_form\" style=\"margin-right: 20px; margin-left: 20px; margin-top: 10px; text-align: right; color: #171616;\">\n\t<p>*Datos requeridos.\n\t<\/p>\n<\/div>\n<p><div class='content-column full_width'><\/p>\n<div style=\"text-align: center;\">\n\t<p><span class=\"wpcf7-form-control-wrap\" data-name=\"acceptance-870\"><span class=\"wpcf7-form-control wpcf7-acceptance\"><span class=\"wpcf7-list-item\"><input type=\"checkbox\" name=\"acceptance-870\" value=\"1\" checked=\"checked\" aria-invalid=\"false\" \/><\/span><\/span><\/span><label style='font-size:12px;'>Acepto<a href='https:\/\/www.cajacgv.com.mx\/\/index.php\/avisoprivacidad\/' target='_blank'><b> P\u00f3litica de Privacidad<\/b><\/a><\/label><br \/>\n<span class=\"wpcf7-form-control-wrap\" data-name=\"acceptance-817\"><span class=\"wpcf7-form-control wpcf7-acceptance\"><span class=\"wpcf7-list-item\"><input type=\"checkbox\" name=\"acceptance-817\" value=\"1\" checked=\"checked\" aria-invalid=\"false\" \/><\/span><\/span><\/span><label style=\"font-size:12px;\"> Acepto recibir promociones de Caja CGV<\/label><br \/>\n<input class=\"wpcf7-form-control wpcf7-submit has-spinner\" id=\"Enviar\" type=\"submit\" value=\"Enviar\" \/>\n\t<\/p>\n<\/div><\/div>\n<\/p><div class=\"wpcf7-response-output\" aria-hidden=\"true\"><\/div>\n<\/form>\n<\/div>\n\n<\/div><div class=\"fusion-sep-clear\"><\/div><div class=\"fusion-separator fusion-full-width-sep sep-none\" style=\"margin-left: auto;margin-right: auto;margin-top:20px;\"><\/div><div class=\"fusion-clearfix\"><\/div>\n\t\t\t<\/div>\n\t\t<\/div><div  class=\"fusion-layout-column fusion_builder_column fusion_builder_column_1_1  fusion-one-full fusion-column-first fusion-column-last 1_1\"  style='margin-top:0px;margin-bottom:20px;'>\n\t\t\t<div class=\"fusion-column-wrapper\"  style=\"background-color:#ffff;padding: 20px;background-position:left top;background-repeat:no-repeat;-webkit-background-size:cover;-moz-background-size:cover;-o-background-size:cover;background-size:cover;\"  data-bg-url=\"\">\n\t\t\t\t<p>\u201cIncumplir tus obligaciones te puede generar comisiones e intereses moratorios\u201d<\/p>\n<p>\u201cContratar cr\u00e9ditos que excedan tu capacidad de pago afecta tu historial crediticio\u201d<\/p>\n<p>\u201cEl avalista, obligado solidario o coacreditado responder\u00e1 como obligado principal por el total del pago frente a la Instituci\u00f3n Financiera\u201d<\/p>\n<div class=\"fusion-sep-clear\"><\/div><div class=\"fusion-separator fusion-full-width-sep sep-none\" style=\"margin-left: auto;margin-right: auto;margin-top:20px;\"><\/div><h3 style=\"font-size: 12px;\">Con la finalidad de atender sus aclaraciones y reclamaciones relacionadas con las operaciones y servicios que realice con nosotros Caja Gonzalo Vega pone a su disposici\u00f3n la <strong><a href=\"https:\/\/www.cajacgv.com.mx\/\/index.php\/une\/\">Unidad Especializada de Atenci\u00f3n a Usuarios (UNE)<\/a><\/strong> atenci\u00f3n telef\u00f3nica al 442 2518400 o al 800 226 6844, v\u00eda correo electr\u00f3nico a la direcci\u00f3n unecgv@cajacgv.com.mx o directamente en la sucursal de tu preferencia y la Comisi\u00f3n Nacional para la Protecci\u00f3n y Defensa de los Usuarios de Servicios Financieros (CONDUSEF), al tel\u00e9fono 55 5340 0999, p\u00e1gina de internet <strong><a href=\"https:\/\/www.condusef.gob.mx\/\" target=\"_blank\" rel=\"noopener\">www.condusef.gob.mx<\/a><\/strong> y al correo electr\u00f3nico asesoria@condusef.gob.mx.<\/h3>\n<div class=\"fusion-clearfix\"><\/div>\n\t\t\t<\/div>\n\t\t<\/div><\/div><\/div><\/p>\n","protected":false},"excerpt":{"rendered":"","protected":false},"author":1,"featured_media":0,"parent":0,"menu_order":0,"comment_status":"closed","ping_status":"closed","template":"100-width.php","meta":{"footnotes":""},"class_list":["post-16670","page","type-page","status-publish","hentry"],"_links":{"self":[{"href":"https:\/\/www.cajacgv.com.mx\/index.php\/wp-json\/wp\/v2\/pages\/16670","targetHints":{"allow":["GET"]}}],"collection":[{"href":"https:\/\/www.cajacgv.com.mx\/index.php\/wp-json\/wp\/v2\/pages"}],"about":[{"href":"https:\/\/www.cajacgv.com.mx\/index.php\/wp-json\/wp\/v2\/types\/page"}],"author":[{"embeddable":true,"href":"https:\/\/www.cajacgv.com.mx\/index.php\/wp-json\/wp\/v2\/users\/1"}],"replies":[{"embeddable":true,"href":"https:\/\/www.cajacgv.com.mx\/index.php\/wp-json\/wp\/v2\/comments?post=16670"}],"version-history":[{"count":17,"href":"https:\/\/www.cajacgv.com.mx\/index.php\/wp-json\/wp\/v2\/pages\/16670\/revisions"}],"predecessor-version":[{"id":16914,"href":"https:\/\/www.cajacgv.com.mx\/index.php\/wp-json\/wp\/v2\/pages\/16670\/revisions\/16914"}],"wp:attachment":[{"href":"https:\/\/www.cajacgv.com.mx\/index.php\/wp-json\/wp\/v2\/media?parent=16670"}],"curies":[{"name":"wp","href":"https:\/\/api.w.org\/{rel}","templated":true}]}}