{"id":16706,"date":"2024-03-13T13:46:35","date_gmt":"2024-03-13T19:46:35","guid":{"rendered":"https:\/\/www.cajacgv.com.mx\/?page_id=16706"},"modified":"2024-03-13T13:46:35","modified_gmt":"2024-03-13T19:46:35","slug":"terminosenlinea","status":"publish","type":"page","link":"https:\/\/www.cajacgv.com.mx\/index.php\/terminosenlinea\/","title":{"rendered":"T\u00e9rminos y Condiciones"},"content":{"rendered":"<p><div  class=\"fusion-fullwidth fullwidth-box hundred-percent-fullwidth\"  style='background-color: rgba(255,255,255,0);background-position: center center;background-repeat: no-repeat;padding-top:0px;padding-right:0px;padding-bottom:0px;padding-left:0px;margin-top: -60px;'><div class=\"fusion-builder-row fusion-row \"><div  class=\"fusion-layout-column fusion_builder_column fusion_builder_column_1_1  fusion-one-full fusion-column-first fusion-column-last 1_1\"  style='margin-top:0px;margin-bottom:20px;'>\n\t\t\t<div class=\"fusion-column-wrapper\"  style=\"padding: 0px 0px 0px 0px;background-position:left top;background-repeat:no-repeat;-webkit-background-size:cover;-moz-background-size:cover;-o-background-size:cover;background-size:cover;\"  data-bg-url=\"\">\n\t\t\t\t<div class=\"imageframe-align-center\"><span class=\"fusion-imageframe imageframe-none imageframe-1 hover-type-none\"><img decoding=\"async\" src=\"https:\/\/www.cajacgv.com.mx\/\/wp-content\/uploads\/2017\/12\/aviso-provaciodad-cgv.jpg\" width=\"\" height=\"\" alt=\"aviso cgv\" title=\"\" class=\"img-responsive\"\/><\/span><\/div><div class=\"fusion-clearfix\"><\/div>\n\t\t\t<\/div>\n\t\t<\/div><\/div><\/div><div  class=\"fusion-fullwidth fullwidth-box nonhundred-percent-fullwidth\"  style='background-color: rgba(255,255,255,0);background-position: center center;background-repeat: no-repeat;padding-top:20px;padding-right:0px;padding-bottom:20px;padding-left:0px;'><div class=\"fusion-builder-row fusion-row \"><div  class=\"fusion-layout-column fusion_builder_column fusion_builder_column_1_1  fusion-one-full fusion-column-first fusion-column-last 1_1\"  style='margin-top:0px;margin-bottom:20px;'>\n\t\t\t<div class=\"fusion-column-wrapper\"  style=\"background-position:left top;background-repeat:no-repeat;-webkit-background-size:cover;-moz-background-size:cover;-o-background-size:cover;background-size:cover;\"  data-bg-url=\"\">\n\t\t\t\t<p><strong>T\u00c9RMINOS Y CONDICIONES<\/strong><\/p>\n<p>Caja Gonzalo Vega S.C. de A.P. de R.L. de C.V., (en lo sucesivo \u201cCGV\u201d) requiere que todos los Usuarios de esta aplicaci\u00f3n se adhieran a los t\u00e9rminos y condiciones que aparecen a continuaci\u00f3n.<\/p>\n<p>Por el solo hecho de acceder y hacer uso de esta aplicaci\u00f3n, Usted (el \u00abUsuario\u00bb) se adhiere de forma inmediata a todos y cada uno de los siguientes t\u00e9rminos y condiciones:<\/p>\n<p>1.-CONFIDENCIALIDAD EN LAS COMUNICACIONES DEL USUARIO<\/p>\n<p>\u201cCGV\u201d, se obliga a mantener confidencial la informaci\u00f3n que reciba del Usuario que tenga dicho car\u00e1cter conforme a las disposiciones legales aplicables, en los Estados Unidos Mexicanos. \u201cCGV\u201d no asume ninguna obligaci\u00f3n de mantener confidencial cualquier otra informaci\u00f3n que el Usuario le proporcione, ya sea al inscribirse a la Banca Electr\u00f3nica o en cualquier otro momento posterior, incluyendo aquella informaci\u00f3n que el Usuario proporcione a trav\u00e9s de boletines, pizarras o conversaciones en l\u00ednea (chats); as\u00ed como, la informaci\u00f3n que obtenga \u201cCGV\u201d a trav\u00e9s de las Cookies.<\/p>\n<p>2.-SITIOS LIGADOS<\/p>\n<p>Se encuentra estrictamente prohibido cualquier tipo de captaci\u00f3n y\/o vinculaci\u00f3n no autorizada a esta aplicaci\u00f3n. Asimismo, se encuentra prohibida la enmarcaci\u00f3n del contenido de esta aplicaci\u00f3n. \u201cCGV\u201d se reserva el derecho de desactivar cualquier liga (link) o marco (frame) no autorizado, y no asume responsabilidad alguna respecto del contenido de cualquier otro Sitio de Internet ligado o vinculado a esta aplicaci\u00f3n. El acceso a cualquier Sitio ligado o vinculado ser\u00e1 bajo el riesgo exclusivo del Usuario.<\/p>\n<p>3.-REGISTROS E INSCRIPCIONES DE LOS USUARIOS<\/p>\n<p>\u201cCGV\u201d no se encuentra obligada a revisar o dar contestaci\u00f3n a los mensajes o informaci\u00f3n registrada en esta aplicaci\u00f3n por los Usuarios, por lo que no asume ninguna responsabilidad por dichos registros o inscripciones, no obstante, har\u00e1 su mejor esfuerzo en atender todas las comunicaciones. Sin perjuicio de lo anterior, \u201cCGV\u201d se reserva la facultad de monitorear dichos registros con la frecuencia que discrecionalmente determine, as\u00ed como a suprimir cualquier registro cuyo contenido sea, de manera enunciativa m\u00e1s no limitativa:(i) ilegal, inmoral, difamatorio, calumnioso, vulgar, obsceno, \u00e9tnica o racialmente discriminatorio, o cualquier otro material cuyo contenido incite alg\u00fan comportamiento o conducta que pueda ser considerada ilegal o contra las buenas costumbres, o pueda acarrear alg\u00fan tipo de responsabilidad;<\/p>\n<p>(ii) Promociones u ofertas de cualquier especie;<\/p>\n<p>(iii) Mensajes registrados por Usuarios atribuyendo la autor\u00eda de los mismos a otras personas;<\/p>\n<p>(iv) informaci\u00f3n personal (p.ej.: n\u00famero telef\u00f3nico, domicilio, n\u00fameros de cuenta, historial laboral, etc.);<\/p>\n<p>(v) Mensajes registrados por terceros que pretenden hacerse pasar por voceros autorizados por \u201cCGV\u201d;<\/p>\n<p>(vi) Mensajes a trav\u00e9s de los cuales se ofrezca informaci\u00f3n privada o propiedades intelectuales;<\/p>\n<p>(vii) Mensajes m\u00faltiples colocados por un mismo Usuario; y\/o<\/p>\n<p>(viii) Cualquier tipo de mensajes encadenados o seriados<\/p>\n<p>4.-VIOLACI\u00d3N A ESTOS T\u00c9RMINOS Y CONDICIONES<\/p>\n<p>\u201cCGV\u201d se reserva el derecho de llevar a cabo todas las acciones legales que sean necesarias para remediar cualquier violaci\u00f3n a los presentes T\u00e9rminos y Condiciones, incluso el de restringir el acceso a esta aplicaci\u00f3n a determinados Usuarios de Internet.<\/p>\n<p>5.-MODIFICACIONES<\/p>\n<p>\u201cCGV\u201d, tendr\u00e1 el derecho de modificar en cualquier momento los T\u00e9rminos y Condiciones de Uso y Privacidad. En consecuencia, el Usuario debe leer atentamente los T\u00e9rminos y Condiciones de Uso y Privacidad cada vez que pretenda utilizar el Portal.<\/p>\n<p>6.-ACCESO A SECCIONES PROTEGIDAS MEDIANTE CONTRASE\u00d1AS<\/p>\n<p>El acceso a las secciones de seguridad de esta aplicaci\u00f3n protegidas mediante claves o contrase\u00f1as, se encuentra restringido \u00fanicamente a los usuarios que se encuentren debidamente autorizados para tal efecto. \u201cCGV\u201d, tomar\u00e1 las medidas que considere necesarias contra la persona que sea sorprendida llevando a cabo actos dirigidos a accesar ileg\u00edtimamente dichas secciones.<\/p>\n<p>7.-USO DE FUNCIONES Y ARCHIVOS \u00abCOOKIES\u00bb<\/p>\n<p>El Usuario que tenga acceso al Servicio, conviene en recibir archivos que les transmitan los servidores de \u201cCGV\u201d. \u00abCookie\u00bb significa un archivo de datos que se almacena en el disco duro de la computadora del Usuario cuando \u00e9ste tiene acceso al internet y servicios en l\u00ednea. Dichos archivos pueden contener informaci\u00f3n tal como la identificaci\u00f3n proporcionada por el Usuario o informaci\u00f3n para rastrear las p\u00e1ginas que el Usuario ha visitado. Una Cookie no puede leer los datos o informaci\u00f3n del disco duro del Usuario ni leer las Cookies creadas por otros sitios o p\u00e1ginas.<\/p>\n<p>8.-JURISDICCI\u00d3N Y LEGISLACI\u00d3N<\/p>\n<p>Para la interpretaci\u00f3n, cumplimiento y ejecuci\u00f3n de los presentes T\u00e9rminos y Condiciones de Uso y Privacidad, el Usuario est\u00e1 de acuerdo en que ser\u00e1n aplicables las leyes Federales de los Estados Unidos Mexicanos y competentes los tribunales de la Ciudad de M\u00e9xico, renunciando expresamente a cualquier otro fuero o jurisdicci\u00f3n que pudiera corresponderles en raz\u00f3n de sus domicilios presentes o futuros o por cualquier otra causa.<\/p>\n<p>9.-SEGUROS<\/p>\n<p>Todos los seguros a que hace referencia esta aplicaci\u00f3n son creados y operados por diversas compa\u00f1\u00edas de seguros legalmente establecidas en la Rep\u00fablica Mexicana en forma exclusiva para Usuarios \u201cCGV\u201d, por lo cual, dichas compa\u00f1\u00edas son responsables frente a los usuarios de los seguros contratados por \u00e9stos, liberando de cualquier responsabilidad a \u201cCGV\u201d. Los t\u00e9rminos, condiciones y restricciones de cada seguro se establecen en la p\u00f3liza y en el contrato correspondiente que las aseguradoras entregar\u00e1n a los Usuarios.<\/p>\n<p>10.-RESPONSABILIDAD RESPECTO A LA INFORMACI\u00d3N<\/p>\n<p>\u201cCGV\u201d no asume ninguna responsabilidad relacionada con la exactitud o veracidad de alguna opini\u00f3n, manifestaci\u00f3n o declaraci\u00f3n realizada a trav\u00e9s de esta aplicaci\u00f3n por alg\u00fan tercero distinto a \u201cCGV\u201d. Asimismo, \u201cCGV\u201d no asume ninguna responsabilidad por los da\u00f1os o perjuicios que se pudieren llegar a ocasionar en virtud de la utilizaci\u00f3n de la informaci\u00f3n contenida en esta aplicaci\u00f3n. Es responsabilidad exclusiva del Usuario el evaluar la exactitud, contenido y utilidad de la informaci\u00f3n, por lo que previo a tomar alguna decisi\u00f3n recomendamos que el Usuario contacte un especialista para obtener una evaluaci\u00f3n profesional respecto de cualquier segmento de dicha informaci\u00f3n.<\/p>\n<p>11.-MARCAS Y DERECHOS DE AUTOR<\/p>\n<p>Las marcas, avisos, nombres comerciales y dem\u00e1s propiedades intelectuales (indistintamente, las \u00abMarcas\u00bb) que aparecen en esta aplicaci\u00f3n, son propiedad exclusiva de \u201cCGV\u201d, o del leg\u00edtimo propietario de las mismas. Queda estrictamente prohibido cualquier uso o explotaci\u00f3n de las \u00abMarcas\u00bb(inclusive su uso como \u00abmetatags\u00bb), sin el consentimiento previo y por escrito de \u201cCGV\u201d, o de su leg\u00edtimo propietario. El dise\u00f1o y contenido de esta aplicaci\u00f3n, as\u00ed como cualquier programa de c\u00f3mputo que aparezca en el mismo, se encuentra debidamente protegido ante las autoridades y registros competentes, por lo que queda estrictamente prohibido, de manera enunciativa m\u00e1s no limitativa: modificar, copiar, distribuir, transmitir, desplegar, publicar, editar, vender o de cualquier forma explotar el dise\u00f1o y contenido de esta aplicaci\u00f3n con fines comerciales o privados.<\/p>\n<p>12.-LIMITACI\u00d3N DE RESPONSABILIDAD<\/p>\n<p>\u201cCGV\u201d no asume ninguna especie de responsabilidad que se derive de cualquier da\u00f1o o perjuicio, directo o indirecto, generado o de cualquier forma relacionado con el acceso o utilizaci\u00f3n de esta aplicaci\u00f3n, incluyendo la responsabilidad relacionada con mal uso de cualquier dato de identificaci\u00f3n de usuario final como nombres de usuarios y contrase\u00f1as.<\/p>\n<p>13.-BIENES Y SERVICIOS DE TERCEROS ENLAZADOS<\/p>\n<p>El hecho de que se ofrezca informaci\u00f3n en el Portal o en otros ligados o vinculados, no implica la recomendaci\u00f3n, garant\u00eda, patrocinio o aprobaci\u00f3n por parte de \u201cCGV\u201d respecto de dicha informaci\u00f3n, bienes y\/o servicios. La disponibilidad de bienes y\/o servicios ofertados por terceros o por sitios ligados o vinculados, no es responsabilidad de \u201cCGV\u201d. En vista de lo anterior, \u201cCGV\u201d no ser\u00e1 responsable ante cualquier autoridad de cualquier naturaleza, por cualquier asunto relacionado con la venta, consumo, distribuci\u00f3n, entrega, disponibilidad o prestaci\u00f3n con respecto de cualquiera de los bienes y\/o servicios ofertados por terceros o por sitios ligados o vinculados a trav\u00e9s del Portal.<\/p>\n<p>Respecto de los Servicios y Contenidos que prestan terceros dentro o mediante enlaces a la P\u00e1gina (tales como ligas, banners y botones), \u201cCGV\u201d se limita exclusivamente, para conveniencia del Usuario, a: (i) informar al Usuario sobre los mismos, y (ii) a proporcionar un medio para poner en contacto al Usuario con proveedores o vendedores. Los productos y\/o servicios que se comercializan dentro de la App y\/o en los sitios de terceros enlazados son suministrados por comerciantes independientes a \u201cCGV\u201d. No existe ning\u00fan tipo de relaci\u00f3n laboral, asociaci\u00f3n o sociedad, entre \u201cCGV\u201d y dichos terceros. Toda asesor\u00eda, consejo, declaraci\u00f3n, informaci\u00f3n y contenido de las p\u00e1ginas de terceros enlazadas o dentro de la App representan las opiniones y juicios de dicho tercero, consecuentemente, \u201cCGV\u201d no ser\u00e1 responsable de ning\u00fan da\u00f1o o perjuicio que sufra el Usuario a consecuencia de los mismos.<\/p>\n<p>14.-TRANSMISI\u00d3N DE INFORMACI\u00d3N PERSONAL<\/p>\n<p>El Usuario reconoce y acepta que la informaci\u00f3n que proporcione a \u201cCGV\u201d a trav\u00e9s de esta aplicaci\u00f3n, podr\u00e1 ser utilizada de acuerdo a lo citado en el Aviso de Privacidad.<\/p>\n<p>15.-ATENCI\u00d3N, SOPORTE Y SERVICIO<\/p>\n<p>Cualquier comunicaci\u00f3n que deba hacerle a \u201cCGV\u201d, deber\u00e1 hacerla a trav\u00e9s de la l\u00ednea de atenci\u00f3n a socios al tel\u00e9fono 800 226 68 44 que se encuentra disponible los 365 d\u00edas del a\u00f1o las 24 horas; el Usuario podr\u00e1 presentar su consulta, aclaraci\u00f3n y\/o reclamaci\u00f3n a trav\u00e9s de la Unidad Especializada de \u201cCGV\u201d al tel\u00e9fono 800-226-68-44 o al (442) 251-8400 o a trav\u00e9s de correo electr\u00f3nico a la direcci\u00f3n unecgv@cajacgv.com.mx o directamente en la sucursal de su preferencia.<\/p>\n<p>16.-CONTRATACI\u00d3N DE SERVICIOS FINANCIEROS<\/p>\n<p>La Banca M\u00f3vil tambi\u00e9n funcionar\u00e1 como un medio electr\u00f3nico a trav\u00e9s del cual \u201cCGV\u201d prestar\u00e1 servicios financieros:<\/p>\n<ul>\n<li>Tarjeta de d\u00e9bito<\/li>\n<li>Ahorro<\/li>\n<li>Pr\u00e9stamos<\/li>\n<\/ul>\n<div class=\"fusion-clearfix\"><\/div>\n\t\t\t<\/div>\n\t\t<\/div><\/div><\/div><\/p>\n","protected":false},"excerpt":{"rendered":"","protected":false},"author":1,"featured_media":0,"parent":0,"menu_order":0,"comment_status":"closed","ping_status":"closed","template":"100-width.php","meta":{"footnotes":""},"class_list":["post-16706","page","type-page","status-publish","hentry"],"_links":{"self":[{"href":"https:\/\/www.cajacgv.com.mx\/index.php\/wp-json\/wp\/v2\/pages\/16706","targetHints":{"allow":["GET"]}}],"collection":[{"href":"https:\/\/www.cajacgv.com.mx\/index.php\/wp-json\/wp\/v2\/pages"}],"about":[{"href":"https:\/\/www.cajacgv.com.mx\/index.php\/wp-json\/wp\/v2\/types\/page"}],"author":[{"embeddable":true,"href":"https:\/\/www.cajacgv.com.mx\/index.php\/wp-json\/wp\/v2\/users\/1"}],"replies":[{"embeddable":true,"href":"https:\/\/www.cajacgv.com.mx\/index.php\/wp-json\/wp\/v2\/comments?post=16706"}],"version-history":[{"count":2,"href":"https:\/\/www.cajacgv.com.mx\/index.php\/wp-json\/wp\/v2\/pages\/16706\/revisions"}],"predecessor-version":[{"id":16708,"href":"https:\/\/www.cajacgv.com.mx\/index.php\/wp-json\/wp\/v2\/pages\/16706\/revisions\/16708"}],"wp:attachment":[{"href":"https:\/\/www.cajacgv.com.mx\/index.php\/wp-json\/wp\/v2\/media?parent=16706"}],"curies":[{"name":"wp","href":"https:\/\/api.w.org\/{rel}","templated":true}]}}