{"id":16917,"date":"2024-10-04T11:19:42","date_gmt":"2024-10-04T17:19:42","guid":{"rendered":"https:\/\/www.cajacgv.com.mx\/?page_id=16917"},"modified":"2024-10-04T11:23:09","modified_gmt":"2024-10-04T17:23:09","slug":"avisoprivacidad-app","status":"publish","type":"page","link":"https:\/\/www.cajacgv.com.mx\/index.php\/avisoprivacidad-app\/","title":{"rendered":"AVISO DE PRIVACIDAD PARA APP CGV M\u00d3VIL"},"content":{"rendered":"<p><div  class=\"fusion-fullwidth fullwidth-box hundred-percent-fullwidth\"  style='background-color: rgba(255,255,255,0);background-position: center center;background-repeat: no-repeat;padding-top:0px;padding-right:0px;padding-bottom:0px;padding-left:0px;margin-top: -60px;'><div class=\"fusion-builder-row fusion-row \"><div  class=\"fusion-layout-column fusion_builder_column fusion_builder_column_1_1  fusion-one-full fusion-column-first fusion-column-last 1_1\"  style='margin-top:0px;margin-bottom:20px;'>\n\t\t\t<div class=\"fusion-column-wrapper\"  style=\"padding: 0px 0px 0px 0px;background-position:left top;background-repeat:no-repeat;-webkit-background-size:cover;-moz-background-size:cover;-o-background-size:cover;background-size:cover;\"  data-bg-url=\"\">\n\t\t\t\t<div class=\"imageframe-align-center\"><span class=\"fusion-imageframe imageframe-none imageframe-1 hover-type-none\"><img decoding=\"async\" src=\"https:\/\/www.cajacgv.com.mx\/\/wp-content\/uploads\/2017\/12\/aviso-provaciodad-cgv.jpg\" width=\"\" height=\"\" alt=\"aviso cgv\" title=\"\" class=\"img-responsive\"\/><\/span><\/div><div class=\"fusion-clearfix\"><\/div>\n\t\t\t<\/div>\n\t\t<\/div><\/div><\/div><div  class=\"fusion-fullwidth fullwidth-box nonhundred-percent-fullwidth\"  style='background-color: rgba(255,255,255,0);background-position: center center;background-repeat: no-repeat;padding-top:20px;padding-right:0px;padding-bottom:20px;padding-left:0px;'><div class=\"fusion-builder-row fusion-row \"><div  class=\"fusion-layout-column fusion_builder_column fusion_builder_column_1_1  fusion-one-full fusion-column-first fusion-column-last 1_1\"  style='margin-top:0px;margin-bottom:20px;'>\n\t\t\t<div class=\"fusion-column-wrapper\"  style=\"background-position:left top;background-repeat:no-repeat;-webkit-background-size:cover;-moz-background-size:cover;-o-background-size:cover;background-size:cover;\"  data-bg-url=\"\">\n\t\t\t\t<p style=\"text-align: center;\"><strong>AVISO DE PRIVACIDAD PARA APP CGV M\u00d3VIL<\/strong><\/p>\n<p>El presente aviso de privacidad se extiende con fundamento en lo establecido en la Ley Federal de Protecci\u00f3n de Datos Personales en Posesi\u00f3n de los Particulares (en lo sucesivo la <strong>\u201cLEY\u201d<\/strong>), para lo cual Caja Gonzalo Vega S.C. de A.P. de R.L. de C.V. (en lo sucesivo <strong>\u201cCGV\u201d<\/strong>), tiene a bien informar:<\/p>\n<p><strong>1.- \u201cCGV\u201d<\/strong>, con domicilio comercial para o\u00edr y recibir notificaciones  ubicado en Avenida Paseo del Sur No. 9815, Colonia Centro Sur, C.P. 76090, Santiago de Quer\u00e9taro, Quer\u00e9taro., centro de atenci\u00f3n al tel\u00e9fono 800 226 68 44, es responsable de los datos personales que sean compartidos por aquellos que interact\u00faan con \u201cCGV\u201d a trav\u00e9s de las Redes Sociales en t\u00e9rminos de lo establecido por los art\u00edculos 3\u00ba fracci\u00f3n XIV y 37 fracci\u00f3n III de la Ley Federal de Protecci\u00f3n de Datos Personales en Posesi\u00f3n de Particulares (LFPDPPP) y 70 del Reglamento de la citada Ley (RLFPDPPP).<\/p>\n<p><strong>2.- TIPO DE DATOS RECABADOS, FINALIDAD DEL TRATAMIENTO Y USO DE DATOS PERSONALES:<\/strong>Los datos personales que se te requerir\u00e1n en el registro de la aplicaci\u00f3n de \u201cCGV\u201d ser\u00e1n los que como Socio, proporcion\u00f3 previamente a \u201cCGV\u201d para ser notificado, los cuales ser\u00e1n tratados y resguardados con base en los principios establecidos en la LFPDPPP y su Reglamento, los cuales son: licitud, consentimiento, informaci\u00f3n, calidad, finalidad, lealtad, proporcionalidad y responsabilidad.<\/p>\n<p>Para cumplir con las finalidades que se mencionan en el presente Aviso, los Datos Personales que deber\u00e1s proporcionar son: direcci\u00f3n de correo electr\u00f3nico, n\u00famero de tel\u00e9fono celular y el n\u00famero de Socio que te fue asignado por \u201cCGV\u201d.<br \/>\nPara el uso de la App CGV M\u00f3vil se recopilar\u00e1 adicionalmente el ID de Usuario, Ubicaci\u00f3n Precisa y Dispositivo, para dar cumplimiento a las Disposiciones legales, as\u00ed como por motivos de funcionamiento de la App CGV M\u00f3vil, seguridad, prevenci\u00f3n de fraudes y administraci\u00f3n de la cuenta.<br \/>\nAdicionalmente se podr\u00e1 registrar tu direcci\u00f3n de Internet (esta direcci\u00f3n por regla general es temporal y es asignada por su proveedor de servicios de Internet al momento en que te conectas).<br \/>\nPara el uso de la App CGV M\u00f3vil no se te requerir\u00e1 proporcionar datos financieros, patrimoniales y\/o sensibles, y por ning\u00fan motivo se te solicitar\u00e1n tus claves de acceso. <\/p>\n<p><strong>3.- OPCIONES Y MEDIOS PARA LIMITAR EL USO Y DIVULGACI\u00d3N DE LOS DATOS:<\/strong>Personales proporcionados y mantiene medidas de seguridad administrativas, t\u00e9cnicas y f\u00edsicas que permiten proteger los datos personales contra da\u00f1o, p\u00e9rdida, alteraci\u00f3n, destrucci\u00f3n o el uso, acceso o tratamiento no autorizado.<\/p>\n<p>Algunas de las medidas de seguridad aplicadas por la Sociedad son: (a) Cifrado de datos en tr\u00e1nsito; (b) Controles de autenticaci\u00f3n segura de usuarios; (c) Repositorio de Datos; (d) Soluciones de monitorizaci\u00f3n de red.<br \/>\nLas vulneraciones de seguridad ocurridas en cualquier fase del tratamiento que puedan afectar de forma significativa tus derechos patrimoniales o morales, te ser\u00e1n informados de forma inmediata por la Sociedad, a fin de que puedas tomar las medidas correspondientes a la defensa de tus derechos.<br \/>\nLos Datos Personales recabados por la Sociedad para la App CGV M\u00f3vil no podr\u00e1n ser objeto de cancelaci\u00f3n, conforme a lo se\u00f1alado en el art\u00edculo 26 fracci\u00f3n I y II de la LFPDPPP<br \/>\nLos datos personales (generales, financieros y patrimoniales) recabados ser\u00e1n utilizados en los t\u00e9rminos se\u00f1alados en el presente documento, donde se dividen en principales y secundar\u00edas:<\/p>\n<p><strong>4.-<\/strong> Los Socios, tiene el derecho a limitar el uso o divulgaci\u00f3n de sus datos personales, as\u00ed como a ejercer los derechos de Acceso, Rectificaci\u00f3n, Cancelaci\u00f3n y Oposici\u00f3n, contenidos en el cap\u00edtulo IV de la LEY, estableciendo para estos fines el Departamento de Protecci\u00f3n de Datos Personales y la siguiente direcci\u00f3n de correo electr\u00f3nico como medio de contacto dpersonales@cajacgv.com.mx; para lo cual se requerir\u00e1 lo siguiente:<\/p>\n<ol type=\"a\">\n<li>Elaborar un escrito de solicitud para ejercer los derechos ARCO, el cual deber\u00e1 contener datos generales: nombre completo, domicilio, RFC, CURP, fecha de nacimiento, tel\u00e9fono, n\u00famero de socio (en su caso); as\u00ed como el medio para contactarle la respuesta a su solicitud;<\/li>\n<li>Adjuntar Documentos que acrediten la identidad para facultar y ejercer los derechos conferidos o, en su caso, la del representante legal del titular;<\/li>\n<li>Manifestar de forma precisa respecto de los datos personales de los que se pretende realizar alg\u00fan derecho conferido en la LEY;<\/li>\n<li>Cualquier otro elemento o documento que facilite la localizaci\u00f3n de los datos personales<\/li>\n<li>En caso de considerarlo necesario el expresar la justificaci\u00f3n que considere pertinente.<\/li>\n<\/ol>\n<p><strong>5. TRANSFERENCIA DE DATOS: \u201cCGV\u201d<\/strong> en ning\u00fan momento transferir\u00e1 sus datos personales a empresas comerciales o de servicio o de ninguna otra \u00edndole que no tengan relaci\u00f3n alguna con los servicios y productos ofrecidos por \u201cCGV\u201d.<\/p>\n<p><strong>6.<\/strong> Si usted considera que su derecho de protecci\u00f3n de datos personales ha sido lesionado por alguna conducta de nuestros empleados o de nuestras actuaciones o respuestas, presume que en el tratamiento de datos personales existe alguna violaci\u00f3n a las disposiciones previstas en la Ley Federal de Protecci\u00f3n de Datos Personales en Posesi\u00f3n de los Particulares, podr\u00e1 interponer la queja o denuncia correspondiente ante el INAI; para mayor informaci\u00f3n visite la p\u00e1gina web https:\/\/home.inai.org.mx<\/p>\n<p><strong>7. CAMBIOS O MODIFICACI\u00d3N AL AVISO DE PRIVACIDAD PARA APP CGV M\u00d3VIL<\/strong><br \/>\nEl presente Aviso de Privacidad para App CGV M\u00f3vil, podr\u00e1 ser actualizado por \u201cCGV\u201d y la versi\u00f3n m\u00e1s reciente estar\u00e1 disponible en la p\u00e1gina web: https:\/\/www.cajacgv.com.mx todos los cambios ser\u00e1n notificados mediante avisos, circulares, carteles colocados en las sucursales. Para mayor informaci\u00f3n podr\u00e1 comunicarse al tel\u00e9fono 800-226-68-44 o bien al correo dpersonales@cajacgv.com.mx<\/p>\n<p><strong>8.<\/strong> Se hace del conocimiento del Socio que de no desear recibir publicidad v\u00eda telef\u00f3nica o correo electr\u00f3nico de los productos y servicios que ofrecen CGV, o cualquier otra entidad financiera, podr\u00e1 inscribirse en el Registro P\u00fablico de Usuarios (REUS) que no desean informaci\u00f3n publicitaria de Productos y Servicios Financieros de la CONDUSEF, para mayor informaci\u00f3n podr\u00e1 acceder a la p\u00e1gina https:\/\/www.condusef.gob.mx.<\/p>\n<p><strong>9. USO DE IM\u00c1GENES:<\/strong> Con el objeto de documentar y comunicar informaci\u00f3n sobre los eventos, concursos, reconocimientos y actividades que celebra \u201cCGV\u201d, la instituci\u00f3n podr\u00e1 utilizar, imprimir, reproducir y publicar la(s), imagen(es), (en fotograf\u00eda o v\u00eddeo), de los socios, solicitantes, beneficiarios y asistentes a eventos (como familiares y visitantes), y dem\u00e1s integrantes en medios impresos, electr\u00f3nicos (blogs, redes sociales, sitio web), en todas sus manifestaciones, sus interpretaciones o ejecuciones, sus ediciones, sus fonogramas o video-gramas, y en sus emisiones para el objeto antes se\u00f1alado. \u201cCGV\u201d, no revelar\u00e1, utilizar\u00e1, ni explotar\u00e1 comercialmente las im\u00e1genes o fotograf\u00edas publicadas por los usuarios, voluntaria y espont\u00e1neamente dentro de las p\u00e1ginas de nuestras redes sociales o a trav\u00e9s de sus cuentas personales en las mismas. As\u00ed mismo, \u201cCGV\u201d utiliza Google Analytics y Google Ads, que son herramientas de an\u00e1lisis web que nos facilitan datos e informes sobre todo lo que pasa en nuestra p\u00e1gina web: n\u00famero de visitantes, intereses, duraci\u00f3n de las visitas, duraci\u00f3n de las sesiones, c\u00f3mo han llegado a nuestra web, e interacciones.<br \/>\nEstoy consciente del contenido y el alcance del presente documento, por lo que he aceptado y consentido que mis datos personales sean tratados conforme a lo previsto en el presente aviso de privacidad.<\/p>\n<p><strong>10. TIEMPO DE ALMACENAMIENTO DE DATOS:<\/strong> Almacenamos en nuestros sistemas los datos personales que recopilamos de una forma que permite la identificaci\u00f3n del Titular durante el tiempo necesario para los fines para los que se recopilaron los datos o para los cuales se procesan posteriormente.<br \/>\nDeterminamos este per\u00edodo espec\u00edfico de tiempo teniendo en cuenta:<\/p>\n<ol type=\"a\">\n<li>La necesidad de mantener almacenados los datos personales recopilados para poder ofrecer servicios establecidos con el usuario;<\/li>\n<li>Para salvaguardar un inter\u00e9s leg\u00edtimo del responsable de tratamiento de datos como se describe en los prop\u00f3sitos;<\/li>\n<li>La existencia de obligaciones legales espec\u00edficas que hacen que el procesamiento y el almacenamiento relacionado sean necesarios durante un per\u00edodo espec\u00edfico de tiempo.    Fecha de \u00faltima actualizaci\u00f3n 13-10-2023<\/li>\n<div class=\"fusion-clearfix\"><\/div>\n\t\t\t<\/div>\n\t\t<\/div><\/div><\/div><\/p>\n","protected":false},"excerpt":{"rendered":"","protected":false},"author":1,"featured_media":0,"parent":0,"menu_order":0,"comment_status":"closed","ping_status":"closed","template":"100-width.php","meta":{"footnotes":""},"class_list":["post-16917","page","type-page","status-publish","hentry"],"_links":{"self":[{"href":"https:\/\/www.cajacgv.com.mx\/index.php\/wp-json\/wp\/v2\/pages\/16917","targetHints":{"allow":["GET"]}}],"collection":[{"href":"https:\/\/www.cajacgv.com.mx\/index.php\/wp-json\/wp\/v2\/pages"}],"about":[{"href":"https:\/\/www.cajacgv.com.mx\/index.php\/wp-json\/wp\/v2\/types\/page"}],"author":[{"embeddable":true,"href":"https:\/\/www.cajacgv.com.mx\/index.php\/wp-json\/wp\/v2\/users\/1"}],"replies":[{"embeddable":true,"href":"https:\/\/www.cajacgv.com.mx\/index.php\/wp-json\/wp\/v2\/comments?post=16917"}],"version-history":[{"count":3,"href":"https:\/\/www.cajacgv.com.mx\/index.php\/wp-json\/wp\/v2\/pages\/16917\/revisions"}],"predecessor-version":[{"id":16920,"href":"https:\/\/www.cajacgv.com.mx\/index.php\/wp-json\/wp\/v2\/pages\/16917\/revisions\/16920"}],"wp:attachment":[{"href":"https:\/\/www.cajacgv.com.mx\/index.php\/wp-json\/wp\/v2\/media?parent=16917"}],"curies":[{"name":"wp","href":"https:\/\/api.w.org\/{rel}","templated":true}]}}