{"id":17253,"date":"2025-04-14T10:20:10","date_gmt":"2025-04-14T16:20:10","guid":{"rendered":"https:\/\/www.cajacgv.com.mx\/?page_id=17253"},"modified":"2025-07-08T11:39:34","modified_gmt":"2025-07-08T17:39:34","slug":"promocion-agt","status":"publish","type":"page","link":"https:\/\/www.cajacgv.com.mx\/index.php\/promocion-agt\/","title":{"rendered":"Promoci\u00f3n CGV"},"content":{"rendered":"<p><div  class=\"fusion-fullwidth fullwidth-box hundred-percent-fullwidth\"  style='background-color: rgba(255,255,255,0);background-position: center center;background-repeat: no-repeat;padding-top:0px;padding-right:0px;padding-bottom:0px;padding-left:0px;margin-top: -60px;'><div class=\"fusion-builder-row fusion-row \"><div  class=\"fusion-layout-column fusion_builder_column fusion_builder_column_1_1  fusion-one-full fusion-column-first fusion-column-last 1_1\"  style='margin-top:0px;margin-bottom:20px;'>\n\t\t\t<div class=\"fusion-column-wrapper\"  style=\"padding: 0px 0px 0px 0px;background-position:left top;background-repeat:no-repeat;-webkit-background-size:cover;-moz-background-size:cover;-o-background-size:cover;background-size:cover;\"  data-bg-url=\"\">\n\t\t\t\t<div class=\"imageframe-align-center\"><span class=\"fusion-imageframe imageframe-none imageframe-1 hover-type-none\"><img loading=\"lazy\" decoding=\"async\" src=\"https:\/\/www.cajacgv.com.mx\/wp-content\/uploads\/2025\/07\/Regreso-a-clases_Banner-landing-scaled.png\" width=\"2560\" height=\"807\" alt=\"hazlo-tuyo cgv\" title=\"Regreso a clases_Banner landing\" class=\"img-responsive wp-image-17547\" srcset=\"https:\/\/www.cajacgv.com.mx\/wp-content\/uploads\/2025\/07\/Regreso-a-clases_Banner-landing-200x63.png 200w, https:\/\/www.cajacgv.com.mx\/wp-content\/uploads\/2025\/07\/Regreso-a-clases_Banner-landing-400x126.png 400w, https:\/\/www.cajacgv.com.mx\/wp-content\/uploads\/2025\/07\/Regreso-a-clases_Banner-landing-600x189.png 600w, https:\/\/www.cajacgv.com.mx\/wp-content\/uploads\/2025\/07\/Regreso-a-clases_Banner-landing-800x252.png 800w, https:\/\/www.cajacgv.com.mx\/wp-content\/uploads\/2025\/07\/Regreso-a-clases_Banner-landing-1200x378.png 1200w, https:\/\/www.cajacgv.com.mx\/wp-content\/uploads\/2025\/07\/Regreso-a-clases_Banner-landing-scaled.png 2560w\" sizes=\"auto, (max-width: 800px) 100vw, 1100px\" \/><\/span><\/div><style>\n#main{\n  background: url(https:\/\/www.cajacgv.com.mx\/wp-content\/uploads\/2025\/07\/Regreso-a-clases_Fondo-landing.jpg) top;\n  background-position: center center;\t  \n  background-repeat: no-repeat;\n  background-attachment: fixed;\n  background-size: cover;\n  font-family: \"Montserrat\", sans-serif;\n}\n.fusion-tabs .nav-tabs > li .fusion-tab-heading, .post-content h4 {\n    color: #55a799;\n}\nh1, h2 {\n    font-family: \"Montserrat\", sans-serif;\n    font-weight: 400;\n    line-height: 1.4;\n    letter-spacing: 0px;\n}\n.text_form{\n  font-family: \"Montserrat\", sans-serif;\n  font-size: 18px;\n  color: #fff;\n}\n.text_dt_reg{\n  font-family: \"Montserrat\", sans-serif;\n  font-size: 18px;\n  text-align: left; \n  line-height: 1.5;\n  top: 10px;\n}\n.aux-contact-form textarea, #commentform textarea, .c_form textarea, .wpcf7 textarea {\n    min-height: 240px;\n    height: auto;\n    max-width: 100%;\n    color: #242121;\n}\n#comment-input input, .wpcf7-form .wpcf7-text, input[type=\"email\"], input[type=\"text\"] {\n    height: 35px;\n    padding-top: 0;\n    padding-bottom: 0;\n    color: #242121;\n}\n.fusion-checklist .fusion-li-item-content, ul.fusion-checklist .fusion-li-item-content {\n  color: var(--awb-textcolor);\n  margin-inline-start: var(--awb-content-margin);\n}\n.fusion-tabs .tab-pane {\n    padding: 40px;\n}\n<\/style><div class=\"fusion-clearfix\"><\/div>\n\t\t\t<\/div>\n\t\t<\/div><\/div><\/div><div  class=\"fusion-fullwidth fullwidth-box nonhundred-percent-fullwidth\"  style='background-color: rgba(255,255,255,0);background-position: center center;background-repeat: no-repeat;padding-top:20px;padding-right:0px;padding-bottom:20px;padding-left:0px;'><div class=\"fusion-builder-row fusion-row \"><div  class=\"fusion-layout-column fusion_builder_column fusion_builder_column_1_1  fusion-one-full fusion-column-first fusion-column-last 1_1\"  style='margin-top:0px;margin-bottom:20px;'>\n\t\t\t<div class=\"fusion-column-wrapper\"  style=\"background-position:left top;background-repeat:no-repeat;-webkit-background-size:cover;-moz-background-size:cover;-o-background-size:cover;background-size:cover;\"  data-bg-url=\"\">\n\t\t\t\t<h1 style=\"text-align: center;\">En Caja CGV premiamos tu constancia.<\/h1>\n<p style=\"text-align: center;\">Abre tu plan de ahorro y participa para ganar una de las 2 laptops que tenemos para nuestros socios m\u00e1s comprometidos.<\/p>\n<div class=\"share-box fusion-sharing-box boxed-icons\" style=\"background-color:#ffff;\" data-title=\"Avada WordPress Theme\" data-description=\"Avada has been the #1 selling theme for more than 3 years, making it the most trusted and complete WordPress theme on the market. \" data-link=\"http:\/\/bit.ly\/2l3jd8A\">\n  <h2><strong>\u00bfC\u00f3mo participo?<\/strong><\/h2>\n  <div class=\"fusion-column-wrapper fusion-flex-justify-content-flex-start fusion-content-layout-column\"><!-- Inicio lista-->\n    <ul style=\"--awb-size:20px;--awb-item-padding-top:16px;--awb-item-padding-right:16px;--awb-item-padding-bottom:16px;--awb-item-padding-left:16px;--awb-iconcolor:#f22972;--awb-textcolor:#1f2024;--awb-line-height:34px;--awb-icon-width:34px;--awb-icon-height:34px;--awb-icon-margin:14px;--awb-content-margin:48px;\"\n      class=\"fusion-checklist fusion-checklist-3 type-icons\">\n      <li class=\"fusion-li-item\" style=\"\"><span class=\"icon-wrapper circle-no\"><i class=\"fusion-li-icon fas\" aria-hidden=\"true\" style=\"color:#d60707;\">1. <\/i><\/span>\n        <div class=\"fusion-li-item-content\">Ser socio de Caja CGV.<\/div>\n      <\/li>\n      <li class=\"fusion-li-item\" style=\"\"><span class=\"icon-wrapper circle-no\"><i class=\"fusion-li-icon fas\" aria-hidden=\"true\" style=\"color:#d60707;\">2. <\/i><\/span>\n        <div class=\"fusion-li-item-content\">Abrir un nuevo plan de ahorro* desde $150 pesos al mes a un plazo m\u00ednimo de 6 meses.<\/div>\n      <\/li>\n      <li class=\"fusion-li-item\" style=\"\"><span class=\"icon-wrapper circle-no\"><i class=\"fusion-li-icon fas\" aria-hidden=\"true\" style=\"color:#d60707;\">3. <\/i><\/span>\n        <div class=\"fusion-li-item-content\">Enviar un mensaje directo a nuestro Facebook @CajaCGV o Instagram @cgvcaja con la palabra: \u201cLaptop\u201d junto con tus datos <span style=\"color:#747474;\">(n\u00famero de socio, nombre completo, foto de su Constancia de dep\u00f3sito a Plan de Ahorro, la cual debe corresponder a la fecha de la promoci\u00f3n y especificar que el dep\u00f3sito es un aporte al Plan de Ahorro 180 o 360)<\/span>.<\/div>\n      <\/li>\n      <li class=\"fusion-li-item\" style=\"\"><span class=\"icon-wrapper circle-no\"><i class=\"fusion-li-icon fas\" aria-hidden=\"true\" style=\"color:#d60707;\">4. <\/i><\/span>\n        <div class=\"fusion-li-item-content\">Cumplir con todos los t\u00e9rminos y condiciones.<\/div>\n      <\/li>\n    <\/ul>\n    <p><strong>\u00a1Listo! Ya est\u00e1s participando por una laptop<\/strong><\/p>\n    <p>*El Plan de ahorro hace referencia a Tanda CGV, m\u00e1s informaci\u00f3n <a href=\"https:\/\/www.cajacgv.com.mx\/index.php\/tanda-cgv\/\" target=\"_blank\">AQU\u00cd<\/a><\/p>\n  <\/div><!-- End lista-->\n\n  <h2><strong>T\u00c9RMINOS Y CONDICIONES<\/strong><\/h2>\n  <div class=\"fusion-column-wrapper fusion-flex-justify-content-flex-start fusion-content-layout-column\"><!-- Inicio lista-->\n    <ul style=\"--awb-size:20px;--awb-item-padding-top:16px;--awb-item-padding-right:16px;--awb-item-padding-bottom:16px;--awb-item-padding-left:16px;--awb-iconcolor:#f22972;--awb-textcolor:#1f2024;--awb-line-height:34px;--awb-icon-width:34px;--awb-icon-height:34px;--awb-icon-margin:14px;--awb-content-margin:48px;\"\n      class=\"fusion-checklist fusion-checklist-3 type-icons\">\n      <li class=\"fusion-li-item\" style=\"\"><span class=\"icon-wrapper circle-no\"><i class=\"fusion-li-icon fa fa-circle fas\" aria-hidden=\"true\" style=\"color:#d60707;\"><\/i><\/span>\n        <div class=\"fusion-li-item-content\">Promoci\u00f3n v\u00e1lida \u00fanicamente para Socios CGV.<\/div>\n      <\/li>\n      <li class=\"fusion-li-item\" style=\"\"><span class=\"icon-wrapper circle-no\"><i class=\"fusion-li-icon fa fa-circle fas\" aria-hidden=\"true\" style=\"color:#d60707;\"><\/i><\/span>\n        <div class=\"fusion-li-item-content\">Vigencia de la promoci\u00f3n del 07 de julio al 31 de agosto de 2025.<\/div>\n      <\/li>\n      <li class=\"fusion-li-item\" style=\"\"><span class=\"icon-wrapper circle-no\"><i class=\"fusion-li-icon fa fa-circle fas\" aria-hidden=\"true\" style=\"color:#d60707;\"><\/i><\/span>\n        <div class=\"fusion-li-item-content\">Sujeto a un registro de participaci\u00f3n por socio.<\/div>\n      <\/li>\n      <li class=\"fusion-li-item\" style=\"\"><span class=\"icon-wrapper circle-no\"><i class=\"fusion-li-icon fa fa-circle fas\" aria-hidden=\"true\" style=\"color:#d60707;\"><\/i><\/span>\n        <div class=\"fusion-li-item-content\">V\u00e1lida en todas las sucursales CGV.<\/div>\n      <\/li>\n      <li class=\"fusion-li-item\" style=\"\"><span class=\"icon-wrapper circle-no\"><i class=\"fusion-li-icon fa fa-circle fas\" aria-hidden=\"true\" style=\"color:#d60707;\"><\/i><\/span>\n        <div class=\"fusion-li-item-content\">No participan Ahorradores Menores.<\/div>\n      <\/li>\n      <li class=\"fusion-li-item\" style=\"\"><span class=\"icon-wrapper circle-no\"><i class=\"fusion-li-icon fa fa-circle fas\" aria-hidden=\"true\" style=\"color:#d60707;\"><\/i><\/span>\n        <div class=\"fusion-li-item-content\">Aplica para cualquier tipo de plan de ahorro (Tanda CGV); ya sea en la modalidad de 180 o 360 d\u00edas, iniciada dentro de las fechas de vigencia de la promoci\u00f3n.<\/div>\n      <\/li>\n      <li class=\"fusion-li-item\" style=\"\"><span class=\"icon-wrapper circle-no\"><i class=\"fusion-li-icon fa fa-circle fas\" aria-hidden=\"true\" style=\"color:#d60707;\"><\/i><\/span>\n        <div class=\"fusion-li-item-content\">El Socio solo podr\u00e1 participar por un lugar en el sorteo, sin importar el n\u00famero de planes de ahorro (TandaCGV) que abra.<\/div>\n      <\/li>\n      <li class=\"fusion-li-item\" style=\"\"><span class=\"icon-wrapper circle-no\"><i class=\"fusion-li-icon fa fa-circle fas\" aria-hidden=\"true\" style=\"color:#d60707;\"><\/i><\/span>\n        <div class=\"fusion-li-item-content\">El socio deber\u00e1 proporcionar su n\u00famero de socio, nombre completo y foto de su Constancia de dep\u00f3sito a Plan de Ahorro por mensaje directo en Facebook o Instagram oficial de CGV. Los datos ser\u00e1n corroborados para confirmar la participaci\u00f3n.<\/div>\n      <\/li>\n      <li class=\"fusion-li-item\" style=\"\"><span class=\"icon-wrapper circle-no\"><i class=\"fusion-li-icon fa fa-circle fas\" aria-hidden=\"true\" style=\"color:#d60707;\"><\/i><\/span>\n        <div class=\"fusion-li-item-content\">La imagen de la Constancia de dep\u00f3sito a Plan de Ahorro debe ser completa, sin ediciones ni alteraciones digitales, y permitir ver con claridad todos los datos; la fecha del movimiento deber\u00e1 corresponder a las fechas de la promoci\u00f3n, en la que se indique expresamente que el dep\u00f3sito es un aporte al Plan de Ahorro 180 o 360. Fichas con fechas distintas, sin la indicaci\u00f3n expresa del destino del aporte, o que no cumplan con los requisitos anteriormente mencionados, ser\u00e1n consideradas no v\u00e1lidas para efectos de participaci\u00f3n.<\/div>\n      <\/li>\n      <li class=\"fusion-li-item\" style=\"\"><span class=\"icon-wrapper circle-no\"><i class=\"fusion-li-icon fa fa-circle fas\" aria-hidden=\"true\" style=\"color:#d60707;\"><\/i><\/span>\n        <div class=\"fusion-li-item-content\">Se tendr\u00e1n 2 ganadores, cada uno recibir\u00e1: 1 laptop (marca y modelo por definir).<\/div>\n      <\/li> \n      <li class=\"fusion-li-item\" style=\"\"><span class=\"icon-wrapper circle-no\"><i class=\"fusion-li-icon fa fa-circle fas\" aria-hidden=\"true\" style=\"color:#d60707;\"><\/i><\/span>\n        <div class=\"fusion-li-item-content\">Los ganadores ser\u00e1n seleccionados de manera aleatoria el d\u00eda viernes 05 de septiembre de 2025.<\/div>\n      <\/li>\n      <li class=\"fusion-li-item\" style=\"\"><span class=\"icon-wrapper circle-no\"><i class=\"fusion-li-icon fa fa-circle fas\" aria-hidden=\"true\" style=\"color:#d60707;\"><\/i><\/span>\n        <div class=\"fusion-li-item-content\">El resultado se dar\u00e1 a conocer en nuestra p\u00e1gina oficial de Facebook @CajaCGV el s\u00e1bado 06 de septiembre de 2025 y se contactar\u00e1 a los ganadores v\u00eda telef\u00f3nica.<\/div>\n      <\/li>\n      <li class=\"fusion-li-item\" style=\"\"><span class=\"icon-wrapper circle-no\"><i class=\"fusion-li-icon fa fa-circle fas\" aria-hidden=\"true\" style=\"color:#d60707;\"><\/i><\/span>\n        <div class=\"fusion-li-item-content\">Si el ganador no responde tras 5 intentos telef\u00f3nicos, tendr\u00e1 un m\u00e1ximo de 8 d\u00edas naturales para contactar a CGV por otro medio y reclamar su premio. En caso de no hacerlo, se considerar\u00e1 como renuncia al premio. Pasado ese tiempo, el premio se asignar\u00e1 al ganador suplente.<\/div>\n      <\/li>\n      <li class=\"fusion-li-item\" style=\"\"><span class=\"icon-wrapper circle-no\"><i class=\"fusion-li-icon fa fa-circle fas\" aria-hidden=\"true\" style=\"color:#d60707;\"><\/i><\/span>\n        <div class=\"fusion-li-item-content\">Una vez contactado, el ganador tendr\u00e1 hasta 20 d\u00edas naturales a partir de la fecha de publicaci\u00f3n de resultados para recoger su premio, de lo contrario el premio pasar\u00e1 al ganador suplente.<\/div>\n      <\/li>\n      <li class=\"fusion-li-item\" style=\"\"><span class=\"icon-wrapper circle-no\"><i class=\"fusion-li-icon fa fa-circle fas\" aria-hidden=\"true\" style=\"color:#d60707;\"><\/i><\/span>\n        <div class=\"fusion-li-item-content\">El premio no es transferible y no equivale a dinero en efectivo.<\/div>\n      <\/li>\n      <li class=\"fusion-li-item\" style=\"\"><span class=\"icon-wrapper circle-no\"><i class=\"fusion-li-icon fa fa-circle fas\" aria-hidden=\"true\" style=\"color:#d60707;\"><\/i><\/span>\n        <div class=\"fusion-li-item-content\">No participan socios que tengan firmas activas con atraso, que presenten atraso en sus cr\u00e9ditos vigentes o encontrarse en proceso de cobranza.<\/div>\n      <\/li>\n      <li class=\"fusion-li-item\" style=\"\"><span class=\"icon-wrapper circle-no\"><i class=\"fusion-li-icon fa fa-circle fas\" aria-hidden=\"true\" style=\"color:#d60707;\"><\/i><\/span>\n        <div class=\"fusion-li-item-content\">Solo el titular de la cuenta puede reclamar el regalo, presentando identificaci\u00f3n oficial con foto.<\/div>\n      <\/li>\n      <li class=\"fusion-li-item\" style=\"\"><span class=\"icon-wrapper circle-no\"><i class=\"fusion-li-icon fa fa-circle fas\" aria-hidden=\"true\" style=\"color:#d60707;\"><\/i><\/span>\n        <div class=\"fusion-li-item-content\">Las fechas de sorteo y publicaci\u00f3n de resultados est\u00e1n sujetas a cambios sin previo aviso.<\/div>\n      <\/li>\n      <li class=\"fusion-li-item\" style=\"\"><span class=\"icon-wrapper circle-no\"><i class=\"fusion-li-icon fa fa-circle fas\" aria-hidden=\"true\" style=\"color:#d60707;\"><\/i><\/span>\n        <div class=\"fusion-li-item-content\">Cualquier intento de fraude, manipulaci\u00f3n de la informaci\u00f3n o incumplimiento de las condiciones resultar\u00e1 en descalificaci\u00f3n inmediata.<\/div>\n      <\/li>\n    <\/ul>\n  <\/div><!-- End lista-->\n<\/div><div class=\"share-box fusion-sharing-box boxed-icons\" style=\"background-color:#ffff;\" data-title=\"Avada WordPress Theme\" data-description=\"Avada has been the #1 selling theme for more than 3 years, making it the most trusted and complete WordPress theme on the market. \" data-link=\"http:\/\/bit.ly\/2l3jd8A\">\n\t<h4 class=\"tagline fusion-responsive-typography-calculated\" style=\"color: rgb(59, 59, 59); --fontSize:24; line-height: 1.3; --minFontSize:24;\" data-fontsize=\"24\" data-lineheight=\"31.2px\">\u00a1S\u00edguenos en redes sociales y mantente al pendiente de esta y otras promociones!<\/h4>\n\t<div class=\"fusion-social-networks boxed-icons\">\n\t\t<a class=\"fusion-social-network-icon fusion-tooltip fusion-facebook fusion-icon-facebook\" href=\"https:\/\/www.facebook.com\/CajaCGV\/\" target=\"_blank\" rel=\"nofollow\" style=\"color:#ffffff;background-color:#3b5998;border-color:#3b5998;border-radius:5px;\" data-placement=\"top\" data-title=\"Facebook\" title=\"\" aria-label=\"Facebook\" data-toggle=\"tooltip\" data-original-title=\"Facebook\"><\/a>\n\t<\/div>\n<\/div><div class=\"fusion-sep-clear\"><\/div><div class=\"fusion-separator fusion-full-width-sep sep-none\" style=\"margin-left: auto;margin-right: auto;margin-top:80px;\" id=\"mecanica\"><\/div><div class=\"fusion-clearfix\"><\/div>\n\t\t\t<\/div>\n\t\t<\/div><\/div><\/div><\/p>\n","protected":false},"excerpt":{"rendered":"","protected":false},"author":1,"featured_media":0,"parent":0,"menu_order":0,"comment_status":"closed","ping_status":"closed","template":"100-width.php","meta":{"footnotes":""},"class_list":["post-17253","page","type-page","status-publish","hentry"],"_links":{"self":[{"href":"https:\/\/www.cajacgv.com.mx\/index.php\/wp-json\/wp\/v2\/pages\/17253","targetHints":{"allow":["GET"]}}],"collection":[{"href":"https:\/\/www.cajacgv.com.mx\/index.php\/wp-json\/wp\/v2\/pages"}],"about":[{"href":"https:\/\/www.cajacgv.com.mx\/index.php\/wp-json\/wp\/v2\/types\/page"}],"author":[{"embeddable":true,"href":"https:\/\/www.cajacgv.com.mx\/index.php\/wp-json\/wp\/v2\/users\/1"}],"replies":[{"embeddable":true,"href":"https:\/\/www.cajacgv.com.mx\/index.php\/wp-json\/wp\/v2\/comments?post=17253"}],"version-history":[{"count":11,"href":"https:\/\/www.cajacgv.com.mx\/index.php\/wp-json\/wp\/v2\/pages\/17253\/revisions"}],"predecessor-version":[{"id":17553,"href":"https:\/\/www.cajacgv.com.mx\/index.php\/wp-json\/wp\/v2\/pages\/17253\/revisions\/17553"}],"wp:attachment":[{"href":"https:\/\/www.cajacgv.com.mx\/index.php\/wp-json\/wp\/v2\/media?parent=17253"}],"curies":[{"name":"wp","href":"https:\/\/api.w.org\/{rel}","templated":true}]}}