{"id":176,"date":"2017-11-24T22:10:26","date_gmt":"2017-11-24T22:10:26","guid":{"rendered":"http:\/\/www.cajacgv.com.mx\/\/?page_id=176"},"modified":"2021-07-31T12:54:07","modified_gmt":"2021-07-31T18:54:07","slug":"beneficiosdelosocios","status":"publish","type":"page","link":"https:\/\/www.cajacgv.com.mx\/index.php\/beneficiosdelosocios\/","title":{"rendered":"Beneficios de los Socios"},"content":{"rendered":"<p><div  class=\"fusion-fullwidth fullwidth-box hundred-percent-fullwidth\"  style='background-color: rgba(255,255,255,0);background-position: center center;background-repeat: no-repeat;padding-top:0px;padding-right:0px;padding-bottom:0px;padding-left:0px;margin-top: -60px;'><div class=\"fusion-builder-row fusion-row \"><div  class=\"fusion-layout-column fusion_builder_column fusion_builder_column_1_1  fusion-one-full fusion-column-first fusion-column-last 1_1\"  style='margin-top:0px;margin-bottom:20px;'>\n\t\t\t<div class=\"fusion-column-wrapper\"  style=\"padding: 0px 0px 0px 0px;background-position:left top;background-repeat:no-repeat;-webkit-background-size:cover;-moz-background-size:cover;-o-background-size:cover;background-size:cover;\"  data-bg-url=\"\">\n\t\t\t\t<div class=\"imageframe-align-center\"><span class=\"fusion-imageframe imageframe-none imageframe-1 hover-type-none\"><img decoding=\"async\" src=\"https:\/\/www.cajacgv.com.mx\/\/wp-content\/uploads\/2017\/11\/afiliate-cgv2.jpg\" width=\"\" height=\"\" alt=\"afiliate cgv\" title=\"\" class=\"img-responsive\"\/><\/span><\/div><div class=\"fusion-clearfix\"><\/div>\n\t\t\t<\/div>\n\t\t<\/div><\/div><\/div><div  class=\"fusion-fullwidth fullwidth-box nonhundred-percent-fullwidth\"  style='background-color: rgba(255,255,255,0);background-position: center center;background-repeat: no-repeat;padding-top:20px;padding-right:0px;padding-bottom:20px;padding-left:0px;'><div class=\"fusion-builder-row fusion-row \"><div  class=\"fusion-layout-column fusion_builder_column fusion_builder_column_3_4  fusion-three-fourth fusion-column-first 3_4\"  style='margin-top:0px;margin-bottom:20px;width:75%;width:calc(75% - ( ( 4% ) * 0.75 ) );margin-right: 4%;'>\n\t\t\t<div class=\"fusion-column-wrapper\"  style=\"background-position:left top;background-repeat:no-repeat;-webkit-background-size:cover;-moz-background-size:cover;-o-background-size:cover;background-size:cover;\"  data-bg-url=\"\">\n\t\t\t\t<div class=\"fusion-title title sep-underline sep-solid fusion-title-size-one\" style=\"border-bottom-color:#b21e26;margin-top:0px;margin-bottom:31px;\"><h1 class=\"title-heading-left\">Te invitamos a confiar<\/h1><\/div><p>Desde 1958 CGV se encuentra apoyando a miles de familias.<\/p>\n<p>La cooperaci\u00f3n es nuestro principal elemento para desarrollar mejores condiciones de vida, <span lang=\"es-ES\">por lo que tu aporte social\u00a0 te da acceso a todos los beneficios financieros y sociales de CGV<\/span>.<\/p>\n<p><strong style=\"font-size: 18px;\">BENEFICIOS SOCIALES Y FINANCIEROS DE SER SOCIO CGV:<\/strong><\/p>\n<div class=\"fusion-builder-row fusion-builder-row-inner fusion-row \"><div  class=\"fusion-layout-column fusion-builder-column fusion-builder-column-1_4  fusion-one-fourth fusion-column-first fusion-one-fourth fusion-column-first 1_4\"  style='margin-top: 0px;margin-bottom: 20px;width:25%;width:calc(25% - ( ( 4% + 4% + 4% ) * 0.25 ) );margin-right:4%;'>\n\t\t\t<div class=\"fusion-column-wrapper\"  style=\"background-position: left top;background-repeat: no-repeat;-webkit-background-size:cover;-moz-background-size:cover;-o-background-size:cover;background-size:cover;\">\n\t\t\t\t<style>\n.cont-datos .mascara6 {\nbackground-color: #F142AF;\nopacity: 0;\ntransition: all 0.4s ease-in-out 0.2s;\ntransform-origin:0% 0%; \/*Desde la esquina superior izquierda*\/\ntransform: scale(0);\nmargin-top: -226px;\npadding: 5px;\npadding-bottom:15px;\nmargin-bottom: 27px;\ncolor:#FFFFFF;\n}\n.cont-datos:hover .mascara6 {\ntransform: scale(1);\nopacity: 1;\ntransition-delay: 0.3s;\n}\n<\/style>\n<div class=\"cont-datos\" style=\"width:100%; text-align:center;\">\n<div class=\"front\">\n<br>\n<img decoding=\"async\" src=\"https:\/\/www.cajacgv.com.mx\/wp-content\/uploads\/2018\/07\/BE-0618-ICO-100x100-AC_F1.jpg\" alt=\"Beneficios socios CGV\" title=\"afiliate-cgv2\" class=\"img-responsive wp-image-729\" srcset=\"https:\/\/www.cajacgv.com.mx\/wp-content\/uploads\/2018\/07\/BE-0618-ICO-100x100-AC_F1.jpg 200w, https:\/\/www.cajacgv.com.mx\/wp-content\/uploads\/2018\/07\/BE-0618-ICO-100x100-AC_F1.jpg 400w, https:\/\/www.cajacgv.com.mx\/wp-content\/uploads\/2018\/07\/BE-0618-ICO-100x100-AC_F1.jpg 600w, https:\/\/www.cajacgv.com.mx\/wp-content\/uploads\/2018\/07\/BE-0618-ICO-100x100-AC_F1.jpg 800w, https:\/\/www.cajacgv.com.mx\/wp-content\/uploads\/2018\/07\/BE-0618-ICO-100x100-AC_F1.jpg 1200w, https:\/\/www.cajacgv.com.mx\/wp-content\/uploads\/2018\/07\/BE-0618-ICO-100x100-AC_F1.jpg 1600w\" sizes=\"(max-width: 800px) 100vw, 1920px\"  width=\"84px\" height=\"auto\">\n <br>\n <br>\n   <div style=\"text-align: center;\">\n   <p style=\"border: 1px solid #C1C1C1;color:#F142AF;height: 53px; padding-top: 12px;\"> Ayuda a la comunidad<\/p>\n   <\/div>\n   <br>\n   \n\n  <\/div>\n<div class=\"mascara6\">\n Somos agentes de cambio en nuestra sociedad, trabajamos activamente en eco eficiencia, reforestaci\u00f3n y ayuda mutua.\n  <br>\n  <a style=\"color:#333333\" href=\"https:\/\/www.cajacgv.com.mx\/index.php\/esr\/\"> Ver m\u00e1s... <\/a>\n  <\/div>\n<\/div><style>\n.cont-datos .mascara5 {\nbackground-color: #303180;\nopacity: 0;\ntransition: all 0.4s ease-in-out 0.2s;\ntransform-origin:0% 0%; \/*Desde la esquina superior izquierda*\/\ntransform: scale(0);\nmargin-top: -226px;\npadding: 5px;\npadding-bottom:15px;\nmargin-bottom: 27px;\ncolor:#FFFFFF;\n}\n.cont-datos:hover .mascara5 {\ntransform: scale(1);\nopacity: 1;\ntransition-delay: 0.3s;\n}\n<\/style>\n\n<div class=\"cont-datos\" style=\"width:100%; text-align:center; margin-top: 51px;\">\n<div class=\"front\">\n<br>\n<img decoding=\"async\" src=\"https:\/\/www.cajacgv.com.mx\/wp-content\/uploads\/2018\/07\/BE-0618-ICO-100x100-PS_F1.jpg\" alt=\"Beneficios socios CGV\" title=\"afiliate-cgv2\" class=\"img-responsive wp-image-729\" srcset=\"https:\/\/www.cajacgv.com.mx\/wp-content\/uploads\/2018\/07\/BE-0618-ICO-100x100-PS_F1.jpg 200w, https:\/\/www.cajacgv.com.mx\/wp-content\/uploads\/2018\/07\/BE-0618-ICO-100x100-PS_F1.jpg 400w, https:\/\/www.cajacgv.com.mx\/wp-content\/uploads\/2018\/07\/BE-0618-ICO-100x100-PS_F1.jpg 600w, https:\/\/www.cajacgv.com.mx\/wp-content\/uploads\/2018\/07\/BE-0618-ICO-100x100-PS_F1.jpg 800w, https:\/\/www.cajacgv.com.mx\/wp-content\/uploads\/2018\/07\/BE-0618-ICO-100x100-PS_F1.jpg 1200w, https:\/\/www.cajacgv.com.mx\/wp-content\/uploads\/2018\/07\/BE-0618-ICO-100x100-PS_F1.jpg 1600w\" sizes=\"(max-width: 800px) 100vw, 1920px\"  width=\"84px\" height=\"auto\">\n <br>\n <br>\n\n   <div style=\"text-align: center;\">\n   <p style=\"border: 1px solid #C1C1C1;color:#303180;height: 53px; padding-top: 12px;\"> Pago de Servicios<\/p>\n   <\/div>\n<br>\n<\/div>\n<div class=\"mascara5\">\n  En CGV paga tus servicios p\u00fablicos a trav\u00e9s de nuestras sucursales o recarga tiempo aire para tu celular.*\n  <br>\n  <a href=\"https:\/\/www.cajacgv.com.mx\/index.php\/pagarservicios\"> Ver m\u00e1s... <\/a>\n  <\/div>\n<\/div>\n\t\t\t<\/div>\n\t\t<\/div><div  class=\"fusion-layout-column fusion-builder-column fusion-builder-column-1_4  fusion-one-fourth fusion-one-fourth 1_4\"  style='margin-top: 0px;margin-bottom: 20px;width:25%;width:calc(25% - ( ( 4% + 4% + 4% ) * 0.25 ) );margin-right:4%;'>\n\t\t\t<div class=\"fusion-column-wrapper\"  style=\"background-position: left top;background-repeat: no-repeat;-webkit-background-size:cover;-moz-background-size:cover;-o-background-size:cover;background-size:cover;\">\n\t\t\t\t<style>\n.cont-datos .mascara2 {\nbackground-color: #F68C26;\nopacity: 0;\ntransition: all 0.4s ease-in-out 0.2s;\ntransform-origin:0% 0%; \/*Desde la esquina superior izquierda*\/\ntransform: scale(0);\nmargin-top: -292px;\npadding: 5px;\npadding-bottom:5px;\nmargin-bottom: 27px;\ncolor:#FFFFFF;\n}\n.cont-datos:hover .mascara2 {\ntransform: scale(1);\nopacity: 1;\ntransition-delay: 0.3s;\n}\n<\/style>\n\n\n<div class=\"cont-datos\" style=\"width:100%; text-align:center;\">\n<div class=\"front\">\n<br>\n<img decoding=\"async\" src=\"https:\/\/www.cajacgv.com.mx\/wp-content\/uploads\/2018\/07\/BE-0618-ICO-100x100-BE_F1.jpg\" alt=\"Beneficios socios CGV\" title=\"afiliate-cgv2\" class=\"img-responsive wp-image-729\" srcset=\"https:\/\/www.cajacgv.com.mx\/wp-content\/uploads\/2018\/07\/BE-0618-ICO-100x100-BE_F1.jpg 200w,https:\/\/www.cajacgv.com.mx\/wp-content\/uploads\/2018\/07\/BE-0618-ICO-100x100-BE_F1.jpg 400w, https:\/\/www.cajacgv.com.mx\/wp-content\/uploads\/2018\/07\/BE-0618-ICO-100x100-BE_F1.jpg 600w, https:\/\/www.cajacgv.com.mx\/wp-content\/uploads\/2018\/07\/BE-0618-ICO-100x100-BE_F1.jpg 800w, https:\/\/www.cajacgv.com.mx\/wp-content\/uploads\/2018\/07\/BE-0618-ICO-100x100-BE_F1.jpg 1200w, https:\/\/www.cajacgv.com.mx\/wp-content\/uploads\/2018\/07\/BE-0618-ICO-100x100-BE_F1.jpg 1600w\" sizes=\"(max-width: 800px) 100vw, 1920px\"  width=\"84px\" height=\"auto\">\n <br>\n <br>\n   <div style=\"text-align: center;\">\n   <p style=\"border: 1px solid #C1C1C1;color:#F68C26;height: 53px; padding-top: 12px;\"> Becas Escolares<\/p>\n   <\/div>\n<br>\n<br>\n<br>\n  <br>\n<\/div>\n<div class=\"mascara2\">\n  Tus peque\u00f1os o t\u00fa pueden beneficiarse de las becas escolares que CGV otorga cada a\u00f1o, promoviendo la educaci\u00f3n.\n <a href=\"https:\/\/www.cajacgv.com.mx\/index.php\/beneficio-cgv-becas-escolares\/\"> Consulta la convocatoria aqu\u00ed<\/a>\n  <\/div>\n<\/div><style>\n.cont-datos .mascara7 {\nbackground-color: #C92221;\nopacity: 0;\ntransition: all 0.4s ease-in-out 0.2s;\ntransform-origin:0% 0%; \/*Desde la esquina superior izquierda*\/\ntransform: scale(0);\nmargin-top: -226px;\npadding: 5px;\npadding-bottom:15px;\nmargin-bottom: 27px;\ncolor:#FFFFFF;\n}\n.cont-datos:hover .mascara7 {\ntransform: scale(1);\nopacity: 1;\ntransition-delay: 0.3s;\n}\n<\/style>\n<div class=\"cont-datos\" style=\"width:100%; text-align:center; margin-top: 76px;\">\n<div class=\"front\">\n<br>\n<img decoding=\"async\" src=\"https:\/\/www.cajacgv.com.mx\/wp-content\/uploads\/2018\/07\/BE-0618-ICO-100x100-PR_F1.jpg\" alt=\"Beneficios socios CGV\" title=\"afiliate-cgv2\" class=\"img-responsive wp-image-729\" srcset=\"https:\/\/www.cajacgv.com.mx\/wp-content\/uploads\/2018\/07\/BE-0618-ICO-100x100-PR_F1.jpg 200w, https:\/\/www.cajacgv.com.mx\/wp-content\/uploads\/2018\/07\/BE-0618-ICO-100x100-PR_F1.jpg 400w, https:\/\/www.cajacgv.com.mx\/wp-content\/uploads\/2018\/07\/BE-0618-ICO-100x100-PR_F1.jpg 600w, https:\/\/www.cajacgv.com.mx\/wp-content\/uploads\/2018\/07\/BE-0618-ICO-100x100-PR_F1.jpg 800w, https:\/\/www.cajacgv.com.mx\/wp-content\/uploads\/2018\/07\/BE-0618-ICO-100x100-PR_F1.jpg 1200w, https:\/\/www.cajacgv.com.mx\/wp-content\/uploads\/2018\/07\/BE-0618-ICO-100x100-PR_F1.jpg 1600w\" sizes=\"(max-width: 800px) 100vw, 1920px\"  width=\"84px\" height=\"auto\">\n <br>\n <br>\n   <div style=\"text-align: center;\">\n   <p style=\"border: 1px solid #C1C1C1;color:#C92221;height: 53px; padding-top: 12px;\"> Promociones regalos<\/p>\n   <\/div>\n<br>\n<\/div>\n<div class=\"mascara7\">\n  CGV premia la lealtad de nuestros socios con premios, regalos y eventos exclusivos.\n  <br>\n  <br>\n  <a href=\"https:\/\/www.cajacgv.com.mx\/index.php\/2018\/10\/26\/mes-de-la-familia-cgv-2018\/\">Ver m\u00e1s... <\/a>\n  <br>\n  <br>\n  <\/div>\n<\/div>\n\t\t\t<\/div>\n\t\t<\/div><div  class=\"fusion-layout-column fusion-builder-column fusion-builder-column-1_4  fusion-one-fourth fusion-one-fourth 1_4\"  style='margin-top: 0px;margin-bottom: 20px;width:25%;width:calc(25% - ( ( 4% + 4% + 4% ) * 0.25 ) );margin-right:4%;'>\n\t\t\t<div class=\"fusion-column-wrapper\"  style=\"background-position: left top;background-repeat: no-repeat;-webkit-background-size:cover;-moz-background-size:cover;-o-background-size:cover;background-size:cover;\">\n\t\t\t\t<style>\n.cont-datos .mascara3 {\nbackground-color: #82C7E6;\nopacity: 0;\ntransition: all 0.4s ease-in-out 0.2s;\ntransform-origin:0% 0%; \/*Desde la esquina superior izquierda*\/\ntransform: scale(0);\nmargin-top: -226px;\npadding: 5px;\npadding-bottom:15px;\nmargin-bottom: 27px;\ncolor:#FFFFFF;\n}\n.cont-datos:hover .mascara3 {\ntransform: scale(1);\nopacity: 1;\ntransition-delay: 0.3s;\n}\n<\/style>\n<div class=\"cont-datos\" style=\"width:100%; text-align:center;\">\n<div class=\"front\">\n<br>\n<img decoding=\"async\" src=\"https:\/\/www.cajacgv.com.mx\/wp-content\/uploads\/2018\/07\/BE-0618-ICO-100x100-CM_F1.jpg\" alt=\"Beneficios socios CGV\" title=\"afiliate-cgv2\" class=\"img-responsive wp-image-729\" srcset=\"https:\/\/www.cajacgv.com.mx\/wp-content\/uploads\/2018\/07\/BE-0618-ICO-100x100-CM_F1.jpg 200w, https:\/\/www.cajacgv.com.mx\/wp-content\/uploads\/2018\/07\/BE-0618-ICO-100x100-CM_F1.jpg 400w, https:\/\/www.cajacgv.com.mx\/wp-content\/uploads\/2018\/07\/BE-0618-ICO-100x100-CM_F1.jpg 600w, https:\/\/www.cajacgv.com.mx\/wp-content\/uploads\/2018\/07\/BE-0618-ICO-100x100-CM_F1.jpg 800w, https:\/\/www.cajacgv.com.mx\/wp-content\/uploads\/2018\/07\/BE-0618-ICO-100x100-CM_F1.jpg 1200w, https:\/\/www.cajacgv.com.mx\/wp-content\/uploads\/2018\/07\/BE-0618-ICO-100x100-CM_F1.jpg 1600w\" sizes=\"(max-width: 800px) 100vw, 1920px\"  width=\"84px\" height=\"auto\">\n <br>\n <br>\n   <div style=\"text-align: center;\">\n   <p style=\"border: 1px solid #C1C1C1;color:#82C7E6;height: 53px; padding-top: 12px;\"> Consultas M\u00e9dicas<\/p>\n   <\/div>\n<br>\n<\/div>\n<div class=\"mascara3\">\n  Como socio CGV puedes tener 5 consultas m\u00e9dicas gratis y 5 al 50% gracias a nuestros convenios con m\u00e9dicos particulares.**\n  <br>\n  <a href=\"https:\/\/www.cajacgv.com.mx\/index.php\/beneficio-cgv-consultas-medicas\/\" target=\"_blank\">Ver m\u00e1s...<\/a>\n  <\/div>\n<\/div><style>\n\n.cont-datos .front {\ntransition: all 0.4s ease-in-out 0.2s;\nopacity: 1;\ntransform-origin:100% 100%; \/*Desde la esquina inferior derecha*\/\n}\n\n.cont-datos h2{\nopacity: 0;\nborder-bottom: 1px solid rgba(0, 0, 0, 0.3);\nbackground: transparent;\nmargin: 20px 40px 0px 40px;\ntransition: all 0.5s ease-in-out;\n}\n\n.cont-datos .mascara {\nbackground-color: #A2C037;\nopacity: 0;\ntransition: all 0.4s ease-in-out 0.2s;\ntransform-origin:0% 0%; \/*Desde la esquina superior izquierda*\/\ntransform: scale(0);\nmargin-top: -292px;\npadding: 5px;\nmargin-bottom: 27px;\ncolor:#FFFFFF;\n}\n.cont-datos:hover .mascara {\ntransform: scale(1);\nopacity: 1;\ntransition-delay: 0.3s;\n}\n.cont-datos:hover .front {\ntransform: scale(0);\nopacity: 0;\ntransition-delay: 0s;\n}\n.cont-datos:hover h2,\n.cont-datos:hover p,\n.cont-datos:hover a.link{\nopacity: 1;\ntransition-delay: 0.5s;\n}\n<\/style>\n<div class=\"cont-datos\" style=\"width:100%; text-align:center; margin-top: 100px;\">\n<div class=\"front\" style=\"margin-top: -76px;z-index: -1;position: relative;\">\n<br>\n<img decoding=\"async\" src=\"https:\/\/www.cajacgv.com.mx\/wp-content\/uploads\/2018\/07\/BE-0618-ICO-100x100-RT_F1.jpg\" alt=\"Recargas telefonicas CGV\" title=\"recargas\" class=\"img-responsive wp-image-729\" srcset=\"https:\/\/www.cajacgv.com.mx\/wp-content\/uploads\/2018\/07\/BE-0618-ICO-100x100-RT_F1.jpg 200w, https:\/\/www.cajacgv.com.mx\/wp-content\/uploads\/2018\/07\/BE-0618-ICO-100x100-RT_F1.jpg 400w, https:\/\/www.cajacgv.com.mx\/wp-content\/uploads\/2018\/07\/BE-0618-ICO-100x100-RT_F1.jpg 600w, https:\/\/www.cajacgv.com.mx\/wp-content\/uploads\/2018\/07\/BE-0618-ICO-100x100-RT_F1.jpg 800w, https:\/\/www.cajacgv.com.mx\/wp-content\/uploads\/2018\/07\/BE-0618-ICO-100x100-RT_F1.jpg 1200w, https:\/\/www.cajacgv.com.mx\/wp-content\/uploads\/2018\/07\/BE-0618-ICO-100x100-RT_F1.jpg 1600w\" sizes=\"(max-width: 800px) 100vw, 1920px\"  width=\"84px\" height=\"auto\">\n <br>\n <br>\n   <div style=\"text-align: center;\">\n   <p style=\"border: 1px solid #C1C1C1;color:#A2C037;height: 53px; padding-top: 12px;\"> Recargas Telef\u00f3nicas <\/p>\n   <\/div>\n<br>\n<br>\n<br>\n  <br>\n<\/div>\n  <div class=\"mascara\">\n  Con CGV tendr\u00e1s la oportunidad de realizar recargas telef\u00f3nicas de cualquier compa\u00f1\u00eda.\n  <br>\n  <br>\n  <br>\n  <a href=\"https:\/\/www.cajacgv.com.mx\/index.php\/recargas-telefonicas\/\"> Ver m\u00e1s... <\/a>\n  <\/div>\n<\/div>\n\n\n\t\t\t<\/div>\n\t\t<\/div><div  class=\"fusion-layout-column fusion-builder-column fusion-builder-column-1_4  fusion-one-fourth fusion-column-last fusion-one-fourth fusion-column-last 1_4\"  style='margin-top: 0px;margin-bottom: 20px;width:25%;width:calc(25% - ( ( 4% + 4% + 4% ) * 0.25 ) );'>\n\t\t\t<div class=\"fusion-column-wrapper\"  style=\"background-position: left top;background-repeat: no-repeat;-webkit-background-size:cover;-moz-background-size:cover;-o-background-size:cover;background-size:cover;\">\n\t\t\t\t<style>\n.cont-datos .mascara8 {\nbackground-color: #8446AD;\nopacity: 0;\ntransition: all 0.4s ease-in-out 0.2s;\ntransform-origin:0% 0%; \/*Desde la esquina superior izquierda*\/\ntransform: scale(0);\nmargin-top: -226px;\npadding: 5px;\npadding-bottom:15px;\nmargin-bottom: 27px;\ncolor:#FFFFFF;\n}\n.cont-datos:hover .mascara8 {\ntransform: scale(1);\nopacity: 1;\ntransition-delay: 0.3s;\n}\n<\/style>\n<div class=\"cont-datos\" style=\"width:100%; text-align:center;\">\n<div class=\"front\" >\n<br>\n<img decoding=\"async\" src=\"https:\/\/www.cajacgv.com.mx\/wp-content\/uploads\/2018\/07\/BE-0618-ICO-100x100-AM_F1.jpg\" alt=\"Beneficios socios CGV\" title=\"afiliate-cgv2\" class=\"img-responsive wp-image-729\" srcset=\"https:\/\/www.cajacgv.com.mx\/wp-content\/uploads\/2018\/07\/BE-0618-ICO-100x100-AM_F1.jpg 200w, https:\/\/www.cajacgv.com.mx\/wp-content\/uploads\/2018\/07\/BE-0618-ICO-100x100-AM_F1.jpg 400w, https:\/\/www.cajacgv.com.mx\/wp-content\/uploads\/2018\/07\/BE-0618-ICO-100x100-AM_F1.jpg 600w, https:\/\/www.cajacgv.com.mx\/wp-content\/uploads\/2018\/07\/BE-0618-ICO-100x100-AM_F1.jpg 800w, https:\/\/www.cajacgv.com.mx\/wp-content\/uploads\/2018\/07\/BE-0618-ICO-100x100-AM_F1.jpg 1200w, https:\/\/www.cajacgv.com.mx\/wp-content\/uploads\/2018\/07\/BE-0618-ICO-100x100-AM_F1.jpg 1600w\" sizes=\"(max-width: 800px) 100vw, 1920px\"  width=\"84px\" height=\"auto\">\n <br>\n <br>\n   <div style=\"text-align: center;\">\n   <p style=\"border: 1px solid #C1C1C1;color:#8446AD;height: 53px; padding-top: 12px;\"> Servicio mutual<\/p>\n   <\/div>\n<br>\n<\/div>\n<div class=\"mascara8\">\n Con CGV tiene el apoyo para que en el caso de que t\u00fa no est\u00e9s, a tus beneficiarios se les otorgue un apoyo monetario para esos momentos dif\u00edciles.\n <br>\n <a href=\"https:\/\/www.cajacgv.com.mx\/index.php\/beneficio-cgv-apoyo-mutual\/\"> Ver m\u00e1s... <\/a>\n  <\/div>\n<\/div>\n\t\t\t<\/div>\n\t\t<\/div><\/div><div class=\"fusion-builder-row fusion-builder-row-inner fusion-row \"><div  class=\"fusion-layout-column fusion-builder-column fusion-builder-column-1_3  fusion-one-third fusion-column-first fusion-one-third fusion-column-first 1_3\"  style='margin-top: 0px;margin-bottom: 20px;width:33.33%;width:calc(33.33% - ( ( 4% + 4% ) * 0.3333 ) );margin-right:4%;'>\n\t\t\t<div class=\"fusion-column-wrapper\"  style=\"background-position: left top;background-repeat: no-repeat;-webkit-background-size:cover;-moz-background-size:cover;-o-background-size:cover;background-size:cover;\">\n\t\t\t\t<div class=\"fusion-button-wrapper\"><style type=\"text\/css\" scoped=\"scoped\">.fusion-button.button-1 .fusion-button-text, .fusion-button.button-1 i {color:#780404;}.fusion-button.button-1 {border-width:2px;border-color:#780404;}.fusion-button.button-1 .fusion-button-icon-divider{border-color:#780404;}.fusion-button.button-1:hover .fusion-button-text, .fusion-button.button-1:hover i,.fusion-button.button-1:focus .fusion-button-text, .fusion-button.button-1:focus i,.fusion-button.button-1:active .fusion-button-text, .fusion-button.button-1:active{color:#780404;}.fusion-button.button-1:hover, .fusion-button.button-1:focus, .fusion-button.button-1:active{border-width:2px;border-color:#780404;}.fusion-button.button-1:hover .fusion-button-icon-divider, .fusion-button.button-1:hover .fusion-button-icon-divider, .fusion-button.button-1:active .fusion-button-icon-divider{border-color:#780404;}.fusion-button.button-1{width:auto;}<\/style><a class=\"fusion-button button-flat button-square button-large button-default button-1\" target=\"_self\" href=\"https:\/\/www.cajacgv.com.mx\/\/index.php\/afiliacion\/\"><span class=\"fusion-button-text\">Quiero Afiliarme<\/span><\/a><\/div>\n\t\t\t<\/div>\n\t\t<\/div><div  class=\"fusion-layout-column fusion-builder-column fusion-builder-column-1_3  fusion-one-third fusion-one-third 1_3\"  style='margin-top: 0px;margin-bottom: 20px;width:33.33%;width:calc(33.33% - ( ( 4% + 4% ) * 0.3333 ) );margin-right:4%;'>\n\t\t\t<div class=\"fusion-column-wrapper\"  style=\"background-position: left top;background-repeat: no-repeat;-webkit-background-size:cover;-moz-background-size:cover;-o-background-size:cover;background-size:cover;\">\n\t\t\t\t\n\t\t\t<\/div>\n\t\t<\/div><div  class=\"fusion-layout-column fusion-builder-column fusion-builder-column-1_3  fusion-one-third fusion-column-last fusion-one-third fusion-column-last 1_3\"  style='margin-top: 0px;margin-bottom: 20px;width:33.33%;width:calc(33.33% - ( ( 4% + 4% ) * 0.3333 ) );'>\n\t\t\t<div class=\"fusion-column-wrapper\"  style=\"background-position: left top;background-repeat: no-repeat;-webkit-background-size:cover;-moz-background-size:cover;-o-background-size:cover;background-size:cover;\">\n\t\t\t\t\n\t\t\t<\/div>\n\t\t<\/div><\/div><div class=\"fusion-sep-clear\"><\/div><div class=\"fusion-separator fusion-full-width-sep sep-none\" style=\"margin-left: auto;margin-right: auto;margin-top:15px;margin-bottom:15px;\"><\/div><p>*Aplican Restricciones<\/p>\n<div class=\"fusion-clearfix\"><\/div>\n\t\t\t<\/div>\n\t\t<\/div><div  class=\"fusion-layout-column fusion_builder_column fusion_builder_column_1_4  fusion-one-fourth fusion-column-last 1_4\"  style='margin-top:0px;margin-bottom:20px;width:25%;width:calc(25% - ( ( 4% ) * 0.25 ) );'>\n\t\t\t<div class=\"fusion-column-wrapper\"  style=\"background-position:left top;background-repeat:no-repeat;-webkit-background-size:cover;-moz-background-size:cover;-o-background-size:cover;background-size:cover;\"  data-bg-url=\"\">\n\t\t\t\t<div class=\"fusion-widget-area fusion-widget-area-1 fusion-content-widget-area\"><div id=\"block-2\" class=\"fusion-slidingbar-widget-column widget widget_block widget_media_image\"><div class=\"wp-block-image is-style-default\">\n<figure class=\"aligncenter size-full is-resized\"><a href=\"https:\/\/bit.ly\/EducaTuCarteraC\" target=\"_blank\" rel=\" noreferrer noopener\"><img loading=\"lazy\" decoding=\"async\" src=\"https:\/\/www.cajacgv.com.mx\/wp-content\/uploads\/2022\/11\/banner-educa_215X260.png\" alt=\"Educa tu cartera\" class=\"wp-image-14445\" width=\"214\" height=\"258\" srcset=\"https:\/\/www.cajacgv.com.mx\/wp-content\/uploads\/2022\/11\/banner-educa_215X260-200x242.png 200w, https:\/\/www.cajacgv.com.mx\/wp-content\/uploads\/2022\/11\/banner-educa_215X260.png 215w\" sizes=\"auto, (max-width: 214px) 100vw, 214px\" \/><\/a><figcaption class=\"wp-element-caption\"><strong>Si deseas conocer m\u00e1s sobre \"Educa tu Cartera\" , da clic en la imagen.<\/strong><\/figcaption><\/figure>\n<\/div><div style=\"clear:both;\"><\/div><\/div><div class=\"fusion-additional-widget-content\"><\/div><\/div><div class=\"fusion-clearfix\"><\/div>\n\t\t\t<\/div>\n\t\t<\/div><\/div><\/div><\/p>\n","protected":false},"excerpt":{"rendered":"","protected":false},"author":1,"featured_media":0,"parent":0,"menu_order":0,"comment_status":"closed","ping_status":"closed","template":"100-width.php","meta":{"footnotes":""},"class_list":["post-176","page","type-page","status-publish","hentry"],"_links":{"self":[{"href":"https:\/\/www.cajacgv.com.mx\/index.php\/wp-json\/wp\/v2\/pages\/176","targetHints":{"allow":["GET"]}}],"collection":[{"href":"https:\/\/www.cajacgv.com.mx\/index.php\/wp-json\/wp\/v2\/pages"}],"about":[{"href":"https:\/\/www.cajacgv.com.mx\/index.php\/wp-json\/wp\/v2\/types\/page"}],"author":[{"embeddable":true,"href":"https:\/\/www.cajacgv.com.mx\/index.php\/wp-json\/wp\/v2\/users\/1"}],"replies":[{"embeddable":true,"href":"https:\/\/www.cajacgv.com.mx\/index.php\/wp-json\/wp\/v2\/comments?post=176"}],"version-history":[{"count":130,"href":"https:\/\/www.cajacgv.com.mx\/index.php\/wp-json\/wp\/v2\/pages\/176\/revisions"}],"predecessor-version":[{"id":12285,"href":"https:\/\/www.cajacgv.com.mx\/index.php\/wp-json\/wp\/v2\/pages\/176\/revisions\/12285"}],"wp:attachment":[{"href":"https:\/\/www.cajacgv.com.mx\/index.php\/wp-json\/wp\/v2\/media?parent=176"}],"curies":[{"name":"wp","href":"https:\/\/api.w.org\/{rel}","templated":true}]}}