{"id":17662,"date":"2025-10-16T17:37:14","date_gmt":"2025-10-16T23:37:14","guid":{"rendered":"https:\/\/www.cajacgv.com.mx\/?page_id=17662"},"modified":"2025-11-04T11:41:37","modified_gmt":"2025-11-04T17:41:37","slug":"promo-invierte-25","status":"publish","type":"page","link":"https:\/\/www.cajacgv.com.mx\/index.php\/promo-invierte-25\/","title":{"rendered":"Invierte y Gana"},"content":{"rendered":"<p><div  class=\"fusion-fullwidth fullwidth-box hundred-percent-fullwidth\"  style='background-color: rgba(255,255,255,0);background-position: center center;background-repeat: no-repeat;padding-top:0px;padding-right:0px;padding-bottom:0px;padding-left:0px;margin-top: -60px;'><div class=\"fusion-builder-row fusion-row \"><div  class=\"fusion-layout-column fusion_builder_column fusion_builder_column_1_1  fusion-one-full fusion-column-first fusion-column-last 1_1\"  style='margin-top:0px;margin-bottom:20px;'>\n\t\t\t<div class=\"fusion-column-wrapper\"  style=\"padding: 0px 0px 0px 0px;background-position:left top;background-repeat:no-repeat;-webkit-background-size:cover;-moz-background-size:cover;-o-background-size:cover;background-size:cover;\"  data-bg-url=\"\">\n\t\t\t\t<div class=\"imageframe-align-center\"><span class=\"fusion-imageframe imageframe-none imageframe-1 hover-type-none\"><img loading=\"lazy\" decoding=\"async\" src=\"https:\/\/www.cajacgv.com.mx\/wp-content\/uploads\/2025\/10\/Ba_Web_Landing_67Aniv_1920x605px.png\" width=\"1920\" height=\"605\" alt=\"hazlo-tuyo cgv\" title=\"Ba_Web_Landing_67Aniv_1920x605px\" class=\"img-responsive wp-image-17670\" srcset=\"https:\/\/www.cajacgv.com.mx\/wp-content\/uploads\/2025\/10\/Ba_Web_Landing_67Aniv_1920x605px-200x63.png 200w, https:\/\/www.cajacgv.com.mx\/wp-content\/uploads\/2025\/10\/Ba_Web_Landing_67Aniv_1920x605px-400x126.png 400w, https:\/\/www.cajacgv.com.mx\/wp-content\/uploads\/2025\/10\/Ba_Web_Landing_67Aniv_1920x605px-600x189.png 600w, https:\/\/www.cajacgv.com.mx\/wp-content\/uploads\/2025\/10\/Ba_Web_Landing_67Aniv_1920x605px-800x252.png 800w, https:\/\/www.cajacgv.com.mx\/wp-content\/uploads\/2025\/10\/Ba_Web_Landing_67Aniv_1920x605px-1200x378.png 1200w, https:\/\/www.cajacgv.com.mx\/wp-content\/uploads\/2025\/10\/Ba_Web_Landing_67Aniv_1920x605px.png 1920w\" sizes=\"auto, (max-width: 800px) 100vw, 1100px\" \/><\/span><\/div><style>\n#main{\n  background: url(https:\/\/www.cajacgv.com.mx\/wp-content\/uploads\/2025\/10\/Ba_Web_Fondo_67Aniv_1920x1080px.jpg) top;\n  background-position: center center;\t  \n  background-repeat: no-repeat;\n  background-attachment: fixed;\n  background-size: cover;\n  font-family: \"Montserrat\", sans-serif;\n}\n.text_form{\n  font-family: \"Montserrat\", sans-serif;\n  font-size: 18px;\n  color: #fff;\n}\n.text_dt_reg{\n  font-family: \"Montserrat\", sans-serif;\n  font-size: 18px;\n  text-align: left; \n  line-height: 1.5;\n  top: 10px;\n}\n.aux-contact-form textarea, #commentform textarea, .c_form textarea, .wpcf7 textarea {\n    min-height: 240px;\n    height: auto;\n    max-width: 100%;\n    color: #242121;\n}\n#comment-input input, .wpcf7-form .wpcf7-text, input[type=\"email\"], input[type=\"text\"] {\n    height: 35px;\n    padding-top: 0;\n    padding-bottom: 0;\n    color: #242121;\n}\ninput[type=\"file\"], input[type=\"email\"], input[type=\"tel\"], input[type=\"password\"], input[type=\"text\"], textarea {\n    -webkit-appearance: none;\n    -webkit-border-radius: 10px;\n}\ninput[type=checkbox]{\nfont-family: \"Montserrat\", sans-serif;\n  font-size: 15px;\n  \/* Doble-tama\u00f1o Checkboxes *\/\n  -ms-transform: scale(1.5); \/* IE *\/\n  -moz-transform: scale(1.5); \/* FF *\/\n  -webkit-transform: scale(1.5); \/* Safari y Chrome *\/\n  -o-transform: scale(1.5); \/* Opera *\/\n}\n.button-blue {\n    background: #2a463f !important;\n}\n.fusion-checklist .fusion-li-item-content, ul.fusion-checklist .fusion-li-item-content {\n  color: var(--awb-textcolor);\n  margin-inline-start: var(--awb-content-margin);\n}\n.fusion-tabs .tab-pane {\n    padding: 40px;\n}\n<\/style><div class=\"fusion-clearfix\"><\/div>\n\t\t\t<\/div>\n\t\t<\/div><\/div><\/div><div  class=\"fusion-fullwidth fullwidth-box nonhundred-percent-fullwidth\"  style='background-color: rgba(255,255,255,0);background-position: center center;background-repeat: no-repeat;padding-top:20px;padding-right:0px;padding-bottom:20px;padding-left:0px;'><div class=\"fusion-builder-row fusion-row \"><div  class=\"fusion-layout-column fusion_builder_column fusion_builder_column_1_1  fusion-one-full fusion-column-first fusion-column-last 1_1\"  style='margin-top:0px;margin-bottom:20px;'>\n\t\t\t<div class=\"fusion-column-wrapper\"  style=\"background-position:left top;background-repeat:no-repeat;-webkit-background-size:cover;-moz-background-size:cover;-o-background-size:cover;background-size:cover;\"  data-bg-url=\"\">\n\t\t\t\t<h2 style=\"text-align: center; color: #fff;\"><strong>Caja CGV celebra 67 a\u00f1os ofreciendo pr\u00e9stamos, ahorro e inversi\u00f3n a tu medida.<\/strong><\/h2>\n<h2 style=\"text-align: center; color: #fff;\"><strong>\u00a1Invierte y ll\u00e9vate un regalo por aniversario!<\/strong><\/h2>\n<p style=\"color: #fff;\">Abre una inversi\u00f3n con nosotros desde $10mil pesos y ll\u00e9vate un regalo especial.<\/p>\n<div class=\"share-box fusion-sharing-box boxed-icons\" style=\"background-color:#ffff;\" data-title=\"Avada WordPress Theme\" data-description=\"Avada has been the #1 selling theme for more than 3 years, making it the most trusted and complete WordPress theme on the market. \" data-link=\"http:\/\/bit.ly\/2l3jd8A\">\n  <h2><strong>\u00bfC\u00f3mo participo?<\/strong><\/h2>\n  <div class=\"fusion-column-wrapper fusion-flex-justify-content-flex-start fusion-content-layout-column\"><!-- Inicio lista-->\n    <ul style=\"--awb-size:20px;--awb-item-padding-top:16px;--awb-item-padding-right:16px;--awb-item-padding-bottom:16px;--awb-item-padding-left:16px;--awb-iconcolor:#f22972;--awb-textcolor:#1f2024;--awb-line-height:34px;--awb-icon-width:34px;--awb-icon-height:34px;--awb-icon-margin:14px;--awb-content-margin:48px;\"\n      class=\"fusion-checklist fusion-checklist-3 type-icons\">\n      <li class=\"fusion-li-item\" style=\"\"><span class=\"icon-wrapper circle-no\"><i class=\"fusion-li-icon fas\" aria-hidden=\"true\" style=\"color:#eda5a8;\">1. <\/i><\/span>\n        <div class=\"fusion-li-item-content\">Ser Socio de Caja CGV.<\/div>\n      <\/li>\n      <li class=\"fusion-li-item\" style=\"\"><span class=\"icon-wrapper circle-no\"><i class=\"fusion-li-icon fas\" aria-hidden=\"true\" style=\"color:#eda5a8;\">2. <\/i><\/span>\n        <div class=\"fusion-li-item-content\">Si a\u00fan no formas parte de CGV; \u00a1Af\u00edliate! y haz crecer tu dinero con nosotros.<\/div>\n      <\/li>\n      <li class=\"fusion-li-item\" style=\"\"><span class=\"icon-wrapper circle-no\"><i class=\"fusion-li-icon fas\" aria-hidden=\"true\" style=\"color:#eda5a8;\">3. <\/i><\/span>\n        <div class=\"fusion-li-item-content\">Acude a cualquiera de nuestras 41 sucursales.<\/div>\n      <\/li>\n      <li class=\"fusion-li-item\" style=\"\"><span class=\"icon-wrapper circle-no\"><i class=\"fusion-li-icon fas\" aria-hidden=\"true\" style=\"color:#eda5a8;\">4. <\/i><\/span>\n        <div class=\"fusion-li-item-content\"><strong>Realiza una <strong>nueva inversi\u00f3n desde $10,000.00<\/strong> a un plazo fijo desd5 6 meses.<\/strong><\/div>\n      <\/li>\n      <li class=\"fusion-li-item\" style=\"\"><span class=\"icon-wrapper circle-no\"><i class=\"fusion-li-icon fas\" aria-hidden=\"true\" style=\"color:#eda5a8;\">5. <\/i><\/span>\n        <div class=\"fusion-li-item-content\"><strong>\u00a1Listo!<\/strong> Tu asesor CGV te entregar\u00e1 tu obsequio.<\/div>\n      <\/li>\n    <\/ul>\n    <p>Consulta m\u00e1s informaci\u00f3n sobre Inversi\u00f3n <a href=\"https:\/\/www.cajacgv.com.mx\/index.php\/inversion\/\" target=\"_blank\">AQU\u00cd<\/a><\/p>\n  <\/div><!-- End lista-->\n\n  <h2><strong>T\u00c9RMINOS Y CONDICIONES<\/strong><\/h2>\n  <div class=\"fusion-column-wrapper fusion-flex-justify-content-flex-start fusion-content-layout-column\"><!-- Inicio lista-->\n    <ul style=\"--awb-size:20px;--awb-item-padding-top:16px;--awb-item-padding-right:16px;--awb-item-padding-bottom:16px;--awb-item-padding-left:16px;--awb-iconcolor:#f22972;--awb-textcolor:#1f2024;--awb-line-height:34px;--awb-icon-width:34px;--awb-icon-height:34px;--awb-icon-margin:14px;--awb-content-margin:48px;\"\n      class=\"fusion-checklist fusion-checklist-3 type-icons\">\n      <li class=\"fusion-li-item\" style=\"\"><span class=\"icon-wrapper circle-no\"><i class=\"fusion-li-icon fa fa-circle fas\" aria-hidden=\"true\" style=\"color:#eda5a8;\"><\/i><\/span>\n        <div class=\"fusion-li-item-content\">Promoci\u00f3n v\u00e1lida \u00fanicamente para Socios CGV.<\/div>\n      <\/li>\n      <li class=\"fusion-li-item\" style=\"\"><span class=\"icon-wrapper circle-no\"><i class=\"fusion-li-icon fa fa-circle fas\" aria-hidden=\"true\" style=\"color:#eda5a8;\"><\/i><\/span>\n        <div class=\"fusion-li-item-content\">Vigencia del 01 al 30 noviembre de 2025 o hasta agotar existencias.<\/div>\n      <\/li>\n      <li class=\"fusion-li-item\" style=\"\"><span class=\"icon-wrapper circle-no\"><i class=\"fusion-li-icon fa fa-circle fas\" aria-hidden=\"true\" style=\"color:#eda5a8;\"><\/i><\/span>\n        <div class=\"fusion-li-item-content\">Promoci\u00f3n v\u00e1lida en todas las sucursales de CGV.<\/div>\n      <\/li>\n      <li class=\"fusion-li-item\" style=\"\"><span class=\"icon-wrapper circle-no\"><i class=\"fusion-li-icon fa fa-circle fas\" aria-hidden=\"true\" style=\"color:#eda5a8;\"><\/i><\/span>\n        <div class=\"fusion-li-item-content\">Aplica \u00fanicamente para nuevos ahorros; el socio deber\u00e1 comprobar mediante su ficha de dep\u00f3sito, efectivo, cheque o comprobante de dep\u00f3sito referenciado que el ahorro para su inversi\u00f3n es de nuevo ingreso (dentro del periodo en que transcurrir\u00e1 la promoci\u00f3n).<\/div>\n      <\/li>\n      <li class=\"fusion-li-item\" style=\"\"><span class=\"icon-wrapper circle-no\"><i class=\"fusion-li-icon fa fa-circle fas\" aria-hidden=\"true\" style=\"color:#eda5a8;\"><\/i><\/span>\n        <div class=\"fusion-li-item-content\">Participa toda persona que sea Socio CGV y en caso de contar con un pr\u00e9stamo en CGV, estar al corriente en sus pagos (no estar en cartera vencida, en mora o en proceso jur\u00eddico), as\u00ed como, no tener firmas activas en cartera vencida o mora.<\/div>\n      <\/li>\n      <li class=\"fusion-li-item\" style=\"\"><span class=\"icon-wrapper circle-no\"><i class=\"fusion-li-icon fa fa-circle fas\" aria-hidden=\"true\" style=\"color:#eda5a8;\"><\/i><\/span>\n        <div class=\"fusion-li-item-content\">Podr\u00e1 participar toda persona que sea Socio CGV que realice una inversi\u00f3n nueva a un plazo fijo desde 6 meses.<\/div>\n\t\t\t<\/li>\n      <li class=\"fusion-li-item\" style=\"\"><span class=\"icon-wrapper circle-no\"><i class=\"fusion-li-icon fa fa-circle fas\" aria-hidden=\"true\" style=\"color:#eda5a8;\"><\/i><\/span>\n        <div class=\"fusion-li-item-content\">El regalo es un especiero.<\/div>\n      <\/li>\n      <li class=\"fusion-li-item\" style=\"\"><span class=\"icon-wrapper circle-no\"><i class=\"fusion-li-icon fa fa-circle fas\" aria-hidden=\"true\" style=\"color:#eda5a8;\"><\/i><\/span>\n        <div class=\"fusion-li-item-content\">Es un regalo por inversi\u00f3n y por socio (En caso de abrir m\u00e1s de una inversi\u00f3n, solo podr\u00e1 recibir un obsequio).<\/div>\n      <\/li>\n      <li class=\"fusion-li-item\" style=\"\"><span class=\"icon-wrapper circle-no\"><i class=\"fusion-li-icon fa fa-circle fas\" aria-hidden=\"true\" style=\"color:#eda5a8;\"><\/i><\/span>\n        <div class=\"fusion-li-item-content\">Solo el titular de la cuenta puede reclamar el regalo, presentando identificaci\u00f3n oficial con foto.<\/div>\n      <\/li>\n      <li class=\"fusion-li-item\" style=\"\"><span class=\"icon-wrapper circle-no\"><i class=\"fusion-li-icon fa fa-circle fas\" aria-hidden=\"true\" style=\"color:#eda5a8;\"><\/i><\/span>\n        <div class=\"fusion-li-item-content\">El premio no es transferible y no equivale a dinero en efectivo.<\/div>\n      <\/li>\n      <li class=\"fusion-li-item\" style=\"\"><span class=\"icon-wrapper circle-no\"><i class=\"fusion-li-icon fa fa-circle fas\" aria-hidden=\"true\" style=\"color:#eda5a8;\"><\/i><\/span>\n        <div class=\"fusion-li-item-content\">No se puede canjear y recoger el obsequio en otra sucursal.<\/div>\n      <\/li>\n      <li class=\"fusion-li-item\" style=\"\"><span class=\"icon-wrapper circle-no\"><i class=\"fusion-li-icon fa fa-circle fas\" aria-hidden=\"true\" style=\"color:#eda5a8;\"><\/i><\/span>\n        <div class=\"fusion-li-item-content\">La entrega del regalo se realizar\u00e1 de forma inmediata en la sucursal donde se realiz\u00f3 la inversi\u00f3n.<\/div>\n      <\/li>\n      <li class=\"fusion-li-item\" style=\"\"><span class=\"icon-wrapper circle-no\"><i class=\"fusion-li-icon fa fa-circle fas\" aria-hidden=\"true\" style=\"color:#eda5a8;\"><\/i><\/span>\n        <div class=\"fusion-li-item-content\">La promoci\u00f3n aplica para socios que cumplan con los requisitos y pol\u00edticas de Inversi\u00f3n vigentes.<\/div>\n      <\/li>\n      <li class=\"fusion-li-item\" style=\"\"><span class=\"icon-wrapper circle-no\"><i class=\"fusion-li-icon fa fa-circle fas\" aria-hidden=\"true\" style=\"color:#eda5a8;\"><\/i><\/span>\n        <div class=\"fusion-li-item-content\">La promoci\u00f3n no es v\u00e1lida para inversiones ya existentes.<\/div>\n      <\/li>\n      <li class=\"fusion-li-item\" style=\"\"><span class=\"icon-wrapper circle-no\"><i class=\"fusion-li-icon fa fa-circle fas\" aria-hidden=\"true\" style=\"color:#eda5a8;\"><\/i><\/span>\n        <div class=\"fusion-li-item-content\">Las fechas de promoci\u00f3n est\u00e1n sujetas a cambios sin previo aviso.<\/div>\n      <\/li>\n    <\/ul>\n    <p><strong>Nota: No aplica para Inversi\u00f3n 180 Plus, ni inversi\u00f3n creciente.<\/strong><\/p>\n  <\/div><!-- End lista-->\n<\/div><div class=\"share-box fusion-sharing-box boxed-icons\" style=\"background-color:#f9efef;\" data-title=\"Avada WordPress Theme\" data-description=\"Avada has been the #1 selling theme for more than 3 years, making it the most trusted and complete WordPress theme on the market. \" data-link=\"http:\/\/bit.ly\/2l3jd8A\">\n\t<h4 class=\"tagline fusion-responsive-typography-calculated\" style=\"color: rgb(59, 59, 59); --fontSize:24; line-height: 1.3; --minFontSize:24;\" data-fontsize=\"24\" data-lineheight=\"31.2px\">\u00a1S\u00edguenos en redes sociales y mantente al pendiente de esta y otras promociones!<\/h4>\n\t<div class=\"fusion-social-networks boxed-icons\">\n\t\t<a class=\"fusion-social-network-icon fusion-tooltip fusion-facebook fusion-icon-facebook\" href=\"https:\/\/www.facebook.com\/CajaCGV\/\" target=\"_blank\" rel=\"nofollow\" style=\"color:#ffffff;background-color:#3b5998;border-color:#3b5998;border-radius:5px;\" data-placement=\"top\" data-title=\"Facebook\" title=\"\" aria-label=\"Facebook\" data-toggle=\"tooltip\" data-original-title=\"Facebook\"><\/a>\n\t<\/div>\n<\/div><div class=\"fusion-sep-clear\"><\/div><div class=\"fusion-separator fusion-full-width-sep sep-none\" style=\"margin-left: auto;margin-right: auto;margin-top:80px;\" id=\"mecanica\"><\/div><div class=\"fusion-clearfix\"><\/div>\n\t\t\t<\/div>\n\t\t<\/div><\/div><\/div><\/p>\n","protected":false},"excerpt":{"rendered":"","protected":false},"author":1,"featured_media":0,"parent":0,"menu_order":0,"comment_status":"closed","ping_status":"closed","template":"100-width.php","meta":{"footnotes":""},"class_list":["post-17662","page","type-page","status-publish","hentry"],"_links":{"self":[{"href":"https:\/\/www.cajacgv.com.mx\/index.php\/wp-json\/wp\/v2\/pages\/17662","targetHints":{"allow":["GET"]}}],"collection":[{"href":"https:\/\/www.cajacgv.com.mx\/index.php\/wp-json\/wp\/v2\/pages"}],"about":[{"href":"https:\/\/www.cajacgv.com.mx\/index.php\/wp-json\/wp\/v2\/types\/page"}],"author":[{"embeddable":true,"href":"https:\/\/www.cajacgv.com.mx\/index.php\/wp-json\/wp\/v2\/users\/1"}],"replies":[{"embeddable":true,"href":"https:\/\/www.cajacgv.com.mx\/index.php\/wp-json\/wp\/v2\/comments?post=17662"}],"version-history":[{"count":9,"href":"https:\/\/www.cajacgv.com.mx\/index.php\/wp-json\/wp\/v2\/pages\/17662\/revisions"}],"predecessor-version":[{"id":17677,"href":"https:\/\/www.cajacgv.com.mx\/index.php\/wp-json\/wp\/v2\/pages\/17662\/revisions\/17677"}],"wp:attachment":[{"href":"https:\/\/www.cajacgv.com.mx\/index.php\/wp-json\/wp\/v2\/media?parent=17662"}],"curies":[{"name":"wp","href":"https:\/\/api.w.org\/{rel}","templated":true}]}}