{"id":17840,"date":"2026-03-03T17:49:06","date_gmt":"2026-03-03T23:49:06","guid":{"rendered":"https:\/\/www.cajacgv.com.mx\/?page_id=17840"},"modified":"2026-03-03T17:59:04","modified_gmt":"2026-03-03T23:59:04","slug":"promo-mejoragua-26","status":"publish","type":"page","link":"https:\/\/www.cajacgv.com.mx\/index.php\/promo-mejoragua-26\/","title":{"rendered":"Promo Mejoragua"},"content":{"rendered":"<p><div  class=\"fusion-fullwidth fullwidth-box hundred-percent-fullwidth\"  style='background-color: rgba(255,255,255,0);background-position: center center;background-repeat: no-repeat;padding-top:0px;padding-right:0px;padding-bottom:0px;padding-left:0px;margin-top: -60px;'><div class=\"fusion-builder-row fusion-row \"><div  class=\"fusion-layout-column fusion_builder_column fusion_builder_column_1_1  fusion-one-full fusion-column-first fusion-column-last 1_1\"  style='margin-top:0px;margin-bottom:20px;'>\n\t\t\t<div class=\"fusion-column-wrapper\"  style=\"padding: 0px 0px 0px 0px;background-position:left top;background-repeat:no-repeat;-webkit-background-size:cover;-moz-background-size:cover;-o-background-size:cover;background-size:cover;\"  data-bg-url=\"\">\n\t\t\t\t<div class=\"imageframe-align-center\"><span class=\"fusion-imageframe imageframe-none imageframe-1 hover-type-none\"><img loading=\"lazy\" decoding=\"async\" src=\"https:\/\/www.cajacgv.com.mx\/wp-content\/uploads\/2026\/03\/Banner-Web_Mejoragua_2026_1920x605.jpg\" width=\"1920\" height=\"605\" alt=\"hazlo-tuyo cgv\" title=\"Banner Web_Mejoragua_2026_1920x605\" class=\"img-responsive wp-image-17843\" srcset=\"https:\/\/www.cajacgv.com.mx\/wp-content\/uploads\/2026\/03\/Banner-Web_Mejoragua_2026_1920x605-200x63.jpg 200w, https:\/\/www.cajacgv.com.mx\/wp-content\/uploads\/2026\/03\/Banner-Web_Mejoragua_2026_1920x605-400x126.jpg 400w, https:\/\/www.cajacgv.com.mx\/wp-content\/uploads\/2026\/03\/Banner-Web_Mejoragua_2026_1920x605-600x189.jpg 600w, https:\/\/www.cajacgv.com.mx\/wp-content\/uploads\/2026\/03\/Banner-Web_Mejoragua_2026_1920x605-800x252.jpg 800w, https:\/\/www.cajacgv.com.mx\/wp-content\/uploads\/2026\/03\/Banner-Web_Mejoragua_2026_1920x605-1200x378.jpg 1200w, https:\/\/www.cajacgv.com.mx\/wp-content\/uploads\/2026\/03\/Banner-Web_Mejoragua_2026_1920x605.jpg 1920w\" sizes=\"auto, (max-width: 800px) 100vw, 1100px\" \/><\/span><\/div><style>\n#main{\n  background: url() top;\n  background-position: center center;\t  \n  background-repeat: no-repeat;\n  background-attachment: fixed;\n  background-size: cover;\n  font-family: \"Montserrat\", sans-serif;\n}\n.text_form{\n  font-family: \"Montserrat\", sans-serif;\n  font-size: 18px;\n  color: #fff;\n}\n.text_dt_reg{\n  font-family: \"Montserrat\", sans-serif;\n  font-size: 18px;\n  text-align: left; \n  line-height: 1.5;\n  top: 10px;\n}\n.aux-contact-form textarea, #commentform textarea, .c_form textarea, .wpcf7 textarea {\n    min-height: 240px;\n    height: auto;\n    max-width: 100%;\n    color: #242121;\n}\n#comment-input input, .wpcf7-form .wpcf7-text, input[type=\"email\"], input[type=\"text\"] {\n    height: 35px;\n    padding-top: 0;\n    padding-bottom: 0;\n    color: #242121;\n}\ninput[type=\"file\"], input[type=\"email\"], input[type=\"tel\"], input[type=\"password\"], input[type=\"text\"], textarea {\n    -webkit-appearance: none;\n    -webkit-border-radius: 10px;\n}\ninput[type=checkbox]{\nfont-family: \"Montserrat\", sans-serif;\n  font-size: 15px;\n  \/* Doble-tama\u00f1o Checkboxes *\/\n  -ms-transform: scale(1.5); \/* IE *\/\n  -moz-transform: scale(1.5); \/* FF *\/\n  -webkit-transform: scale(1.5); \/* Safari y Chrome *\/\n  -o-transform: scale(1.5); \/* Opera *\/\n}\n.button-blue {\n    background: #2a463f !important;\n}\n.fusion-checklist .fusion-li-item-content, ul.fusion-checklist .fusion-li-item-content {\n  color: var(--awb-textcolor);\n  margin-inline-start: var(--awb-content-margin);\n}\n.fusion-tabs .tab-pane {\n    padding: 40px;\n}\n<\/style><div class=\"fusion-clearfix\"><\/div>\n\t\t\t<\/div>\n\t\t<\/div><\/div><\/div><div  class=\"fusion-fullwidth fullwidth-box nonhundred-percent-fullwidth\"  style='background-color: rgba(255,255,255,0);background-position: center center;background-repeat: no-repeat;padding-top:20px;padding-right:0px;padding-bottom:20px;padding-left:0px;'><div class=\"fusion-builder-row fusion-row \"><div  class=\"fusion-layout-column fusion_builder_column fusion_builder_column_1_1  fusion-one-full fusion-column-first fusion-column-last 1_1\"  style='margin-top:0px;margin-bottom:20px;'>\n\t\t\t<div class=\"fusion-column-wrapper\"  style=\"background-position:left top;background-repeat:no-repeat;-webkit-background-size:cover;-moz-background-size:cover;-o-background-size:cover;background-size:cover;\"  data-bg-url=\"\">\n\t\t\t\t<h2><strong>TU PR\u00c9STAMO MEJORAGUA TE PUEDE HACER GANAR<\/strong><\/h2>\n<div class=\"share-box fusion-sharing-box boxed-icons\" style=\"background-color:#ffff;\" data-title=\"Avada WordPress Theme\" data-description=\"Avada has been the #1 selling theme for more than 3 years, making it the most trusted and complete WordPress theme on the market. \" data-link=\"http:\/\/bit.ly\/2l3jd8A\">\n  <h2><strong>\u00bfC\u00f3mo participo?<\/strong><\/h2>\n  <div class=\"fusion-column-wrapper fusion-flex-justify-content-flex-start fusion-content-layout-column\"><!-- Inicio lista-->\n    <ul style=\"--awb-size:20px;--awb-item-padding-top:16px;--awb-item-padding-right:16px;--awb-item-padding-bottom:16px;--awb-item-padding-left:16px;--awb-iconcolor:#f22972;--awb-textcolor:#1f2024;--awb-line-height:34px;--awb-icon-width:34px;--awb-icon-height:34px;--awb-icon-margin:14px;--awb-content-margin:48px;\"\n      class=\"fusion-checklist fusion-checklist-3 type-icons\">\n      <li class=\"fusion-li-item\" style=\"\"><span class=\"icon-wrapper circle-no\"><i class=\"fusion-li-icon fas\" aria-hidden=\"true\" style=\"color:#808080;\">1. <\/i><\/span>\n        <div class=\"fusion-li-item-content\">Ser socio CGV.<\/div>\n      <\/li>\n      <li class=\"fusion-li-item\" style=\"\"><span class=\"icon-wrapper circle-no\"><i class=\"fusion-li-icon fas\" aria-hidden=\"true\" style=\"color:#808080;\">2. <\/i><\/span>\n        <div class=\"fusion-li-item-content\">Solicitar tu Pr\u00e9stamo Mejoragua en cualquiera de nuestras 41 sucursales.<\/div>\n      <\/li>\n      <li class=\"fusion-li-item\" style=\"\"><span class=\"icon-wrapper circle-no\"><i class=\"fusion-li-icon fas\" aria-hidden=\"true\" style=\"color:#808080;\">3. <\/i><\/span>\n        <div class=\"fusion-li-item-content\">Si tu pr\u00e9stamo es aprobado y entregado, \u00a1Listo! ya est\u00e1s participando.<\/div>\n      <\/li>\n      <li class=\"fusion-li-item\" style=\"\"><span class=\"icon-wrapper circle-no\"><i class=\"fusion-li-icon fas\" aria-hidden=\"true\" style=\"color:#808080;\">4. <\/i><\/span>\n        <div class=\"fusion-li-item-content\">Espera al sorteo trimestral para saber si fuiste unos de los ganadores.<\/div>\n      <\/li>\n    <\/ul>\n  <\/div><!-- End lista-->\n\n  <h2><strong>T\u00c9RMINOS Y CONDICIONES<\/strong><\/h2>\n  <div class=\"fusion-column-wrapper fusion-flex-justify-content-flex-start fusion-content-layout-column\"><!-- Inicio lista-->\n    <ul style=\"--awb-size:20px;--awb-item-padding-top:16px;--awb-item-padding-right:16px;--awb-item-padding-bottom:16px;--awb-item-padding-left:16px;--awb-iconcolor:#f22972;--awb-textcolor:#1f2024;--awb-line-height:34px;--awb-icon-width:34px;--awb-icon-height:34px;--awb-icon-margin:14px;--awb-content-margin:48px;\"\n      class=\"fusion-checklist fusion-checklist-3 type-icons\">\n      <li class=\"fusion-li-item\" style=\"\"><span class=\"icon-wrapper circle-no\"><i class=\"fusion-li-icon fa fa-circle fas\" aria-hidden=\"true\" style=\"color:#808080;\"><\/i><\/span>\n        <div class=\"fusion-li-item-content\">Promoci\u00f3n v\u00e1lida \u00fanicamente para Socios CGV.<\/div>\n      <\/li>\n      <li class=\"fusion-li-item\" style=\"\"><span class=\"icon-wrapper circle-no\"><i class=\"fusion-li-icon fa fa-circle fas\" aria-hidden=\"true\" style=\"color:#808080;\"><\/i><\/span>\n        <div class=\"fusion-li-item-content\">No participan ahorradores menores.<\/div>\n      <\/li>\n      <li class=\"fusion-li-item\" style=\"\"><span class=\"icon-wrapper circle-no\"><i class=\"fusion-li-icon fa fa-circle fas\" aria-hidden=\"true\" style=\"color:#808080;\"><\/i><\/span>\n        <div class=\"fusion-li-item-content\">Vigencia de la promoci\u00f3n del 01 de enero al 30 de junio del 2026.<\/div>\n      <\/li>\n      <li class=\"fusion-li-item\" style=\"\"><span class=\"icon-wrapper circle-no\"><i class=\"fusion-li-icon fa fa-circle fas\" aria-hidden=\"true\" style=\"color:#808080;\"><\/i><\/span>\n        <div class=\"fusion-li-item-content\">Sujeto a una participaci\u00f3n por socio.<\/div>\n      <\/li>\n      <li class=\"fusion-li-item\" style=\"\"><span class=\"icon-wrapper circle-no\"><i class=\"fusion-li-icon fa fa-circle fas\" aria-hidden=\"true\" style=\"color:#808080;\"><\/i><\/span>\n        <div class=\"fusion-li-item-content\">Los ganadores ser\u00e1n seleccionados de manera aleatoria en nuestra p\u00e1gina oficial de Facebook <a href=\"https:\/\/www.facebook.com\/CajaCGV\/\" target=\"_blank\">@CajaCGV<\/a> por medio de la plataforma App Sorteos.<\/div>\n      <\/li>\n      <li class=\"fusion-li-item\" style=\"\"><span class=\"icon-wrapper circle-no\"><i class=\"fusion-li-icon fa fa-circle fas\" aria-hidden=\"true\" style=\"color:#808080;\"><\/i><\/span>\n        <div class=\"fusion-li-item-content\">El Socio CGV solo podr\u00e1 participar por un lugar en el sorteo y con un solo cr\u00e9dito.<\/div>\n      <\/li>\n      <li class=\"fusion-li-item\" style=\"\"><span class=\"icon-wrapper circle-no\"><i class=\"fusion-li-icon fa fa-circle fas\" aria-hidden=\"true\" style=\"color:#808080;\"><\/i><\/span>\n        <div class=\"fusion-li-item-content\">El socio solo podr\u00e1 entrar al sorteo del periodo\/ trimestre en el que haya tramitado su pr\u00e9stamo.<\/div>\n      <\/li>\n      <li class=\"fusion-li-item\" style=\"\"><span class=\"icon-wrapper circle-no\"><i class=\"fusion-li-icon fa fa-circle fas\" aria-hidden=\"true\" style=\"color:#808080;\"><\/i><\/span>\n        <div class=\"fusion-li-item-content\">Para participar el socio deber\u00e1 tener su Pr\u00e9stamo Mejoragua APROBADO y ENTREGADO y deber\u00e1 cumplir con las siguientes condiciones:\n          <ul>\n            <li>Haber solicitado un monto desde $3,000.00<\/li>\n            <li>Estar activo.<\/li>\n            <li>0 d\u00edas de mora.<\/li>\n            <li>Sin firmas activas o en atraso.<\/li>\n            <li>Otros cr\u00e9ditos activos con 0 d\u00edas de mora.<\/li>\n          <\/ul>\n          <p>*En caso de renovaciones de cr\u00e9ditos, aplica solo cuando incrementen en un monto igual o mayor a $10,000 pesos m\u00e1s de lo que tenga en saldo capital del cr\u00e9dito de origen.<\/p>\n        <\/div>\n      <\/li>\n      <li class=\"fusion-li-item\" style=\"\"><span class=\"icon-wrapper circle-no\"><i class=\"fusion-li-icon fa fa-circle fas\" aria-hidden=\"true\" style=\"color:#808080;\"><\/i><\/span>\n        <div class=\"fusion-li-item-content\">La promoci\u00f3n no es valida para reestructuras de cr\u00e9dito.<\/div>\n      <\/li>\n      <li class=\"fusion-li-item\" style=\"\"><span class=\"icon-wrapper circle-no\"><i class=\"fusion-li-icon fa fa-circle fas\" aria-hidden=\"true\" style=\"color:#808080;\"><\/i><\/span>\n        <div class=\"fusion-li-item-content\">Los sorteos se llevar\u00e1n a cabo en los siguientes periodos y de acuerdo a las siguientes fechas:\n          <ul>\n            <li>1er periodo enero - marzo: Sorteo 15 de abril de 2026<\/li>\n            <li>2do periodo abril - junio: Sorteo 15 de junio 2026<\/li>\n          <\/ul>\n        <\/div>\n      <\/li>\n      <li class=\"fusion-li-item\" style=\"\"><span class=\"icon-wrapper circle-no\"><i class=\"fusion-li-icon fa fa-circle fas\" aria-hidden=\"true\" style=\"color:#808080;\"><\/i><\/span>\n        <div class=\"fusion-li-item-content\">Cada periodo\/trimestre se premiar\u00e1 en especie a 2 socios con los siguientes obsequios:\n\t\t\t\t\t<br>Paquete para cuarto de lavado (6 art\u00edculos):\n\t\t\t\t\t<ul>\n\t\t\t\t\t\t<li>1 centro de lavado gas LP 24 kg<\/li>\n\t\t\t\t\t\t<li>1 dispensador de detergente<\/li>\n\t\t\t\t\t\t<li>1 set cesto para ropa sucia<\/li>\n\t\t\t\t\t\t<li>1 set de canastos pl\u00e1sticos<\/li>\n\t\t\t\t\t\t<li>1 letrero decorativo<\/li>\n\t\t\t\t\t\t<li>1 planta artificial decorativa<\/li>\n          <\/ul>\n        <\/div>\n      <\/li>\n      <li class=\"fusion-li-item\" style=\"\"><span class=\"icon-wrapper circle-no\"><i class=\"fusion-li-icon fa fa-circle fas\" aria-hidden=\"true\" style=\"color:#808080;\"><\/i><\/span>\n        <div class=\"fusion-li-item-content\">Las fechas de sorteo y publicaci\u00f3n de resultados est\u00e1n sujetas a cambios sin previo aviso.<\/div>\n      <\/li>\n      <li class=\"fusion-li-item\" style=\"\"><span class=\"icon-wrapper circle-no\"><i class=\"fusion-li-icon fa fa-circle fas\" aria-hidden=\"true\" style=\"color:#808080;\"><\/i><\/span>\n        <div class=\"fusion-li-item-content\">Los premios no incluyen cualquier otro accesorio no descrito. Ni la instalaci\u00f3n de los mismos.<\/div>\n      <\/li>\n      <li class=\"fusion-li-item\" style=\"\"><span class=\"icon-wrapper circle-no\"><i class=\"fusion-li-icon fa fa-circle fas\" aria-hidden=\"true\" style=\"color:#808080;\"><\/i><\/span>\n        <div class=\"fusion-li-item-content\">Se contactar\u00e1 a los ganadores v\u00eda telef\u00f3nica para dar instrucciones de c\u00f3mo recoger su premio, as\u00ed como la fecha y lugar en que se entregar\u00e1 su premio.<\/div>\n      <\/li>\n      <li class=\"fusion-li-item\" style=\"\"><span class=\"icon-wrapper circle-no\"><i class=\"fusion-li-icon fa fa-circle fas\" aria-hidden=\"true\" style=\"color:#808080;\"><\/i><\/span>\n        <div class=\"fusion-li-item-content\">El socio ganador contar\u00e1 con 1 mes a partir de la fecha en la que se le contacte para reclamar su premio. Pasado ese periodo el obsequio ser\u00e1 asignado al sustituto ganador.<\/div>\n      <\/li>\n      <li class=\"fusion-li-item\" style=\"\"><span class=\"icon-wrapper circle-no\"><i class=\"fusion-li-icon fa fa-circle fas\" aria-hidden=\"true\" style=\"color:#808080;\"><\/i><\/span>\n        <div class=\"fusion-li-item-content\">El premio no es transferible y no equivale a dinero en efectivo.<\/div>\n      <\/li>\n      <li class=\"fusion-li-item\" style=\"\"><span class=\"icon-wrapper circle-no\"><i class=\"fusion-li-icon fa fa-circle fas\" aria-hidden=\"true\" style=\"color:#808080;\"><\/i><\/span>\n        <div class=\"fusion-li-item-content\">No participan colaboradores ni proveedores de CGV.<\/div>\n      <\/li>\n    <\/ul>\n    <p>Consulta m\u00e1s informaci\u00f3n sobre Pr\u00e9stamo MEJORAGUA <a href=\"https:\/\/www.cajacgv.com.mx\/index.php\/prestamo-mejoragua\/\" target=\"_blank\">AQU\u00cd<\/a><\/p>\n  <\/div><!-- End lista-->\n<\/div><div class=\"share-box fusion-sharing-box boxed-icons\" style=\"background-color:#ffffff;\" data-title=\"Avada WordPress Theme\" data-description=\"Avada has been the #1 selling theme for more than 3 years, making it the most trusted and complete WordPress theme on the market. \" data-link=\"http:\/\/bit.ly\/2l3jd8A\">\n\t<h4 class=\"tagline fusion-responsive-typography-calculated\" style=\"color: rgb(59, 59, 59); --fontSize:24; line-height: 1.3; --minFontSize:24;\" data-fontsize=\"24\" data-lineheight=\"31.2px\">\u00a1S\u00edguenos en redes sociales y mantente al pendiente de esta y otras promociones!<\/h4>\n\t<div class=\"fusion-social-networks boxed-icons\">\n\t\t<a class=\"fusion-social-network-icon fusion-tooltip fusion-facebook fusion-icon-facebook\" href=\"https:\/\/www.facebook.com\/CajaCGV\/\" target=\"_blank\" rel=\"nofollow\" style=\"color:#ffffff;background-color:#3b5998;border-color:#3b5998;border-radius:5px;\" data-placement=\"top\" data-title=\"Facebook\" title=\"\" aria-label=\"Facebook\" data-toggle=\"tooltip\" data-original-title=\"Facebook\"><\/a>\n\t<\/div>\n<\/div><div class=\"fusion-sep-clear\"><\/div><div class=\"fusion-separator fusion-full-width-sep sep-none\" style=\"margin-left: auto;margin-right: auto;margin-top:80px;\" id=\"mecanica\"><\/div><div class=\"fusion-clearfix\"><\/div>\n\t\t\t<\/div>\n\t\t<\/div><\/div><\/div><\/p>\n","protected":false},"excerpt":{"rendered":"","protected":false},"author":1,"featured_media":0,"parent":0,"menu_order":0,"comment_status":"closed","ping_status":"closed","template":"100-width.php","meta":{"footnotes":""},"class_list":["post-17840","page","type-page","status-publish","hentry"],"_links":{"self":[{"href":"https:\/\/www.cajacgv.com.mx\/index.php\/wp-json\/wp\/v2\/pages\/17840","targetHints":{"allow":["GET"]}}],"collection":[{"href":"https:\/\/www.cajacgv.com.mx\/index.php\/wp-json\/wp\/v2\/pages"}],"about":[{"href":"https:\/\/www.cajacgv.com.mx\/index.php\/wp-json\/wp\/v2\/types\/page"}],"author":[{"embeddable":true,"href":"https:\/\/www.cajacgv.com.mx\/index.php\/wp-json\/wp\/v2\/users\/1"}],"replies":[{"embeddable":true,"href":"https:\/\/www.cajacgv.com.mx\/index.php\/wp-json\/wp\/v2\/comments?post=17840"}],"version-history":[{"count":5,"href":"https:\/\/www.cajacgv.com.mx\/index.php\/wp-json\/wp\/v2\/pages\/17840\/revisions"}],"predecessor-version":[{"id":17847,"href":"https:\/\/www.cajacgv.com.mx\/index.php\/wp-json\/wp\/v2\/pages\/17840\/revisions\/17847"}],"wp:attachment":[{"href":"https:\/\/www.cajacgv.com.mx\/index.php\/wp-json\/wp\/v2\/media?parent=17840"}],"curies":[{"name":"wp","href":"https:\/\/api.w.org\/{rel}","templated":true}]}}