{"id":17944,"date":"2026-05-05T17:03:24","date_gmt":"2026-05-05T23:03:24","guid":{"rendered":"https:\/\/www.cajacgv.com.mx\/?page_id=17944"},"modified":"2026-05-07T18:16:54","modified_gmt":"2026-05-08T00:16:54","slug":"tsu-cgv","status":"publish","type":"page","link":"https:\/\/www.cajacgv.com.mx\/index.php\/tsu-cgv\/","title":{"rendered":"TSU CGV"},"content":{"rendered":"<p><div  class=\"fusion-fullwidth fullwidth-box hundred-percent-fullwidth\"  style='background-color: rgba(255,255,255,0);background-position: center center;background-repeat: no-repeat;padding-top:20px;padding-right:-30px;padding-bottom:20px;padding-left:-30px;margin-top: -75px;'><div class=\"fusion-builder-row fusion-row \"><div  class=\"fusion-layout-column fusion_builder_column fusion_builder_column_1_1  fusion-one-full fusion-column-first fusion-column-last 1_1\"  style='margin-top:0px;margin-bottom:20px;'>\n\t\t\t<div class=\"fusion-column-wrapper\"  style=\"background-position:left top;background-repeat:no-repeat;-webkit-background-size:cover;-moz-background-size:cover;-o-background-size:cover;background-size:cover;\"  data-bg-url=\"\">\n\t\t\t\t<div class=\"imageframe-align-center\"><span class=\"fusion-imageframe imageframe-none imageframe-1 hover-type-none\"><img loading=\"lazy\" decoding=\"async\" src=\"https:\/\/www.cajacgv.com.mx\/wp-content\/uploads\/2026\/05\/banner_landing_carreraTSU_1920x650px.jpg\" width=\"1920\" height=\"605\" alt=\"promocion cgv\" title=\"banner_landing_carreraTSU_1920x650px\" class=\"img-responsive wp-image-17948\" srcset=\"https:\/\/www.cajacgv.com.mx\/wp-content\/uploads\/2026\/05\/banner_landing_carreraTSU_1920x650px-200x63.jpg 200w, https:\/\/www.cajacgv.com.mx\/wp-content\/uploads\/2026\/05\/banner_landing_carreraTSU_1920x650px-400x126.jpg 400w, https:\/\/www.cajacgv.com.mx\/wp-content\/uploads\/2026\/05\/banner_landing_carreraTSU_1920x650px-600x189.jpg 600w, https:\/\/www.cajacgv.com.mx\/wp-content\/uploads\/2026\/05\/banner_landing_carreraTSU_1920x650px-800x252.jpg 800w, https:\/\/www.cajacgv.com.mx\/wp-content\/uploads\/2026\/05\/banner_landing_carreraTSU_1920x650px-1200x378.jpg 1200w, https:\/\/www.cajacgv.com.mx\/wp-content\/uploads\/2026\/05\/banner_landing_carreraTSU_1920x650px.jpg 1920w\" sizes=\"auto, (max-width: 800px) 100vw, 1100px\" \/><\/span><\/div><div class=\"fusion-clearfix\"><\/div>\n\t\t\t<\/div>\n\t\t<\/div><\/div><\/div><div  class=\"fusion-fullwidth fullwidth-box nonhundred-percent-fullwidth\"  style='background-color: rgba(255,255,255,0);background-position: center center;background-repeat: no-repeat;padding-top:20px;padding-right:0px;padding-bottom:20px;padding-left:0px;'><div class=\"fusion-builder-row fusion-row \"><div  class=\"fusion-layout-column fusion_builder_column fusion_builder_column_1_1  fusion-one-full fusion-column-first fusion-column-last 1_1\"  style='margin-top:0px;margin-bottom:20px;'>\n\t\t\t<div class=\"fusion-column-wrapper\"  style=\"background-position:left top;background-repeat:no-repeat;-webkit-background-size:cover;-moz-background-size:cover;-o-background-size:cover;background-size:cover;\"  data-bg-url=\"\">\n\t\t\t\t<div class=\"fusion-title title sep-underline sep-solid fusion-title-center fusion-title-size-one\" style=\"border-bottom-color:#612314;margin-top:0px;margin-bottom:31px;\"><h1 class=\"title-heading-center\">\u00a1Estudia el TSU en Asesor Financiero en el sistema de educaci\u00f3n dual con CGV!<\/h1><\/div><p data-start=\"0\" data-end=\"274\">Con el prop\u00f3sito de fortalecer la formaci\u00f3n y el desarrollo de personas interesadas en el \u00e1mbito financiero y cooperativo en M\u00e9xico, nace la alianza estrat\u00e9gica entre CGV y DSIK, basada en el modelo de formaci\u00f3n dual de Alemania y adaptada al contexto mexicano.<\/p>\n<p data-start=\"276\" data-end=\"720\" data-is-last-node=\"\" data-is-only-node=\"\">Esta iniciativa brinda a los j\u00f3venes la oportunidad de combinar su preparaci\u00f3n acad\u00e9mica con experiencia pr\u00e1ctica, fortaleciendo tanto su crecimiento personal como profesional. A trav\u00e9s de este modelo internacional y con el respaldo de CGV, los participantes podr\u00e1n desarrollar habilidades, adquirir experiencia real y prepararse para convertirse en los futuros colaboradores que contribuir\u00e1n al crecimiento y fortalecimiento de la cooperativa.<\/p>\n<p><strong><i>\u00danete al sector financiero cooperativo de M\u00e9xico y asegura tu futuro profesional.<\/i><\/strong><\/p>\n<ul>\n<li>Carrera reconocida por la Secretar\u00eda de Educaci\u00f3n P\u00fablica con doble certificaci\u00f3n (T\u00e9cnico Superior Universitario y Est\u00e1ndar de Competencia 1253 de CONOCER).<\/li>\n<li>Aprendizaje en fases de teor\u00eda y pr\u00e1ctica.<\/li>\n<li>Experiencia laboral temprana y rotaci\u00f3n en diferentes \u00e1reas de Caja CGV.<\/li>\n<li>Alta probabilidad de contrataci\u00f3n despu\u00e9s de culminar la carrera con \u00e9xito.<\/li>\n<li><strong data-start=\"186\" data-end=\"209\">Horario de estudio:<\/strong> De lunes a viernes, en un horario de 9:00 a.m. a 4:30 p.m.<\/li>\n<li>Por preparaci\u00f3n y compromiso se obtiene una ayuda econ\u00f3mica por parte de la empresa formadora.<\/li>\n<\/ul>\n<div class=\"fusion-clearfix\"><\/div>\n\t\t\t<\/div>\n\t\t<\/div><\/div><\/div><div  class=\"fusion-fullwidth fullwidth-box nonhundred-percent-fullwidth\"  style='background-color: rgba(255,255,255,0);background-position: center center;background-repeat: no-repeat;padding-top:20px;padding-right:0px;padding-bottom:20px;padding-left:0px;'><div class=\"fusion-builder-row fusion-row \"><div  class=\"fusion-layout-column fusion_builder_column fusion_builder_column_1_3  fusion-one-third fusion-column-first 1_3\"  style='margin-top:0px;margin-bottom:20px;width:33.33%;width:calc(33.33% - ( ( 4% + 4% ) * 0.3333 ) );margin-right: 4%;'>\n\t\t\t<div class=\"fusion-column-wrapper\"  style=\"background-color:#ffff;padding: 20px;background-position:left top;background-repeat:no-repeat;-webkit-background-size:cover;-moz-background-size:cover;-o-background-size:cover;background-size:cover;\"  data-bg-url=\"\">\n\t\t\t\t<h2 style=\"text-align: center;\">PERFIL DE INGRESO:<\/h2>\n<ul>\n<li>Edad entre 18 y 29 a\u00f1os.<\/li>\n<li>Certi\ufb01cado de Educaci\u00f3n Media Superior (bachillerato)<\/li>\n<li>Honestidad y asertividad.<\/li>\n<li>Responsabilidad y actitud de servicio.<\/li>\n<\/ul>\n<div class=\"fusion-sep-clear\"><\/div><div class=\"fusion-separator fusion-full-width-sep sep-none\" style=\"margin-left: auto;margin-right: auto;margin-top:20px;\"><\/div><div class=\"fusion-clearfix\"><\/div>\n\t\t\t<\/div>\n\t\t<\/div><div  class=\"fusion-layout-column fusion_builder_column fusion_builder_column_1_3  fusion-one-third 1_3\"  style='margin-top:0px;margin-bottom:20px;width:33.33%;width:calc(33.33% - ( ( 4% + 4% ) * 0.3333 ) );margin-right: 4%;'>\n\t\t\t<div class=\"fusion-column-wrapper\"  style=\"background-color:#ffff;padding: 20px;background-position:left top;background-repeat:no-repeat;-webkit-background-size:cover;-moz-background-size:cover;-o-background-size:cover;background-size:cover;\"  data-bg-url=\"\">\n\t\t\t\t<h2 style=\"text-align: center;\">PERFIL DE EGRESO:<\/h2>\n<ul>\n<li>Asesoramiento para socios y socias con s\u00f3lidos fundamentos t\u00e9cnicos, garantizando e\ufb01ciencia, e\ufb01cacia y calidad en la toma de decisiones sobre sus necesidades \ufb01nancieras.<\/li>\n<li>Contribuci\u00f3n en la gesti\u00f3n efectiva de \u00e1reas y unidades de negocio de las Sociedades Cooperativas de Ahorro y Pr\u00e9stamo (SOCAP) mediante la formulaci\u00f3n de propuestas de mejora.<\/li>\n<\/ul>\n<div class=\"fusion-sep-clear\"><\/div><div class=\"fusion-separator fusion-full-width-sep sep-none\" style=\"margin-left: auto;margin-right: auto;margin-top:20px;\"><\/div><div class=\"fusion-clearfix\"><\/div>\n\t\t\t<\/div>\n\t\t<\/div><div  class=\"fusion-layout-column fusion_builder_column fusion_builder_column_1_3  fusion-one-third fusion-column-last 1_3\"  style='margin-top:0px;margin-bottom:20px;width:33.33%;width:calc(33.33% - ( ( 4% + 4% ) * 0.3333 ) );'>\n\t\t\t<div class=\"fusion-column-wrapper\"  style=\"background-color:#ffff;padding: 20px;background-position:left top;background-repeat:no-repeat;-webkit-background-size:cover;-moz-background-size:cover;-o-background-size:cover;background-size:cover;\"  data-bg-url=\"\">\n\t\t\t\t<h2 style=\"text-align: center;\">CAMPO DE ACCI\u00d3N:<\/h2>\n<p>Mandos medios y personal t\u00e9cnico:<\/p>\n<ul>\n<li>Asesoras y asesores \ufb01nancieros integrales.<\/li>\n<li>Ejecutivas y ejecutivos de cuentas.<\/li>\n<li>Ejecutivas y ejecutivos de captaci\u00f3n\/ colocaci\u00f3n.<\/li>\n<li>Ejecutivas y ejecutivos de negocios.<\/li>\n<li>Asesoras\/es, ejecutivas\/os de cr\u00e9ditos.<\/li>\n<li>Profesionales en cargos de contacto directo con las y los socios de las cooperativas\u00a0 o\u00a0 clientela\u00a0 de\u00a0 las instituciones \ufb01nancieras.<\/li>\n<li>Cajeras, cajeros, experta, experto en servicios financieros<\/li>\n<\/ul>\n<div class=\"fusion-sep-clear\"><\/div><div class=\"fusion-separator fusion-full-width-sep sep-none\" style=\"margin-left: auto;margin-right: auto;margin-top:20px;\"><\/div><div class=\"fusion-clearfix\"><\/div>\n\t\t\t<\/div>\n\t\t<\/div><div  class=\"fusion-layout-column fusion_builder_column fusion_builder_column_1_1  fusion-one-full fusion-column-first fusion-column-last 1_1\"  style='margin-top:0px;margin-bottom:20px;'>\n\t\t\t<div class=\"fusion-column-wrapper\"  style=\"background-color:#ffff;padding: 20px;background-position:left top;background-repeat:no-repeat;-webkit-background-size:cover;-moz-background-size:cover;-o-background-size:cover;background-size:cover;\"  data-bg-url=\"\">\n\t\t\t\t<div class=\"fusion-layout-column align-center fusion_builder_column_inner\">\n  <div class=\"fusion-column-wrapper fusion-flex-justify-content-center fusion-content-layout-column\" style=\"background-position:left top;background-repeat:no-repeat;-webkit-background-size:cover;-moz-background-size:cover;-o-background-size:cover;background-size:cover;padding: 0px 0px 0px 0px;\">\n    <div><span class=\" fusion-imageframe imageframe-none imageframe-5 hover-type-none img-product\"><img decoding=\"async\" title=\"nested-column-designed-montage\" src=\"https:\/\/www.cajacgv.com.mx\/wp-content\/uploads\/2026\/05\/banner_plan_estudios_1920x650px.jpg\" sizes=\"(max-width: 800px) 100vw, 1100px\" width=\"100%\" height=\"\"><\/span><\/div>\n  <\/div>\n  <style type=\"text\/css\">\n    .fusion-body .fusion-builder-nested-column-3{width:33.3333333333% !important;margin-top : 20px;margin-bottom : 20px;}.fusion-builder-nested-column-4 > .fusion-column-wrapper {padding-top : 0px !important;padding-right : 18px !important;margin-right : 5.76%;padding-bottom : 0px !important;padding-left : 18px !important;margin-left : 2.88%;}@media only screen and (max-width:1024px) {.fusion-body .fusion-builder-nested-column-4{width:100% !important;}.fusion-builder-nested-column-4 > .fusion-column-wrapper {margin-right : 1.92%;margin-left : 1.92%;}}@media only screen and (max-width:640px) {.fusion-body .fusion-builder-nested-column-4{width:100% !important;}.fusion-builder-nested-column-4 > .fusion-column-wrapper {margin-right : 1.92%;margin-left : 1.92%;}}\n  <\/style>\n<\/div><div class=\"fusion-sep-clear\"><\/div><div class=\"fusion-separator fusion-full-width-sep sep-none\" style=\"margin-left: auto;margin-right: auto;margin-top:20px;\"><\/div><div class=\"fusion-clearfix\"><\/div>\n\t\t\t<\/div>\n\t\t<\/div><\/div><\/div><div  class=\"fusion-fullwidth fullwidth-box nonhundred-percent-fullwidth\"  style='background-color: rgba(255,255,255,0);background-position: center center;background-repeat: no-repeat;padding-top:20px;padding-right:0px;padding-bottom:20px;padding-left:0px;'><div class=\"fusion-builder-row fusion-row \"><div  class=\"fusion-layout-column fusion_builder_column fusion_builder_column_1_1  fusion-one-full fusion-column-first fusion-column-last 1_1\"  style='margin-top:0px;margin-bottom:20px;'>\n\t\t\t<div class=\"fusion-column-wrapper\"  style=\"background-color:#ffff;padding: 20px;background-position:left top;background-repeat:no-repeat;-webkit-background-size:cover;-moz-background-size:cover;-o-background-size:cover;background-size:cover;\"  data-bg-url=\"\">\n\t\t\t\t<h1 class=\"title-heading-center\" data-fontsize=\"34\" data-lineheight=\"47\">\u00bfTe interesa estudiar el TSU en Asesor Financiero con Caja CGV?<\/h1>\n<div class=\"fusion-sep-clear\"><\/div><div class=\"fusion-separator fusion-full-width-sep sep-none\" style=\"margin-left: auto;margin-right: auto;margin-top:20px;\"><\/div><div class=\"fusion-layout-column align-center fusion_builder_column_inner\">\n  <div class=\"fusion-column-wrapper fusion-flex-justify-content-center fusion-content-layout-column\" style=\"background-position:left top;background-repeat:no-repeat;-webkit-background-size:cover;-moz-background-size:cover;-o-background-size:cover;background-size:cover;padding: 0px 0px 0px 0px;\">\n    <div><a href=\"https:\/\/es.surveymonkey.com\/r\/CNK99G8\n\" target=\"_blank\"><span class=\" fusion-imageframe imageframe-none imageframe-5 hover-type-none img-product\"><img decoding=\"async\" title=\"nested-column-designed-montage\" src=\"https:\/\/www.cajacgv.com.mx\/wp-content\/uploads\/2026\/05\/banner_registro_carreraTSU_1920x650px.png\" sizes=\"(max-width: 800px) 100vw, 1100px\" width=\"100%\" height=\"\"><\/span><\/a><\/div>\n  <\/div>\n  <style type=\"text\/css\">\n    .fusion-body .fusion-builder-nested-column-3{width:33.3333333333% !important;margin-top : 20px;margin-bottom : 20px;}.fusion-builder-nested-column-4 > .fusion-column-wrapper {padding-top : 0px !important;padding-right : 18px !important;margin-right : 5.76%;padding-bottom : 0px !important;padding-left : 18px !important;margin-left : 2.88%;}@media only screen and (max-width:1024px) {.fusion-body .fusion-builder-nested-column-4{width:100% !important;}.fusion-builder-nested-column-4 > .fusion-column-wrapper {margin-right : 1.92%;margin-left : 1.92%;}}@media only screen and (max-width:640px) {.fusion-body .fusion-builder-nested-column-4{width:100% !important;}.fusion-builder-nested-column-4 > .fusion-column-wrapper {margin-right : 1.92%;margin-left : 1.92%;}}\n  <\/style>\n<\/div><div class=\"fusion-clearfix\"><\/div>\n\t\t\t<\/div>\n\t\t<\/div><\/div><\/div><\/p>\n","protected":false},"excerpt":{"rendered":"","protected":false},"author":1,"featured_media":0,"parent":0,"menu_order":0,"comment_status":"closed","ping_status":"closed","template":"100-width.php","meta":{"footnotes":""},"class_list":["post-17944","page","type-page","status-publish","hentry"],"_links":{"self":[{"href":"https:\/\/www.cajacgv.com.mx\/index.php\/wp-json\/wp\/v2\/pages\/17944","targetHints":{"allow":["GET"]}}],"collection":[{"href":"https:\/\/www.cajacgv.com.mx\/index.php\/wp-json\/wp\/v2\/pages"}],"about":[{"href":"https:\/\/www.cajacgv.com.mx\/index.php\/wp-json\/wp\/v2\/types\/page"}],"author":[{"embeddable":true,"href":"https:\/\/www.cajacgv.com.mx\/index.php\/wp-json\/wp\/v2\/users\/1"}],"replies":[{"embeddable":true,"href":"https:\/\/www.cajacgv.com.mx\/index.php\/wp-json\/wp\/v2\/comments?post=17944"}],"version-history":[{"count":15,"href":"https:\/\/www.cajacgv.com.mx\/index.php\/wp-json\/wp\/v2\/pages\/17944\/revisions"}],"predecessor-version":[{"id":17993,"href":"https:\/\/www.cajacgv.com.mx\/index.php\/wp-json\/wp\/v2\/pages\/17944\/revisions\/17993"}],"wp:attachment":[{"href":"https:\/\/www.cajacgv.com.mx\/index.php\/wp-json\/wp\/v2\/media?parent=17944"}],"curies":[{"name":"wp","href":"https:\/\/api.w.org\/{rel}","templated":true}]}}