{"id":3601,"date":"2018-09-19T11:33:55","date_gmt":"2018-09-19T17:33:55","guid":{"rendered":"http:\/\/www.cajacgv.com.mx\/?page_id=3601"},"modified":"2019-11-21T09:31:20","modified_gmt":"2019-11-21T15:31:20","slug":"fondo-de-proteccion","status":"publish","type":"page","link":"https:\/\/www.cajacgv.com.mx\/index.php\/fondo-de-proteccion\/","title":{"rendered":"FONDO DE PROTECCI\u00d3N"},"content":{"rendered":"<p><div  class=\"fusion-fullwidth fullwidth-box hundred-percent-fullwidth\"  style='background-color: rgba(255,255,255,0);background-position: center center;background-repeat: no-repeat;padding-top:0px;padding-right:0px;padding-bottom:0px;padding-left:0px;margin-top: -60px;'><div class=\"fusion-builder-row fusion-row \"><div  class=\"fusion-layout-column fusion_builder_column fusion_builder_column_1_1  fusion-one-full fusion-column-first fusion-column-last 1_1\"  style='margin-top:0px;margin-bottom:20px;'>\n\t\t\t<div class=\"fusion-column-wrapper\"  style=\"padding: 0px 0px 0px 0px;background-position:left top;background-repeat:no-repeat;-webkit-background-size:cover;-moz-background-size:cover;-o-background-size:cover;background-size:cover;\"  data-bg-url=\"\">\n\t\t\t\t<div class=\"imageframe-align-center\"><span class=\"fusion-imageframe imageframe-none imageframe-1 hover-type-none\"><img decoding=\"async\" src=\"https:\/\/www.cajacgv.com.mx\/\/wp-content\/uploads\/2017\/11\/avisos-cgv.jpg\" width=\"\" height=\"\" alt=\"fondo cgv\" title=\"\" class=\"img-responsive\"\/><\/span><\/div><div class=\"fusion-clearfix\"><\/div>\n\t\t\t<\/div>\n\t\t<\/div><\/div><\/div><div  class=\"fusion-fullwidth fullwidth-box nonhundred-percent-fullwidth\"  style='background-color: rgba(255,255,255,0);background-position: center center;background-repeat: no-repeat;padding-top:20px;padding-right:0px;padding-bottom:20px;padding-left:0px;'><div class=\"fusion-builder-row fusion-row \"><div  class=\"fusion-layout-column fusion_builder_column fusion_builder_column_3_4  fusion-three-fourth fusion-column-first 3_4\"  style='margin-top:0px;margin-bottom:20px;width:75%;width:calc(75% - ( ( 4% ) * 0.75 ) );margin-right: 4%;'>\n\t\t\t<div class=\"fusion-column-wrapper\"  style=\"background-position:left top;background-repeat:no-repeat;-webkit-background-size:cover;-moz-background-size:cover;-o-background-size:cover;background-size:cover;\"  data-bg-url=\"\">\n\t\t\t\t<div class=\"fusion-title title sep-underline sep-solid fusion-title-center fusion-title-size-one\" style=\"border-bottom-color:#b21e26;margin-top:0px;margin-bottom:31px;\"><h1 class=\"title-heading-center\">Fondo de protecci\u00f3n<\/h1><\/div><p>\u201cEl Fondo de Protecci\u00f3n solo garantizar\u00e1, los dep\u00f3sitos de dinero: a la vista, de ahorro, a plazo, retirables en d\u00edas preestablecidos o con previo aviso, hasta por el equivalente a 25 mil UDIS (Unidades de Inversi\u00f3n), por persona f\u00edsica o moral, en caso de que se declare disoluci\u00f3n y liquidaci\u00f3n, o se decrete su concurso mercantil. Dicho Fondo de Protecci\u00f3n, cubrir\u00e1 el principal y accesorios de los dep\u00f3sitos de dinero referidos a la fecha en que se hubiere declarado la disoluci\u00f3n y liquidaci\u00f3n de la Cooperativa, o decretado su concurso mercantil, descontando el saldo insoluto de los pr\u00e9stamos o cr\u00e9ditos con respecto de los cuales sea deudor del ahorrador de que se trate, por lo que para estos efectos dichos pr\u00e9stamos o cr\u00e9ditos vencer\u00e1n de manera anticipada.<\/p>\n<p>El Fondo de Protecci\u00f3n no garantizar\u00e1 las operaciones que no se hayan sujetado a las disposiciones legales, reglamentarias, administrativas, as\u00ed como a las sanas pr\u00e1cticas y usos entre las Sociedades Cooperativas de Ahorro y Pr\u00e9stamo, en las que exista mala fe del titular y las relacionadas con actos u operaciones il\u00edcitas que se ubiquen en los supuestos del Art\u00edculo 400 Bis del C\u00f3digo Penal para el Distrito Federal en Materia de Fuero Com\u00fan y para toda la Rep\u00fablica en Materia de Fuero Federal.\u201d<\/p>\n<div class=\"fusion-clearfix\"><\/div>\n\t\t\t<\/div>\n\t\t<\/div><div  class=\"fusion-layout-column fusion_builder_column fusion_builder_column_1_4  fusion-one-fourth fusion-column-last 1_4\"  style='margin-top:0px;margin-bottom:20px;width:25%;width:calc(25% - ( ( 4% ) * 0.25 ) );'>\n\t\t\t<div class=\"fusion-column-wrapper\"  style=\"background-position:left top;background-repeat:no-repeat;-webkit-background-size:cover;-moz-background-size:cover;-o-background-size:cover;background-size:cover;\"  data-bg-url=\"\">\n\t\t\t\t<div class=\"fusion-widget-area fusion-widget-area-1 fusion-content-widget-area\"><div id=\"block-2\" class=\"fusion-slidingbar-widget-column widget widget_block widget_media_image\"><div class=\"wp-block-image is-style-default\">\n<figure class=\"aligncenter size-full is-resized\"><a href=\"https:\/\/bit.ly\/EducaTuCarteraC\" target=\"_blank\" rel=\" noreferrer noopener\"><img loading=\"lazy\" decoding=\"async\" src=\"https:\/\/www.cajacgv.com.mx\/wp-content\/uploads\/2022\/11\/banner-educa_215X260.png\" alt=\"Educa tu cartera\" class=\"wp-image-14445\" width=\"214\" height=\"258\" srcset=\"https:\/\/www.cajacgv.com.mx\/wp-content\/uploads\/2022\/11\/banner-educa_215X260-200x242.png 200w, https:\/\/www.cajacgv.com.mx\/wp-content\/uploads\/2022\/11\/banner-educa_215X260.png 215w\" sizes=\"auto, (max-width: 214px) 100vw, 214px\" \/><\/a><figcaption class=\"wp-element-caption\"><strong>Si deseas conocer m\u00e1s sobre \"Educa tu Cartera\" , da clic en la imagen.<\/strong><\/figcaption><\/figure>\n<\/div><div style=\"clear:both;\"><\/div><\/div><div class=\"fusion-additional-widget-content\"><\/div><\/div><div class=\"fusion-clearfix\"><\/div>\n\t\t\t<\/div>\n\t\t<\/div><\/div><\/div><\/p>\n","protected":false},"excerpt":{"rendered":"","protected":false},"author":1,"featured_media":0,"parent":0,"menu_order":0,"comment_status":"closed","ping_status":"closed","template":"100-width.php","meta":{"footnotes":""},"class_list":["post-3601","page","type-page","status-publish","hentry"],"_links":{"self":[{"href":"https:\/\/www.cajacgv.com.mx\/index.php\/wp-json\/wp\/v2\/pages\/3601","targetHints":{"allow":["GET"]}}],"collection":[{"href":"https:\/\/www.cajacgv.com.mx\/index.php\/wp-json\/wp\/v2\/pages"}],"about":[{"href":"https:\/\/www.cajacgv.com.mx\/index.php\/wp-json\/wp\/v2\/types\/page"}],"author":[{"embeddable":true,"href":"https:\/\/www.cajacgv.com.mx\/index.php\/wp-json\/wp\/v2\/users\/1"}],"replies":[{"embeddable":true,"href":"https:\/\/www.cajacgv.com.mx\/index.php\/wp-json\/wp\/v2\/comments?post=3601"}],"version-history":[{"count":2,"href":"https:\/\/www.cajacgv.com.mx\/index.php\/wp-json\/wp\/v2\/pages\/3601\/revisions"}],"predecessor-version":[{"id":7428,"href":"https:\/\/www.cajacgv.com.mx\/index.php\/wp-json\/wp\/v2\/pages\/3601\/revisions\/7428"}],"wp:attachment":[{"href":"https:\/\/www.cajacgv.com.mx\/index.php\/wp-json\/wp\/v2\/media?parent=3601"}],"curies":[{"name":"wp","href":"https:\/\/api.w.org\/{rel}","templated":true}]}}