{"id":5039,"date":"2019-03-27T18:32:06","date_gmt":"2019-03-28T00:32:06","guid":{"rendered":"http:\/\/www.cajacgv.com.mx\/?page_id=5039"},"modified":"2026-02-11T17:20:17","modified_gmt":"2026-02-11T23:20:17","slug":"prestamo-vianomina-empresas","status":"publish","type":"page","link":"https:\/\/www.cajacgv.com.mx\/index.php\/prestamo-vianomina-empresas\/","title":{"rendered":"Convenio con Empresas Pr\u00e9stamo V\u00eda N\u00f3mina"},"content":{"rendered":"<p><div  class=\"fusion-fullwidth fullwidth-box hundred-percent-fullwidth\"  style='background-color: rgba(255,255,255,0);background-position: center center;background-repeat: no-repeat;padding-top:0px;padding-right:0px;padding-bottom:0px;padding-left:0px;margin-top: -60px;'><div class=\"fusion-builder-row fusion-row \"><div  class=\"fusion-layout-column fusion_builder_column fusion_builder_column_1_1  fusion-one-full fusion-column-first fusion-column-last 1_1\"  style='margin-top:0px;margin-bottom:20px;'>\n\t\t\t<div class=\"fusion-column-wrapper\"  style=\"padding: 0px 0px 0px 0px;background-position:left top;background-repeat:no-repeat;-webkit-background-size:cover;-moz-background-size:cover;-o-background-size:cover;background-size:cover;\"  data-bg-url=\"\">\n\t\t\t\t<div class=\"imageframe-align-center\"><span class=\"fusion-imageframe imageframe-none imageframe-1 hover-type-none\"><img loading=\"lazy\" decoding=\"async\" src=\"https:\/\/www.cajacgv.com.mx\/wp-content\/uploads\/2022\/02\/BA-SolicitaConvenio-1920x602px.jpg\" width=\"1920\" height=\"602\" alt=\"nomina cgv\" title=\"BA-SolicitaConvenio-1920x602px\" class=\"img-responsive wp-image-13548\" srcset=\"https:\/\/www.cajacgv.com.mx\/wp-content\/uploads\/2022\/02\/BA-SolicitaConvenio-1920x602px-200x63.jpg 200w, https:\/\/www.cajacgv.com.mx\/wp-content\/uploads\/2022\/02\/BA-SolicitaConvenio-1920x602px-400x125.jpg 400w, https:\/\/www.cajacgv.com.mx\/wp-content\/uploads\/2022\/02\/BA-SolicitaConvenio-1920x602px-600x188.jpg 600w, https:\/\/www.cajacgv.com.mx\/wp-content\/uploads\/2022\/02\/BA-SolicitaConvenio-1920x602px-800x251.jpg 800w, https:\/\/www.cajacgv.com.mx\/wp-content\/uploads\/2022\/02\/BA-SolicitaConvenio-1920x602px-1200x376.jpg 1200w, https:\/\/www.cajacgv.com.mx\/wp-content\/uploads\/2022\/02\/BA-SolicitaConvenio-1920x602px.jpg 1920w\" sizes=\"auto, (max-width: 800px) 100vw, 1100px\" \/><\/span><\/div><style>\n#main{\n  font-family: \"Montserrat\", sans-serif;\n}\n.aux-contact-form textarea, #commentform textarea, .c_form textarea, .wpcf7 textarea {\n    min-height: 140px;\n    height: auto;\n    max-width: 100%;\n    color: #242121;\n}\n#comment-input input, .wpcf7-form .wpcf7-text, input[type=\"email\"], input[type=\"text\"], .wpcf7-form .wpcf7-select {\n    height: 35px;\n    padding-top: 0;\n    padding-bottom: 0;\n    color: #242121;\n}\ninput[type=\"file\"], input[type=\"email\"], input[type=\"tel\"], input[type=\"password\"], input[type=\"text\"], textarea, .wpcf7-form .wpcf7-select {\n    -webkit-appearance: none;\n    -webkit-border-radius: 10px;\n}\ninput[type=checkbox]{\nfont-family: \"Montserrat\", sans-serif;\n  font-size: 15px;\n  \/* Doble-tama\u00f1o Checkboxes *\/\n  -ms-transform: scale(1.5); \/* IE *\/\n  -moz-transform: scale(1.5); \/* FF *\/\n  -webkit-transform: scale(1.5); \/* Safari y Chrome *\/\n  -o-transform: scale(1.5); \/* Opera *\/\n}\n.wpcf7 form.failed .wpcf7-response-output, .wpcf7 form.aborted .wpcf7-response-output {\n    border-color: #32dc3d;\n}\n<\/style><div class=\"fusion-clearfix\"><\/div>\n\t\t\t<\/div>\n\t\t<\/div><\/div><\/div><div  class=\"fusion-fullwidth fullwidth-box nonhundred-percent-fullwidth\"  style='background-color: rgba(255,255,255,0);background-position: center center;background-repeat: no-repeat;padding-top:20px;padding-right:0px;padding-bottom:20px;padding-left:0px;'><div class=\"fusion-builder-row fusion-row \"><div  class=\"fusion-layout-column fusion_builder_column fusion_builder_column_3_4  fusion-three-fourth fusion-column-first 3_4\"  style='margin-top:0px;margin-bottom:20px;width:75%;width:calc(75% - ( ( 4% ) * 0.75 ) );margin-right: 4%;'>\n\t\t\t<div class=\"fusion-column-wrapper\"  style=\"background-position:left top;background-repeat:no-repeat;-webkit-background-size:cover;-moz-background-size:cover;-o-background-size:cover;background-size:cover;\"  data-bg-url=\"\">\n\t\t\t\t<div class=\"fusion-title title sep-underline sep-solid fusion-title-size-one\" style=\"border-bottom-color:#b21e26;margin-top:0px;margin-bottom:31px;\"><h1 class=\"title-heading-left\"><p>Solicita tu convenio con CGV <b><br \/>\n<\/b><\/p><\/h1><\/div><p><span lang=\"es-ES\">CGV te da la oportunidad de que consientas a tus colaboradores con la facilidad de adquirir un pr\u00e9stamo de forma r\u00e1pida y sencilla con descuentos a trav\u00e9s de tu n\u00f3mina.<\/span><\/p>\n<p><span lang=\"es-ES\">Creamos\u00a0 un convenio para tu empresa, con el cual podemos ofrecer a tus colaboradores un cr\u00e9dito con una tasa de inter\u00e9s baja.<\/span><\/p>\n<p><strong><span lang=\"es-ES\">BENEFICIOS<\/span><\/strong><\/p>\n<ul>\n<li><span lang=\"es-ES\">Tus colaboradores tendr\u00e1n acceso a Pr\u00e9stamos con una tasa competitiva.<\/span><\/li>\n<li><span lang=\"es-ES\">Recibe atenci\u00f3n personalizada de nuestros ejecutivos.<\/span><\/li>\n<li><span lang=\"es-ES\">Sin gastos por apertura de cr\u00e9dito y sin comisiones.<\/span><\/li>\n<li><span lang=\"es-ES\">Monto m\u00e1ximo $200,000.00*.<\/span><\/li>\n<li>Desde 12 meses y hasta 60 meses para pagar*.<\/li>\n<li>Empleados felices y comprometidos.<\/li>\n<\/ul>\n<p><strong><span lang=\"es-ES\">REQUISITOS<\/span><\/strong><\/p>\n<ul>\n<li>La empresa debe de contar con al menos 50 empleados con base o planta.<\/li>\n<li>Tener m\u00e1s de 3 a\u00f1os de constituida.<\/li>\n<li>Estar establecida en el estado de Quer\u00e9taro, Aguascalientes y\/o San Luis Potos\u00ed.<\/li>\n<li>Contar con documentaci\u00f3n general de la Empresa para creaci\u00f3n de expediente.<\/li>\n<li>Firma de convenio V\u00eda N\u00f3mina entre la Empresa y CGV*.<span lang=\"es-ES\"><br \/>\n<\/span><\/li>\n<li>Acta Constitutiva.<\/li>\n<li>Poder Notarial.<\/li>\n<li>RFC.<\/li>\n<li>Comprobante de domicilio vigente, no mayor a 60 d\u00edas que no presente leyenda de pago inmediato.<\/li>\n<li>Opini\u00f3n de cumplimiento ante el SAT no mayor a 30 d\u00edas.<\/li>\n<li>2 cartas de recomendaci\u00f3n empresariales no mayor a 30 d\u00edas.<\/li>\n<li>Reporte de bur\u00f3 de cr\u00e9dito empresarial no mayor a 30 d\u00edas.<\/li>\n<li>Lista de empleados con planta o base \u00a0que contenga : n\u00famero de empleado, nombre completo y fecha de ingreso.<\/li>\n<li>\u00daltimo Estado de Resultados.<\/li>\n<li>\u00daltimo Balance General.<\/li>\n<li>Identificaci\u00f3n oficial vigente de las personas que firman el convenio.<\/li>\n<\/ul>\n<div class=\"fusion-sep-clear\"><\/div><div class=\"fusion-separator fusion-full-width-sep sep-none\" style=\"margin-left: auto;margin-right: auto;margin-top:35px;\"><\/div><div class=\"fusion-sep-clear\"><\/div><div class=\"fusion-separator fusion-full-width-sep sep-none\" style=\"margin-left: auto;margin-right: auto;margin-top:35px;\"><\/div><div style=\"background-color:#612314;color: #FFF;font-size: 23px;text-align: center;padding: 15px 15px 15px 15px; \"><span> Empresa, \u00a1Solicita tu convenio de Pr\u00e9stamo V\u00eda N\u00f3mina con Caja CGV!<\/span> <\/div>\n<div style=\"background-color: #FAFAFA; padding: 10px;\">\n\n<div class=\"wpcf7 no-js\" id=\"wpcf7-f13513-o1\" lang=\"es-ES\" dir=\"ltr\" data-wpcf7-id=\"13513\">\n<div class=\"screen-reader-response\"><p role=\"status\" aria-live=\"polite\" aria-atomic=\"true\"><\/p> <ul><\/ul><\/div>\n<form action=\"\/index.php\/wp-json\/wp\/v2\/pages\/5039#wpcf7-f13513-o1\" method=\"post\" class=\"wpcf7-form init\" aria-label=\"Formulario de contacto\" novalidate=\"novalidate\" data-status=\"init\">\n<div style=\"display: none;\">\n<input type=\"hidden\" name=\"_wpcf7\" value=\"13513\" \/>\n<input type=\"hidden\" name=\"_wpcf7_version\" value=\"6.0.6\" \/>\n<input type=\"hidden\" name=\"_wpcf7_locale\" value=\"es_ES\" \/>\n<input type=\"hidden\" name=\"_wpcf7_unit_tag\" value=\"wpcf7-f13513-o1\" \/>\n<input type=\"hidden\" name=\"_wpcf7_container_post\" value=\"0\" \/>\n<input type=\"hidden\" name=\"_wpcf7_posted_data_hash\" value=\"\" \/>\n<input type=\"hidden\" name=\"_wpcf7dtx_version\" value=\"5.0.3\" \/>\n<\/div>\n<p><div class='content-column one_third'><\/p>\n<div style=\"margin-right: 20px; margin-left: 20px; margin-top: 20px; text-align: left;\">\n\t<p>Nombre\/Empresa*<br \/>\n<span class=\"wpcf7-form-control-wrap\" data-name=\"your-name\"><input size=\"40\" maxlength=\"400\" class=\"wpcf7-form-control wpcf7-text wpcf7-validates-as-required\" aria-required=\"true\" aria-invalid=\"false\" value=\"\" type=\"text\" name=\"your-name\" \/><\/span>\n\t<\/p>\n<\/div><\/div>\n<\/p>\n<p><div class='content-column one_third'><\/p>\n<div style=\"margin-right: 20px; margin-left: 20px; margin-top: 20px; text-align: left;\">\n\t<p>Correo electr\u00f3nico*<br \/>\n<span class=\"wpcf7-form-control-wrap\" data-name=\"your-email\"><input size=\"40\" maxlength=\"400\" class=\"wpcf7-form-control wpcf7-email wpcf7-validates-as-required wpcf7-text wpcf7-validates-as-email\" aria-required=\"true\" aria-invalid=\"false\" value=\"\" type=\"email\" name=\"your-email\" \/><\/span>\n\t<\/p>\n<\/div><\/div>\n<\/p>\n<p><div class='content-column one_third'><\/p>\n<div style=\"margin-right: 20px; margin-left: 20px; margin-top: 20px; text-align: left;\">\n\t<p>Tel\u00e9fono*<br \/>\n<span class=\"wpcf7-form-control-wrap\" data-name=\"tel-718\"><input size=\"40\" maxlength=\"400\" class=\"wpcf7-form-control wpcf7-tel wpcf7-validates-as-required wpcf7-text wpcf7-validates-as-tel\" aria-required=\"true\" aria-invalid=\"false\" value=\"\" type=\"tel\" name=\"tel-718\" \/><\/span>\n\t<\/p>\n<\/div><\/div>\n<\/p>\n<p><div class='content-column one_third'><\/p>\n<div style=\"margin-right: 20px; margin-left: 20px; margin-top: 20px; text-align: left;\">\n\t<p>RFC de la Empresa*<br \/>\n<span class=\"wpcf7-form-control-wrap\" data-name=\"RFC\"><input size=\"40\" maxlength=\"400\" class=\"wpcf7-form-control wpcf7-text wpcf7-validates-as-required\" aria-required=\"true\" aria-invalid=\"false\" value=\"\" type=\"text\" name=\"RFC\" \/><\/span>\n\t<\/p>\n<\/div><\/div>\n<\/p>\n<p><div class='content-column one_third'><\/p>\n<div style=\"margin-right: 20px; margin-left: 20px; margin-top: 20px; text-align: left;\">\n\t<p>Estado* <span class=\"wpcf7-form-control-wrap\" data-name=\"menu-353\"><select class=\"wpcf7-form-control wpcf7-select wpcf7-validates-as-required\" id=\"estado\" aria-required=\"true\" aria-invalid=\"false\" name=\"menu-353\"><option value=\"\">&#8212;Por favor, elige una opci\u00f3n&#8212;<\/option><option value=\"Aguascalientes\">Aguascalientes<\/option><option value=\"Quer\u00e9taro\">Quer\u00e9taro<\/option><option value=\"San Luis Potos\u00ed\">San Luis Potos\u00ed<\/option><\/select><\/span>\n\t<\/p>\n<\/div><\/div>\n<\/p>\n<p><div class='content-column one_third'><\/p>\n<div id=\"contQro\" class=\"ocult\" style=\"display:none; margin-right: 20px; margin-left: 20px; margin-top: 20px; text-align: left;\">\n\t<p>Municipio * <span class=\"wpcf7-form-control-wrap\" data-name=\"muniQro\"><select class=\"wpcf7-form-control wpcf7-select\" id=\"sucqro\" aria-invalid=\"false\" name=\"muniQro\"><option value=\"\">&#8212;Por favor, elige una opci\u00f3n&#8212;<\/option><option value=\"Amealco de Bonfil\">Amealco de Bonfil<\/option><option value=\"Cadereyta\">Cadereyta<\/option><option value=\"Corregidora\">Corregidora<\/option><option value=\"El Marqu\u00e9s\">El Marqu\u00e9s<\/option><option value=\"Ezequiel Montes\">Ezequiel Montes<\/option><option value=\"Pedro Escobedo\">Pedro Escobedo<\/option><option value=\"Quer\u00e9taro\">Quer\u00e9taro<\/option><option value=\"San Juan del R\u00edo\">San Juan del R\u00edo<\/option><\/select><\/span>\n\t<\/p>\n<\/div><\/div>\n<\/p>\n<div style=\"display:none;\">\n\t<p><span class=\"wpcf7-form-control-wrap\" data-name=\"prestamo\"><input size=\"40\" maxlength=\"400\" class=\"wpcf7-form-control wpcf7-text\" aria-invalid=\"false\" value=\"NOMINA EMPRESAS\" type=\"text\" name=\"prestamo\" \/><\/span>\n\t<\/p>\n<\/div>\n<p><div class='content-column one_third'><\/p>\n<div style= \"margin-right: 20px; margin-left: 20px; margin-top: 20px; text-align: left;\">\n\t<p>Asunto*<br \/>\n<span class=\"wpcf7-form-control-wrap\" data-name=\"menu-708\"><select class=\"wpcf7-form-control wpcf7-select wpcf7-validates-as-required\" id=\"asunto3\" aria-required=\"true\" aria-invalid=\"false\" name=\"menu-708\"><option value=\"\">&#8212;Por favor, elige una opci\u00f3n&#8212;<\/option><option value=\"Me interesa un convenio\">Me interesa un convenio<\/option><\/select><\/span>\n\t<\/p>\n<\/div><\/div>\n<\/p>\n<p><div class='content-column full_width'><\/p>\n<div style=\"margin-right: 20px; margin-left: 20px; margin-top: 20px; text-align: left;\">\n\t<p>Mensaje <span class=\"wpcf7-form-control-wrap\" data-name=\"mensaje\"><textarea cols=\"40\" rows=\"10\" maxlength=\"2000\" class=\"wpcf7-form-control wpcf7-textarea\" aria-invalid=\"false\" name=\"mensaje\"><\/textarea><\/span>\n\t<\/p>\n<\/div><\/div>\n<\/p>\n<p>[honeypot antispam-wpbody]\n<\/p>\n<div style=\"display: flex;width: 100%;flex-wrap: wrap; margin-bottom:15px;\">\n<\/div>\n<div class=\"text_form\" style=\"margin-right: 20px; margin-left: 20px; margin-top: 20px; text-align: right; color: #171616;\">\n\t<p>*Datos requeridos.\n\t<\/p>\n<\/div>\n<div style=\"text-align: center;\">\n\t<p><span class=\"wpcf7-form-control-wrap\" data-name=\"acceptance-313\"><span class=\"wpcf7-form-control wpcf7-acceptance\"><span class=\"wpcf7-list-item\"><input type=\"checkbox\" name=\"acceptance-313\" value=\"1\" checked=\"checked\" aria-invalid=\"false\" \/><\/span><\/span><\/span><label style=\"font-size:12px;\">Acepto <a href=\"https:\/\/www.cajacgv.com.mx\/\/index.php\/avisoprivacidad\/\" target=\"_blank\"> P\u00f3litica de Privacidad <\/a><\/label><br \/>\n<input class=\"wpcf7-form-control wpcf7-submit has-spinner\" id=\"Enviar\" type=\"submit\" value=\"Enviar\" \/>\n\t<\/p>\n<\/div><div class=\"wpcf7-response-output\" aria-hidden=\"true\"><\/div>\n<\/form>\n<\/div>\n\n<\/div><div class=\"fusion-sep-clear\"><\/div><div class=\"fusion-separator fusion-full-width-sep sep-none\" style=\"margin-left: auto;margin-right: auto;margin-top:35px;\"><\/div><div class=\"fusion-sep-clear\"><\/div><div class=\"fusion-separator fusion-full-width-sep sep-none\" style=\"margin-left: auto;margin-right: auto;margin-top:35px;\"><\/div><div class=\"fusion-sep-clear\"><\/div><div class=\"fusion-separator fusion-full-width-sep sep-none\" style=\"margin-left: auto;margin-right: auto;margin-top:35px;\"><\/div><div class=\"fusion-sep-clear\"><\/div><div class=\"fusion-separator fusion-full-width-sep sep-none\" style=\"margin-left: auto;margin-right: auto;margin-top:35px;\"><\/div><h3 style=\"font-size: 12px;\">Caja Gonzalo Vega S.C. de A.P. de R.L. de C.V.<\/h3>\n<h3 style=\"font-size: 12px;\"><span style=\"font-size: 25px;\"><strong>CAT promedio Informativo 15.8%<\/strong><\/span> sin IVA. Vigente al 09 de junio de 2026. Fecha de c\u00e1lculo al 09 de diciembre de 2025 sobre un monto de $200,000.00 peso a un plazo de 60 meses con una Tasa de inter\u00e9s en t\u00e9rmino anual fija del <span style=\"font-size: 25px;\"><strong>13.8%<\/strong><\/span>. Tasa Sujeta a cambios sin previo aviso. Tasa de Inter\u00e9s moratoria Anual Fija del <span style=\"font-size: 25px;\"><strong>48.0%<\/strong><\/span>.<\/h3>\n<p>***Solicitud sujeta a aprobaci\u00f3n de cr\u00e9dito.<\/p>\n<p>*Aplican Restricciones<\/p>\n<h3>Con la finalidad de atender sus aclaraciones y reclamaciones relacionadas con las operaciones y servicios que realice con nosotros Caja CGV pone a su disposici\u00f3n la <a href=\"https:\/\/www.cajacgv.com.mx\/\/index.php\/une\/\">Unidad Especializada de Atenci\u00f3n a Usuarios (UNE)<\/a><\/h3>\n<h3><\/h3>\n<!--  <script src=\"https:\/\/code.jquery.com\/jquery-1.10.2.js\"><\/script> -->\n<script>\nformu=jQuery(\".wpcf7-form\");\nformu.removeAttr(\"novalidate\");\nformu.attr( \"validate\", \"validate\" );\njQuery(\".wpcf7-validates-as-tel\").attr(\"minlength\",\"10\");\n\n\nelTipo = localStorage.tipo;\nelProducto=localStorage.producto\nif(elTipo != \"\"){\n\/\/console.log(\"valor\"+elTipo+\"producto\"+elProducto);\njQuery( \"#estado\" ).val(elTipo).change();\n\nif(elTipo == \"Quer\u00e9taro\"){\njQuery( \"#sucqro\" ).val(elProducto).change();\njQuery('#sucags').prop('selectedIndex',0);\njQuery('#sucslp').prop('selectedIndex',0);\n}\n\nmyScript();\n\n\n}\n\n\nestado=document.getElementById('estado');\nestado.addEventListener(\"change\", myScript);\n\nvar form = document.querySelector('form');\n\n\tform.addEventListener('invalid', function(event) {\n     jQuery('.fusion-slider-loading').css('display', 'none');\n    }, true);\t\n\nfunction myScript(){\njQuery('input[name=your-name2]').val(jQuery('input[name=your-name]').val());\n\njQuery('input[name=your-email2]').val(jQuery('input[name=your-email]').val());\n\njQuery('input[name=tel-phone2]').val(jQuery('input[name=tel-phone]').val());\n\njQuery('#sucqro').removeAttr('required');\ndocument.getElementById('contQro').style.display = 'none';\n    \n if(estado.value==\"Quer\u00e9taro\"){\n   document.getElementById('contQro').style.display = 'block';\njQuery('#sucqro').attr('required', \"required\");\n    }\n \n\n}\n\n<\/script><div class=\"fusion-clearfix\"><\/div>\n\t\t\t<\/div>\n\t\t<\/div><div  class=\"fusion-layout-column fusion_builder_column fusion_builder_column_1_4  fusion-one-fourth fusion-column-last 1_4\"  style='margin-top:0px;margin-bottom:20px;width:25%;width:calc(25% - ( ( 4% ) * 0.25 ) );'>\n\t\t\t<div class=\"fusion-column-wrapper\"  style=\"background-position:left top;background-repeat:no-repeat;-webkit-background-size:cover;-moz-background-size:cover;-o-background-size:cover;background-size:cover;\"  data-bg-url=\"\">\n\t\t\t\t<div class=\"fusion-widget-area fusion-widget-area-1 fusion-content-widget-area\"><div id=\"block-2\" class=\"fusion-slidingbar-widget-column widget widget_block widget_media_image\"><div class=\"wp-block-image is-style-default\">\n<figure class=\"aligncenter size-full is-resized\"><a href=\"https:\/\/bit.ly\/EducaTuCarteraC\" target=\"_blank\" rel=\" noreferrer noopener\"><img loading=\"lazy\" decoding=\"async\" src=\"https:\/\/www.cajacgv.com.mx\/wp-content\/uploads\/2022\/11\/banner-educa_215X260.png\" alt=\"Educa tu cartera\" class=\"wp-image-14445\" width=\"214\" height=\"258\" srcset=\"https:\/\/www.cajacgv.com.mx\/wp-content\/uploads\/2022\/11\/banner-educa_215X260-200x242.png 200w, https:\/\/www.cajacgv.com.mx\/wp-content\/uploads\/2022\/11\/banner-educa_215X260.png 215w\" sizes=\"auto, (max-width: 214px) 100vw, 214px\" \/><\/a><figcaption class=\"wp-element-caption\"><strong>Si deseas conocer m\u00e1s sobre \"Educa tu Cartera\" , da clic en la imagen.<\/strong><\/figcaption><\/figure>\n<\/div><div style=\"clear:both;\"><\/div><\/div><div class=\"fusion-additional-widget-content\"><\/div><\/div><!-- Load Facebook SDK for JavaScript -->\n      <div id=\"fb-root-mess\"><\/div>\n      <script>\n        window.fbAsyncInit = function() {\n          FB.init({\n            xfbml            : true,\n            version          : 'v8.0'\n          });\n        };\n\n        (function(d, s, id) {\n        var js, fjs = d.getElementsByTagName(s)[0];\n        if (d.getElementById(id)) return;\n        js = d.createElement(s); js.id = id;\n        js.src = 'https:\/\/connect.facebook.net\/es_LA\/sdk\/xfbml.customerchat.js';\n        fjs.parentNode.insertBefore(js, fjs);\n      }(document, 'script', 'facebook-jssdk'));<\/script>\n\n      <!-- Your Chat Plugin code -->\n\t\t\t\n      <div class=\"fb-customerchat\"\n        attribution=setup_tool\n        page_id=\"450586844986812\"\n  theme_color=\"#A03222\"\n  logged_in_greeting=\"Hola, \u00bfEn qu\u00e9 podemos apoyarte? \"\n  logged_out_greeting=\"Hola, \u00bfEn qu\u00e9 podemos apoyarte? \">\n      <\/div><div class=\"fusion-clearfix\"><\/div>\n\t\t\t<\/div>\n\t\t<\/div><\/div><\/div><\/p>\n","protected":false},"excerpt":{"rendered":"","protected":false},"author":1,"featured_media":0,"parent":0,"menu_order":0,"comment_status":"closed","ping_status":"closed","template":"100-width.php","meta":{"footnotes":""},"class_list":["post-5039","page","type-page","status-publish","hentry"],"_links":{"self":[{"href":"https:\/\/www.cajacgv.com.mx\/index.php\/wp-json\/wp\/v2\/pages\/5039","targetHints":{"allow":["GET"]}}],"collection":[{"href":"https:\/\/www.cajacgv.com.mx\/index.php\/wp-json\/wp\/v2\/pages"}],"about":[{"href":"https:\/\/www.cajacgv.com.mx\/index.php\/wp-json\/wp\/v2\/types\/page"}],"author":[{"embeddable":true,"href":"https:\/\/www.cajacgv.com.mx\/index.php\/wp-json\/wp\/v2\/users\/1"}],"replies":[{"embeddable":true,"href":"https:\/\/www.cajacgv.com.mx\/index.php\/wp-json\/wp\/v2\/comments?post=5039"}],"version-history":[{"count":38,"href":"https:\/\/www.cajacgv.com.mx\/index.php\/wp-json\/wp\/v2\/pages\/5039\/revisions"}],"predecessor-version":[{"id":17768,"href":"https:\/\/www.cajacgv.com.mx\/index.php\/wp-json\/wp\/v2\/pages\/5039\/revisions\/17768"}],"wp:attachment":[{"href":"https:\/\/www.cajacgv.com.mx\/index.php\/wp-json\/wp\/v2\/media?parent=5039"}],"curies":[{"name":"wp","href":"https:\/\/api.w.org\/{rel}","templated":true}]}}