{"id":678,"date":"2017-12-09T19:50:16","date_gmt":"2017-12-09T19:50:16","guid":{"rendered":"http:\/\/www.cajacgv.com.mx\/\/?page_id=678"},"modified":"2023-08-24T11:26:31","modified_gmt":"2023-08-24T17:26:31","slug":"avisoprivacidad","status":"publish","type":"page","link":"https:\/\/www.cajacgv.com.mx\/index.php\/avisoprivacidad\/","title":{"rendered":"avisoprivacidad"},"content":{"rendered":"<p><div  class=\"fusion-fullwidth fullwidth-box hundred-percent-fullwidth\"  style='background-color: rgba(255,255,255,0);background-position: center center;background-repeat: no-repeat;padding-top:0px;padding-right:0px;padding-bottom:0px;padding-left:0px;margin-top: -60px;'><div class=\"fusion-builder-row fusion-row \"><div  class=\"fusion-layout-column fusion_builder_column fusion_builder_column_1_1  fusion-one-full fusion-column-first fusion-column-last 1_1\"  style='margin-top:0px;margin-bottom:20px;'>\n\t\t\t<div class=\"fusion-column-wrapper\"  style=\"padding: 0px 0px 0px 0px;background-position:left top;background-repeat:no-repeat;-webkit-background-size:cover;-moz-background-size:cover;-o-background-size:cover;background-size:cover;\"  data-bg-url=\"\">\n\t\t\t\t<div class=\"imageframe-align-center\"><span class=\"fusion-imageframe imageframe-none imageframe-1 hover-type-none\"><img decoding=\"async\" src=\"https:\/\/www.cajacgv.com.mx\/\/wp-content\/uploads\/2017\/12\/aviso-provaciodad-cgv.jpg\" width=\"\" height=\"\" alt=\"aviso cgv\" title=\"\" class=\"img-responsive\"\/><\/span><\/div><div class=\"fusion-clearfix\"><\/div>\n\t\t\t<\/div>\n\t\t<\/div><\/div><\/div><div  class=\"fusion-fullwidth fullwidth-box nonhundred-percent-fullwidth\"  style='background-color: rgba(255,255,255,0);background-position: center center;background-repeat: no-repeat;padding-top:20px;padding-right:0px;padding-bottom:20px;padding-left:0px;'><div class=\"fusion-builder-row fusion-row \"><div  class=\"fusion-layout-column fusion_builder_column fusion_builder_column_1_1  fusion-one-full fusion-column-first fusion-column-last 1_1\"  style='margin-top:0px;margin-bottom:20px;'>\n\t\t\t<div class=\"fusion-column-wrapper\"  style=\"background-position:left top;background-repeat:no-repeat;-webkit-background-size:cover;-moz-background-size:cover;-o-background-size:cover;background-size:cover;\"  data-bg-url=\"\">\n\t\t\t\t<p style=\"text-align: center;\"><strong>AVISO DE PRIVACIDAD GENERAL<\/strong><\/p>\n<p>El presente aviso de privacidad se extiende con fundamento en lo establecido en la Ley Federal de Protecci\u00f3n de Datos Personales en Posesi\u00f3n de los Particulares (en lo sucesivo la <strong>\u201cLEY\u201d<\/strong>), para lo cual Caja Gonzalo Vega S.C. de A.P. de R.L. de C.V. (en lo sucesivo <strong>\u201cCGV\u201d<\/strong>), tiene a bien informar:<\/p>\n<p><strong>1.- \u201cCGV\u201d<\/strong>, con domicilio comercial para o\u00edr y recibir notificaciones\u00a0 ubicado en Avenida Paseo del Sur No. 9815, Colonia Centro Sur, C.P. 76238, Santiago de Quer\u00e9taro, Quer\u00e9taro., centro de atenci\u00f3n al tel\u00e9fono 800 226 68 44s, recaba directamente del titular los datos personales de sus Socios, su c\u00f3nyuge, beneficiarios, dependientes econ\u00f3micos, representantes legales, codeudores, avales, referencias, as\u00ed como de los tutores o representantes de las cuentas de ahorradores menores, proveedores, practicantes y del p\u00fablico en general (usuarios), a trav\u00e9s de nuestras sucursales, v\u00eda web (p\u00e1gina web <a href=\"http:\/\/www.cajacgv.com.mx\">https:\/\/www.cajacgv.com.mx<\/a> o medios electr\u00f3nicos) o v\u00eda telef\u00f3nica.<\/p>\n<p><strong>2.- \u201cCGV\u201d<\/strong>, solicitar\u00e1 los siguientes datos personales necesarios:<\/p>\n<p><strong>DATOS GENERALES:<\/strong> Nombre (es), apellidos, RFC, CURP, estado civil, sexo, edad, nacionalidad, lugar de nacimiento, fecha de nacimiento, clave de elector, domicilio completo, tel\u00e9fono fijo y\/o m\u00f3vil, correo electr\u00f3nico, n\u00famero de socio, n\u00famero de Tarjeta de D\u00e9bito (cuando aplique).<\/p>\n<p><strong>DATOS FINANCIEROS: <\/strong>Actividad laboral u ocupaci\u00f3n, nombre y domicilio de la empresa para la que labora, arraigo laboral o de actividad econ\u00f3mica, Ingresos y egresos (mensuales), actividad econ\u00f3mica, comprobante de ingresos (recibos de n\u00f3mina, carta de ingresos, estado de cuenta), consulta de historial crediticio, estudio sociodemogr\u00e1fico, dependientes econ\u00f3micos.<\/p>\n<p><strong>DATOS PATRIMONIALES: <\/strong>Tipo de vivienda, escritura del bien inmueble (en caso de cr\u00e9ditos hipotecarios), arraigo domiciliario y otros an\u00e1logos. Por lo que en cumplimiento con lo dispuesto por el art\u00edculo 8\u00ba de la\u00a0<strong>LFPDPPP<\/strong>, se le informa que, para recabar y tratar sus\u00a0<strong>datos financieros y patrimoniales<\/strong>, es preciso contar con su\u00a0<strong>consentimiento expreso<\/strong>, el cual le ser\u00e1 requerido en un formato especifico al momento de su recolecci\u00f3n, para que nos precise si acepta o no el tratamiento de dichos datos.<strong>\u00a0<\/strong><\/p>\n<p><strong>3.- <\/strong>Los datos personales (generales, financieros y patrimoniales) recabados ser\u00e1n utilizados en los t\u00e9rminos se\u00f1alados en el presente documento, donde se dividen en principales y secundar\u00edas:<\/p>\n<p><strong>PRINCIPALES<\/strong><\/p>\n<ol type=\"a\">\n<li>Para darlo de alta e identificarlo como \u201cSOCIO\u201d en nuestro sistema y base de datos (confirmar, corregir o actualizar su informaci\u00f3n).<\/li>\n<li>Generar un expediente f\u00edsico y electr\u00f3nico para cumplir con las disposiciones legales aplicables.<\/li>\n<li>Para la emisi\u00f3n de la informaci\u00f3n de personas relacionadas por parte del \u00e1rea de riesgos (PLD).<\/li>\n<li>Para atender y dar seguimiento a las solicitudes de cr\u00e9dito, contratos de inversi\u00f3n y p\u00f3lizas de seguro, as\u00ed como para la atenci\u00f3n de sus consultas, aclaraciones y\/o reclamaciones.<\/li>\n<li>Para dar seguimiento a la recuperaci\u00f3n de cr\u00e9ditos celebrados a trav\u00e9s de cobranza de manera interna o externa mediante llamada telef\u00f3nica, visita domiciliaria o a trav\u00e9s de medios electr\u00f3nicos.<\/li>\n<\/ol>\n<p><strong>SECUNDARIAS<\/strong><\/p>\n<ol start=\"6\" type=\"a\">\n<li>Para llevar a cabo la contrataci\u00f3n nuestra gama de productos y\/o servicios \u201cCGV\u201d y evaluar si califica para su otorgamiento.<\/li>\n<li>Para darle a conocer la organizaci\u00f3n de eventos de socios y ahorradores menores, as\u00ed como para poder contactarlo cuando sea necesario.<\/li>\n<li>Para fines estad\u00edsticos, de promoci\u00f3n e informaci\u00f3n correspondiente a \u201cCGV\u201d.<\/li>\n<\/ol>\n<p><strong>4.-<\/strong> El \u201cSOCIO\u201d tiene el derecho a limitar el uso o divulgaci\u00f3n de sus datos personales, as\u00ed como a ejercer los derechos de Acceso, Rectificaci\u00f3n, Cancelaci\u00f3n y Oposici\u00f3n, contenidos en el cap\u00edtulo IV de la LEY, estableciendo para estos fines el Departamento de Protecci\u00f3n de Datos Personales y la siguiente direcci\u00f3n de correo electr\u00f3nico como medio de contacto <a href=\"mailto:dpersonales@cajacgv.com.mx\">dpersonales@cajacgv.com.mx<\/a> para lo cual se requerir\u00e1 lo siguiente:<\/p>\n<p>a) Elaborar un escrito de solicitud para ejercer los derechos ARCO, el cual deber\u00e1 contener datos generales: nombre completo, domicilio, RFC, CURP, fecha de nacimiento, tel\u00e9fono, n\u00famero de socio (en su caso); as\u00ed como el medio para contactarle la respuesta a su solicitud;<\/p>\n<p>b) Adjuntar Documentos que acrediten la identidad para facultar y ejercer los derechos conferidos o, en su caso, la del representante legal del titular;<\/p>\n<p>c) Manifestar de forma precisa respecto de los datos personales de los que se pretende realizar alg\u00fan derecho conferido en la LEY;<\/p>\n<p>d) Cualquier otro elemento o documento que facilite la localizaci\u00f3n de los datos personales<\/p>\n<p>e) En caso de considerarlo necesario el expresar la justificaci\u00f3n que considere pertinente.<\/p>\n<p><strong>5.- <\/strong>El tiempo m\u00e1ximo en que recibir\u00e1 respuesta a su solicitud respecto al punto 4 del presente instrumento, ser\u00e1 conforme a lo establecido en el art\u00edculo 32 de la <strong>\u201cLEY\u201d<\/strong>.<\/p>\n<p><strong>6.-<\/strong> De igual forma para el ejercicio de tales derechos de la Ley, el SOCIO puede optar el realizarlo en cualquier sucursal de CGV, mediante la presentaci\u00f3n de un escrito, el cual deber\u00e1 considerar los incisos del punto 4, al Coordinador de Sucursal o encargado de sucursal y la respuesta ser\u00e1 comunicada en la sucursal donde se present\u00f3 dicho formato de solicitud, en los plazos establecidos en la legislaci\u00f3n de datos personales aplicable.<\/p>\n<p>Por otra parte, el SOCIO podr\u00e1 revocar el consentimiento que ha otorgado a CGV para el tratamiento de sus datos personales, a fin de que CGV deje de hacer uso de los mismos.<\/p>\n<p>Para ello, es necesario que el SOCIO presente su petici\u00f3n en los t\u00e9rminos antes mencionados.<\/p>\n<p>Para el caso de que la solicitud sea presentada por una persona distinta al SOCIO, deber\u00e1 exhibir el documento legal que lo acredite como tal, anexando copia simple de su identificaci\u00f3n oficial vigente, as\u00ed como la del SOCIO.<\/p>\n<p><strong>7.- <\/strong>En caso de no estar de acuerdo con las finalidades secundarias antes mencionadas, le informamos que usted contar\u00e1 con un plazo no mayor a (5) cinco d\u00edas naturales contados a partir de la fecha en que sea puesto a su disposici\u00f3n el presente Aviso de Privacidad, para externarnos su negativa v\u00eda correo electr\u00f3nico a: <a href=\"mailto:dpersonales@cajacgv.com.mx\">dpersonales@cajacgv.com.mx<\/a>, cuyos datos son proporcionados m\u00e1s adelante.<\/p>\n<p><strong>8.- <\/strong>Si en lo subsecuente el SOCIO no desea recibir publicidad v\u00eda telef\u00f3nica o correo electr\u00f3nico de los productos y servicios que ofrecen CGV, podr\u00e1 inscribirse ante el Registro P\u00fablico de Usuarios (REUS) que no desean informaci\u00f3n publicitaria de Productos y Servicios Financieros de la CONDUSEF en la p\u00e1gina https:\/\/www.condusef.gob.mx.<\/p>\n<p>Este portal no exenta de las llamadas que reciba por servicios de cobranza, fines pol\u00edticos, caridad, beneficencia o encuestas telef\u00f3nicas.<\/p>\n<p><strong>9.- USO DE DATOS PERSONALES EN MEDIOS ELECTR\u00d3NICOS: <\/strong><strong>CGV, <\/strong>utiliza \u201ccookies\u201d o \u201cweb beacons\u201d que podr\u00e1 colocar en su computadora y tener acceso a ellas y que le permitir\u00e1n iniciar sesi\u00f3n en servicios de CGV de acuerdo a su experiencia personal en l\u00ednea, almacenando sus preferencias en su equipo para ahorrarle tiempo, eliminando la necesidad de especificar repetidamente la misma informaci\u00f3n y solo mostrar contenido personalizado y publicidad adecuada en sus posteriores visitas al sitio web. Una cookie es un archivo de texto situado por un servidor de p\u00e1ginas web en el disco duro de su equipo.\u00a0 La configuraci\u00f3n de su equipo puede aceptar cookies autom\u00e1ticamente, pero si lo prefiere, puede modificar la configuraci\u00f3n de su equipo para rechazar las cookies, no ser\u00e1 posible que CGV almacene sus preferencias en el sitio web.<\/p>\n<p>As\u00ed mismo, CGV utiliza Google Analytics y Google Ads, que son herramientas de an\u00e1lisis web que nos facilitan datos e informes sobre todo lo que pasa en nuestra p\u00e1gina web: n\u00famero de visitantes, intereses, duraci\u00f3n de las visitas, duraci\u00f3n de las sesiones, c\u00f3mo han llegado a nuestra web, e interacciones.<\/p>\n<p>Para los datos personales que proporcione a \u201cCVG\u201d a trav\u00e9s de medios electr\u00f3nicos como: el sitio web, mail, redes sociales, mensajes de WhatsApp; el titular de los datos personales entiende, acepta y reconoce que es posible que los sistemas de \u201cCGV\u201d recopilen datos como tipo de navegador, sistema operativo, p\u00e1ginas de internet visitadas, direcci\u00f3n de IP, etc., a trav\u00e9s de \u201ccookies\u201d o \u201cweb beacons\u201d. \u201cCGV\u201d responder\u00e1 a trav\u00e9s de la cuenta de correo <strong>solucionescgv@cajacgv.com.mx <\/strong>a todas las solicitudes, dudas, aclaraciones, comentarios y quejas que se reciban por los medios electr\u00f3nicos descritos y bajo ning\u00fan motivo se le solicitar\u00e1 el env\u00edo de datos patrimoniales, econ\u00f3micos o sensibles a trav\u00e9s de este medio, salvo mandato judicial de autoridad competente. La configuraci\u00f3n de su equipo puede aceptar cookies autom\u00e1ticamente, pero si lo prefiere, puede modificar la configuraci\u00f3n de su equipo para rechazar las cookies, no ser\u00e1 posible que \u201c<strong>CGV\u201d<\/strong> almacene sus preferencias en el sitio web.<\/p>\n<p><strong>REDES SOCIALES:<\/strong>\u00a0 \u00a0Para la informaci\u00f3n que nuestros visitantes publican o env\u00edan \u201cV\u00eda inbox\u201d a trav\u00e9s de las redes sociales (oficiales) de \u201cCGV\u201d, estas ser\u00e1n sujetas a los t\u00e9rminos y condiciones determinadas por el proveedor de servicios de la Red Social de la que se trate. La informaci\u00f3n que usted proporcione a trav\u00e9s de este medio, ser\u00e1 utilizada para atender sus solicitudes y dar respuesta a sus dudas o comentarios, ponernos en contacto con usted cuando as\u00ed lo solicite. Trat\u00e1ndose de personas que solicitan informes sobre la Instituci\u00f3n, productos y\/o servicios, sus datos ser\u00e1n utilizados para proporcionarle atenci\u00f3n personalizada y\/o ser canalizado a nuestro Centro de Atenci\u00f3n Telef\u00f3nica, quienes dar\u00e1n seguimiento a su solicitud v\u00eda telef\u00f3nica o correo electr\u00f3nico.<strong>\u00a0<\/strong><\/p>\n<p><strong>USO DE IM\u00c1GENES:<\/strong> Con el objeto de documentar y comunicar informaci\u00f3n sobre los eventos, concursos, reconocimientos y actividades que celebra\u00a0\u201cCGV\u201d, la instituci\u00f3n<strong>\u00a0<\/strong>podr\u00e1 utilizar, imprimir, reproducir y publicar la(s), imagen(es), (en fotograf\u00eda o v\u00eddeo), de los socios, solicitantes, beneficiarios y asistentes a eventos (como familiares y visitantes), y dem\u00e1s integrantes en medios impresos, electr\u00f3nicos (blogs, redes sociales, sitio web), en todas sus manifestaciones, sus interpretaciones o ejecuciones, sus ediciones, sus fonogramas o video-gramas, y en sus emisiones para el objeto antes se\u00f1alado.\u00a0\u201c<strong>CGV\u201d<\/strong>,<strong>\u00a0<\/strong>no revelar\u00e1, utilizar\u00e1, ni explotar\u00e1 comercialmente las im\u00e1genes o fotograf\u00edas publicadas por los usuarios, voluntaria y espont\u00e1neamente dentro de las p\u00e1ginas de nuestras redes sociales o a trav\u00e9s de sus cuentas personales en las mismas.<\/p>\n<p>As\u00ed mismo, \u201cCGV<strong>\u201d<\/strong> utiliza Google Analytics y Google Ads, que son herramientas de an\u00e1lisis web que nos facilitan datos e informes sobre todo lo que pasa en nuestra p\u00e1gina web: n\u00famero de visitantes, intereses, duraci\u00f3n de las visitas, duraci\u00f3n de las sesiones, c\u00f3mo han llegado a nuestra web, e interacciones.<\/p>\n<p><strong>10.-<\/strong> En el caso de que haya alg\u00fan cambio o modificaci\u00f3n al presente Aviso de Privacidad, lo informaremos a trav\u00e9s de: Anuncios visibles en todas nuestras sucursales; mediante nuestra p\u00e1gina oficial de internet, peri\u00f3dico local de amplia circulaci\u00f3n en las entidades donde \u201c<strong>CGV<\/strong>\u201d tenga presencia.<\/p>\n<p><strong>11.- TRANSFERENCIA DE DATOS:<\/strong> \u201cCGV\u201d en ning\u00fan momento transferir\u00e1 sus datos personales a empresas comerciales o de servicio o de ninguna otra \u00edndole que no tengan relaci\u00f3n alguna con los servicios y productos ofrecidos por la Cooperativa.<\/p>\n<p>Las Finalidades Secundarias o Finalidades No Necesarias: son aquellas que no atienden a la relaci\u00f3n comercial, jur\u00eddica o de negocios, es decir para contactarlo de manera personal, v\u00eda telef\u00f3nica o a trav\u00e9s del correo electr\u00f3nico para fines mercadol\u00f3gicos, publicitarios o de prospecci\u00f3n comercial. Las que se encuentran descritas en el punto 3 del presente Aviso.<\/p>\n<p>Consiento el uso de mis datos personales para finalidades secundarias o finalidades no necesarias:<\/p>\n<p>S\u00ed__________\u00a0\u00a0\u00a0\u00a0\u00a0\u00a0\u00a0\u00a0\u00a0\u00a0\u00a0\u00a0\u00a0\u00a0\u00a0\u00a0\u00a0\u00a0\u00a0\u00a0\u00a0\u00a0\u00a0\u00a0\u00a0 No _________<\/p>\n<p>Estoy consciente del contenido y el alcance del presente documento, por lo que he aceptado y consentido que mis datos personales sean tratados conforme a lo previsto en el presente aviso de privacidad.<\/p>\n<p><strong>\u00a0<\/strong><\/p>\n<p style=\"text-align: center;\"><strong>Fecha de \u00faltima actualizaci\u00f3n 21-08-2023<\/strong><\/p>\n<p style=\"text-align: center;\">Firma del Titular<\/p>\n<p style=\"text-align: center;\">________________________________________<\/p>\n<p style=\"text-align: center;\">No. De socio y Nombre<\/p>\n<p>Si usted considera que su derecho de protecci \u00f3n de datos personales ha sido lesionado por alguna conducta de nuestros empleados o de nuestras actuaciones o respuestas, presume que en el tratamiento de datos personales existe alguna violaci\u00f3n a las disposiciones previstas en la Ley Federal de Protecci\u00f3n de Datos Personales en Posesi\u00f3n de los Particulares, podr\u00e1 interponer la queja o denuncia correspondiente ante el INAI; para mayor informaci\u00f3n visite la p\u00e1gina web https:\/\/home.inai.org.mx<\/p>\n<p style=\"text-align: center;\"><strong>AUTORIZACI\u00d3N DE VALIDACI\u00d3N DE DATOS Y VERIFICACI\u00d3N BIOM\u00c9TRICA ANTE EL INE<\/strong><\/p>\n<p>Por medio del presente doy mi aceptaci\u00f3n y consentimiento en forma expresa y comprobable para que mis datos biom\u00e9tricos (huellas dactilares), sean tratados por Caja Gonzalo Vega S.C. de A.P. de R.L. de C.V. y transferidos al Instituto Nacional Electoral (INE), ya que dicho Instituto provee un servicio de verificaci\u00f3n de informaci\u00f3n biom\u00e9trica, con la finalidad de validar la coincidencia de los datos biom\u00e9tricos proporcionados; as\u00ed mismo, declaro que conozco la naturaleza y alcance del uso del mismo, conforme a lo previsto en el presente Aviso de Privacidad.<\/p>\n<p style=\"text-align: center;\">Firma del Titular<\/p>\n<p style=\"text-align: center;\">________________________________________<\/p>\n<p style=\"text-align: center;\">No. De socio y Nombre<\/p>\n<div class=\"fusion-clearfix\"><\/div>\n\t\t\t<\/div>\n\t\t<\/div><\/div><\/div><\/p>\n","protected":false},"excerpt":{"rendered":"","protected":false},"author":1,"featured_media":0,"parent":0,"menu_order":0,"comment_status":"closed","ping_status":"closed","template":"100-width.php","meta":{"footnotes":""},"class_list":["post-678","page","type-page","status-publish","hentry"],"_links":{"self":[{"href":"https:\/\/www.cajacgv.com.mx\/index.php\/wp-json\/wp\/v2\/pages\/678","targetHints":{"allow":["GET"]}}],"collection":[{"href":"https:\/\/www.cajacgv.com.mx\/index.php\/wp-json\/wp\/v2\/pages"}],"about":[{"href":"https:\/\/www.cajacgv.com.mx\/index.php\/wp-json\/wp\/v2\/types\/page"}],"author":[{"embeddable":true,"href":"https:\/\/www.cajacgv.com.mx\/index.php\/wp-json\/wp\/v2\/users\/1"}],"replies":[{"embeddable":true,"href":"https:\/\/www.cajacgv.com.mx\/index.php\/wp-json\/wp\/v2\/comments?post=678"}],"version-history":[{"count":42,"href":"https:\/\/www.cajacgv.com.mx\/index.php\/wp-json\/wp\/v2\/pages\/678\/revisions"}],"predecessor-version":[{"id":15798,"href":"https:\/\/www.cajacgv.com.mx\/index.php\/wp-json\/wp\/v2\/pages\/678\/revisions\/15798"}],"wp:attachment":[{"href":"https:\/\/www.cajacgv.com.mx\/index.php\/wp-json\/wp\/v2\/media?parent=678"}],"curies":[{"name":"wp","href":"https:\/\/api.w.org\/{rel}","templated":true}]}}