{"id":961,"date":"2017-12-26T17:10:40","date_gmt":"2017-12-26T17:10:40","guid":{"rendered":"http:\/\/www.cajacgv.com.mx\/\/?page_id=961"},"modified":"2023-05-06T12:40:43","modified_gmt":"2023-05-06T18:40:43","slug":"privacidadrrss","status":"publish","type":"page","link":"https:\/\/www.cajacgv.com.mx\/index.php\/privacidadrrss\/","title":{"rendered":"avisoprivacidadredessociales"},"content":{"rendered":"<p><div  class=\"fusion-fullwidth fullwidth-box hundred-percent-fullwidth\"  style='background-color: rgba(255,255,255,0);background-position: center center;background-repeat: no-repeat;padding-top:0px;padding-right:0px;padding-bottom:0px;padding-left:0px;margin-top: -60px;'><div class=\"fusion-builder-row fusion-row \"><div  class=\"fusion-layout-column fusion_builder_column fusion_builder_column_1_1  fusion-one-full fusion-column-first fusion-column-last 1_1\"  style='margin-top:0px;margin-bottom:20px;'>\n\t\t\t<div class=\"fusion-column-wrapper\"  style=\"padding: 0px 0px 0px 0px;background-position:left top;background-repeat:no-repeat;-webkit-background-size:cover;-moz-background-size:cover;-o-background-size:cover;background-size:cover;\"  data-bg-url=\"\">\n\t\t\t\t<div class=\"imageframe-align-center\"><span class=\"fusion-imageframe imageframe-none imageframe-1 hover-type-none\"><img decoding=\"async\" src=\"https:\/\/www.cajacgv.com.mx\/\/wp-content\/uploads\/2017\/12\/aviso-provaciodad-cgv.jpg\" width=\"\" height=\"\" alt=\"aviso cgv\" title=\"\" class=\"img-responsive\"\/><\/span><\/div><div class=\"fusion-clearfix\"><\/div>\n\t\t\t<\/div>\n\t\t<\/div><\/div><\/div><div  class=\"fusion-fullwidth fullwidth-box nonhundred-percent-fullwidth\"  style='background-color: rgba(255,255,255,0);background-position: center center;background-repeat: no-repeat;padding-top:20px;padding-right:0px;padding-bottom:20px;padding-left:0px;'><div class=\"fusion-builder-row fusion-row \"><div  class=\"fusion-layout-column fusion_builder_column fusion_builder_column_1_1  fusion-one-full fusion-column-first fusion-column-last 1_1\"  style='margin-top:0px;margin-bottom:20px;'>\n\t\t\t<div class=\"fusion-column-wrapper\"  style=\"background-position:left top;background-repeat:no-repeat;-webkit-background-size:cover;-moz-background-size:cover;-o-background-size:cover;background-size:cover;\"  data-bg-url=\"\">\n\t\t\t\t<p><strong>AVISO DE PRIVACIDAD PARA REDES SOCIALES<\/strong><\/p>\n<p>El presente aviso de privacidad se extiende con fundamento en lo establecido en la Ley Federal de Protecci\u00f3n de Datos Personales en Posesi\u00f3n de los Particulares (en lo sucesivo la <strong>\u201cLEY\u201d<\/strong>), para lo cual, tiene a bien informar lo siguiente:<\/p>\n<p><strong>1.-<\/strong> <strong>CAJA<\/strong> <strong>GONZALO<\/strong> <strong>VEGA,<\/strong> <strong>SC.<\/strong> <strong>de<\/strong> <strong>AP.<\/strong> <strong>de<\/strong> <strong>RL. de CV., <\/strong>en lo sucesivo <strong>\u201cCGV\u201d<\/strong>, con domicilio comercial para o\u00edr y recibir notificaciones se\u00f1alado al pie de p\u00e1gina del documento, es responsable de los datos personales que sean compartidos por aquellos que interact\u00faan con <strong>\u201cCGV\u201d <\/strong>a trav\u00e9s de las Redes Sociales (Usuarios, socios, proveedores y del p\u00fablico en general) en t\u00e9rminos de lo establecido por los art\u00edculos 3\u00ba fracci\u00f3n XIV y 37 fracci\u00f3n III de la <strong>Ley Federal de Protecci\u00f3n de Datos Personales en Posesi\u00f3n de Particulares (LFPDPPP) <\/strong>y 70 del <strong>Reglamento de la citada Ley (RLFPDPPP)<\/strong>.<\/p>\n<p>Los referidos datos personales se incorporar\u00e1n a la base de datos de \u201c<strong>CGV\u201d<\/strong>, raz\u00f3n por la cual de los Usuario, Socios, Proveedores y del P\u00fablico en General, autoriza a \u201c<strong>CGV\u201d <\/strong>al tratamiento de sus datos personales para su utilizaci\u00f3n en relaci\u00f3n con la atenci\u00f3n, seguimiento y respuesta que dar\u00e1 la <strong>UNE CGV <\/strong>a la consulta, aclaraci\u00f3n o reclamaci\u00f3n de que se trate, y no ser\u00e1n utilizados para fines secundarios o accesorios. En apuntadas condiciones \u201c<strong>CGV\u201d <\/strong>tendr\u00e1 la responsabilidad de protegerlos mientras est\u00e9n en su poder.<\/p>\n<p><strong>2.- CGV <\/strong>recabar\u00e1 de los Usuarios, socios, proveedores y del p\u00fablico en general para esta actividad principalmente:<\/p>\n<ul>\n<li>Nombre completo<\/li>\n<li>Email<\/li>\n<li>N\u00famero Telef\u00f3nico<\/li>\n<li>Estado de la Rep\u00fablica<\/li>\n<\/ul>\n<p><strong>3.- <\/strong>Los datos generales recabados por <strong>CGV <\/strong>(<strong>incluyendo las im\u00e1genes<\/strong>) a trav\u00e9s de las <strong>Redes Sociales Oficiales<\/strong>, ser\u00e1n utilizados con fines, donde se dividen en principales y secundar\u00edas:<\/p>\n<p><strong>PRINIPALES:<\/strong><\/p>\n<ol type=\"a\">\n<li>Para el seguimiento de las quejas, comentarios y\/o sugerencias a cerca de los servicios prestados por<\/li>\n<\/ol>\n<p><strong>SECUNDARIOS:<\/strong><\/p>\n<ol start=\"2\" type=\"a\">\n<li>Identificarlo en caso de que usted requiera informaci\u00f3n sobre los productos que ofrece CGV<\/li>\n<li>Publicitarios<\/li>\n<li>Estad\u00edsticos<\/li>\n<li>Informativos acerca de los servicios<\/li>\n<li>Promociones y beneficios de<\/li>\n<\/ol>\n<p><strong>CGV, <\/strong>utiliza \u201ccookies\u201d o \u201cweb beacons\u201d que podr\u00e1 colocar en su computadora y tener acceso a ellas y que le permitir\u00e1n iniciar sesi\u00f3n en servicios de CGV de acuerdo a su experiencia personal en l\u00ednea, almacenando sus preferencias en su equipo para ahorrarle tiempo, eliminando la necesidad de especificar repetidamente la misma informaci\u00f3n y solo mostrar contenido personalizado y publicidad adecuada en sus posteriores visitas al sitio web. Una cookie es un archivo de texto situado por un servidor de p\u00e1ginas web en el disco duro de su equipo. La configuraci\u00f3n de su equipo puede aceptar cookies autom\u00e1ticamente, pero si lo prefiere, puede modificar la configuraci\u00f3n de su equipo para rechazar los cookies, no ser\u00e1 posible que <strong>CGV <\/strong>almacene sus preferencias en el sitio web.<\/p>\n<p>As\u00ed mismo, <strong>CGV <\/strong>utiliza Google Analytics y Google AdWords, que son herramientas de an\u00e1lisis web que nos facilitan datos e informes sobre todo lo que pasa en nuestra p\u00e1gina web: n\u00famero de visitantes, intereses, duraci\u00f3n de las visitas, duraci\u00f3n de las sesiones, c\u00f3mo han llegado a nuestra web, e interacciones.<\/p>\n<p><strong>4.- <\/strong>los Usuario, Socios, Proveedores y del P\u00fablico en General, tiene el derecho a limitar el uso o divulgaci\u00f3n de sus datos personales, as\u00ed como a ejercer los derechos de Acceso, Rectificaci\u00f3n, Cancelaci\u00f3n y Oposici\u00f3n, contenidos en el cap\u00edtulo IV de la LEY, estableciendo para estos fines el Departamento de Protecci\u00f3n de Datos Personales y la siguiente direcci\u00f3n de correo electr\u00f3nico como medio de contacto <a href=\"mailto:dpersonales@cajacgv.com.mx\">dpersonales@cajacgv.com.mx; <\/a>para lo cual se requerir\u00e1 lo siguiente:<\/p>\n<ol type=\"a\">\n<li>Elaborar un escrito de solicitud para ejercer los derechos ARCO, el cual deber\u00e1 contener datos generales: nombre completo, domicilio, RFC, CURP, fecha de nacimiento, tel\u00e9fono, n\u00famero de socio (en su caso); as\u00ed como el medio para contactarle la respuesta a su solicitud;<\/li>\n<li>Adjuntar Documentos que acrediten la identidad para facultar y ejercer los derechos conferidos o, en su caso, la del representante legal del titular, como podr\u00e1n ser:\n<ol type=\"1\">\n<li>IFE o INE<\/li>\n<li>Pasaporte Vigente<\/li>\n<li>C\u00e9dula Profesional<\/li>\n<li>Cartilla del Servicio Militar<\/li>\n<li>Certificado de Matr\u00edcula Consular<\/li>\n<li>Tarjeta de Identidad Militar<\/li>\n<li>Tarjeta INAPAM<\/li>\n<li>Licencia de Conducir<\/li>\n<li>Identificaci\u00f3n Oficial Vigente expedida por el Gobierno Federal, Estatal o Municipal<\/li>\n<li>Tarjeta o C\u00e9dula de Identidad para Extranjeros<\/li>\n<li>Formato FM2 o FM3 en caso de extranjeros;<\/li>\n<\/ol>\n<\/li>\n<li>Manifestar de forma precisa respecto de los datos personales de los que se pretende realizar alg\u00fan derecho conferido en la LEY;<\/li>\n<li>Cualquier otro elemento o documento que facilite la localizaci\u00f3n de los datos personales<\/li>\n<li>En caso de considerarlo necesario el expresar la justificaci\u00f3n que considere<\/li>\n<\/ol>\n<p><strong>5.- <\/strong>De igual forma para el ejercicio de tales derechos de la Ley, los Usuario, Socios, Proveedores y del P\u00fablico en General, pueden optar por realizarlo en cualquier sucursal de CGV, mediante la presentaci\u00f3n de un escrito, el cual deber\u00e1 considerar los incisos del punto 6, al Coordinador de Sucursal o Encargado de Sucursal y la respuesta ser\u00e1 comunicada en la sucursal donde se present\u00f3 dicho formato de solicitud, en los plazos establecidos en la legislaci\u00f3n de datos personales aplicable.<\/p>\n<p>Por otra parte, los Usuario, Socios, Proveedores y del P\u00fablico en General, podr\u00e1 revocar el consentimiento que ha otorgado a CGV para el tratamiento de sus datos personales, a fin de que CGV deje de hacer uso de los mismos.<\/p>\n<p>Para ello, es necesario que los Usuario, Socios, Proveedores y del P\u00fablico en General, presente su petici\u00f3n en los t\u00e9rminos antes mencionados.<\/p>\n<p>Para el caso de que la solicitud sea presentada por una persona distinta a, los Usuario, Socios, Proveedores y del P\u00fablico en General, deber\u00e1 exhibir el documento legal que lo acredite como tal, anexando copia simple de su identificaci\u00f3n oficial vigente.<\/p>\n<p><strong>6.- CAMBIOS O MODIFICACI\u00d3N AL AVISO DE PRIVACIDAD<\/strong><\/p>\n<p>El presente Aviso de Privacidad podr\u00e1 ser actualizado por \u201cCGV\u201d y la versi\u00f3n m\u00e1s reciente estar\u00e1 disponible en la p\u00e1gina web: https:\/\/<a href=\"http:\/\/www\/\">www. <\/a>cajacgv.com.mx, todos los cambios ser\u00e1n notificados mediante avisos, circulares, carteles colocados en las sucursales. Para mayor informaci\u00f3n podr\u00e1 comunicarse al tel\u00e9fono 800-226-68-44 o bien al correo <a href=\"mailto:dpersonales@cajacgv.com.mx\">dpersonales@cajacgv.com.mx<\/a><\/p>\n<p><strong>7.- <\/strong>Se hace del conocimiento del PROMOVENTE que de no desear recibir publicidad v\u00eda telef\u00f3nica o correo electr\u00f3nico de los productos y servicios que ofrecen CGV, o cualquier otra entidad financiera, podr\u00e1 inscribirse en el Registro P\u00fablico de Usuarios (REUS) que no desean informaci\u00f3n publicitaria de Productos y Servicios Financieros de la CONDUSEF, para mayor informaci\u00f3n podr\u00e1 acceder a la p\u00e1gina <a href=\"https:\/\/www.condusef.gob.mx.\">https:\/\/www.condusef.gob.mx.<\/a><\/p>\n<p><strong>8.- <\/strong>Con el objeto de documentar y comunicar informaci\u00f3n sobre los eventos y actividades institucionales que se celebran durante el a\u00f1o dentro o fuera de las instalaciones de nuestras distintas sucursales, as\u00ed como mostrar evidencia de testimonios de los socios de <strong>CGV <\/strong>se podr\u00e1 utilizar, imprimir, reproducir y publicar la(s) imagen(es) (en fotograf\u00eda o v\u00eddeo) de los socios o p\u00fablico en general que asiste a nuestros eventos en medios impresos, electr\u00f3nicos (blogs, redes sociales oficiales y sitio web de <strong>CGV). CAJA GONZALO VEGA, SC. de AP. de RL. de CV. <\/strong>no revelar\u00e1, utilizar\u00e1, ni explotar\u00e1 comercialmente las im\u00e1genes o fotograf\u00edas publicadas por los usuarios voluntaria y espont\u00e1neamente dentro de las p\u00e1ginas de nuestras redes sociales, o a trav\u00e9s de sus cuentas personales en las mismas.<\/p>\n<p>Estoy consciente del contenido y el alcance del presente documento, por lo que he aceptado y consentido que mis datos personales sean tratados conforme a lo previsto en el presente aviso de privacidad.<\/p>\n<p>Los Usuarios, Socios, Proveedores y del P\u00fablico en General, que utilicen las <strong>Redes Sociales Oficiales de CGV <\/strong>tienen el derecho a limitar el uso o divulgaci\u00f3n de sus datos personales, as\u00ed como a ejercer los derechos de Acceso, Rectificaci\u00f3n, Cancelaci\u00f3n y Oposici\u00f3n, contenidos en el cap\u00edtulo IV de la LEY, estableciendo para estos fines la siguiente direcci\u00f3n de correo electr\u00f3nico como medio de contacto <a href=\"mailto:dpersonales@cajacgv.com.mx\">dpersonales@cajacgv.com.mx <\/a>as\u00ed como el tel\u00e9fono 800-226-68-44<\/p>\n<p><strong>Fecha de \u00faltima actualizaci\u00f3n (28-abril-2023)<\/strong><\/p>\n<p>CAJA GONZALO VEGA, SC. de AP. de RL. de CV.<br \/>MANUEL GUTI\u00c9RREZ N\u00c1JERA N\u00daM. 18 SUR<br \/>COL. CENTRO, CP 76000<br \/>QUER\u00c9TARO, QRO M\u00c9XICO.<br \/>TEL. 800 226 68 44<\/p>\n<div class=\"fusion-clearfix\"><\/div>\n\t\t\t<\/div>\n\t\t<\/div><\/div><\/div><\/p>\n","protected":false},"excerpt":{"rendered":"","protected":false},"author":1,"featured_media":0,"parent":0,"menu_order":0,"comment_status":"closed","ping_status":"closed","template":"100-width.php","meta":{"footnotes":""},"class_list":["post-961","page","type-page","status-publish","hentry"],"_links":{"self":[{"href":"https:\/\/www.cajacgv.com.mx\/index.php\/wp-json\/wp\/v2\/pages\/961","targetHints":{"allow":["GET"]}}],"collection":[{"href":"https:\/\/www.cajacgv.com.mx\/index.php\/wp-json\/wp\/v2\/pages"}],"about":[{"href":"https:\/\/www.cajacgv.com.mx\/index.php\/wp-json\/wp\/v2\/types\/page"}],"author":[{"embeddable":true,"href":"https:\/\/www.cajacgv.com.mx\/index.php\/wp-json\/wp\/v2\/users\/1"}],"replies":[{"embeddable":true,"href":"https:\/\/www.cajacgv.com.mx\/index.php\/wp-json\/wp\/v2\/comments?post=961"}],"version-history":[{"count":14,"href":"https:\/\/www.cajacgv.com.mx\/index.php\/wp-json\/wp\/v2\/pages\/961\/revisions"}],"predecessor-version":[{"id":15337,"href":"https:\/\/www.cajacgv.com.mx\/index.php\/wp-json\/wp\/v2\/pages\/961\/revisions\/15337"}],"wp:attachment":[{"href":"https:\/\/www.cajacgv.com.mx\/index.php\/wp-json\/wp\/v2\/media?parent=961"}],"curies":[{"name":"wp","href":"https:\/\/api.w.org\/{rel}","templated":true}]}}